{"id":44956,"date":"2019-04-13T20:00:24","date_gmt":"2019-04-14T00:00:24","guid":{"rendered":"http:\/\/egyptianwisdomcenter.org\/ba-the-migrant-bird\/"},"modified":"2023-02-13T17:41:20","modified_gmt":"2023-02-13T22:41:20","slug":"ba-the-migrant-bird","status":"publish","type":"page","link":"https:\/\/egyptianwisdomcenter.org\/it\/ba-the-migrant-bird\/","title":{"rendered":"Ba, l&#039;uccello migrante"},"content":{"rendered":"<h2 style=\"text-align: center;\"><span style=\"color: #ff0000;\"><strong>Ba, l&#039;uccello migrante<\/strong><\/span><\/h2>\n<p>&nbsp;<\/p>\n<p style=\"padding-left: 30px;\">The Ba is one of the metaphysical components of the human (and other) beings.<\/p>\n<p style=\"padding-left: 30px;\">Il Ba \u00e8 immortale. Quando il Ba se ne va, il corpo muore. Il Ba \u00e8 rappresentato come un uccello dalla testa umana, il che \u00e8 l&#039;opposto della normale rappresentazione <em>neteru <\/em>(dei, dee) come corpi umani con teste di animali, in altre parole, come l&#039;aspetto divino del terrestre. Il Ba pu\u00f2 essere rappresentato come una cicogna o come un falco. La cicogna \u00e8 nota per il suo istinto migratorio e di ritorno. La cicogna \u00e8 conosciuta in tutto il mondo come l&#039;uccello che trasporta i neonati nelle loro nuove famiglie. La cicogna ritorna al proprio nido con costante precisione \u2013 quindi l&#039;uccello migratore, per eccellenza, \u00e8 l&#039;uccello prescelto per l&#039;anima. &quot;Ba&quot; \u00e8 solitamente tradotto come &quot;anima&quot;.<\/p>\n<p><span style=\"color: #ff0000;\"><strong>Bennu\/Benben<\/strong><\/span><\/p>\n<p>Bennu \u00e8 rappresentato come un uccello in volo, come un composto di airone e cicogna, o come un composto di falco e cicogna.<\/p>\n<p>La cicogna \u00e8 nota per il suo istinto migratorio e di ritorno, ed \u00e8 anche conosciuta in tutto il mondo come l&#039;uccello che trasporta i neonati nelle loro nuove famiglie.<\/p>\n<p>Bennu, sotto forma di cicogna, porta una Nuova Vita.<\/p>\n<p>La cicogna ritorna al proprio nido con costante precisione: quindi un uccello migratore \u00e8 la scelta perfetta per rappresentare l&#039;anima che ritorna alla Fonte.<\/p>\n<p>Alla Sorgente, Bennu \u00e8 raffigurato appollaiato su Benben, simbolo della collina primordiale.<\/p>\n<p>A questo proposito, Bennu \u00e8 la Fenice che risorge dalle ceneri di Benben per iniziare un&#039;altra vita.<\/p>\n<p>\u00c8 un ciclo continuo di produzione e ritorno alla Sorgente.<\/p>\n<p><a href=\"http:\/\/egyptianwisdomcenter.org\/wp-content\/uploads\/2019\/02\/ed-ch9-photo6-96c.jpg\"><img fetchpriority=\"high\" decoding=\"async\" class=\"size-medium wp-image-902 aligncenter\" src=\"http:\/\/egyptianwisdomcenter.org\/wp-content\/uploads\/2019\/02\/ed-ch9-photo6-96c-300x195.jpg\" alt=\"\" width=\"300\" height=\"195\"><\/a><\/p>\n<p>Bennu, in quanto tale, \u00e8 un simbolo di resurrezione, e c&#039;erano formule che istruivano il defunto su come diventare il Bennu.<\/p>\n<p><a href=\"http:\/\/egyptianwisdomcenter.org\/wp-content\/uploads\/2019\/02\/ed-ch9-photo7-96c.jpg\"><img decoding=\"async\" class=\"size-medium wp-image-903 aligncenter\" src=\"http:\/\/egyptianwisdomcenter.org\/wp-content\/uploads\/2019\/02\/ed-ch9-photo7-96c-300x224.jpg\" alt=\"\" width=\"300\" height=\"224\"><\/a><\/p>\n<p>Osiride rappresenta il divino in una forma mortale che vive, muore e rinasce di nuovo. \u00c8 quindi che l&#039;anima di Osiride dimora nell&#039;uccello Bennu, che si trova sempre vicino a scene di resurrezione.<\/p>\n<p>Ogni persona deceduta \u00e8 Osiride, che verr\u00e0 resuscitato e rinascer\u00e0 di nuovo.<\/p>\n<p>Perch\u00e9 Bennu condurr\u00e0 tutti come Osiride risorto \u2013 essendo Horus e i suoi discepoli \u2013 alla Sorgente.<\/p>\n<p><a href=\"http:\/\/egyptianwisdomcenter.org\/wp-content\/uploads\/2019\/02\/ed-ch9-photo8-96c.jpg\"><img decoding=\"async\" class=\"size-medium wp-image-904 aligncenter\" src=\"http:\/\/egyptianwisdomcenter.org\/wp-content\/uploads\/2019\/02\/ed-ch9-photo8-96c-300x260.jpg\" alt=\"\" width=\"300\" height=\"260\"><\/a><\/p>\n<p>&nbsp;<\/p>\n<p><span style=\"color: #ff0000;\"><strong>[Un estratto da <\/strong><\/span><strong>Divinit\u00e0 egiziane: tutti coloro che sono l&#039;UNO, 2a edizione di Moustafa Gadalla<\/strong><span style=\"color: #ff0000;\"><strong>]<br \/>\n<a href=\"https:\/\/egyptianwisdomcenter.org\/it\/prodotto\/egyptian-divinities-the-all-who-are-the-one-2nd-edition\/\"><span style=\"color: #0000ff;\">https:\/\/egyptianwisdomcenter.org\/product\/egyptian-divinities-the-all-who-are-the-one-2nd-edition\/<\/span><\/a><\/strong><\/span><\/p>\n<p><img decoding=\"async\" class=\"aligncenter\" src=\"https:\/\/books2read-prod.s3.amazonaws.com\/CACHE\/images\/ubl_book_images\/book_display_image_qOuT56H\/40d95446cc17340ec7b02939eaa44c10\"><\/p>\n<div dir=\"auto\">\n<div dir=\"auto\">\n<p style=\"text-align: center;\"><a href=\"https:\/\/egyptianwisdomcenter.org\/it\/prodotto\/egyptian-divinities-the-all-who-are-the-one-2nd-edition\/\"><strong><span style=\"color: #ff0000;\"><span style=\"color: #0000ff;\">https:\/\/egyptianwisdomcenter.org\/product\/egyptian-divinities-the-all-who-are-the-one-2nd-edition\/<\/span><\/span><\/strong><\/a><\/p>\n<\/div>\n<\/div>","protected":false},"excerpt":{"rendered":"<p>Ba, The Migrant Bird &nbsp; The Ba is one of the metaphysical components of the human (and other) beings. The Ba is [&hellip;]<\/p>","protected":false},"author":3,"featured_media":0,"parent":0,"menu_order":0,"comment_status":"closed","ping_status":"closed","template":"","meta":{"footnotes":""},"class_list":["post-44956","page","type-page","status-publish","hentry"],"aioseo_notices":[],"_links":{"self":[{"href":"https:\/\/egyptianwisdomcenter.org\/it\/wp-json\/wp\/v2\/pages\/44956","targetHints":{"allow":["GET"]}}],"collection":[{"href":"https:\/\/egyptianwisdomcenter.org\/it\/wp-json\/wp\/v2\/pages"}],"about":[{"href":"https:\/\/egyptianwisdomcenter.org\/it\/wp-json\/wp\/v2\/types\/page"}],"author":[{"embeddable":true,"href":"https:\/\/egyptianwisdomcenter.org\/it\/wp-json\/wp\/v2\/users\/3"}],"replies":[{"embeddable":true,"href":"https:\/\/egyptianwisdomcenter.org\/it\/wp-json\/wp\/v2\/comments?post=44956"}],"version-history":[{"count":0,"href":"https:\/\/egyptianwisdomcenter.org\/it\/wp-json\/wp\/v2\/pages\/44956\/revisions"}],"wp:attachment":[{"href":"https:\/\/egyptianwisdomcenter.org\/it\/wp-json\/wp\/v2\/media?parent=44956"}],"curies":[{"name":"wp","href":"https:\/\/api.w.org\/{rel}","templated":true}]}}