{"id":453,"date":"2018-11-04T00:00:00","date_gmt":"2018-11-04T04:00:00","guid":{"rendered":"http:\/\/egyptianwisdomcenter.org\/the-comprehensive-egyptian-tonal-musical-writing-system\/"},"modified":"2023-01-03T00:45:51","modified_gmt":"2023-01-03T05:45:51","slug":"the-comprehensive-egyptian-tonal-musical-writing-system-2","status":"publish","type":"page","link":"https:\/\/egyptianwisdomcenter.org\/it\/il-completo-sistema-di-scrittura-musicale-tonale-egiziano-2\/","title":{"rendered":"Il sistema completo di scrittura tonale [musicale] egiziano"},"content":{"rendered":"<div>\n<h2 style=\"text-align: center;\"><span style=\"color: #0000ff;\">Il sistema completo di scrittura tonale [musicale] egiziano<\/span><\/h2>\n<p>&nbsp;<\/p>\n<h3><span style=\"color: #ff0000;\"><strong>1. La preminenza degli scritti tonali dell&#039;antico Egitto <\/strong><\/span><\/h3>\n<p>Gli antichi egizi erano persone estremamente letterali che documentavano tutti gli aspetti della loro civilt\u00e0 in forma scritta. Pertanto, non dovrebbe sorprendere che scrivessero anche suoni musicali, cos\u00ec come facevano con i suoni parlati (linguaggio). Per gli antichi egizi la musica e la lingua erano due facce della stessa medaglia.<\/p>\n<p>Platone riconosceva che gli antichi egizi annotavano le loro melodie musicali, in <em>Legislazione <\/em>[656-7]:<\/p>\n<p style=\"padding-left: 30px;\"><em><strong>\u201c. . .posture e melodie armonicamente piacevoli. Questi li prescrivevano dettagliatamente e li affiggevano nei templi. . .\u201d<br \/>\n<\/strong><\/em><\/p>\n<div>\n<p>Nella musica che accompagna il canto, ogni nota musicale viene scritta separatamente, per corrispondere ad una sillaba del testo. In altre parole, ogni nota musicale ha una sillaba equivalente, e viceversa, come gli inni contenuti nel Papyrus Leiden J 350.<\/p>\n<\/div>\n<p>Tutti i primi scrittori greci e romani affermarono che esistevano fondamentalmente due forme di scrittura dell&#039;antico Egitto: pittorica e alfabetica. C&#039;erano diverse modalit\u00e0 di scrittura alfabetica a seconda dell&#039;argomento e dello scopo della scrittura. Concentreremo qui la nostra attenzione sulle forme associate alla musica e al tema musicale vocale: poesia, canto, canto, ecc.<\/p>\n<p>Fran\u00e7ois Joseph F\u00e9tis, un esperto musicologo, scopr\u00ec che le radici dei simboli di notazione greci erano la forma demotica della scrittura dell&#039;antico Egitto.<\/p>\n<p>FJ F\u00e9tis afferma nel suo <em>Biographie Universelle des Musiciens et Bibliographie G\u00e9n\u00e9rale de la Musique<\/em> [Bruxelles, 1837, tomo I, p. lxxi.]:<\/p>\n<p style=\"padding-left: 30px;\"><em><strong>\u201cNon ho il minimo dubbio che questa notazione musicale [usata nella musica ecclesiastica dai Greci moderni] <span style=\"text-decoration: underline;\">apparteneva all&#039;antico Egitto.<\/span> Ho a sostegno della mia opinione la somiglianza dei segni in questa notazione, <span style=\"text-decoration: underline;\">erroneamente attribuiti a San Giovanni Damasceno, a quelli dei personaggi demotici, o popolari degli antichi Egizi<\/span>. . . . .<\/strong>&#8220;<\/em><\/p>\n<div>\n<p>M. F\u00e9tis ha proseguito sottolineando la somiglianza esistente tra numerosi simboli accreditati presso i greci per determinare la durata delle note e alcuni caratteri dei simboli demotici egiziani, in una lunga e dettagliata analisi [leggi pi\u00f9 parte della parte della traduzione inglese di M Il testo di F\u00e9tis nel libro di Carl Engel,\u00a0 <em>IL\u00a0<\/em><em>Musica delle nazioni pi\u00f9 antiche<\/em>, pag. 271-2]. Il signor F\u00e9tis non ha esitato a concludere:<\/p>\n<\/div>\n<p style=\"padding-left: 30px;\"><em><strong>\u201cDopo questa dettagliata analisi del sistema di notazione impiegato nella musica della Chiesa greca, e dopo aver confrontato i suoi segni con quelli del carattere demotico in uso presso gli egiziani, possiamo per un momento dubitare che <span style=\"text-decoration: underline;\">l&#039;invenzione di questa notazione \u00e8 da attribuire a quell&#039;antico popolo [gli Egiziani], e non a San Giovanni Damasceno<\/span>. . . . &#8220;<\/strong><\/em><\/p>\n<\/div>\n<div>\n<p>L&#039;analisi dettagliata e la conclusione di F\u00e9tis dimostrano senza ombra di dubbio che i Greci presero in prestito la notazione musicale dei simboli demotici egiziani.<\/p>\n<p>Un altro musicologo, Charles Burney [vedi bibliografia], not\u00f2 che un inventario delle notazioni disponibili mostra che gli antichi utilizzavano pi\u00f9 di 120 caratteri diversi solo per il suono. Tenendo conto della variazione del tempo (o ritmo) in relazione ai diversi modi e generi, i caratteri sonori sono stati moltiplicati fino a pi\u00f9 di 1620. Burney ha descritto questo numero enorme come costituito principalmente da linee, curve, ganci, angoli retti e acuti. , ed altre figure semplici, poste in varie posizioni; una forma di ci\u00f2 che ha descritto come <strong><em>\u201calfabeto straniero mutilato\u201d<\/em><\/strong>. I simboli del cosiddetto <strong><em>\u201cmutilato <\/em><\/strong><strong><em>alfabeto straniero\u201d <\/em><\/strong>sono in realt\u00e0 i simboli demotici dell&#039;Antico Egitto, come notato da M. F\u00e9tis.<\/p>\n<p>A differenza dell\u2019attuale sistema di notazione occidentale, composto da ingombranti riassunti che devono essere memorizzati senza pensarci, era, tuttavia, pi\u00f9 facile imparare e seguire il sistema di notazione dell\u2019Antico Egitto, perch\u00e9 era coerente con la loro lingua.<\/p>\n<p>La descrizione di Burney del sistema di scrittura musicale verr\u00e0 spiegata di seguito.<\/p>\n<p>&nbsp;<\/p>\n<h3><span style=\"color: #ff0000;\"><strong>2. Componenti scritte primarie di testi lirici\/musicali<\/strong><\/span><\/h3>\n<p>Gli egiziani avevano notazioni tonali complete ed esaurienti per scritti, canti e strumenti. Le forme scritte erano\/sono composte da uno o pi\u00f9 dei seguenti quattro elementi:<\/p>\n<p style=\"padding-left: 30px;\">1. Forme delle lettere come suoni primari delle note musicali.<\/p>\n<p style=\"padding-left: 30px;\">2. Alle lettere vere e proprie sono associati alcuni simboli complementari che servono a modulare o regolare i singoli valori sonori. Il sistema consisteva in una variet\u00e0 di punti, trattini, ecc <strong>segni scritti sopra, sotto e in modo da non alterare la spaziatura della linea.<\/strong><\/p>\n<p style=\"padding-left: 30px;\">Questi simboli descrivono caratteristiche musicali come il tono, la lunghezza e l&#039;accento, che spesso operano su sillabe, parole o frasi: cio\u00e8 elementi come l&#039;intensit\u00e0, l&#039;altezza e la germinazione dei suoni della lingua, cos\u00ec come il ritmo e la intonazione: fondamentalmente dinamica e segni di tempo.<\/p>\n<p style=\"padding-left: 30px;\">Oltre ai simboli vocali e strumentali i papiri fanno uso anche dei punti di arsis (ascendente e discendente) e dei segni di diseme. Maggiori informazioni sono mostrate nel capitolo 11 di questo libro.<\/p>\n<\/div>\n<p style=\"padding-left: 30px;\">3. Altre notazioni melodiche e ritmiche\u2014fondamentalmente sillabe abbreviate per identificare la melodia, la natura e la durata delle altezze\/suoni, modi, dimensioni delle note, note abbreviate e segni universali\u2014frecce, ecc. e tutto ci\u00f2 che render\u00e0 la musica musicale.<\/p>\n<p style=\"padding-left: 30px;\">4. Sono stati utilizzati simboli speciali per le caratteristiche soprasegmentali, inclusi punti [singolari, doppi, come i due punti odierni e tre], spazi vuoti, trattini, barre verticali [individuali e multiple], virgole, ecc. Sono state utilizzate anche parole\/sillabe abbreviate per specificare determinate condizioni.<\/p>\n<p>&nbsp;<\/p>\n<h3><span style=\"color: #ff0000;\"><strong>3.\u00a0<\/strong><strong>Lettere alfabetiche come note musicali scritte<\/strong><\/span><\/h3>\n<p>In generale, le notazioni per gli strumenti musicali venivano indicate come 1) accompagnamento alle sillabe del canto e in alternanza con la voce, oppure 2) musica senza canto.<\/p>\n<p><strong>1) Accompagnamento alla voce<\/strong><\/p>\n<p>Per ridurre al minimo la confusione tra le sillabe del testo e la musica di accompagnamento, le notazioni musicali sono mostrate come lettere alfabetiche in varie posizioni: mutilate, barrate, allungate, raddoppiate, ecc.<\/p>\n<p>Al secondo e quinto grado\/nota della scala, SI e SI (MI), sono stati assegnati 2 simboli ciascuno. Tutte le altre note della scala diatonica avevano tre simboli \u2013 o meglio, una lettera scritta in 3 posizioni: eretta, prona e rovesciata.<\/p>\n<p>I segni eretti indicavano i naturali diatonici (corrispondenti ai nostri tasti bianchi), e sia i segni appiattiti che quelli invertiti indicavano i diesis, che rappresentavano intervalli pi\u00f9 piccoli come i toni 1\/4,1\/3,3\/8 (note enarmoniche).<\/p>\n<p>I simboli musicali barrati funzionano insieme alle sillabe del testo. Alcune note a volte appaiono con una barra sopra o attraverso di esse (\u00a5), a indicare una porzione di una nota naturale. I simboli barrati compaiono sopra le sillabe brevi in diversi punti, cos\u00ec come sopra il secondo elemento della vocale lunga divisa. La battuta significa che si canta la stessa nota, ma in modo diverso; o con qualche differenza nell&#039;accompagnamento musicale.<\/p>\n<p><strong>2) Solo musica<\/strong><\/p>\n<p>Le singole note erano indicate da forme di lettere alfabetiche. Ogni grado della scala era rappresentato da una lettera dell&#039;alfabeto, usata prettamente per gli strumenti musicali.<\/p>\n<p>Le lettere venivano usate per indicare i sette toni naturali della scala diatonica, e ciascuna delle sette note originali della scala era seguita da due note supplementari per intervalli pi\u00f9 piccoli, come 1\/4, 1\/3 e 3\/8 toni. note enarmoniche.<\/p>\n<p>&nbsp;<\/p>\n<div>\n<p style=\"padding-left: 30px;\"><strong style=\"font-size: 16px;\">[Un estratto da <span style=\"color: #ff0000;\">Il duraturo sistema musicale dell&#039;antico Egitto, teoria e pratica<\/span>: Seconda edizione di Moustafa Gadalla]<br \/>\n<a href=\"https:\/\/egyptianwisdomcenter.org\/it\/prodotto\/la-duratura-teoria-e-pratica-del-sistema-musicale-egiziano-seconda-edizione\/\"><span style=\"color: #0000ff;\">https:\/\/egyptianwisdomcenter.org\/product\/strumenti-musicali-egizi\/<\/span><\/a><\/strong><\/p>\n<p style=\"padding-left: 30px;\"><strong style=\"font-size: 16px;\"><br \/>\n<\/strong><img decoding=\"async\" class=\"aligncenter\" src=\"https:\/\/egyptianwisdomcenter.org\/wp-content\/uploads\/2023\/01\/strumenti-musicali-egizi-2.jpg\" \/><\/p>\n<\/div>\n<p style=\"padding-left: 30px;\"><a href=\"https:\/\/egyptianwisdomcenter.org\/it\/prodotto\/la-duratura-teoria-e-pratica-del-sistema-musicale-egiziano-seconda-edizione\/\"><strong style=\"font-size: 16px;\"><span style=\"color: #0000ff;\">https:\/\/egyptianwisdomcenter.org\/product\/strumenti-musicali-egizi\/<\/span><\/strong><\/a><\/p>\n<p style=\"text-align: center;\"><strong>&#8212;&#8212;-<\/strong><\/p>\n<p><strong>[Un estratto da <span style=\"color: #ff0000;\">Gli aspetti musicali della lingua vocale dell&#039;antico Egitto di Moustafa Gadalla<\/span>]<br \/>\n<a href=\"https:\/\/egyptianwisdomcenter.org\/it\/prodotto\/the-musical-aspects-of-the-ancient-egyptian-vocalic-language\/\"><span style=\"color: #0000ff;\">https:\/\/egyptianwisdomcenter.org\/product\/the-musical-aspects-of-the-ancient-egyptian-vocalic-language\/<\/span><\/a><\/strong><\/p>\n<p><img decoding=\"async\" class=\"aligncenter\" src=\"https:\/\/books2read-prod.s3.amazonaws.com\/CACHE\/images\/ubl_book_images\/book_display_image_DcFkU4T\/89083cf6f8539612e0458de3e7a69b67\" \/><\/p>\n<p style=\"text-align: center;\"><a href=\"https:\/\/egyptianwisdomcenter.org\/it\/prodotto\/the-musical-aspects-of-the-ancient-egyptian-vocalic-language\/\"><strong><span style=\"color: #0000ff;\">https:\/\/egyptianwisdomcenter.org\/product\/the-musical-aspects-of-the-ancient-egyptian-vocalic-language\/<\/span><\/strong><\/a><\/p>\n<div dir=\"auto\">\n<div dir=\"auto\"><\/div>\n<\/div>","protected":false},"excerpt":{"rendered":"<p>The Comprehensive Egyptian Tonal [Musical] Writing System &nbsp; 1. The Preeminence Of Ancient Egyptian Tonal Writings The Ancient Egyptians were extremely literal [&hellip;]<\/p>","protected":false},"author":3,"featured_media":0,"parent":0,"menu_order":0,"comment_status":"closed","ping_status":"closed","template":"","meta":{"footnotes":""},"class_list":["post-453","page","type-page","status-publish","hentry"],"aioseo_notices":[],"_links":{"self":[{"href":"https:\/\/egyptianwisdomcenter.org\/it\/wp-json\/wp\/v2\/pages\/453","targetHints":{"allow":["GET"]}}],"collection":[{"href":"https:\/\/egyptianwisdomcenter.org\/it\/wp-json\/wp\/v2\/pages"}],"about":[{"href":"https:\/\/egyptianwisdomcenter.org\/it\/wp-json\/wp\/v2\/types\/page"}],"author":[{"embeddable":true,"href":"https:\/\/egyptianwisdomcenter.org\/it\/wp-json\/wp\/v2\/users\/3"}],"replies":[{"embeddable":true,"href":"https:\/\/egyptianwisdomcenter.org\/it\/wp-json\/wp\/v2\/comments?post=453"}],"version-history":[{"count":0,"href":"https:\/\/egyptianwisdomcenter.org\/it\/wp-json\/wp\/v2\/pages\/453\/revisions"}],"wp:attachment":[{"href":"https:\/\/egyptianwisdomcenter.org\/it\/wp-json\/wp\/v2\/media?parent=453"}],"curies":[{"name":"wp","href":"https:\/\/api.w.org\/{rel}","templated":true}]}}