{"id":455,"date":"2018-11-04T00:00:00","date_gmt":"2018-11-04T04:00:00","guid":{"rendered":"http:\/\/egyptianwisdomcenter.org\/egyptian-ships-and-the-high-seas\/"},"modified":"2023-01-06T00:25:35","modified_gmt":"2023-01-06T05:25:35","slug":"egyptian-ships-and-the-high-seas-2","status":"publish","type":"page","link":"https:\/\/egyptianwisdomcenter.org\/it\/navi-egiziane-e-lalto-mare-2\/","title":{"rendered":"Navi egiziane e l&#039;alto mare"},"content":{"rendered":"<h2 style=\"text-align: center;\"><span style=\"color: #0000ff;\">Navi egiziane e l&#039;alto mare<\/span><\/h2>\n<h1><\/h1>\n<h3><span style=\"color: #ff0000;\"><strong>1. Generale<\/strong><\/span><\/h3>\n<p>Il trasferimento di persone, minerali e merci tra l\u2019Antico Egitto e altri luoghi lontani era molto pi\u00f9 ampio e comune di quanto generalmente si immagini. I mari non erano barriere, ma strade maestre per un attivo commercio internazionale. Viaggiare via acqua \u00e8 stato (e continua ad essere) il modo pi\u00f9 efficace, economico e sicuro di viaggiare sia per le persone che per le merci. Il viaggio via terra integra il viaggio via acqua per merci importanti\/di grandi dimensioni.<\/p>\n<p>Gli antichi egizi avevano i mezzi per viaggiare in alto mare con un gran numero di navi di alta qualit\u00e0. Avevano anche la conoscenza geografica per viaggiare in mare aperto. Le prove dimostrano che i loro mezzi e le loro conoscenze hanno permesso loro di raggiungere i paesi pi\u00f9 remoti della terra. Le pagine seguenti descriveranno in dettaglio la ricchezza di navi di alta qualit\u00e0 e la conoscenza degli antichi egizi sui viaggi in alto mare.<\/p>\n<p>In precedenza abbiamo mostrato la conoscenza degli antichi egizi delle stelle e della superficie della Terra (compresa l&#039;acqua).<\/p>\n<p>&nbsp;<\/p>\n<h3><span style=\"color: #ff0000;\"><strong>2. Le navi egiziane<\/strong><\/span><\/h3>\n<p>L\u2019antico Egitto aveva i mezzi, la conoscenza, il materiale e l\u2019esperienza per trasportare persone e merci via mare e via terra. La qualit\u00e0 delle navi dell&#039;antico Egitto fu veramente riconosciuta e apprezzata quando la barca Khufu (Cheope) (vecchia di 4500 anni) fu ritrovata accanto alla Grande Piramide di Giza negli anni &#039;70. Quella barca, ora ospitata in un museo vicino alla Grande Piramide, \u00e8 superiore e molto pi\u00f9 adatta alla navigazione della Santa Maria di Colombo, della Mayflower o delle navi dei Vichinghi. La prova fisica \u00e8 chiara: gli egiziani avevano i mezzi per viaggiare in alto mare. Le dimensioni delle navi ancora pi\u00f9 grandi di quella di Khufu verranno dettagliate in seguito.<\/p>\n<p><a href=\"https:\/\/pressbooks.com\/app\/uploads\/sites\/42622\/2018\/02\/aecr-ch15-1-200c-1.jpg\"><img decoding=\"async\" class=\"wp-image-983 aligncenter\" src=\"http:\/\/egyptianwisdomcenter.org\/wp-content\/uploads\/2019\/02\/aecr-ch15-1-200c-1-e1518531634240-300x72.jpg\" alt=\"\" width=\"195\" height=\"47\" \/><\/a><\/p>\n<p style=\"text-align: center;\"><strong>La barca di Cheope<\/strong><\/p>\n<p>La barca di Cheope \u00e8 una delle pi\u00f9 grandi navi antiche trovate fino ad oggi. La pi\u00f9 lunga delle imbarcazioni vichinghe rinvenute in Europa era lunga circa 30 metri, mentre la barca di Cheope \u00e8 lunga 43,4 metri. \u00c8 larga circa 5,9 m, profonda 1,75 m e ha un dislocamento di oltre 40 tonnellate. La prua, a forma di fascio di papiro, \u00e8 alta circa 6 metri. La sua poppa raggiunge i 7 metri. Il suo timone \u00e8 costituito da due enormi remi. La barca ha diverse cabine sul ponte. Ci sono alcune prove che la barca di Cheope fosse effettivamente utilizzata in acqua. In molti punti sono ancora ben visibili i segni causati dall&#039;abrasione tra le cime ed il legno della nave.<\/p>\n<p>La barca \u00e8 composta da diversi pezzi di legno tenuti insieme da corde. Le corde si restringono quando sono bagnate, mentre il legno si espande quando \u00e8 bagnato. Tale restringimento ed espansione fornivano tenute ermetiche e sicure ed eliminavano qualsiasi necessit\u00e0 di chiodi metallici. Questo metodo di costruzione della barca permetteva agli antichi egizi di smontare la barca e trasportare i pezzi durante il viaggio via terra, fino a raggiungere un corso d&#039;acqua sicuro e navigabile. Questa ingegnosa tecnica di costruzione permise agli antichi egizi di viaggiare pi\u00f9 in profondit\u00e0 nell&#039;entroterra. Numerosi papiri dell\u2019Antico Egitto di tutte le epoche testimoniano questo metodo di viaggio terra\/acqua.<\/p>\n<p>Gli antichi Egizi erano famosi in tutto il bacino del Mediterraneo per la loro costruzione navale, anche se in Egitto non era disponibile il legname necessario per la carpenteria su larga scala e per la costruzione delle barche. Gli antichi egizi avevano una grande flotta, come risulta evidente dalle enormi quantit\u00e0 di legname che avevano importato dalla Fenicia. La necessit\u00e0 di approvvigionamento di legname spiega, almeno in parte, l&#039;importanza dell&#039;insediamento permanente - una sorta di protettorato - che gli Egiziani avevano con i Fenici fin dai primi giorni dell&#039;Antico Regno [c. 2575 a.C.].<\/p>\n<p>Gli egiziani costruirono tutta una serie di imbarcazioni pratiche, ben adattate ai diversi usi, alla geografia e al clima, per il trasporto sia di passeggeri che di merci. Le navi egiziane solcavano le acque del Nilo e dell&#039;alto mare fin dai tempi pi\u00f9 antichi. Le navi variavano enormemente in termini di dimensioni. Alcuni di loro erano enormi. Diodoro ne menziona uno, fatto di cedro e costruito durante il regno di Sesostri, che misurava circa 450 piedi [140 m].<\/p>\n<p>Tutti i tipi di navi commerciali e militari erano conosciuti pi\u00f9 di 5.000 anni fa, trasferendo merci verso le coste settentrionali della Gran Bretagna, dell&#039;Irlanda e dell&#039;Europa. Ci\u00f2 avvenne molto prima che i Fenici diventassero marittimi nel I millennio a.C.<\/p>\n<p><a href=\"http:\/\/egyptianwisdomcenter.org\/wp-content\/uploads\/2019\/02\/aecr-ch15-2-200c-1.jpg\"><img decoding=\"async\" class=\"wp-image-984 aligncenter\" src=\"http:\/\/egyptianwisdomcenter.org\/wp-content\/uploads\/2019\/02\/aecr-ch15-2-200c-1-300x143.jpg\" alt=\"\" width=\"271\" height=\"129\" \/><\/a><\/p>\n<p style=\"text-align: center;\"><strong>Barca a vela della regina Hatshepsut<\/strong><br \/>\n<strong>il viaggio a Punt<\/strong><\/p>\n<p>In tempi molto antichi, la costruzione di barche veniva praticata in modo estensivo. Anche sotto l&#039;Antico Regno [2575\u20132150 a.C.], venivano costruite barche di grandi dimensioni: cos\u00ec sentiamo parlare di un&#039;ampia nave di legno di acacia, lunga 60 cubiti e larga 30 cubiti. . . cio\u00e8 quasi 30,5 m [100 piedi] di lunghezza e 15,25 m [50 piedi] di larghezza; e sappiate che una barca di queste immense dimensioni \u00e8 stata costruita in 17 giorni.<\/p>\n<p><a href=\"http:\/\/egyptianwisdomcenter.org\/wp-content\/uploads\/2019\/02\/aecr-ch15-3-200c-1.jpg\"><img decoding=\"async\" class=\"wp-image-985 aligncenter\" src=\"http:\/\/egyptianwisdomcenter.org\/wp-content\/uploads\/2019\/02\/aecr-ch15-3-200c-1-300x193.jpg\" alt=\"\" width=\"220\" height=\"142\" \/><\/a><\/p>\n<p style=\"text-align: center;\"><strong>Grande barca con vela, doppio albero e<\/strong><br \/>\n<strong>molti rematori. In una tomba a Kom Ahmar,<\/strong><br \/>\n<strong>sopra Minya<\/strong><\/p>\n<p>Le immagini sotto l&#039;Antico Regno rappresentano diversi tipi di barche, come barche quadrate, barche a poppa, rimorchiatori, ecc. Ogni tipo \u00e8 adatto a determinate funzioni\/situazioni. Diversi tipi di imbarcazioni venivano utilizzati in porti come Canopo (pre-Alessandria), per adattarsi alle operazioni portuali. Oltre alle navi mercantili, esistevano piccole imbarcazioni speciali che venivano utilizzate per trasportare carichi pi\u00f9 piccoli.<\/p>\n<p>Alcune navi da carico molto grandi venivano utilizzate per trasportare grano, pietra, mattoni e persino i giganteschi obelischi, che venivano tagliati da un unico blocco nelle cave di Assuan e poi trasportati lungo il fiume fino al sito del tempio di Luxor e altrove.<\/p>\n<p>Quasi tutte le barche furono realizzate per essere adattabili sia alla vela che al canottaggio. Quando la navigazione era impossibile (a causa dei venti contrari o se si attraversavano canali di navigazione calmi), i marinai utilizzavano tecniche di traino di cavi da traino e imbarcazioni pi\u00f9 piccole. Le navi destinate a trasportare merci di grandi dimensioni venivano rimorchiate da uomini o da altre navi perch\u00e9 erano troppo pesanti per un movimento indipendente. Pertanto, anche durante l&#039;Antico Regno, la maggior parte delle navi era dotata di un robusto palo a cui legare una fune da traino. Molti rimorchiatori erano dotati di brevi montanti perpendicolari ad entrambe le estremit\u00e0 per il cavo di traino. Erano governate, come tutte le navi dell&#039;Antico Regno, per mezzo di lunghi remi. Questo tipo di nave veniva impiegata nel trasporto dei blocchi (potevano trasportare pesi enormi) dalle cave.<\/p>\n<p><a href=\"http:\/\/egyptianwisdomcenter.org\/wp-content\/uploads\/2019\/02\/aecr-ch15-4-200c-1.jpg\"><img loading=\"lazy\" decoding=\"async\" class=\"wp-image-986 aligncenter\" src=\"http:\/\/egyptianwisdomcenter.org\/wp-content\/uploads\/2019\/02\/aecr-ch15-4-200c-1-300x98.jpg\" alt=\"\" width=\"233\" height=\"76\" \/><\/a><\/p>\n<p style=\"text-align: center;\"><strong>Rimorchio [c. 2400 a.C.], Il\u00a0<\/strong><b>cassa di assicella<\/b><br \/>\n<strong>memorizza oggetti fragili durante<\/strong><br \/>\n<strong>trasporto<\/strong><\/p>\n<p>I timoni della maggior parte delle navi dell&#039;antico Egitto, sin dall&#039;epoca dell&#039;Antico Regno, consistevano in due enormi remi timonieri.<\/p>\n<p>Nel corso della storia egiziana, la maggior parte delle barche erano decorate e adornate nella parte anteriore con grandi dipinti. La poppa somigliava ad un gigantesco fiore di loto; la pala del remo somigliava a un mazzo di fiori; e la manopola in alto era modellata nella testa di un neter (divinit\u00e0).<\/p>\n<p>Gli antichi Egizi disponevano anche di una flotta navale, le cui dimensioni variavano a seconda delle esigenze difensive in alto mare durante le diverse epoche della storia dell&#039;Antico Egitto. Furono costruite imbarcazioni speciali appositamente per la guerra. Sia Erodoto che Diodoro menzionano la flotta di lunghe navi, o navi da guerra, armate da Sesostri nel Golfo Arabico. Erano 400 in numero, e ci sono tutte le ragioni per credere che il commercio, e i mezzi per proteggerlo con navi da guerra, esistessero l\u00ec almeno gi\u00e0 nella XII dinastia, circa 4.000 anni fa.<\/p>\n<p><a href=\"http:\/\/egyptianwisdomcenter.org\/wp-content\/uploads\/2019\/02\/aecr-ch15-5-200c-1.jpg\"><img loading=\"lazy\" decoding=\"async\" class=\"wp-image-987 aligncenter\" src=\"http:\/\/egyptianwisdomcenter.org\/wp-content\/uploads\/2019\/02\/aecr-ch15-5-200c-1-300x123.jpg\" alt=\"\" width=\"206\" height=\"85\" \/><\/a><\/p>\n<p style=\"text-align: center;\"><strong>Barca egiziana dal centro\u00a0<\/strong><strong>Regno<\/strong><\/p>\n<p>Le galee (navi da guerra) impiegate per proteggere la flotta commerciale viaggiante dalla pirateria marittima al di fuori dell&#039;Egitto differivano da quelle del Nilo. Erano pi\u00f9 bassi a prua e a poppa. Su ciascun lato c&#039;era un alto baluardo di legno per tutta la lunghezza della nave. Proteggeva i rematori dai missili del nemico. Le impugnature dei remi passavano attraverso un&#039;apertura nella parte inferiore.<\/p>\n<p>&nbsp;<\/p>\n<h3><span style=\"color: #ff0000;\"><strong>3. Principali porti costieri egiziani<\/strong><\/span><\/h3>\n<p>Le navi commerciali e navali erano servite da diversi porti, punti di riferimento guida, indicatori d&#039;acqua, strutture di carico e scarico, forniture di acqua dolce, stazioni di comfort e servizi\/necessit\u00e0. Diverse strade, insieme a stazioni di rifornimento, furono fornite tra i porti marittimi e i centri popolati lungo il Nilo.<\/p>\n<p>La posizione strategica dei corsi d&#039;acqua dell&#039;Egitto facilitava il commercio tra i (allora) tre continenti attivi di Europa, Africa e Asia. I canali di navigazione artificiali consentivano l&#039;accesso tra il Mar Mediterraneo a Canopo (Alessandria) e il canale navigabile del fiume Nilo. Un altro canale navigabile collegava il Nilo alla punta settentrionale del Golfo di Suez, che consentiva l&#039;accesso al Mar Rosso, all&#039;Africa, all&#039;India e all&#039;Estremo Oriente.<\/p>\n<p>Oltre ai frequenti porti lungo il fiume navigabile Nilo, c&#039;erano\/sono porti significativi lungo le coste egiziane sia del Mar Rosso che del Mar Mediterraneo. Tali porti consentivano il trasporto di merci e persone da e verso tutti i continenti.<\/p>\n<p>&nbsp;<\/p>\n<p><span style=\"color: #ff0000;\"><strong>[Un estratto da <\/strong><\/span><strong>Antico Egitto: cultura rivelata, seconda edizione di Moustafa Gadalla<\/strong><span style=\"color: #ff0000;\"><strong>]<br \/>\n<a href=\"https:\/\/egyptianwisdomcenter.org\/it\/prodotto\/lantica-cultura-egiziana-ha-rivelato-la-seconda-edizione\/\"><span style=\"color: #0000ff;\">https:\/\/egyptianwisdomcenter.org\/product\/alla-scoperta-della-cultura-dellantico-egitto\/<\/span><\/a><\/strong><\/span><\/p>\n<p><img decoding=\"async\" class=\"aligncenter\" src=\"https:\/\/books2read-prod.s3.amazonaws.com\/CACHE\/images\/ubl_book_images\/book_display_image_6heB7g0\/9bcff3df91ca713a9cfe93997d847840\" alt=\"La cultura dell&#039;antico Egitto rivelata\" \/><\/p>\n<p style=\"text-align: center;\"><a href=\"https:\/\/egyptianwisdomcenter.org\/it\/prodotto\/lantica-cultura-egiziana-ha-rivelato-la-seconda-edizione\/\"><span style=\"color: #ff0000;\"><strong><span style=\"color: #0000ff;\">https:\/\/egyptianwisdomcenter.org\/product\/alla-scoperta-della-cultura-dellantico-egitto\/<\/span><\/strong><\/span><\/a><\/p>\n<div dir=\"auto\"><\/div>","protected":false},"excerpt":{"rendered":"<p>Egyptian Ships And The High Seas 1. General Transferring people, minerals, and goods between Ancient Egypt and other faraway places was much [&hellip;]<\/p>","protected":false},"author":3,"featured_media":0,"parent":0,"menu_order":0,"comment_status":"closed","ping_status":"closed","template":"","meta":{"footnotes":""},"class_list":["post-455","page","type-page","status-publish","hentry"],"aioseo_notices":[],"_links":{"self":[{"href":"https:\/\/egyptianwisdomcenter.org\/it\/wp-json\/wp\/v2\/pages\/455","targetHints":{"allow":["GET"]}}],"collection":[{"href":"https:\/\/egyptianwisdomcenter.org\/it\/wp-json\/wp\/v2\/pages"}],"about":[{"href":"https:\/\/egyptianwisdomcenter.org\/it\/wp-json\/wp\/v2\/types\/page"}],"author":[{"embeddable":true,"href":"https:\/\/egyptianwisdomcenter.org\/it\/wp-json\/wp\/v2\/users\/3"}],"replies":[{"embeddable":true,"href":"https:\/\/egyptianwisdomcenter.org\/it\/wp-json\/wp\/v2\/comments?post=455"}],"version-history":[{"count":0,"href":"https:\/\/egyptianwisdomcenter.org\/it\/wp-json\/wp\/v2\/pages\/455\/revisions"}],"wp:attachment":[{"href":"https:\/\/egyptianwisdomcenter.org\/it\/wp-json\/wp\/v2\/media?parent=455"}],"curies":[{"name":"wp","href":"https:\/\/api.w.org\/{rel}","templated":true}]}}