{"id":461,"date":"2018-11-04T00:00:00","date_gmt":"2018-11-04T04:00:00","guid":{"rendered":"http:\/\/egyptianwisdomcenter.org\/business-transactions\/"},"modified":"2023-02-07T14:33:53","modified_gmt":"2023-02-07T19:33:53","slug":"business-transactions-2","status":"publish","type":"page","link":"https:\/\/egyptianwisdomcenter.org\/it\/transazioni-commerciali-2\/","title":{"rendered":"Transazione d&#039;affari"},"content":{"rendered":"<h2 style=\"text-align: center;\"><span style=\"color: #ff0000;\"><strong>Transazione d&#039;affari<\/strong><\/span><\/h2>\n<p>&nbsp;<\/p>\n<p>Non molto tempo fa, un premio Nobel \u00e8 stato assegnato a un economista statunitense che ha sostenuto una \u201csociet\u00e0 senza contanti\u201d come la modalit\u00e0 pi\u00f9 efficace per le transazioni commerciali. \u00c8 ironico che nell\u2019Antico Egitto beni e servizi venissero scambiati senza contanti: tramite il baratto, scambiando beni e servizi senza scambio di denaro. Il baratto (scambio senza contanti) prevede che un oggetto medio di valore gradevole venga utilizzato come strumento di misurazione dei beni\/servizi scambiati. Questo mezzo pu\u00f2 essere qualsiasi cosa accettabile per le parti della transazione. Pertanto, l&#039;acquirente e il venditore calcolano il valore di mercato attuale dei loro beni rispetto a un terzo bene di uso comune. Nel commercio internazionale al giorno d&#039;oggi, la merce media \u00e8 l&#039;oro, i dollari USA, ecc. Non avviene alcuno scambio di oro o dollari tra le parti, tranne forse una piccola quantit\u00e0 per aggiustare qualche leggera differenza tra i valori delle merci scambiate.<\/p>\n<p>Sono stati recuperati diversi contratti dell&#039;Antico Egitto che mostrano i termini e i dettagli degli accordi di baratto tra le parti coinvolte nello scambio di beni e servizi. Un buon esempio sono i contratti di Hepd&#039;efae, recuperati da Asyut, risalenti al Medio Regno [2040\u20131783 aEV]. Questi contratti dimostrano che con queste condizioni di pagamento era possibile effettuare complicate transazioni commerciali. [I dettagli sono in Erman <em>La vita nell&#039;antico Egitto<\/em>, pagg. 494-8.]<\/p>\n<p>Per quelle transazioni commerciali che non potevano essere raggiunte con il baratto, gli antichi egizi utilizzavano le monete. Nell&#039;antico Egitto le monete venivano usate in modo limitato; principalmente per ripagare mercenari stranieri che potevano inviare il denaro nel loro paese d&#039;origine o portarlo con s\u00e9, dove avrebbe potuto poi essere scambiato con beni e servizi.<\/p>\n<p>I termini dell&#039;antico Egitto usati per le monete erano usati anche per i pesi. Allo stesso modo, nell&#039;attuale Gran Bretagna, il termine &quot;sterlina&quot; indica sia un&#039;unit\u00e0 di peso che un&#039;unit\u00e0 di valuta. Troviamo anche che la parola ebraica per denaro \u00e8 <em>siclo\/sheqel<\/em>, che \u00e8 un leggero spostamento sonoro della parola egiziana (e araba) di <em>theqel<\/em>-che significa peso\/denaro.<\/p>\n<p>Le monete nell&#039;Antico Egitto venivano realizzate sotto forma di anelli d&#039;oro, argento e rame, con pesi specifici certificati da specialisti. La parola per &quot;sigillo\/timbro&quot; e &quot;anello&quot; \u00e8 la stessa nella lingua egiziana. Tutti i pesi sono stati misurati e certificati. Monete d&#039;oro si trovano sui dipinti delle tombe durante il regno di Twt Homosis III [1490\u20131436 aEV]. Sono stati recuperati documenti risalenti ai tempi di Amenhotep II [1436-1413 a.C.], che mostrano che i valori di diversi articoli erano espressi in termini di pezzi di metallo (oro, argento e rame) di peso e valore fissi, che venivano usati come mezzo di pagamento. scambio. Esempi simili sono stati recuperati in epoca ramesside.<\/p>\n<p>Il concetto di pesatura era un tema importante e comune per gli antichi egizi (e Baladi) che si estendeva a ogni aspetto della vita. Le bilance si trovano ovunque, dall&#039;acquisto di verdure alle rappresentazioni di armonia musicale, forme di poesia e la bilancia della giustizia raffigurata nella scena del Giorno del Giudizio. Allo stesso modo, ai nostri giorni, la parola inglese <em>scala<\/em> viene utilizzato sia per pesare le merci che in musica (la bilancia musicale).<\/p>\n<p>Le raffigurazioni nelle tombe dell&#039;antico Egitto mostrano pesatori pubblici e notai che accertano il peso esatto di tutto ci\u00f2 che erano chiamati a misurare nella strada pubblica o nel mercato, dove erigevano temporaneamente le loro bilance. Furono impiegati come funzionari governativi nel pi\u00f9 rigoroso rispetto della giustizia, senza favorire n\u00e9 l&#039;acquirente n\u00e9 il venditore.<\/p>\n<p><a href=\"http:\/\/egyptianwisdomcenter.org\/wp-content\/uploads\/2019\/02\/aecr-ch16-2-72c-1-1.jpg\"><img decoding=\"async\" class=\"size-full wp-image-1099 aligncenter\" src=\"http:\/\/egyptianwisdomcenter.org\/wp-content\/uploads\/2019\/02\/aecr-ch16-2-72c-1-1.jpg\" alt=\"\" width=\"187\" height=\"44\" \/><\/a><\/p>\n<p style=\"text-align: center;\"><strong>Anelli d&#039;oro e d&#039;argento dalle tombe di Ta-Apet (Tebe)<\/strong><\/p>\n<p><a href=\"http:\/\/egyptianwisdomcenter.org\/wp-content\/uploads\/2019\/02\/aecr-ch16-3-72c-1-1.jpg\"><img decoding=\"async\" class=\"size-full wp-image-1100 aligncenter\" src=\"http:\/\/egyptianwisdomcenter.org\/wp-content\/uploads\/2019\/02\/aecr-ch16-3-72c-1-1.jpg\" alt=\"\" width=\"187\" height=\"184\" \/><\/a><\/p>\n<p style=\"text-align: center;\"><strong>Certificazione ufficiale dei pesi sul mercato.<\/strong><\/p>\n<p>Viene mostrato uno scriba o un notaio che annota l&#039;importo del peso, qualunque sia la merce; e tale documento, consegnato o mostrato alle parti, sanciva integralmente l&#039;affare e fungeva da certificazione ufficiale della transazione.<\/p>\n<p>La stessa usanza \u00e8 conservata ancora dagli egiziani Baladi nelle bilance dei kabbaneh pubblici che misurano e certificano l&#039;esattezza dei pesi, che vengono restituiti per iscritto su richiesta delle parti.<\/p>\n<p>&nbsp;<\/p>\n<p><span style=\"color: #ff0000;\"><strong>[Un estratto da <\/strong><\/span><strong>Antico Egitto: cultura rivelata, seconda edizione di Moustafa Gadalla<\/strong><span style=\"color: #ff0000;\"><strong>]<br \/>\n<a href=\"https:\/\/egyptianwisdomcenter.org\/it\/prodotto\/lantica-cultura-egiziana-ha-rivelato-la-seconda-edizione\/\"><span style=\"color: #0000ff;\">https:\/\/egyptianwisdomcenter.org\/product\/alla-scoperta-della-cultura-dellantico-egitto\/<\/span><\/a><\/strong><\/span><\/p>\n<p><img decoding=\"async\" class=\"aligncenter\" src=\"https:\/\/books2read-prod.s3.amazonaws.com\/CACHE\/images\/ubl_book_images\/book_display_image_6heB7g0\/9bcff3df91ca713a9cfe93997d847840\" alt=\"La cultura dell&#039;antico Egitto rivelata\" \/><\/p>\n<p style=\"text-align: center;\"><a href=\"https:\/\/egyptianwisdomcenter.org\/it\/prodotto\/lantica-cultura-egiziana-ha-rivelato-la-seconda-edizione\/\"><span style=\"color: #ff0000;\"><strong><span style=\"color: #0000ff;\">https:\/\/egyptianwisdomcenter.org\/product\/alla-scoperta-della-cultura-dellantico-egitto\/<\/span><\/strong><\/span><\/a><\/p>\n<div dir=\"auto\"><\/div>","protected":false},"excerpt":{"rendered":"<p>Business Transactions &nbsp; Not long time ago, a Nobel Prize was awarded to a U.S. economist who endorsed a \u201ccashless society\u201d as [&hellip;]<\/p>","protected":false},"author":3,"featured_media":0,"parent":0,"menu_order":0,"comment_status":"closed","ping_status":"closed","template":"","meta":{"footnotes":""},"class_list":["post-461","page","type-page","status-publish","hentry"],"aioseo_notices":[],"_links":{"self":[{"href":"https:\/\/egyptianwisdomcenter.org\/it\/wp-json\/wp\/v2\/pages\/461","targetHints":{"allow":["GET"]}}],"collection":[{"href":"https:\/\/egyptianwisdomcenter.org\/it\/wp-json\/wp\/v2\/pages"}],"about":[{"href":"https:\/\/egyptianwisdomcenter.org\/it\/wp-json\/wp\/v2\/types\/page"}],"author":[{"embeddable":true,"href":"https:\/\/egyptianwisdomcenter.org\/it\/wp-json\/wp\/v2\/users\/3"}],"replies":[{"embeddable":true,"href":"https:\/\/egyptianwisdomcenter.org\/it\/wp-json\/wp\/v2\/comments?post=461"}],"version-history":[{"count":0,"href":"https:\/\/egyptianwisdomcenter.org\/it\/wp-json\/wp\/v2\/pages\/461\/revisions"}],"wp:attachment":[{"href":"https:\/\/egyptianwisdomcenter.org\/it\/wp-json\/wp\/v2\/media?parent=461"}],"curies":[{"name":"wp","href":"https:\/\/api.w.org\/{rel}","templated":true}]}}