{"id":469,"date":"2018-11-04T00:00:00","date_gmt":"2018-11-04T04:00:00","guid":{"rendered":"http:\/\/egyptianwisdomcenter.org\/isis-rises-lady-of-assumption\/"},"modified":"2023-01-03T00:52:13","modified_gmt":"2023-01-03T05:52:13","slug":"isis-rises-lady-of-assumption-2","status":"publish","type":"page","link":"https:\/\/egyptianwisdomcenter.org\/it\/iside-risorge-signora-dellassunzione-2\/","title":{"rendered":"Iside risorge \u2013 Signora Assunta"},"content":{"rendered":"<h2 style=\"text-align: center;\"><span style=\"color: #ff0000;\">Iside risorge \u2013 Signora Assunta<\/span><\/h2>\n<p>&nbsp;<\/p>\n<p>Nella tipica forma della storia egiziana, Iside fin\u00ec di piangere per la sua anima gemella Osiride verso la met\u00e0 di agosto, il che significa che Iside pianse tutte le lacrime che aveva. \u00c8 in questo momento che gli egiziani (sia antichi che moderni) tengono una festa che simboleggia l&#039;ultima lacrima di Iside che causer\u00e0 il picco del livello del diluvio. \u00c8 durante questa celebrazione che gli egiziani gettano nelle acque un&#039;effigie di Iside, a simboleggiare che Iside \u00e8 annegata nelle sue stesse lacrime. Incredibilmente, la chiesa ha adottato la stessa data esatta per rappresentare l&#039;ascensione della \u201cVergine Maria\u201d al cielo come Giorno dell&#039;Assunzione, che \u00e8 definito come:<\/p>\n<p style=\"padding-left: 30px;\"><strong><em>Il dogma dell&#039;assunzione del corpo e dell&#039;anima della Vergine Maria (anche Auset \u00e8 vergine) al cielo dopo la sua morte.<\/em><\/strong><\/p>\n<p>La Chiesa ortodossa celebra il giorno dell&#039;Assunzione il 15 agosto, che \u00e8 lo stesso giorno esatto in cui gli attuali egiziani osservano la fine della stagione delle piogge in Etiopia.<\/p>\n<p>Oltre alle celebrazioni governative ufficiali, gli egiziani Baladi tengono una chiamata musulmana <em>Sitena Meriam <\/em>(Senso <em>Nostra Signora Meriam<\/em>). Questa non \u00e8 una \u201cfesta cristiana\u201d. Il festival dura la tipica settimana di ottava egiziana (8 giorni). L&#039;ultimo giorno della celebrazione \u00e8 il 16 Mesoree (22 agosto).<\/p>\n<p>Un altro titolo per questo festival \u00e8 <strong><em>La sposa del Nilo<\/em><\/strong>, unendo Iside con Osiride. Iside ha immerso, come simbolo della terra, nel corpo di suo marito, simbolo dell&#039;acqua. Questa unificazione \u00e8 un\u2019altra perfetta applicazione del concetto di matrimonio interiore che permea le tradizioni dell\u2019Antico Egitto (e successivamente dei Sufi).<\/p>\n<p><strong>=&gt; <span style=\"text-decoration: underline;\">Va notato che dal 3 luglio (l&#039;inizio dell&#039;innalzamento delle acque del Nilo) al 22 agosto passano 50 giorni: un&#039;altra Pentecoste.<\/span><\/strong><\/p>\n<p>&nbsp;<\/p>\n<p><span style=\"color: #ff0000;\"><strong>[Un estratto da <\/strong><\/span><strong>Antiche radici egiziane del cristianesimo, 2a edizione di Moustafa Gadalla<\/strong><span style=\"color: #ff0000;\"><strong>]<br \/>\n<a href=\"https:\/\/egyptianwisdomcenter.org\/it\/prodotto\/le-antiche-radici-egiziane-del-cristianesimo-2a-edizione\/\"><span style=\"color: #0000ff;\">https:\/\/egyptianwisdomcenter.org\/product\/le-radici-del-cristianesimo-nellantico-egitto\/<\/span><\/a><br \/>\n<\/strong><\/span><\/p>\n<p><img decoding=\"async\" class=\"aligncenter\" src=\"https:\/\/egyptianwisdomcenter.org\/wp-content\/uploads\/2023\/01\/le-radici-del-cristianesimo-nell-antico-egitto-4.jpg\" \/><\/p>\n<p style=\"text-align: center;\"><a href=\"https:\/\/egyptianwisdomcenter.org\/it\/prodotto\/le-antiche-radici-egiziane-del-cristianesimo-2a-edizione\/\"><span style=\"color: #ff0000;\"><strong><span style=\"color: #0000ff;\">https:\/\/egyptianwisdomcenter.org\/product\/le-radici-del-cristianesimo-nellantico-egitto\/<\/span><\/strong><\/span><\/a><\/p>\n<div dir=\"auto\"><\/div>","protected":false},"excerpt":{"rendered":"<p>Isis Rises &#8212; Lady Of Assumption &nbsp; In typical Egyptian story form, Isis finished her crying over her soul mate Osiris\u00a0 in [&hellip;]<\/p>","protected":false},"author":3,"featured_media":0,"parent":0,"menu_order":0,"comment_status":"closed","ping_status":"closed","template":"","meta":{"footnotes":""},"class_list":["post-469","page","type-page","status-publish","hentry"],"aioseo_notices":[],"_links":{"self":[{"href":"https:\/\/egyptianwisdomcenter.org\/it\/wp-json\/wp\/v2\/pages\/469","targetHints":{"allow":["GET"]}}],"collection":[{"href":"https:\/\/egyptianwisdomcenter.org\/it\/wp-json\/wp\/v2\/pages"}],"about":[{"href":"https:\/\/egyptianwisdomcenter.org\/it\/wp-json\/wp\/v2\/types\/page"}],"author":[{"embeddable":true,"href":"https:\/\/egyptianwisdomcenter.org\/it\/wp-json\/wp\/v2\/users\/3"}],"replies":[{"embeddable":true,"href":"https:\/\/egyptianwisdomcenter.org\/it\/wp-json\/wp\/v2\/comments?post=469"}],"version-history":[{"count":0,"href":"https:\/\/egyptianwisdomcenter.org\/it\/wp-json\/wp\/v2\/pages\/469\/revisions"}],"wp:attachment":[{"href":"https:\/\/egyptianwisdomcenter.org\/it\/wp-json\/wp\/v2\/media?parent=469"}],"curies":[{"name":"wp","href":"https:\/\/api.w.org\/{rel}","templated":true}]}}