{"id":470,"date":"2018-11-04T00:00:00","date_gmt":"2018-11-04T04:00:00","guid":{"rendered":"http:\/\/egyptianwisdomcenter.org\/transfiguration-of-horus-a-new-alpha\/"},"modified":"2023-01-03T00:53:08","modified_gmt":"2023-01-03T05:53:08","slug":"transfiguration-of-horus-a-new-alpha-2","status":"publish","type":"page","link":"https:\/\/egyptianwisdomcenter.org\/it\/trasfigurazione-di-horus-una-nuova-alfa-2\/","title":{"rendered":"Trasfigurazione di Horus: una nuova alfa"},"content":{"rendered":"<h2 style=\"text-align: center;\"><span style=\"color: #ff0000;\">Trasfigurazione di Horus: una nuova alfa<\/span><\/h2>\n<p>&nbsp;<\/p>\n<p>Cinquanta giorni dopo la prima lacrima di Iside (il 17 giugno), il 6 agosto, gli antichi egizi celebravano la ricomparsa di Osiride sotto forma del risorto Horus. Ci\u00f2 \u00e8 stato confermato da Plutarco nel suo <em>Moralia, vol. V <\/em>(372,52B):<\/p>\n<p style=\"padding-left: 30px;\"><strong><em>\u201cNegli inni sacri di Osiride si invoca colui che \u00e8 nascosto tra le braccia del Sole; e il trenta del mese Epifi <\/em><\/strong>[6 agosto]<strong><em> celebrano il compleanno degli Occhi di Horus, nel momento in cui la Luna e il Sole sono perfettamente allineati, poich\u00e9 considerano non solo la Luna ma anche il Sole come l\u2019occhio e la luce di Horus\u201d.<\/em><\/strong><\/p>\n<p>Ci\u00f2 \u00e8 identico all&#039;affermazione dei cristiani successivi della trasfigurazione di Ges\u00f9, celebrata dalla Chiesa ortodossa il 6 agosto. Questa festa commemora la \u201crivelazione della divinit\u00e0 di Ges\u00f9 a Pietro, Giacomo e Giovanni\u201d.<\/p>\n<p>Questa tradizione dell&#039;antico Egitto continua, mimetizzata nel Mouled di El-Desouki, nella citt\u00e0 di Desouk, sulla sponda orientale del ramo occidentale del fiume Nilo. El Desouki \u00e8 affettuosamente conosciuto come Abu-el-e-nane (dei due occhi), proprio come <em>Horus, il Vecchio dei Due Occhi<\/em>.<\/p>\n<p><a href=\"http:\/\/egyptianwisdomcenter.org\/wp-content\/uploads\/2019\/02\/em-ch9-3-72c.jpg\"><img decoding=\"async\" class=\"size-full wp-image-698 aligncenter\" src=\"http:\/\/egyptianwisdomcenter.org\/wp-content\/uploads\/2019\/02\/em-ch9-3-72c.jpg\" alt=\"\" width=\"76\" height=\"177\" \/><\/a><\/p>\n<p>I due occhi di Horus menzionati da Plutarco sono il sole e la luna, simboli dei suoi genitori, Iside e Osiride. Come affermato in precedenza, Iside rappresenta il principio solare nell&#039;universo e Osiride rappresenta il principio lunare nell&#039;universo.<\/p>\n<p>Questo modello \u00e8 riconosciuto dai migliori atti magici (divinatori) in Egitto, che corrispondono alla successiva celebrazione cristiana il cui tema principale \u00e8 la \u201crivelazione della divinit\u00e0 (di Ges\u00f9).<\/p>\n<p>&nbsp;<\/p>\n<div dir=\"auto\">\n<p><strong><span style=\"color: #ff0000;\">[Un estratto da <\/span>Antiche radici egiziane del cristianesimo, 2a edizione<span style=\"color: #ff0000;\"> di Moustafa Gadalla]<br \/>\n<a href=\"https:\/\/egyptianwisdomcenter.org\/it\/prodotto\/le-antiche-radici-egiziane-del-cristianesimo-2a-edizione\/\"><span style=\"color: #0000ff;\">https:\/\/egyptianwisdomcenter.org\/product\/le-radici-del-cristianesimo-nellantico-egitto\/<\/span><\/a><br \/>\n<\/span><\/strong><\/p>\n<p><img decoding=\"async\" class=\"aligncenter\" src=\"https:\/\/egyptianwisdomcenter.org\/wp-content\/uploads\/2023\/01\/le-radici-del-cristianesimo-nell-antico-egitto-4.jpg\" \/><\/p>\n<p style=\"text-align: center;\"><a href=\"https:\/\/egyptianwisdomcenter.org\/it\/prodotto\/le-antiche-radici-egiziane-del-cristianesimo-2a-edizione\/\"><strong><span style=\"color: #ff0000;\"><span style=\"color: #0000ff;\">https:\/\/egyptianwisdomcenter.org\/product\/le-radici-del-cristianesimo-nellantico-egitto\/<\/span><\/span><\/strong><\/a><\/p>\n<div dir=\"auto\"><\/div>\n<\/div>","protected":false},"excerpt":{"rendered":"<p>Transfiguration Of Horus &#8212; A New Alpha &nbsp; Fifty days after Isis\u2019 first teardrop (on 17 June), on 6 August, the Ancient [&hellip;]<\/p>","protected":false},"author":3,"featured_media":0,"parent":0,"menu_order":0,"comment_status":"closed","ping_status":"closed","template":"","meta":{"footnotes":""},"class_list":["post-470","page","type-page","status-publish","hentry"],"aioseo_notices":[],"_links":{"self":[{"href":"https:\/\/egyptianwisdomcenter.org\/it\/wp-json\/wp\/v2\/pages\/470","targetHints":{"allow":["GET"]}}],"collection":[{"href":"https:\/\/egyptianwisdomcenter.org\/it\/wp-json\/wp\/v2\/pages"}],"about":[{"href":"https:\/\/egyptianwisdomcenter.org\/it\/wp-json\/wp\/v2\/types\/page"}],"author":[{"embeddable":true,"href":"https:\/\/egyptianwisdomcenter.org\/it\/wp-json\/wp\/v2\/users\/3"}],"replies":[{"embeddable":true,"href":"https:\/\/egyptianwisdomcenter.org\/it\/wp-json\/wp\/v2\/comments?post=470"}],"version-history":[{"count":0,"href":"https:\/\/egyptianwisdomcenter.org\/it\/wp-json\/wp\/v2\/pages\/470\/revisions"}],"wp:attachment":[{"href":"https:\/\/egyptianwisdomcenter.org\/it\/wp-json\/wp\/v2\/media?parent=470"}],"curies":[{"name":"wp","href":"https:\/\/api.w.org\/{rel}","templated":true}]}}