{"id":48019,"date":"2019-04-14T14:50:22","date_gmt":"2019-04-14T18:50:22","guid":{"rendered":"http:\/\/egyptianwisdomcenter.org\/sacred-geometry\/"},"modified":"2023-11-05T11:26:07","modified_gmt":"2023-11-05T16:26:07","slug":"sacred-geometry","status":"publish","type":"page","link":"https:\/\/egyptianwisdomcenter.org\/it\/geometria-sacra-2\/","title":{"rendered":"Pavitr Jyaamiti \u2013 Geometria Sacra"},"content":{"rendered":"<h2><\/h2>\n<h2 style=\"text-align: center;\"><span style=\"color: #ff0000;\">Geometria Sacra<\/span><\/h2>\n<p>&nbsp;<\/p>\n<h3><span style=\"color: #0000ff;\"><strong>1. Geometria Sacra dell&#039;Architettura Divina <\/strong><\/span><\/h3>\n<p>Per gli antichi egizi la geometria era molto pi\u00f9 che uno studio di punti, linee, superfici e solidi e delle loro propriet\u00e0 e misurazioni. L\u2019armonia insita nella geometria era riconosciuta nell\u2019Antico Egitto come l\u2019espressione pi\u00f9 convincente di un piano divino che \u00e8 alla base del mondo: un piano metafisico che determina quello fisico.<\/p>\n<p>Per gli antichi egizi, la geometria era il mezzo attraverso il quale l&#039;umanit\u00e0 poteva comprendere i misteri dell&#039;ordine divino. La geometria esiste ovunque in natura: il suo ordine \u00e8 alla base della struttura di tutte le cose, dalle molecole alle galassie. La natura della forma geometrica ne consente il funzionamento. Un progetto che utilizza i principi della geometria sacra deve raggiungere lo stesso obiettivo: usare la forma per servire\/rappresentare una funzione.<\/p>\n<p>Erodoto, padre della storia e nativo greco, dichiar\u00f2, nel 500 a.C.:<\/p>\n<p style=\"padding-left: 30px;\"><strong><em>Ora lasciatemi parlare ancora dell&#039;Egitto perch\u00e9 ha molte cose ammirevoli e ci\u00f2 che si vede l\u00ec \u00e8 superiore a qualsiasi altro paese.<\/em><\/strong><\/p>\n<p>Le opere dell&#039;Antico Egitto, grandi o piccole, sono ammirate da tutti perch\u00e9 sono proporzionalmente armoniose e, come tali, fanno appello ai nostri sentimenti interiori cos\u00ec come a quelli esteriori. Questo concetto di design armonico \u00e8 popolarmente noto come geometria sacra, dove tutte le figure possono essere disegnate o create utilizzando una linea retta (nemmeno necessariamente un righello) e un compasso \u2013 cio\u00e8 senza misurazione (dipende solo dalla proporzione).<\/p>\n<p>&nbsp;<\/p>\n<h3><span style=\"color: #0000ff;\"><strong>2. La Sacra Corda Egiziana [Strumento]<\/strong><\/span><\/h3>\n<p>Poich\u00e9 la geometria sacra si basa sulla proporzione armonica, l&#039;unit\u00e0 di distanza (lunghezza) pu\u00f2 teoricamente essere qualsiasi unit\u00e0. L&#039;unico strumento necessario \u00e8 una corda composta da 12 distanze equidistanti. La distanza unitaria pu\u00f2 essere piccola o grande, in modo da adattarsi al disegno richiesto dell&#039;opera d&#039;arte su una tela, statue o alla disposizione degli edifici.<\/p>\n<p><a href=\"https:\/\/pressbooks.com\/app\/uploads\/sites\/42617\/2015\/12\/tool.png\"><img decoding=\"async\" class=\"size-full wp-image-272 aligncenter\" src=\"https:\/\/pressbooks.com\/app\/uploads\/sites\/42617\/2015\/12\/tool.png\" alt=\"\" width=\"275\" height=\"33\" \/><\/a><\/p>\n<p>I templi e altri edifici nell&#039;antico Egitto venivano allestiti durante una cerimonia religiosa. Questa disposizione \u00e8 stata eseguita da persone molto esperte conosciute dai greci come <em>harpedonaptae.<\/em><\/p>\n<p>Gli arpedonapti sono le persone che si attenevano rigorosamente ai principi della geometria sacra (utilizzando solo una linea retta e un compasso). La loro corda era (ed \u00e8 ancora, in alcune parti dell&#039;attuale Egitto) una corda molto speciale che consiste in una corda da 13 nodi con 12 distanze equidistanti di un cubito egiziano (1,72\u2032 o 0,5236 m).<\/p>\n<p>Qualsiasi corda da 13 nodi equidistanti \u00e8 lo strumento di base utilizzato per stabilire varie forme geometriche.<\/p>\n<p>&nbsp;<\/p>\n<h3><span style=\"color: #0000ff;\"><strong>3. Disposizione generale delle forme geometriche<\/strong><\/span><\/h3>\n<p>I triangoli sono gli elementi costitutivi di qualsiasi progetto.<\/p>\n<p>La formazione pi\u00f9 semplice \u00e8 il triangolo equilatero, che pu\u00f2 essere disposto con la corda egiziana annodata a dodici intervalli uguali e avvolta attorno a tre pioli in modo da formare tre lati, ciascuno di quattro unit\u00e0.<\/p>\n<p><a href=\"https:\/\/pressbooks.com\/app\/uploads\/sites\/42617\/2015\/12\/triangle-4.png\"><img decoding=\"async\" class=\"size-full wp-image-273 aligncenter\" src=\"https:\/\/pressbooks.com\/app\/uploads\/sites\/42617\/2015\/12\/triangle-4.png\" alt=\"\" width=\"117\" height=\"101\" \/><\/a><\/p>\n<p>La linea che unisce un angolo qualsiasi al centro del lato opposto \u00e8 la sua perpendicolare.<\/p>\n<p>Ma l&#039;origine della pianta dell&#039;edificio storico \u00e8 il tracciamento del triangolo 3:4:5 con la corda egiziana, avvolta attorno a tre pioli in modo da formare tre lati di tre, quattro e cinque unit\u00e0, che forniscono un angolo di 90\u00b0 angolo compreso tra i suoi 3 e 4 lati.<\/p>\n<p><a href=\"https:\/\/pressbooks.com\/app\/uploads\/sites\/42617\/2015\/12\/triangle-345.png\"><img decoding=\"async\" class=\"size-full wp-image-274 aligncenter\" src=\"https:\/\/pressbooks.com\/app\/uploads\/sites\/42617\/2015\/12\/triangle-345.png\" alt=\"\" width=\"141\" height=\"120\" \/><\/a><\/p>\n<p>\u00c8 stato un compito relativamente semplice tracciare rettangoli e altre figure geometriche pi\u00f9 complesse dopo aver stabilito il triangolo rettangolo 3:4:5.<\/p>\n<p>Un EBCF quadrato, ad esempio, pu\u00f2 essere stabilito come mostrato di seguito:<\/p>\n<p><a href=\"https:\/\/pressbooks.com\/app\/uploads\/sites\/42617\/2015\/12\/square-ebcf.png\"><img loading=\"lazy\" decoding=\"async\" class=\"size-full wp-image-275 aligncenter\" src=\"https:\/\/pressbooks.com\/app\/uploads\/sites\/42617\/2015\/12\/square-ebcf.png\" alt=\"\" width=\"262\" height=\"138\" \/><\/a><\/p>\n<p style=\"padding-left: 30px;\">(A) Costruisci due triangoli 3:4:5 con una diagonale comune AC.<\/p>\n<p style=\"padding-left: 30px;\">(B) Collegare FE dove FC = EB = 3 unit\u00e0.<\/p>\n<p>La corda egiziana pu\u00f2 essere utilizzata come compasso per tracciare curve circolari, come mostrato nello schema seguente.<\/p>\n<p><a href=\"https:\/\/pressbooks.com\/app\/uploads\/sites\/42617\/2015\/12\/circular-curves.png\"><img loading=\"lazy\" decoding=\"async\" class=\"size-full wp-image-276 aligncenter\" src=\"https:\/\/pressbooks.com\/app\/uploads\/sites\/42617\/2015\/12\/circular-curves.png\" alt=\"\" width=\"375\" height=\"105\" \/><\/a><\/p>\n<p>Altre forme, come il triangolo o rettangolo 8:5 Neb (d&#039;oro), come mostrato di seguito, possono essere stabilite anche con la corda egiziana.<\/p>\n<p><a href=\"https:\/\/pressbooks.com\/app\/uploads\/sites\/42617\/2015\/12\/neb-triangle.png\"><img loading=\"lazy\" decoding=\"async\" class=\"size-full wp-image-277 aligncenter\" src=\"https:\/\/pressbooks.com\/app\/uploads\/sites\/42617\/2015\/12\/neb-triangle.png\" alt=\"\" width=\"314\" height=\"119\" \/><\/a><\/p>\n<p>[Per vedere la formazione di un&#039;ampia variet\u00e0 di forme geometriche, leggi <em>Geometria Sacra e Numerologia <\/em>di questo stesso autore.]<\/p>\n<p>Il simbolo geroglifico del neter (dio) Re, la forza creativa cosmica, \u00e8 il cerchio. Quando la corda viene avvolta come un cerchio completo, archetipo della creazione, troviamo che il raggio di questo cerchio sacro \u00e8 pari a 1,91 cubiti. Convertendo questa misura di 1,91 cubiti del raggio nel sistema metrico, otteniamo esattamente 1 metro (1,91 x 0,5236). 1 metro = 1\/100.000 \u2013 parte del quarto del meridiano terrestre. In altre parole, questa particolare corda egiziana da 13 nodi e l&#039;unit\u00e0 di misura egiziana conosciuta come cubito si basano sulla misurazione della circonferenza terrestre.<\/p>\n<p><a href=\"https:\/\/pressbooks.com\/app\/uploads\/sites\/42617\/2015\/12\/circle-191-cubits.png\"><img loading=\"lazy\" decoding=\"async\" class=\"size-full wp-image-278 aligncenter\" src=\"https:\/\/pressbooks.com\/app\/uploads\/sites\/42617\/2015\/12\/circle-191-cubits.png\" alt=\"\" width=\"190\" height=\"185\" \/><\/a><\/p>\n<p>In questo libro troverai che questa corda \u00e8 l&#039;unico strumento necessario per stabilire tutte le forme geometriche sacre, da una linea retta a una curva fino ad altre forme.<\/p>\n<p>&nbsp;<\/p>\n<p><span style=\"color: #ff0000;\"><strong>[Un estratto da L&#039;architettura metafisica dell&#039;antico Egitto di Moustafa Gadalla]<\/strong><\/span><\/p>\n<p><img decoding=\"async\" class=\"aligncenter\" src=\"https:\/\/hi-ro.egyptianwisdomcenter.org\/wp-content\/uploads\/\/2019\/02\/cover-ema-225x338-225x338.jpg\" alt=\"L&#039;architettura metafisica dell&#039;antico Egitto\" \/><\/p>\n<p>&nbsp;<\/p>","protected":false},"excerpt":{"rendered":"<p>Sacred Geometry &nbsp; 1. Sacred Geometry Of Divine Architecture Geometry to the Ancient Egyptians was much more than a study of points, [&hellip;]<\/p>","protected":false},"author":3,"featured_media":0,"parent":0,"menu_order":0,"comment_status":"closed","ping_status":"closed","template":"","meta":{"footnotes":""},"class_list":["post-48019","page","type-page","status-publish","hentry"],"aioseo_notices":[],"_links":{"self":[{"href":"https:\/\/egyptianwisdomcenter.org\/it\/wp-json\/wp\/v2\/pages\/48019","targetHints":{"allow":["GET"]}}],"collection":[{"href":"https:\/\/egyptianwisdomcenter.org\/it\/wp-json\/wp\/v2\/pages"}],"about":[{"href":"https:\/\/egyptianwisdomcenter.org\/it\/wp-json\/wp\/v2\/types\/page"}],"author":[{"embeddable":true,"href":"https:\/\/egyptianwisdomcenter.org\/it\/wp-json\/wp\/v2\/users\/3"}],"replies":[{"embeddable":true,"href":"https:\/\/egyptianwisdomcenter.org\/it\/wp-json\/wp\/v2\/comments?post=48019"}],"version-history":[{"count":2,"href":"https:\/\/egyptianwisdomcenter.org\/it\/wp-json\/wp\/v2\/pages\/48019\/revisions"}],"predecessor-version":[{"id":68517,"href":"https:\/\/egyptianwisdomcenter.org\/it\/wp-json\/wp\/v2\/pages\/48019\/revisions\/68517"}],"wp:attachment":[{"href":"https:\/\/egyptianwisdomcenter.org\/it\/wp-json\/wp\/v2\/media?parent=48019"}],"curies":[{"name":"wp","href":"https:\/\/api.w.org\/{rel}","templated":true}]}}