{"id":68538,"date":"2020-04-30T00:22:57","date_gmt":"2020-04-30T00:22:57","guid":{"rendered":"http:\/\/isisrisesoperetta.com\/?page_id=91"},"modified":"2024-03-19T12:52:13","modified_gmt":"2024-03-19T16:52:13","slug":"scene-3","status":"publish","type":"page","link":"https:\/\/egyptianwisdomcenter.org\/it\/le-scene\/scena-3\/","title":{"rendered":"Atto 3"},"content":{"rendered":"<p style=\"margin-top: 25px; margin-left: 10px; font-size: 16px; font-weight: bold;\"><a href=\"https:\/\/egyptianwisdomcenter.org\/it\/operetta\/\">Di<\/a> | <a href=\"\/it\/production-team\/\">Squadra di produzione<\/a> | <a href=\"\/it\/trailer\/\">trailer<\/a> | <a href=\"\/it\/product\/isis-rises-operetta\/\">Acquisto video<\/a> | <a href=\"https:\/\/egyptianwisdomcenter.org\/it\/licenza-dei-diritti\/\">Diritti e licenze<\/a> | <a href=\"https:\/\/egyptianwisdomcenter.org\/it\/le-scene\/scena-1\/\">atto 1<\/a> | <a href=\"https:\/\/egyptianwisdomcenter.org\/it\/le-scene\/scena-2\/\">Atto 2<\/a> | <a href=\"https:\/\/egyptianwisdomcenter.org\/it\/le-scene\/scena-3\/\">Atto 3<\/a> | <a href=\"https:\/\/egyptianwisdomcenter.org\/it\/le-scene\/scena-4\/\">Atto 4<\/a> | <a href=\"https:\/\/egyptianwisdomcenter.org\/it\/le-scene\/scena-5\/\">Atto 5<\/a> | <a href=\"https:\/\/egyptianwisdomcenter.org\/it\/le-scene\/scena-6\/\">Atto 6<\/a> | <a href=\"https:\/\/egyptianwisdomcenter.org\/it\/isis-rises-operetta-free-book\/\">Free Book<\/a><\/p>\n<h1>Isis Rises Operetta &#8211; Act 3<\/h1>\n<div>\n<h3><span style=\"color: #ff0000;\">Riassunto dell&#039;Atto 3 \u2013 Il Sacro Albero della Vita<\/span><\/h3>\n<\/div>\n<div class=\"gmail_default\">\n<div class=\"gmail_default\">\n<div class=\"gmail_default\">\n<p><span style=\"font-weight: 400;\">a- Lo schermo mostra lo scenario, mentre Iside si avvicina all&#039;albero di cui le hanno parlato i bambini.<\/span><\/p>\n<p><span style=\"font-weight: 400;\">b- Iside si muove verso l&#039;Albero e incontra un gruppo di danzatori che rappresentano le ancelle che spazzano ritualmente il terreno attorno all&#039;albero con i rami dell&#039;albero.<\/span><\/p>\n<p><span style=\"font-weight: 400;\">c- Dopo 1-2 minuti Iside procede ad unirsi alle fanciulle nella loro danza rituale di pulizia.<\/span><\/p>\n<p><span style=\"font-weight: 400;\">d- Pochi minuti dopo, Iside non pot\u00e9 pi\u00f9 aspettare e si stacc\u00f2 dalle ancelle danzanti e si diresse verso l&#039;albero.<\/span><\/p>\n<p><span style=\"font-weight: 400;\">e- Con molta attenzione ha toccato l&#039;albero con l&#039;indice: scoppia un fulmine e il palco si oscura per un secondo. S\u00ec, l&#039;Albero contiene il Corpo di Osiride. Iside \u00e8 euforica e abbraccia l&#039;Albero \u2013 in sostanza sta abbracciando Osiride<\/span><\/p>\n<p><span style=\"font-weight: 400;\">f- Sul tono [senza testo] di Lama Bada Yatathana, Iside danza come un albero vivente nella brezza.<\/span><\/p>\n<p><span style=\"font-weight: 400;\">g- Dopo essersi riunito con Iside, la luna piena appare nel cielo per simboleggiare Osiride <\/span><i><span style=\"font-weight: 400;\">La luna<\/span><\/i><span style=\"font-weight: 400;\"> \u2013 la cui luce \u00e8 il riflesso della luce solare \u2013 come simboleggiato da Iside!<\/span><\/p>\n<p><span style=\"font-weight: 400;\">Ma questa Luna Piena \u00e8 speciale perch\u00e9 \u00e8 una Luna Blu \u2013 un\u2019occasione rara!<\/span><\/p>\n<p><span style=\"font-weight: 400;\">h- Le sette fanciulle danzano al chiaro di luna [simbolo di Osiride] - la Danza della Fertilit\u00e0.<\/span><\/p>\n<p><span style=\"font-weight: 400;\">i- Le luci sono attenuate e lo schermo mostra una panoramica del percorso di viaggio di Iside e del corpo di Osiride [dopo aver rimosso l&#039;albero circostante] - dal sito dell&#039;albero alla costa, attraverso le acque aperte del Mar Mediterraneo e di nuovo in Egitto \u2014 nelle paludi tra il comune di Damietta e il lago di Manzala.<\/span><\/p>\n<p>&nbsp;<\/p>\n<p><span style=\"font-weight: 400;\">Osiride incastonato in un albero sempreverde<br \/>\n<\/span><\/p>\n<p><img fetchpriority=\"high\" decoding=\"async\" class=\"alignnone size-full wp-image-315\" src=\"http:\/\/isisrisesoperetta.com\/wp-content\/uploads\/2022\/02\/embedded-into-evergreen-tree.png\" alt=\"\" width=\"289\" height=\"179\" \/><\/p>\n<p>La danza della luna con tamburelli a forma di luna<\/p>\n<p><img decoding=\"async\" class=\"alignnone size-full wp-image-316\" src=\"http:\/\/isisrisesoperetta.com\/wp-content\/uploads\/2022\/02\/moon-dance.png\" alt=\"\" width=\"227\" height=\"244\" \/><\/p>\n<p><img decoding=\"async\" class=\"alignnone wp-image-319\" src=\"http:\/\/isisrisesoperetta.com\/wp-content\/uploads\/2022\/02\/moon-dance-2.png\" alt=\"\" width=\"219\" height=\"322\" \/><\/p>\n<p><img loading=\"lazy\" decoding=\"async\" class=\"alignnone size-full wp-image-320\" src=\"http:\/\/isisrisesoperetta.com\/wp-content\/uploads\/2022\/02\/moon-dance-3.png\" alt=\"\" width=\"256\" height=\"232\" \/><\/p>\n<\/div>\n<p><img loading=\"lazy\" decoding=\"async\" class=\"size-large wp-image-857\" src=\"https:\/\/egyptianwisdomcenter.org\/wp-content\/uploads\/2023\/08\/STB_2986_web-1024x683.jpg\" alt=\"\" width=\"1024\" height=\"683\" \/><\/p>\n<p><img loading=\"lazy\" decoding=\"async\" class=\"size-large wp-image-858\" src=\"https:\/\/egyptianwisdomcenter.org\/wp-content\/uploads\/2023\/08\/STB_3007_web-1024x683.jpg\" alt=\"\" width=\"1024\" height=\"683\" \/><\/p>\n<p><img loading=\"lazy\" decoding=\"async\" class=\"size-large wp-image-859\" src=\"https:\/\/egyptianwisdomcenter.org\/wp-content\/uploads\/2023\/08\/STB_3011_web-1024x683.jpg\" alt=\"\" width=\"1024\" height=\"683\" \/><\/p>\n<p><img loading=\"lazy\" decoding=\"async\" class=\"size-large wp-image-860\" src=\"https:\/\/egyptianwisdomcenter.org\/wp-content\/uploads\/2023\/08\/STB_3026_web-1024x683.jpg\" alt=\"\" width=\"1024\" height=\"683\" \/><\/p>\n<p><img loading=\"lazy\" decoding=\"async\" class=\"size-large wp-image-861\" src=\"https:\/\/egyptianwisdomcenter.org\/wp-content\/uploads\/2023\/08\/STB_3096_web-1024x683.jpg\" alt=\"\" width=\"1024\" height=\"683\" \/><\/p>\n<p><img loading=\"lazy\" decoding=\"async\" class=\"size-large wp-image-862\" src=\"https:\/\/egyptianwisdomcenter.org\/wp-content\/uploads\/2023\/08\/STB_3104_web-1024x683.jpg\" alt=\"\" width=\"1024\" height=\"683\" \/><\/p>\n<p><img loading=\"lazy\" decoding=\"async\" class=\"size-large wp-image-863\" src=\"https:\/\/egyptianwisdomcenter.org\/wp-content\/uploads\/2023\/08\/STB_3177_web-1024x683.jpg\" alt=\"\" width=\"1024\" height=\"683\" \/><\/p>\n<p><img loading=\"lazy\" decoding=\"async\" class=\"size-large wp-image-864\" src=\"https:\/\/egyptianwisdomcenter.org\/wp-content\/uploads\/2023\/08\/STB_3190_web-1024x683.jpg\" alt=\"\" width=\"1024\" height=\"683\" \/><\/p>\n<p><img loading=\"lazy\" decoding=\"async\" class=\"size-large wp-image-865\" src=\"https:\/\/egyptianwisdomcenter.org\/wp-content\/uploads\/2023\/08\/STB_3325_web-1024x683.jpg\" alt=\"\" width=\"1024\" height=\"683\" \/><\/p>\n<p><img loading=\"lazy\" decoding=\"async\" class=\"size-large wp-image-866\" src=\"https:\/\/egyptianwisdomcenter.org\/wp-content\/uploads\/2023\/08\/STB_2837_web-1024x683.jpg\" alt=\"\" width=\"1024\" height=\"683\" \/><\/p>\n<p><img loading=\"lazy\" decoding=\"async\" class=\"size-large wp-image-867\" src=\"https:\/\/egyptianwisdomcenter.org\/wp-content\/uploads\/2023\/08\/STB_2975_web-1024x683.jpg\" alt=\"\" width=\"1024\" height=\"683\" \/><\/p>\n<p><img loading=\"lazy\" decoding=\"async\" class=\"size-large wp-image-869\" src=\"https:\/\/egyptianwisdomcenter.org\/wp-content\/uploads\/2023\/08\/STB_2045_web-1024x683.jpg\" alt=\"\" width=\"1024\" height=\"683\" \/><\/p>\n<p><img loading=\"lazy\" decoding=\"async\" class=\"size-large wp-image-870\" src=\"https:\/\/egyptianwisdomcenter.org\/wp-content\/uploads\/2023\/08\/STB_2093_web-1024x683.jpg\" alt=\"\" width=\"1024\" height=\"683\" \/><\/p>\n<p><img loading=\"lazy\" decoding=\"async\" class=\"size-large wp-image-872\" src=\"https:\/\/egyptianwisdomcenter.org\/wp-content\/uploads\/2023\/08\/STB_0857_web-683x1024.jpg\" alt=\"\" width=\"683\" height=\"1024\" \/><\/p>\n<p><img loading=\"lazy\" decoding=\"async\" class=\"size-large wp-image-874\" src=\"https:\/\/egyptianwisdomcenter.org\/wp-content\/uploads\/2023\/08\/STB_1199_web-1-1024x683.jpg\" alt=\"\" width=\"1024\" height=\"683\" \/><\/p>\n<p><img loading=\"lazy\" decoding=\"async\" class=\"size-large wp-image-875\" src=\"https:\/\/egyptianwisdomcenter.org\/wp-content\/uploads\/2023\/08\/STB_1554_web-1024x683.jpg\" alt=\"\" width=\"1024\" height=\"683\" \/><\/p>\n<p><img loading=\"lazy\" decoding=\"async\" class=\"size-large wp-image-876\" src=\"https:\/\/egyptianwisdomcenter.org\/wp-content\/uploads\/2023\/08\/STB_1773_web-1024x683.jpg\" alt=\"\" width=\"1024\" height=\"683\" \/><\/p>\n<\/div>\n<\/div>\n<style>body,.content-inner{background:#FCD701 !important;<\/style>","protected":false},"excerpt":{"rendered":"<p>About | Production Team | Trailer | Video Purchase | Rights &amp; Licensing | Act 1 | Act 2 | Act 3 [&hellip;]<\/p>","protected":false},"author":3,"featured_media":0,"parent":68534,"menu_order":0,"comment_status":"closed","ping_status":"closed","template":"page-templates\/page_fullwidth.php","meta":{"footnotes":""},"class_list":["post-68538","page","type-page","status-publish","hentry"],"aioseo_notices":[],"_links":{"self":[{"href":"https:\/\/egyptianwisdomcenter.org\/it\/wp-json\/wp\/v2\/pages\/68538","targetHints":{"allow":["GET"]}}],"collection":[{"href":"https:\/\/egyptianwisdomcenter.org\/it\/wp-json\/wp\/v2\/pages"}],"about":[{"href":"https:\/\/egyptianwisdomcenter.org\/it\/wp-json\/wp\/v2\/types\/page"}],"author":[{"embeddable":true,"href":"https:\/\/egyptianwisdomcenter.org\/it\/wp-json\/wp\/v2\/users\/3"}],"replies":[{"embeddable":true,"href":"https:\/\/egyptianwisdomcenter.org\/it\/wp-json\/wp\/v2\/comments?post=68538"}],"version-history":[{"count":6,"href":"https:\/\/egyptianwisdomcenter.org\/it\/wp-json\/wp\/v2\/pages\/68538\/revisions"}],"predecessor-version":[{"id":69068,"href":"https:\/\/egyptianwisdomcenter.org\/it\/wp-json\/wp\/v2\/pages\/68538\/revisions\/69068"}],"up":[{"embeddable":true,"href":"https:\/\/egyptianwisdomcenter.org\/it\/wp-json\/wp\/v2\/pages\/68534"}],"wp:attachment":[{"href":"https:\/\/egyptianwisdomcenter.org\/it\/wp-json\/wp\/v2\/media?parent=68538"}],"curies":[{"name":"wp","href":"https:\/\/api.w.org\/{rel}","templated":true}]}}