{"id":74,"date":"2016-06-09T00:00:00","date_gmt":"2016-06-09T04:00:00","guid":{"rendered":"http:\/\/egyptianwisdomcenter.org\/post-pharaonic-egyptian-history-foretold-hermetica\/"},"modified":"2023-01-02T01:10:34","modified_gmt":"2023-01-02T06:10:34","slug":"post-pharaonic-egyptian-history-foretold-hermetica","status":"publish","type":"page","link":"https:\/\/egyptianwisdomcenter.org\/it\/la-storia-egiziana-post-faraonica-predisse-hermetica\/","title":{"rendered":"La storia egiziana post-faraonica come predetta in Hermetica"},"content":{"rendered":"<h2 style=\"text-align: center;\"><span style=\"color: #ff0000;\"><strong>La storia egiziana post-faraonica come predetta in Hermetica<\/strong><\/span><\/h2>\n<p>&nbsp;<\/p>\n<p>Dopo quasi 2.000 anni, la scrittura dell&#039;antico Egitto, conosciuta come <em>Ermetica<\/em>, continua a dimostrarsi accurato. Ecco alcune parti della potente profezia, dichiarata in Asclepio III 24-26:<\/p>\n<p><span style=\"color: #0000ff;\"><strong>Innanzitutto<\/strong><\/span>, parla dell&#039;importanza cosmica dell&#039;Egitto (non della Grecia).<\/p>\n<blockquote><p><em>\u201cNon sai, Asclepio, che l\u2019Egitto \u00e8 un\u2019immagine del cielo o, per essere pi\u00f9 precisi, che tutto ci\u00f2 che governava e si muoveva nel cielo scendeva in Egitto e ivi veniva trasferito? A dire il vero la nostra terra \u00e8 il tempio del mondo intero\u201d. <\/em><\/p><\/blockquote>\n<p><span style=\"color: #0000ff;\"><strong>In secondo luogo<\/strong><\/span>, predisse la fine dell&#039;antico Egitto.<\/p>\n<blockquote><p><em>\u00abEppure, poich\u00e9 \u00e8 opportuno che i saggi conoscano ogni cosa in anticipo, non dovete rimanere ignoranti: verr\u00e0 il tempo in cui sembrer\u00e0 che gli Egiziani rispettassero la divinit\u00e0 con mente fedele e scrupolosa reverenza, senza scopo. Tutto il loro santo culto sar\u00e0 deluso e perir\u00e0 senza effetto, perch\u00e9 la divinit\u00e0 ritorner\u00e0 dalla terra al cielo e l&#039;Egitto sar\u00e0 abbandonato. La terra che era la sede del culto sar\u00e0 resa vedova dalle potenze e lasciata priva della loro presenza. Quando gli stranieri occuperanno la terra e il territorio, non solo la riverenza cadr\u00e0 in abbandono ma, cosa ancora pi\u00f9 grave, verr\u00e0 emanato un divieto penalizzato dalla legge (cosiddetto) contro la riverenza, la fedelt\u00e0 e il culto divino. Allora questa terra santissima, sede di santuari e templi, sar\u00e0 completamente riempita di tombe e di cadaveri\u201d. <\/em><\/p><\/blockquote>\n<ul>\n<li>Gli stranieri (Tolomei, Romani e Arabi) occuparono l&#039;Egitto.<\/li>\n<li>Gli stranieri (romani e arabi) emanarono \u201cdivieti sotto pena prescritti dalla legge (i cosiddetti)\u201d contro il sistema di credenze dell\u2019Antico Egitto, e questo \u00e8 ancora in vigore secondo le leggi attuali.<\/li>\n<\/ul>\n<p><span style=\"color: #0000ff;\"><strong>In terzo luogo<\/strong><\/span>, ha predetto come una parte considerevole della popolazione egiziana (comunemente identificata come <em>Egiziani Afrangi<\/em>) abbandonerebbero le loro tradizioni, e come disprezzerebbero il proprio passato (esattamente come \u00e8 accaduto, a seguito degli attacchi cristiani e islamici e della continua dominazione).<\/p>\n<blockquote><p><em>\u201cO Egitto, Egitto, delle tue azioni riverenti sopravvivranno solo le storie, e saranno incredibili per i tuoi figli! Solo le parole scolpite nella pietra sopravvivranno per raccontare le tue opere fedeli, e lo Scita o l&#039;Indiano o qualche barbaro vicino abiteranno in Egitto. Perch\u00e9 la divinit\u00e0 ritorner\u00e0 al cielo, e tutto il popolo morir\u00e0 abbandonato, come l&#039;Egitto sar\u00e0 vedovo e abbandonato da Dio e dall&#039;uomo. Ti invoco, fiume santissimo, e racconto il tuo futuro: un torrente di sangue ti colmer\u00e0 fino alle rive, e tu le travolgerai; non solo il sangue inquiner\u00e0 le vostre acque divine, ma le far\u00e0 anche scoppiare ovunque, e il numero dei sepolti sar\u00e0 molto pi\u00f9 grande di quello dei vivi. Chi sopravviver\u00e0 sar\u00e0 riconosciuto come egiziano solo dalla sua lingua; nelle sue azioni sembrer\u00e0 uno straniero\u201d. <\/em><\/p><\/blockquote>\n<p>Il Cristianesimo e l\u2019Islam furono creati dopo <em>Ermetica<\/em> fu scritto. Seguirono disordine, anarchia e avidit\u00e0. <em>Ermetica<\/em> lo aveva profetizzato:<\/p>\n<blockquote><p>[25] <em>\u201cAsclepio, perch\u00e9 piangi? L&#039;Egitto stesso sar\u00e0 persuaso a compiere azioni molto pi\u00f9 malvagie di queste, e sar\u00e0 immerso in mali molto peggiori. Una terra un tempo santa, molto amorevole verso la divinit\u00e0, a causa della sua riverenza l&#039;unica terra sulla terra dove si stabilirono i neteru (dei), colei che insegn\u00f2 la santit\u00e0 e la fedelt\u00e0 sar\u00e0 un esempio di totale [in]credulit\u00e0. Nella loro stanchezza, gli uomini di quel tempo non troveranno nel mondo nulla di cui meravigliarsi o da adorare. Tutto questo \u2013 una cosa buona che non ha mai avuto n\u00e9 ha n\u00e9 avr\u00e0 di meglio \u2013 sar\u00e0 in pericolo. La gente lo trover\u00e0 opprimente e lo disprezzer\u00e0. Non ameranno questo mondo intero, un&#039;opera di Dio senza paragoni, una costruzione gloriosa, una munificenza composta di immagini in multiforme variet\u00e0, un meccanismo della volont\u00e0 di Dio che sostiene senza riluttanza la sua opera, creando un&#039;unit\u00e0 di tutto ci\u00f2 che pu\u00f2 essere onorato, lodato e finalmente amato da chi lo vede, accumulo multiforme preso come una cosa sola.\u201d <\/em><\/p><\/blockquote>\n<blockquote><p><em>\u201cPreferiranno le ombre alla luce, e troveranno la morte pi\u00f9 opportuna della vita. Nessuno alzer\u00e0 lo sguardo al cielo. Il riverente sar\u00e0 ritenuto pazzo, l&#039;irriverente saggio; il pazzo sar\u00e0 considerato coraggioso e il mascalzone sar\u00e0 preso per una persona perbene. L&#039;anima e tutti gli insegnamenti sull&#039;anima (quella anima cominci\u00f2 come immortale oppure si aspetta di raggiungere l&#039;immortalit\u00e0) cos\u00ec come ve li ho rivelati saranno considerati non semplicemente ridicoli ma addirittura illusori. Ma \u2013 credetemi \u2013 chi si dedica alla riverenza d\u2019animo si trover\u00e0 di fronte alla pena capitale. Stabiliranno nuove leggi, nuova giustizia. Niente di santo, niente di riverente o degno del cielo o degli esseri celesti verr\u00e0 sentito o creduto nella mente. <\/em><\/p><\/blockquote>\n<p>La profezia era\/si \u00e8 dimostrata corretta: quello <em>\u201cchi si dedica alla riverenza dell\u2019animo si trover\u00e0 di fronte alla pena capitale\u2026\u201d<\/em>, perch\u00e9 \u00e8 dovere dei musulmani uccidere gli altri, nello sforzo di diffondere l&#039;Islam, come in <em>jihad<\/em>. Inoltre, se una persona nata musulmana osa lasciare l&#039;Islam e\/o commettere blasfemia (che pu\u00f2 essere interpretata in qualsiasi modo un musulmano voglia), un musulmano fedele \u00e8 \u201ccostretto\u201d a uccidere quella persona, secondo il Corano.<br \/>\nIl testo di <em>Ermetica<\/em> continua:<\/p>\n<blockquote><p><em>\u201cChe tristezza quando i neteru (dei) si ritirano dall\u2019umanit\u00e0! Rimangono solo gli angeli funesti che si mescolano agli uomini, afferrano i disgraziati e li spingono ad ogni crimine atroce: guerre, saccheggi, inganni e tutto ci\u00f2 che \u00e8 contrario alla natura delle anime. Allora n\u00e9 la terra sar\u00e0 stabile n\u00e9 il mare sar\u00e0 navigabile; le stelle non attraverseranno il cielo n\u00e9 il corso delle stelle rester\u00e0 fermo nel cielo. Ogni voce divina diventer\u00e0 muta nel silenzio forzato. I frutti della terra marciranno; il terreno non sar\u00e0 pi\u00f9 fertile; e l\u2019aria stessa si abbasser\u00e0 in un tetro letargo\u201d. <\/em><\/p><\/blockquote>\n<p>Ma la profezia pi\u00f9 esatta dichiara che in quest&#039;ora, l&#039;ora pi\u00f9 buia, la luce sta per risplendere sull&#039;Egitto e sul mondo intero. Per come <em>Ermetica<\/em> stati:<\/p>\n<blockquote><p>[26] <em>\u201cQuesta sar\u00e0 la vecchiaia del mondo: irriverenza, disordine, disprezzo per tutto ci\u00f2 che \u00e8 buono. Quando tutto ci\u00f2 avverr\u00e0, Asclepio, allora Dio guarder\u00e0 a questa condotta e a questi crimini volontari e, in un atto di volont\u00e0, prender\u00e0 posizione contro i vizi e la perversione in ogni cosa, raddrizzando i torti, lavando via la malizia in un modo inondarlo o consumarlo nel fuoco o finirlo diffondendo ovunque malattie pestilenziale. Poi riporter\u00e0 il mondo alla sua antica bellezza cos\u00ec che il mondo stesso sembrer\u00e0 nuovamente meritevole di adorazione e meraviglia, e con costanti benedizioni e proclami di lode le persone di quel tempo onoreranno Dio che fa e restaura un&#039;opera cos\u00ec grande. E questa sar\u00e0 la genitura del mondo: una riforma di tutti i beni e una restituzione, santissima e riverentissima, della stessa natura, riordinata nel corso del tempo [ma per atto di volont\u00e0], che \u00e8 ed \u00e8 stata eterna. e senza inizio. Perch\u00e9 la volont\u00e0 di Dio non ha inizio; rimane lo stesso, eterno nel suo stato attuale. La natura di Dio \u00e8 deliberazione; la volont\u00e0 \u00e8 la bont\u00e0 suprema\u201d. <\/em><\/p><\/blockquote>\n<p>\u00c8 tempo di rinascita. La malvagia Era dei Pesci \u00e8 finita. L\u2019Era dell\u2019Acquario \u00e8 alle porte. Il processo di purificazione continuer\u00e0 (come indicato nella sezione 26 sopra) finch\u00e9 l&#039;armonia cosmica non sar\u00e0 ripristinata.<\/p>\n<p>&nbsp;<\/p>\n<hr \/>\n<p><!-- - EE Exiled Egyptians - --><\/p>\n<p><span style=\"color: #ff0000;\"><strong>Per ulteriori informazioni su ci\u00f2 che accadde all\u2019Egitto dopo l\u2019era faraonica, leggi i nostri libri:<\/strong><\/span><\/p>\n<p><strong><span style=\"color: #ff0000;\">[Un estratto da\u00a0<\/span><\/strong><strong>Antico Egitto: cultura rivelata, seconda edizione<span style=\"color: #ff0000;\"> di Moustafa Gadalla]<br \/>\n<a href=\"https:\/\/egyptianwisdomcenter.org\/it\/prodotto\/lantica-cultura-egiziana-ha-rivelato-la-seconda-edizione\/\"><span style=\"color: #0000ff;\">https:\/\/egyptianwisdomcenter.org\/product\/alla-scoperta-della-cultura-dellantico-egitto\/<\/span><\/a><br \/>\n<\/span><\/strong><\/p>\n<p><img decoding=\"async\" class=\"aligncenter\" src=\"https:\/\/egyptianwisdomcenter.org\/wp-content\/uploads\/2023\/01\/a-cultura-do-antigo-egito-revelada-1.jpg\" \/><\/p>\n<div dir=\"auto\" style=\"text-align: center;\"><a href=\"https:\/\/egyptianwisdomcenter.org\/it\/prodotto\/lantica-cultura-egiziana-ha-rivelato-la-seconda-edizione\/\"><span style=\"color: #0000ff;\"><strong>https:\/\/egyptianwisdomcenter.org\/product\/alla-scoperta-della-cultura-dellantico-egitto\/<\/strong><\/span><\/a><\/div>","protected":false},"excerpt":{"rendered":"<p>The Post-Pharaonic Egyptian History As Foretold In Hermetica &nbsp; After almost 2,000 years, the Ancient Egyptian writing, known as Hermetica, continues to [&hellip;]<\/p>","protected":false},"author":3,"featured_media":0,"parent":0,"menu_order":0,"comment_status":"closed","ping_status":"closed","template":"","meta":{"footnotes":""},"class_list":["post-74","page","type-page","status-publish","hentry"],"aioseo_notices":[],"_links":{"self":[{"href":"https:\/\/egyptianwisdomcenter.org\/it\/wp-json\/wp\/v2\/pages\/74","targetHints":{"allow":["GET"]}}],"collection":[{"href":"https:\/\/egyptianwisdomcenter.org\/it\/wp-json\/wp\/v2\/pages"}],"about":[{"href":"https:\/\/egyptianwisdomcenter.org\/it\/wp-json\/wp\/v2\/types\/page"}],"author":[{"embeddable":true,"href":"https:\/\/egyptianwisdomcenter.org\/it\/wp-json\/wp\/v2\/users\/3"}],"replies":[{"embeddable":true,"href":"https:\/\/egyptianwisdomcenter.org\/it\/wp-json\/wp\/v2\/comments?post=74"}],"version-history":[{"count":0,"href":"https:\/\/egyptianwisdomcenter.org\/it\/wp-json\/wp\/v2\/pages\/74\/revisions"}],"wp:attachment":[{"href":"https:\/\/egyptianwisdomcenter.org\/it\/wp-json\/wp\/v2\/media?parent=74"}],"curies":[{"name":"wp","href":"https:\/\/api.w.org\/{rel}","templated":true}]}}