{"id":80,"date":"2016-06-09T00:00:00","date_gmt":"2016-06-09T04:00:00","guid":{"rendered":"http:\/\/egyptianwisdomcenter.org\/egyptian-monotheism-and-polytheism\/"},"modified":"2023-01-02T01:16:26","modified_gmt":"2023-01-02T06:16:26","slug":"egyptian-monotheism-and-polytheism","status":"publish","type":"page","link":"https:\/\/egyptianwisdomcenter.org\/it\/monoteismo-e-politeismo-egiziano\/","title":{"rendered":"Monoteismo egiziano (L\u2019UNO) e Politeismo (Il TUTTO)"},"content":{"rendered":"<h2 style=\"text-align: center;\"><span style=\"color: #0000ff;\"><strong>Monoteismo egiziano (L\u2019UNO) e Politeismo (Il TUTTO)<\/strong><\/span><\/h2>\n<h3><\/h3>\n<h3><span style=\"color: #ff0000;\">L&#039;UNO \u00e8 TUTTO<\/span><\/h3>\n<p>Gli antichi egizi credevano in un Dio unico che era autoprodotto, autoesistente, immortale, invisibile, eterno, onnisciente, onnipotente, ecc. Questo Dio unico non \u00e8 mai stato rappresentato. Sono state rappresentate le funzioni e gli attributi del suo dominio. Questi attributi erano chiamati <em><strong>neteru<\/strong><\/em> (pronunciato <em>net-er-u<\/em>, singolare: <em><strong>neter<\/strong><\/em> nella forma maschile e <em><strong>netert<\/strong><\/em> nella forma femminile). Il termine, <em>di Dio<\/em>, \u00e8 una rappresentazione errata del termine egiziano, <em><strong>neteru<\/strong><\/em>.<\/p>\n<p>Quando chiediamo: \u201cChi \u00e8 Dio?\u201d, in realt\u00e0 stiamo chiedendo: \u201cChe cos\u2019\u00e8 Dio?\u201d. Il semplice nome o sostantivo non ci dice nulla. Si pu\u00f2 solo definire <em>Dio<\/em> attraverso la moltitudine dei suoi attributi\/qualit\u00e0\/poteri\/azioni. Questo \u00e8 l&#039;unico modo logico, perch\u00e9 se ci riferiamo, ad esempio, a una persona come Mr. X, per noi non significa nulla. Tuttavia, una volta che descriviamo i suoi attributi e le sue qualit\u00e0, cominciamo a conoscerlo. Una persona che \u00e8 un ingegnere, un padre, un marito, ecc. non ha poli-personalit\u00e0, ma piuttosto una mono-personalit\u00e0 con molteplici funzioni\/attributi. Per gli antichi e <em>Baladi<\/em> Egiziani, il concetto di Dio \u00e8 simile.<\/p>\n<p>Conoscere \u201cDio\u201d significa conoscere le numerose qualit\u00e0 di \u201cDio\u201d. Pi\u00f9 impariamo su queste qualit\u00e0 (conosciute come <strong><em>neteru<\/em><\/strong>), pi\u00f9 ci avviciniamo alla nostra origine divina. Lungi dall&#039;essere una forma primitiva e politeistica, questa \u00e8 la pi\u00f9 alta espressione del misticismo monoteista.<\/p>\n<p>&nbsp;<\/p>\n<h3><span style=\"color: #ff0000;\">Quelli Uniti Insieme<\/span><\/h3>\n<p>Nelle tradizioni dell&#039;antico Egitto, <em><strong>RA<\/strong><\/em> rappresenta la forza primordiale, cosmica, creativa. IL <em>Litania<\/em> descrive <em><strong>RA<\/strong><\/em> COME <em>Colui che \u00e8 unito, che esce dalle sue proprie membra<\/em>. La definizione di Ra dell&#039;Antico Egitto \u00e8 la perfetta rappresentazione dell&#039;Unit\u00e0 che comprende l&#039;unione di molte entit\u00e0 diverse, vale a dire <em>Colui che \u00e8 il Tutto<\/em>. IL <em>Litanie di Ra<\/em> descrive gli aspetti del principio creativo: essere riconosciuto come il <em>neteru<\/em> (dei) le cui azioni e interazioni a loro volta hanno creato l&#039;universo. In quanto tali, tutti gli egiziani <em><strong>neteru<\/strong><\/em> che hanno preso parte al processo di creazione sono aspetti di <em><strong>RA<\/strong><\/em>. Ci sono 75 forme o aspetti di <em><strong>RA<\/strong><\/em>.<\/p>\n<p>L&#039;energia solare \u00e8 solo una delle numerose manifestazioni dell&#039;energia solare <em><strong>RA<\/strong><\/em>. Quello <em><strong>RA<\/strong><\/em> non \u00e8 solo il sole (solo una forma singolare), \u00e8 stato confermato anche nel versetto successivo dell&#039; <em>Storia di <strong>RA<\/strong> E <strong>Auset<\/strong><\/em> (Iside), in cui <em><strong>RA<\/strong><\/em> stati,<\/p>\n<blockquote><p><strong><em>Ho moltitudine di nomi e moltitudine di forme.<\/em><\/strong><\/p><\/blockquote>\n<hr \/>\n<p><!-- ED Egyptian Divinities --><strong><span style=\"color: #ff0000;\">Per ulteriori informazioni sui ruoli e le funzioni di <strong><em>neteru<\/em><\/strong> nell&#039;universo, simbolismo animale e spiegazioni delle divinit\u00e0 principali nel sistema egiziano, leggi:<\/span><\/strong><\/p>\n<p><strong>Cosmologia egiziana: l&#039;universo animato, terza edizione di Moustafa Gadalla<\/strong><br \/>\n<a href=\"https:\/\/egyptianwisdomcenter.org\/it\/prodotto\/cosmologia-egiziana-luniverso-animato-terza-edizione\/\"><strong><span style=\"color: #0000ff;\">https:\/\/egyptianwisdomcenter.org\/product\/cosmologia-egizia-luniverso-animato-terza-edizione\/<\/span><\/strong><\/a><\/p>\n<p><img decoding=\"async\" class=\"aligncenter\" src=\"https:\/\/egyptianwisdomcenter.org\/wp-content\/uploads\/2023\/01\/cosmologia-egizia-l-universo-animato-terza-edizione-1.jpg\" \/><\/p>\n<p style=\"text-align: center;\"><a href=\"https:\/\/egyptianwisdomcenter.org\/it\/prodotto\/cosmologia-egiziana-luniverso-animato-terza-edizione\/\"><strong><span style=\"color: #0000ff;\">https:\/\/egyptianwisdomcenter.org\/product\/cosmologia-egizia-luniverso-animato-terza-edizione\/<\/span><\/strong><\/a><\/p>\n<p>&nbsp;<\/p>\n<p><strong>Divinit\u00e0 egiziane: tutti coloro che sono l&#039;UNO, 2a edizione di Moustafa Gadalla<\/strong><br \/>\n<a href=\"https:\/\/egyptianwisdomcenter.org\/it\/prodotto\/egyptian-divinities-the-all-who-are-the-one-2nd-edition\/\"><span style=\"color: #0000ff;\"><strong>https:\/\/egyptianwisdomcenter.org\/product\/egyptian-divinities-the-all-who-are-the-one-2nd-edition\/<\/strong><\/span><\/a><\/p>\n<p><img decoding=\"async\" class=\"aligncenter\" src=\"https:\/\/books2read-prod.s3.amazonaws.com\/CACHE\/images\/ubl_book_images\/book_display_image_qOuT56H\/40d95446cc17340ec7b02939eaa44c10\" \/><\/p>\n<p style=\"text-align: center;\"><a href=\"https:\/\/egyptianwisdomcenter.org\/it\/prodotto\/egyptian-divinities-the-all-who-are-the-one-2nd-edition\/\"><span style=\"color: #0000ff;\"><strong>https:\/\/egyptianwisdomcenter.org\/product\/egyptian-divinities-the-all-who-are-the-one-2nd-edition\/<\/strong><\/span><\/a><\/p>\n<p>&nbsp;<\/p>","protected":false},"excerpt":{"rendered":"<p>Egyptian Monotheism (The ONE) And Polytheism (The ALL) The ONE Is ALL The Ancient Egyptians believed in One God who was self-produced, [&hellip;]<\/p>","protected":false},"author":3,"featured_media":0,"parent":0,"menu_order":0,"comment_status":"closed","ping_status":"closed","template":"","meta":{"footnotes":""},"class_list":["post-80","page","type-page","status-publish","hentry"],"aioseo_notices":[],"_links":{"self":[{"href":"https:\/\/egyptianwisdomcenter.org\/it\/wp-json\/wp\/v2\/pages\/80","targetHints":{"allow":["GET"]}}],"collection":[{"href":"https:\/\/egyptianwisdomcenter.org\/it\/wp-json\/wp\/v2\/pages"}],"about":[{"href":"https:\/\/egyptianwisdomcenter.org\/it\/wp-json\/wp\/v2\/types\/page"}],"author":[{"embeddable":true,"href":"https:\/\/egyptianwisdomcenter.org\/it\/wp-json\/wp\/v2\/users\/3"}],"replies":[{"embeddable":true,"href":"https:\/\/egyptianwisdomcenter.org\/it\/wp-json\/wp\/v2\/comments?post=80"}],"version-history":[{"count":0,"href":"https:\/\/egyptianwisdomcenter.org\/it\/wp-json\/wp\/v2\/pages\/80\/revisions"}],"wp:attachment":[{"href":"https:\/\/egyptianwisdomcenter.org\/it\/wp-json\/wp\/v2\/media?parent=80"}],"curies":[{"name":"wp","href":"https:\/\/api.w.org\/{rel}","templated":true}]}}