{"id":822,"date":"2019-02-28T14:14:24","date_gmt":"2019-02-28T19:14:24","guid":{"rendered":"http:\/\/egyptianwisdomcenter.org\/amen-renef-el-inindefinido\/"},"modified":"2023-02-07T12:44:06","modified_gmt":"2023-02-07T17:44:06","slug":"amen-renef-el-inindefinido","status":"publish","type":"page","link":"https:\/\/egyptianwisdomcenter.org\/it\/amen-renef-el-inindefinido\/","title":{"rendered":"Amen-Renef: el Inindefinido"},"content":{"rendered":"<h1 style=\"text-align: center;\"><strong>Amen-Renef: lo indefinido<\/strong><\/h1>\n<p>Los egipcios profundamente religiosos, reconociendo que ning\u00fan ser humano puede definir lo indefinible, cre\u00eddo en la presencia de un poder ilimitado y no conocible que es demasiado majestuoso para comunicarse con el universo creado; pero sin este poder, ninguna creaci\u00f3n puede existir.<\/p>\n<p>Fuera del universo y su naturaleza c\u00edclica es lo que los antiguos egipcios denomin\u00f3 &#8216; Amen-Renef &#8216;, que no es un nombre de ninguna entidad, sino una frase que significa <em>que con esencia desconocida<\/em>. En este \u00e1mbito de lo incognodable, no se hablaba de palabras en t\u00e9rminos de pensamiento humano, y los egipcios profundamente religiosos nunca lo hac\u00edan, por lo que s\u00f3lo pod\u00edan transmitirse por la negaci\u00f3n de todas las cualidades. Los egipcios dir\u00edan:<\/p>\n<p style=\"padding-left: 30px;\"><em><strong>-Cuyo nombre es desconocido para todos los neteru<\/strong><\/em> (dioses, diosas)<br \/>\n<em><strong>-Que no tiene definici\u00f3n,<\/strong><\/em> [es decir, no se puede definir\/describir en ning\u00fan t\u00e9rmino humano]<br \/>\n<em><strong>-Qui\u00e9n no tiene imagen.<\/strong><\/em><br \/>\n<em><strong>-Qui\u00e9n no tiene forma.<\/strong><\/em><br \/>\n<em><strong>-Que no tiene principio ni fin; etc., etc.<\/strong><\/em><\/p>\n<p>Como tal, la <em>expresi\u00f3n<\/em> egipcia antigua amen-renef trasciende incluso la calidad del ser. Amen-Renef no es el creador o la primera causa. Todos los t\u00e9rminos: Dios, creador, maestro del universo, primera causa, el primero, son principios m\u00e1s bajos y separados de Amen-Renef.<\/p>\n<p>Los egipcios no pronunciaron m\u00e1s de \u00e9l \u2014 y entonces solamente bajo reserva infinita, apelando siempre a un sentido profundo detr\u00e1s de las palabras: eso amen-Renef est\u00e1 por todas partes en el sentido que sin su supra-existencia, nada podr\u00eda existir.<\/p>\n<p>Ahora reconociendo Am\u00e9n-Renef, cuya esencia es desconocida, podemos entrar en los reinos de los ciclos de creaci\u00f3n, de los cuales somos parte.<\/p>\n<p><span style=\"color: #ff0000;\">[Un fragmento de la cosmolog\u00eda egipcia: el universo animado, 3\u00aa edici\u00f3n de Moustafa Gadalla]<\/span><\/p>\n<p><img fetchpriority=\"high\" decoding=\"async\" class=\"size-full wp-image-62886 aligncenter\" src=\"https:\/\/egyptianwisdomcenter.org\/wp-content\/uploads\/2023\/01\/cosmologia-egipcia-el-universo-animado-tercera-edicion-1.jpg\" alt=\"\" width=\"353\" height=\"530\" \/><\/p>\n<p style=\"text-align: center;\"><span style=\"color: #0000ff;\"><strong>Ver el contenido del libro en\u00a0<a href=\"https:\/\/egyptianwisdomcenter.org\/it\/prodotto\/cosmologia-egipcia-el-universo-animado-tercera-edicion\/\">https:\/\/egyptianwisdomcenter.org\/product\/cosmologia-egipcia-el-universo-animado-tercera-edicion\/<\/a><\/strong><\/span><\/p>\n<p>&#8212;&#8212;&#8212;&#8212;&#8212;&#8212;&#8212;&#8212;&#8212;&#8212;&#8212;&#8212;&#8212;&#8212;&#8212;&#8212;&#8212;&#8212;&#8212;&#8212;&#8212;&#8212;&#8212;&#8212;&#8212;&#8212;&#8212;&#8212;&#8212;&#8212;&#8212;&#8212;&#8212;&#8212;&#8212;&#8212;&#8212;&#8212;&#8212;&#8212;<\/p>\n<p><span style=\"color: #ff0000;\"><strong>Venta de libros:<\/strong><\/span><\/p>\n<p>Los libros en r\u00fastica <strong>impresos <\/strong>est\u00e1n disponibles en Amazon.<\/p>\n<p>&#8212;&#8212;&#8212;&#8212;&#8212;<br \/>\nB-el formato <strong>PDF<\/strong> est\u00e1 disponible en&#8230;<br \/>\ni-nuestro sitio web<br \/>\nII-Google Books y Google Play<br \/>\n&#8212;&#8211;<br \/>\nC-el formato <strong>mobi<\/strong> est\u00e1 disponible en&#8230;<br \/>\ni-nuestro sitio web<br \/>\nII-Amazonas<br \/>\n&#8212;&#8211;<br \/>\nD-el formato <strong>epub<\/strong> est\u00e1 disponible en&#8230;<br \/>\ni-nuestro sitio web<br \/>\nII-Google Books y Google Play<br \/>\nIII-iBooks, Kobo, B &amp; N (Nook) y Smashwords.com<\/p>","protected":false},"excerpt":{"rendered":"<p>Amen-Renef: lo indefinido Los egipcios profundamente religiosos, reconociendo que ning\u00fan ser humano puede definir lo indefinible, cre\u00eddo en la presencia de un [&hellip;]<\/p>","protected":false},"author":3,"featured_media":0,"parent":0,"menu_order":0,"comment_status":"closed","ping_status":"closed","template":"","meta":{"footnotes":""},"class_list":["post-822","page","type-page","status-publish","hentry"],"aioseo_notices":[],"_links":{"self":[{"href":"https:\/\/egyptianwisdomcenter.org\/it\/wp-json\/wp\/v2\/pages\/822","targetHints":{"allow":["GET"]}}],"collection":[{"href":"https:\/\/egyptianwisdomcenter.org\/it\/wp-json\/wp\/v2\/pages"}],"about":[{"href":"https:\/\/egyptianwisdomcenter.org\/it\/wp-json\/wp\/v2\/types\/page"}],"author":[{"embeddable":true,"href":"https:\/\/egyptianwisdomcenter.org\/it\/wp-json\/wp\/v2\/users\/3"}],"replies":[{"embeddable":true,"href":"https:\/\/egyptianwisdomcenter.org\/it\/wp-json\/wp\/v2\/comments?post=822"}],"version-history":[{"count":0,"href":"https:\/\/egyptianwisdomcenter.org\/it\/wp-json\/wp\/v2\/pages\/822\/revisions"}],"wp:attachment":[{"href":"https:\/\/egyptianwisdomcenter.org\/it\/wp-json\/wp\/v2\/media?parent=822"}],"curies":[{"name":"wp","href":"https:\/\/api.w.org\/{rel}","templated":true}]}}