{"id":83,"date":"2016-06-09T00:00:00","date_gmt":"2016-06-09T04:00:00","guid":{"rendered":"http:\/\/egyptianwisdomcenter.org\/original-universal-language\/"},"modified":"2023-01-06T00:15:16","modified_gmt":"2023-01-06T05:15:16","slug":"original-universal-language","status":"publish","type":"page","link":"https:\/\/egyptianwisdomcenter.org\/it\/lingua-universale-originaria\/","title":{"rendered":"La lingua universale originale"},"content":{"rendered":"<h2 style=\"text-align: center;\"><span style=\"color: #ff0000;\"><strong>La lingua universale originale<\/strong><\/span><\/h2>\n<h3><\/h3>\n<p>In Genesi II:1 siamo informati:<\/p>\n<p style=\"padding-left: 30px;\"><strong><em>\u201cE tutta la terra aveva una sola lingua e un solo discorso\u201d.<\/em><\/strong><\/p>\n<p>Pi\u00f9 si studiano le varie lingue (e dialetti) del mondo, pi\u00f9 diventa sempre pi\u00f9 chiaro che originariamente esisteva una lingua che si divideva in varie lingue. La Bibbia e gli scrittori antichi affermano un linguaggio cos\u00ec originale. A causa del falso orgoglio e dei pregiudizi del mondo accademico occidentale e dei fanatici religiosi (ebraismo, cristianesimo e islam), l\u2019origine di questa lingua madre universale \u00e8 stata ignorata. Le prove confermano che l\u2019Antico Egitto \u00e8 l\u2019unica fonte del linguaggio universale.<\/p>\n<p>A questo proposito Platone ammette il ruolo dell&#039;Egitto nella sua interpretazione <em>Dialoghi raccolti<\/em> [<em>Filebo <\/em>18-b,c,d]:<\/p>\n<p style=\"padding-left: 30px;\"><strong><em>\u201cSOCRATE: Una volta esisteva la variet\u00e0 illimitata del suono <span style=\"text-decoration: underline;\">riconosciuto da qualche dio<\/span>, o forse qualche uomo divino; conosci la storia che ce n&#039;era qualcuno del genere <span style=\"text-decoration: underline;\">dio in Egitto chiamato Theuth<\/span>&#8230;<\/em><\/strong><\/p>\n<p style=\"padding-left: 30px;\"><strong><em>Fu perch\u00e9 si rese conto che nessuno di noi sarebbe mai riuscito a conoscere un pezzo della collezione da solo, isolato da tutto il resto, che <span style=\"text-decoration: underline;\">concepito come &#039;lettera&#039;<\/span> come una sorta di legame di unit\u00e0, unendo per cos\u00ec dire tutti questi suoni in uno solo, e cos\u00ec diede espressione all&#039;espressione <span style=\"text-decoration: underline;\">&quot;arte delle lettere&quot;, il che implica che esistesse un&#039;arte che si occupava dei suoni.<\/span>&#8220;<\/em><\/strong><\/p>\n<p>Il riferimento a \u201cTheuth\u201d sopra [in Platone <em>Dialoghi raccolti<\/em>] \u00e8 lo stesso \u201cTheuth\u201d menzionato nel Fedro, dove ci viene esplicitamente detto che era un neter (dio) dell&#039;Antico Egitto, <strong><em>\u201ccolui il cui uccello sacro si chiama Ibis\u201d<\/em><\/strong>, cos\u00ec da escludere ogni dubbio sulla sua identit\u00e0. \u00c8 ovvio che il suo racconto si basa su un&#039;autentica tradizione egiziana, perch\u00e9 Theuth [Thoth] dalla testa di ibis \u00e8 un neter (dio) egiziano.<\/p>\n<p><a href=\"http:\/\/egyptianwisdomcenter.org\/wp-content\/uploads\/2019\/02\/eu-ch1-72c-1.jpg\"><img decoding=\"async\" class=\"wp-image-1364 aligncenter\" src=\"http:\/\/egyptianwisdomcenter.org\/wp-content\/uploads\/2019\/02\/eu-ch1-72c-1.jpg\" alt=\"\" width=\"79\" height=\"166\" \/><\/a><\/p>\n<p>Theuth [Thoth] \u00e8 raffigurato come una figura con la testa di ibis, mentre scrive su una tavoletta.<\/p>\n<p>Va notato che gli antichi egizi non davano MAI credito a un essere umano mortale per alcuna &quot;invenzione&quot; e davano sempre credito agli attributi\/qualit\u00e0\/energie del Divino rappresentati dai Neteru (dei, dee) come unica fonte di conoscenza.<\/p>\n<p>\u00c8 molto chiaro che Platone (in <em>Filebo <\/em>[18-b, c, d]) non si riferiva a forme espressive pittoriche (geroglifici), ma piuttosto all&#039;espressione mediante lettere singole e diverse, ciascuna con il proprio particolare valore sonoro.<\/p>\n<p>Theuth [Thoth] rappresenta il Messaggero Divino che articola e scrive la lingua parlata\/scritta, la conoscenza, ecc.<\/p>\n<p>Molti degli attributi di Theuth [Thoth] furono confermati da Diodoro di Sicilia:<\/p>\n<p style=\"padding-left: 30px;\"><strong>&#8220;<em>Fu di Thoth, secondo gli antichi egizi, <span style=\"text-decoration: underline;\">che il linguaggio comune del genere umano venne prima ulteriormente articolato<\/span>, e che molti oggetti ancora senza nome ricevettero un appellativo, <span style=\"text-decoration: underline;\">che l&#039;alfabeto fosse definito<\/span>, e che le ordinanze riguardanti gli onori e le offerte dovute al neteru <\/em><\/strong>(dei, dee)<strong><em> sono stati debitamente stabiliti; fu il primo anche ad osservare la disposizione ordinata delle stelle e l&#039;armonia dei suoni musicali e della loro natura.<\/em>&#8220;<\/strong> [Libro I, Sezione 16-1]<\/p>\n<p>La maggior parte degli studiosi occidentali moderni afferma esplicitamente e implicitamente che l&#039;alfabeto (e la lingua) dell&#039;antico Egitto sono la fonte pi\u00f9 antica del mondo. Nel suo libro, <em>La letteratura degli antichi egizi<\/em> [pagina xxxiv-v], ammette l\u2019egittologo tedesco Adolf Erman,<\/p>\n<p style=\"padding-left: 30px;\"><strong><em>Soltanto gli Egiziani furono destinati ad adottare un metodo straordinario, grazie al quale raggiunsero la forma pi\u00f9 alta di scrittura, l&#039;alfabeto. . .<\/em><\/strong><\/p>\n<p>L&#039;egittologo britannico WM Flinders Petrie, nel suo libro, <em>La formazione degli alfabeti<\/em> [pagina 3], ha concluso,<\/p>\n<p style=\"padding-left: 30px;\"><strong><em>Fin dall&#039;inizio dell&#039;et\u00e0 preistorica in Egitto era certamente utilizzato un sistema corsivo costituito da segni lineari, ricco di variet\u00e0 e distinzione.<\/em><\/strong><\/p>\n<p>Petrie ha raccolto e tabulato forme di lettere alfabetiche di epoche molto diverse; i pi\u00f9 antichi appartengono alla prima et\u00e0 preistorica dell&#039;Egitto, probabilmente prima del 7000 a.C., estendendosi all&#039;epoca greca e romana. Petrie ha anche compilato (da diversi studiosi indipendenti), forme di lettere alfabetiche dall&#039;aspetto simile provenienti da 25 localit\u00e0 dell&#039;Asia Minore, Grecia, Italia, Spagna e altre localit\u00e0 in tutta Europa: tutte sono molto pi\u00f9 giovani delle forme di lettere alfabetiche dell&#039;antico Egitto.<\/p>\n<p>La tabulazione di Petrie di questi segni alfabetici mostra che:<\/p>\n<p style=\"padding-left: 40px;\">1. Tutte le forme delle lettere alfabetiche erano presenti nell&#039;Antico Egitto fin dalle prime epoche predinastiche (oltre 7.000 anni fa), prima di qualsiasi altro posto al mondo.<\/p>\n<p style=\"padding-left: 40px;\">2. Tutte le forme delle lettere alfabetiche egiziane sono chiaramente distinguibili nella pi\u00f9 antica cosiddetta &quot;scrittura ieratica&quot; egiziana recuperata, pi\u00f9 di 5.000 anni fa.<\/p>\n<p style=\"padding-left: 40px;\">3. Le stesse identiche forme delle lettere dell&#039;Antico Egitto furono successivamente adottate e diffuse da altri popoli in tutto il mondo.<\/p>\n<p>&nbsp;<\/p>\n<div dir=\"auto\">\n<p><span style=\"color: #ff0000;\"><strong>[Estratti da <\/strong><\/span><strong>Modalit\u00e0 di scrittura universale dell&#039;antico Egitto di Moustafa Gadalla<\/strong><span style=\"color: #ff0000;\"><strong>]<br \/>\n<a href=\"https:\/\/egyptianwisdomcenter.org\/it\/prodotto\/modalita-di-scrittura-universali-dellantico-egitto\/\"><span style=\"color: #0000ff;\">https:\/\/egyptianwisdomcenter.org\/product\/ancient-egyptian-universal-writing-modes\/<\/span><\/a><\/strong><\/span><\/p>\n<p><img decoding=\"async\" class=\"aligncenter\" src=\"https:\/\/books2read-prod.s3.amazonaws.com\/CACHE\/images\/ubl_book_images\/book_display_image_47HRC95\/515452d8b8f6b949614788303f629e63\" \/><\/p>\n<p style=\"text-align: center;\"><a href=\"https:\/\/egyptianwisdomcenter.org\/it\/prodotto\/modalita-di-scrittura-universali-dellantico-egitto\/\"><strong style=\"color: #ff0000;\"><span style=\"color: #0000ff;\">https:\/\/egyptianwisdomcenter.org\/product\/ancient-egyptian-universal-writing-modes\/<\/span><\/strong><\/a><\/p>\n<\/div>","protected":false},"excerpt":{"rendered":"<p>The Original Universal Language In Genesis II:1, we are informed: &#8220;And the whole earth was of one language and of one speech&#8221;. [&hellip;]<\/p>","protected":false},"author":3,"featured_media":0,"parent":0,"menu_order":0,"comment_status":"closed","ping_status":"closed","template":"","meta":{"footnotes":""},"class_list":["post-83","page","type-page","status-publish","hentry"],"aioseo_notices":[],"_links":{"self":[{"href":"https:\/\/egyptianwisdomcenter.org\/it\/wp-json\/wp\/v2\/pages\/83","targetHints":{"allow":["GET"]}}],"collection":[{"href":"https:\/\/egyptianwisdomcenter.org\/it\/wp-json\/wp\/v2\/pages"}],"about":[{"href":"https:\/\/egyptianwisdomcenter.org\/it\/wp-json\/wp\/v2\/types\/page"}],"author":[{"embeddable":true,"href":"https:\/\/egyptianwisdomcenter.org\/it\/wp-json\/wp\/v2\/users\/3"}],"replies":[{"embeddable":true,"href":"https:\/\/egyptianwisdomcenter.org\/it\/wp-json\/wp\/v2\/comments?post=83"}],"version-history":[{"count":0,"href":"https:\/\/egyptianwisdomcenter.org\/it\/wp-json\/wp\/v2\/pages\/83\/revisions"}],"wp:attachment":[{"href":"https:\/\/egyptianwisdomcenter.org\/it\/wp-json\/wp\/v2\/media?parent=83"}],"curies":[{"name":"wp","href":"https:\/\/api.w.org\/{rel}","templated":true}]}}