{"id":8607,"date":"2019-03-04T13:10:14","date_gmt":"2019-03-04T18:10:14","guid":{"rendered":"http:\/\/egyptianwisdomcenter.org\/anubis-the-dog\/"},"modified":"2023-01-04T16:02:28","modified_gmt":"2023-01-04T21:02:28","slug":"anubis-the-dog","status":"publish","type":"page","link":"https:\/\/egyptianwisdomcenter.org\/it\/anubis-the-dog\/","title":{"rendered":"Anubis, Der Hund"},"content":{"rendered":"<h2 style=\"text-align: center;\"><span style=\"color: #ff0000;\"><strong>Anubis, Der Hund<\/strong><\/span><\/h2>\n<h4 style=\"text-align: center;\"><span style=\"color: #0000ff;\"><strong>Anubi (Anbu, Ubuat, Web-Wawet)<\/strong><\/span><\/h4>\n<p>&nbsp;<\/p>\n<p>Anubis repr\u00e4sentiert das g\u00f6ttliche Prinzip des richtigen Orientierungssinns.<\/p>\n<p><a href=\"https:\/\/trfed2.pressbooks.com\/wp-content\/uploads\/sites\/42625\/2015\/11\/Screenshot_1-232x300.gif\"><img decoding=\"async\" class=\"wp-image-554 aligncenter\" src=\"https:\/\/trfed2.pressbooks.com\/wp-content\/uploads\/sites\/42625\/2015\/11\/Screenshot_1-232x300.gif\" alt=\"\" width=\"169\" height=\"223\" \/><\/a><\/p>\n<p>Der Hund verk\u00f6rpert die Essenz der geistlichen F\u00fchrung. Anubis wird oft als der Hund\/Schakal dargestellt, oder als eine menschliche Figur mit dem Kopf eines Hundes\/Schakals. Der Hund\/Schakal ist ber\u00fchmt f\u00fcr sein zuverl\u00e4ssiges Heimfindeverm\u00f6gen, Tag oder Nacht. Der Hund ist sehr n\u00fctzlich bei der Suche, und ist das Tier der Wahl, um die Blinden zu f\u00fchren. Als solche ist es eine ausgezeichnete Wahl, um die Seele der Verstorbenen durch die Regionen des Duat zu f\u00fchren.<\/p>\n<p><a href=\"http:\/\/egyptianwisdomcenter.org\/wp-content\/uploads\/2019\/02\/ed-ch10-photo1-96c-300x217.jpg\"><img fetchpriority=\"high\" decoding=\"async\" class=\"size-medium wp-image-926 aligncenter\" src=\"http:\/\/egyptianwisdomcenter.org\/wp-content\/uploads\/2019\/02\/ed-ch10-photo1-96c-300x217.jpg\" alt=\"\" width=\"300\" height=\"217\" \/><\/a><\/p>\n<p>Dieser symbolische Ausdruck tiefen spirituellen Verst\u00e4ndnisses wurde f\u00fcr Anubis in zwei Hauptformen dargestellt: Menschen mit Tierk\u00f6pfen, oder eine reine Tierform, wie wir hier sehen.<\/p>\n<p><a href=\"http:\/\/egyptianwisdomcenter.org\/wp-content\/uploads\/2019\/02\/AE-20-011-1.gif\"><img decoding=\"async\" class=\"size-medium wp-image-550 aligncenter\" src=\"https:\/\/de.egyptianwisdomcenter.org\/wp-content\/uploads\/\/2019\/02\/AE-20-011-1-230x300.gif\" alt=\"\" width=\"230\" height=\"300\" \/><\/a><\/p>\n<p>Wenn ein ganzes Tier im alten \u00c4gypten pr\u00e4sentiert wird, stellt es ein besonderes funktionales Attribut in seiner reinsten Form dar.<\/p>\n<p><a href=\"https:\/\/egyptianwisdomcenter.org\/wp-content\/uploads\/2019\/02\/aecr-ch3-3-72c-1-copy.jpg\"><img loading=\"lazy\" decoding=\"async\" class=\"size-full wp-image-1046 aligncenter\" src=\"https:\/\/egyptianwisdomcenter.org\/wp-content\/uploads\/2019\/02\/aecr-ch3-3-72c-1-copy.jpg\" alt=\"\" width=\"166\" height=\"127\" \/><\/a><\/p>\n<p>Wenn eine tierk\u00f6pfige Figur pr\u00e4sentiert wird, vermittelt sie dieses besondere Funktionstum im Menschen.<\/p>\n<p>Verschiedene zugeh\u00f6rige Attribute sind alle mit dem Hund verbunden. Es gibt verschiedene Formen von Hunden\/Schakalen, die in verschiedenen Positionen in verschiedenen Kontexten gezeigt werden. Das spezifische Attribut wird durch den Kontext bestimmt.<\/p>\n<p>Wir werden die Funktionen von Anubis als:<\/p>\n<p style=\"padding-left: 30px;\">-Der Pfad Finder<br \/>\n-Die alchemistische Ern\u00e4hrung<br \/>\n-Der Wahrheitsfinder<\/p>\n<p>-Bei unserer R\u00fcckkehr zu unserem g\u00f6ttlichen Ursprung brauchen wir jeweils einen F\u00fchrer, dem wir vertrauen k\u00f6nnen, um uns in die richtige Richtung zu f\u00fchren. Dieser Pfadfinder ist Anubis, der den richtigen Orientierungssinn \u2014 den G\u00f6ttlichen F\u00fchrer repr\u00e4sentiert. Der Pfadfinder wird in Anubis als Hund [im Englischen: DoG] verk\u00f6rpert. DoG ist das Gegenteil von GoD \/ GoD umgekehrt\u2014 von der Welt der Materie zur Welt des Geistes. Der Hund\/Schakal ist ber\u00fchmt f\u00fcr sein zuverl\u00e4ssiges Heimfindeverm\u00f6gen, Tag oder Nacht. Als solche ist es eine ausgezeichnete Wahl, um die Seele der Verstorbenen durch die Regionen des Duat zu f\u00fchren.<\/p>\n<p>-Die metaphysische Rolle von Anubis, dem Hund, spiegelt sich in seiner Ern\u00e4hrung wider. Der Dog\/Schakal macht sich auf Aas und macht ihn in eine wohltuende Nahrung. Mit anderen Worten: Anubis repr\u00e4sentiert die F\u00e4higkeit, Abfall in n\u00fctzliche Nahrung f\u00fcr den K\u00f6rper (und die Seele) zu verwandeln, wie in der alchemistischen Art und Weise, Blei in Gold umzuwandeln.<\/p>\n<p>-Das absolute Gef\u00fchl der Loyalit\u00e4t wird in den Hund eingepr\u00e4gt, der dargestellt wird, indem er die Seele des Verstorbenen in der Gerichtssaal f\u00fchrt, wo er auch f\u00fcr Genauigkeit im symbolischen Prozess der Abw\u00e4gung des Herzens sorgt. Anubis repr\u00e4sentiert den richtigen Orientierungssinn in allem, was wir tun, absolute Loyalit\u00e4t und die F\u00e4higkeit, Blei (Aas) in Gold (W\u00fcrdigkeit) zu verwandeln.<\/p>\n<p>-Anubis vertritt auch den Wahrheitsfinder. In der Isis\/Osiris Allegorie ist es Anubis, der Isis hilft, die verstreuten St\u00fccke von Osiris <em>zu finden, als Manifestor der Wahrheit.<\/em><\/p>\n<p>Die zerbrochenen St\u00fccke zu finden, um sie miteinander zu verbinden, ist die Essenz der Religion. Der Ursprung des Wortes Re-Ligio-n ist der &#8220;lateinische&#8221; <em>Religione<\/em>, der <em>etwas zusammenbinden <\/em>bedeutet.<\/p>\n<p style=\"text-align: center;\"><strong>&#8212;&#8212;&#8212;&#8212;&#8212;<\/strong><\/p>\n<h2><span style=\"color: #ff0000;\"><strong>Anubis Als Der Hundsstern<\/strong><\/span><\/h2>\n<p>Wir werden die Funktionen von Anubis als:<\/p>\n<p style=\"padding-left: 30px;\">a . Der Star von Isis \u2014 Der gro\u00dfe Anbieter<br \/>\nb. Der Ausgangspunkt im \u00e4gyptischen Kalender<\/p>\n<p><strong>UN.<\/strong> Anubis als Hundsstern wird immer gezeigt, wie sie die Archen auf ihren Reisen zum G\u00f6ttlichen f\u00fchren. Als solche repr\u00e4sentiert Anubis den G\u00f6ttlichen F\u00fchrer.<\/p>\n<p>Sirius, der Hundsstern, ist der Wohnort der universellen Mutter Isis.<\/p>\n<p>W\u00e4hrend der sehr fernen Perioden der alt\u00e4gyptischen Geschichte wurde Isis mit dem Stern Sabt (Sirius) in Verbindung gebracht, dem hellsten Stern im Himmel, der, wie sie, der Gro\u00dfe Provider genannt wurde; Und deren allj\u00e4hrlicher Anstieg die \u00dcberflutung des Nils einl\u00e4utete.<\/p>\n<p><strong>B.<\/strong> \u00c4gyptens genialer und sehr genauer Kalender basierte auf der Beobachtung und Untersuchung der Bewegungen Sirius am Himmel. Diese Tatsache wird in Websters W\u00f6rterbuch deutlich anerkannt, das das Sothische (Sabt in \u00e4gyptischer) Jahr definiert:<\/p>\n<ul>\n<li>Sich mit Sirius, dem Hunde-Star, zu tun zu haben.<\/li>\n<li>Entwurf oder eines alt\u00e4gyptischen Zyklus oder Zeitraums auf der Grundlage eines festen Jahres.<\/li>\n<\/ul>\n<p>Die alten \u00c4gypter wussten, dass das ganze Jahr \u00fcber 3651\/4 Tage leicht lag. Die Erde braucht 365.25636 Tage, um eine Umdrehung um die Sonne zu vollenden \u2014 und das ist die L\u00e4nge des \u00e4gyptischen Sothischen Jahres. [Weitere Details finden Sie im Buch &#8220;<em>Die alt\u00e4gyptische Kultur enth\u00fcllt&#8221;, 2. Ausgabe,<\/em> die von Moustafa Gadalla entdeckt wurden.]<\/p>\n<p>Lassen Sie sich von den Anubis-Attributen in Ihnen in die richtige Richtung f\u00fchren.<\/p>\n<p>&nbsp;<\/p>\n<p><span style=\"color: #ff0000;\"><strong>[<\/strong><\/span><strong><span style=\"color: #ff0000;\">Ein \u00fcbersetzter Auszug aus dem Buch &#8220;Egyptian Divinities: The All Who Are The ONE&#8221;, 2. Ausgabe von Moustafa Gadalla]<\/span><\/strong><\/p>\n<p><strong><span style=\"color: #ff0000;\"><br \/>\n<a href=\"https:\/\/egyptianwisdomcenter.org\/it\/prodotto\/egyptian-divinities-the-all-who-are-the-one-2nd-edition\/\"><span style=\"color: #0000ff;\">https:\/\/egyptianwisdomcenter.org\/product\/egyptian-divinities-the-all-who-are-the-one-2nd-edition\/<\/span><\/a><\/span><\/strong><\/p>\n<p><img decoding=\"async\" class=\"aligncenter\" src=\"https:\/\/books2read-prod.s3.amazonaws.com\/CACHE\/images\/ubl_book_images\/book_display_image_qOuT56H\/40d95446cc17340ec7b02939eaa44c10\" \/><\/p>\n<div dir=\"auto\">\n<div dir=\"auto\">\n<p style=\"text-align: center;\"><a href=\"https:\/\/egyptianwisdomcenter.org\/it\/prodotto\/egyptian-divinities-the-all-who-are-the-one-2nd-edition\/\"><strong><span style=\"color: #ff0000;\"><span style=\"color: #0000ff;\">https:\/\/egyptianwisdomcenter.org\/product\/egyptian-divinities-the-all-who-are-the-one-2nd-edition\/<\/span><\/span><\/strong><\/a><\/p>\n<\/div>\n<\/div>\n<div>\n<div>\n<div><\/div>\n<\/div>\n<\/div>","protected":false},"excerpt":{"rendered":"<p>Anubis, Der Hund Anubis (Anbu, Ubuat, Web-Wawet) &nbsp; Anubis repr\u00e4sentiert das g\u00f6ttliche Prinzip des richtigen Orientierungssinns. Der Hund verk\u00f6rpert die Essenz der [&hellip;]<\/p>","protected":false},"author":3,"featured_media":0,"parent":0,"menu_order":0,"comment_status":"closed","ping_status":"closed","template":"","meta":{"footnotes":""},"class_list":["post-8607","page","type-page","status-publish","hentry"],"aioseo_notices":[],"_links":{"self":[{"href":"https:\/\/egyptianwisdomcenter.org\/it\/wp-json\/wp\/v2\/pages\/8607","targetHints":{"allow":["GET"]}}],"collection":[{"href":"https:\/\/egyptianwisdomcenter.org\/it\/wp-json\/wp\/v2\/pages"}],"about":[{"href":"https:\/\/egyptianwisdomcenter.org\/it\/wp-json\/wp\/v2\/types\/page"}],"author":[{"embeddable":true,"href":"https:\/\/egyptianwisdomcenter.org\/it\/wp-json\/wp\/v2\/users\/3"}],"replies":[{"embeddable":true,"href":"https:\/\/egyptianwisdomcenter.org\/it\/wp-json\/wp\/v2\/comments?post=8607"}],"version-history":[{"count":0,"href":"https:\/\/egyptianwisdomcenter.org\/it\/wp-json\/wp\/v2\/pages\/8607\/revisions"}],"wp:attachment":[{"href":"https:\/\/egyptianwisdomcenter.org\/it\/wp-json\/wp\/v2\/media?parent=8607"}],"curies":[{"name":"wp","href":"https:\/\/api.w.org\/{rel}","templated":true}]}}