{"id":95,"date":"2016-06-14T00:00:00","date_gmt":"2016-06-14T04:00:00","guid":{"rendered":"http:\/\/egyptianwisdomcenter.org\/ancient-egyptian-superior-farming-techniques\/"},"modified":"2023-01-06T00:23:37","modified_gmt":"2023-01-06T05:23:37","slug":"ancient-egyptian-superior-farming-techniques","status":"publish","type":"page","link":"https:\/\/egyptianwisdomcenter.org\/it\/tecniche-agricole-superiori-dellantico-egitto\/","title":{"rendered":"Le tecniche agricole superiori dell&#039;antico Egitto"},"content":{"rendered":"<h2 style=\"text-align: center;\"><span style=\"color: #ff0000;\"><strong>Le tecniche agricole superiori dell&#039;antico Egitto<\/strong><\/span><\/h2>\n<p>&nbsp;<\/p>\n<p>L\u2019Egitto \u00e8 (ed era) una delle zone pi\u00f9 aride del mondo. Il fiume Nilo in Egitto riceveva ogni anno 90% della sua acqua durante un periodo di piena di 100 giorni, come notato da Erodoto in <em>Le Storie<\/em>, [2, 92], dove afferma:<\/p>\n<p style=\"padding-left: 30px;\"><strong><em>. . . l&#039;acqua comincia a salire al solstizio d&#039;estate, continua a farlo per un centinaio di giorni, e poi scende di nuovo alla fine di quel periodo, cos\u00ec che rimane bassa per tutto l&#039;inverno finch\u00e9 non si verifica di nuovo il solstizio d&#039;estate dell&#039;anno successivo.<\/em><\/strong><\/p>\n<p>Le piene del Nilo sono il risultato della stagione delle piogge in Etiopia, che erode il limo degli altopiani etiopi e lo trasporta verso l&#039;Egitto lungo il Nilo Azzurro e altri affluenti. Nessuna quantit\u00e0 apprezzabile di acqua arriva in Egitto attraverso il Nilo Bianco, che parte dall&#039;Africa centrale.<\/p>\n<p>Gli antichi egizi gestivano in modo efficiente le loro limitate risorse idriche e divennero i migliori agrari del mondo con clima secco. L&#039;antico Egitto era rinomato in tutto il mondo per le sue tecniche di irrigazione e coltivazione con clima secco. Diodoro parl\u00f2 dell&#039;efficiente sistema agricolo egiziano:<\/p>\n<p style=\"padding-left: 30px;\"><strong><em>. . .essendo stati educati fin dall&#039;infanzia alle attivit\u00e0 agricole, eccellevano di gran lunga rispetto agli agricoltori di altri paesi, e avevano acquisito familiarit\u00e0 con le capacit\u00e0 della terra, il modo di irrigazione, la stagione esatta per la semina e il raccolto, cos\u00ec come tutti i segreti pi\u00f9 utili legati al raccolto, che avevano appreso dai loro antenati e che avevano migliorato con la propria esperienza.<\/em><\/strong><\/p>\n<p>Diverse entit\u00e0 si formarono lungo la Valle del Nilo per gestire le impetuose acque alluvionali osservando, registrando e regolando il flusso dell&#039;acqua verso l&#039;intera Valle del Nilo. Di conseguenza, da tempo immemorabile \u00e8 stato sviluppato e utilizzato un sistema di irrigazione comunale altamente organizzato.<\/p>\n<p>Le limitate risorse idriche disponibili nell&#039;antico Egitto venivano gestite in modo pi\u00f9 efficiente utilizzando metodi organizzati di conservazione e deviazione dell&#039;acqua. Secondo Strabone, il sistema di irrigazione comunale egiziano era gestito in modo cos\u00ec mirabile:<\/p>\n<p style=\"padding-left: 30px;\"><strong><em>. . .che l&#039;arte a volte riusciva a supplire ci\u00f2 che la natura negava, e, per mezzo di canali e argini, c&#039;era poca differenza nella quantit\u00e0 di terreno irrigato, a seconda che le piene fossero scarse o abbondanti.<\/em><\/strong><\/p>\n<p>Gli antichi Egizi osservavano con precisione l&#039;aumento dell&#039;elevazione del Nilo durante la stagione delle inondazioni. In varie parti dell&#039;Egitto furono costruiti nilometri, dispositivi utilizzati per misurare la graduale salita e discesa del Nilo, e furono registrate e riportate le fluttuazioni della superficie dell&#039;acqua. I rilievi dei Nilometri in tutto l&#039;Egitto erano tutti legati ad un unico dato comune. La regolazione della quantit\u00e0 e della durata del flusso era controllata da funzionari esperti che utilizzavano chiuse per controllare il flusso dell&#039;acqua a un&#039;altezza e una durata determinate. Diodoro, in <em>IO<\/em>, [19. 5-6], afferma:<\/p>\n<p style=\"padding-left: 30px;\"><strong><em>. . .in tempo di piena non poteva formare pozze stagnanti sul terreno a suo discapito, ma l&#039;acqua della piena poteva essere immessa sulla campagna, con un flusso dolce secondo quanto necessario, attraverso porte che loro [gli egiziani] avevano costruito .<\/em><\/strong><\/p>\n<p>L&#039;acqua dell&#039;inondazione \u00e8 stata gestita diversamente nei vari quartieri. Ci\u00f2 dipendeva da molti fattori, come le altezze\/elevazioni relative dei terreni adiacenti, quali colture stavano coltivando in quel momento, ecc.<\/p>\n<p>Gli antichi egizi conoscevano i diversi tipi di terreno e fornivano una variet\u00e0 di prodotti agricoli. Hanno anche approfittato del confine del deserto, dove i terreni sono un misto di argilla e sabbia, per coltivare la vite e alcune altre piante adatte a questi terreni.<\/p>\n<p>Oltre alla miscela di terra nitrosa nutrita con limo proveniente dalle colline etiopi, gli egiziani utilizzavano ulteriori nutrimenti del suolo, come fertilizzanti naturali (letame di diversi animali e uccelli), per scopi diversi. Inoltre gli Antichi Egizi utilizzavano anche fertilizzanti \u201cchimici\u201d, che venivano sparsi sulle superfici. Questi venivano utilizzati per alcune colture; in particolare quelli cresciuti alla fine dell&#039;anno.<\/p>\n<p>Gli antichi Egizi non solo fornivano acqua alle pianure, ma erano anche in grado di irrigare le terre che erano troppo lontane dal fiume per essere direttamente inondate da esso. Per raggiungere le sabbie del deserto, utilizzavano un sistema di canali e dispositivi per il sollevamento dell&#039;acqua. Nell&#039;Antico Egitto l&#039;acqua veniva elevata a canali pi\u00f9 alti utilizzando:<\/p>\n<p style=\"padding-left: 30px;\">1. Il <em>shadoof<\/em>-il modo comune di sollevare l&#039;acqua dal Nilo o di alimentare i canali per una piccola quantit\u00e0 d&#039;acqua. Consiste fondamentalmente in un palo e un secchio.<\/p>\n<p style=\"padding-left: 30px;\">2. La macchina a pedale (pompa) menzionata da Filone, di cui fa eco <em>Deuteronomio<\/em> [XI. 40],<\/p>\n<p style=\"padding-left: 60px;\"><strong><em>Egitto, dove hai seminato il tuo seme e l&#039;hai innaffiato con il tuo piede come un giardino di erbe aromatiche.<\/em><\/strong><\/p>\n<p style=\"padding-left: 30px;\">3. La vite idraulica. Le pompe idrauliche egiziane erano famose in tutto il mondo e venivano utilizzate nelle attivit\u00e0 minerarie in Iberia, come testimonia la seguente testimonianza di Strabone, <em>Geografia<\/em>, [3.2.9]:<\/p>\n<p style=\"padding-left: 60px;\"><strong><em>Quindi Poseidonio lascia intendere che l&#039;energia e l&#039;industria dei minatori turdetani [della Spagna meridionale] siano simili, poich\u00e9 tagliavano i loro pozzi obliquamente e in profondit\u00e0, e, per quanto riguarda <span style=\"text-decoration: underline;\">i ruscelli che li incontrano nei pozzi, spesso li attingono con la vite egiziana.<\/span><\/em><\/strong><\/p>\n<p style=\"padding-left: 30px;\">La \u201cvite egiziana\u201d \u00e8 stata progettata e prodotta secondo lo stesso principio delle nostre pompe moderne, che consistono in un tubo a spirale avvolto attorno a un albero, o una grande vite in un cilindro, fatto ruotare manualmente o con mezzi meccanici. Il tipo a mano \u00e8 ora comunemente noto in Egitto, come t<em>anbor<\/em>.<\/p>\n<p style=\"padding-left: 30px;\">4. La ruota idraulica, con le sue pale per prelevare l&#039;acqua dai fiumi e convogliarla nei canali irrigui. Sono efficienti nel fornire acqua a livelli pi\u00f9 alti e quindi possono essere trovati in luoghi come l&#039;Oasi di Fayoum, a sud del Cairo.<\/p>\n<p>Gli acquedotti dell&#039;Antico Egitto e i progetti di bonifica dei terreni erano enormi anche per i nostri standard odierni di progetti che utilizzano attrezzature pesanti. Ecco alcuni esempi:<\/p>\n<p style=\"padding-left: 30px;\">1. Un importante progetto di deviazione dei corsi d&#039;acqua fu portato avanti oltre 4.000 anni fa. Il progetto inizi\u00f2 nell&#039;attuale Asyut, dove gran parte delle acque del Nilo si riversavano nella regione dell&#039;attuale Fayoum, situata a circa 65 miglia. [100 km] a sud-ovest del Cairo. L&#039;oasi di Fayoum si trova sotto il livello del mare e contiene il lago Qarun. Il lago era originariamente utilizzato come bacino idrografico per lo straripamento del Nilo e un tempo riempiva l&#039;intera regione. Quest&#039;acqua trasportava con s\u00e9 e depositava il fertile limo del Nilo sul fondo del letto del lago. Questo antico grande progetto ha causato la deviazione di milioni di litri d&#039;acqua che venivano sprecati nei deserti intorno alla regione di Fayoum. Il flusso d&#039;acqua nel lago \u00e8 stato ridotto. Di conseguenza, circa 80% dell&#039;area originaria del lago furono bonificati e il ricco terreno fu coltivato. Una serie di ruote idrauliche venivano utilizzate per sollevare l&#039;acqua fino alle sponde lungo questo ramo del Nilo. Inoltre, lungo la valle del Nilo a nord di Asyut era disponibile pi\u00f9 acqua, aumentando le terre coltivabili.<\/p>\n<p style=\"padding-left: 30px;\">2. Esistono prove archeologiche di importanti progetti pubblici nell&#039;(odierna) Semna durante il periodo del re Senwasret III [1878\u20131844 a.C.]. L&#039;area di Semna sopra la Terza Cataratta era fertile e sosteneva una numerosa popolazione. Durante il Medio Regno, una diga artificiale blocc\u00f2 il canale. Una parte di questa diga \u00e8 ancora visibile, fino ad oggi, a Semna East. La costruzione della diga innalz\u00f2 il livello del Nilo per centinaia di miglia a sud, consentendo alle spedizioni commerciali di navigare fino all&#039;interno dell&#039;Africa. Ci sono circa 25 iscrizioni sulle rocce sotto le fortezze del canale di Semna East e Semna West. Rappresentano i livelli di piena del Nilo registrati durante il Medio Regno, e tutti mostrano un livello di circa 8 metri pi\u00f9 alto del livello massimo dell\u2019acqua odierno.<\/p>\n<p>&nbsp;<\/p>\n<div dir=\"auto\">\n<p><strong><span style=\"color: #ff0000;\">[Un estratto da\u00a0<\/span><\/strong><strong>Antico Egitto: cultura rivelata, seconda edizione<span style=\"color: #ff0000;\"> di Moustafa Gadalla]<br \/>\n<span style=\"color: #0000ff;\"><a href=\"https:\/\/egyptianwisdomcenter.org\/it\/prodotto\/lantica-cultura-egiziana-ha-rivelato-la-seconda-edizione\/\">https:\/\/egyptianwisdomcenter.org\/product\/ancient-egyptian-culture-revealed-second-edition<\/a>\/<\/span><br \/>\n<\/span><\/strong><\/p>\n<p><img decoding=\"async\" class=\"aligncenter\" src=\"https:\/\/egyptianwisdomcenter.org\/wp-content\/uploads\/2023\/01\/a-cultura-do-antigo-egito-revelada-1.jpg\" \/><\/p>\n<div dir=\"auto\" style=\"text-align: center;\"><a href=\"https:\/\/egyptianwisdomcenter.org\/it\/prodotto\/lantica-cultura-egiziana-ha-rivelato-la-seconda-edizione\/\"><span style=\"color: #0000ff;\"><strong>https:\/\/egyptianwisdomcenter.org\/product\/alla-scoperta-della-cultura-dellantico-egitto\/<\/strong><\/span><\/a><\/div>\n<\/div>","protected":false},"excerpt":{"rendered":"<p>The Ancient Egyptian Superior Farming Techniques &nbsp; Egypt is (and was) one of the most arid areas in the world. The River [&hellip;]<\/p>","protected":false},"author":3,"featured_media":0,"parent":0,"menu_order":0,"comment_status":"closed","ping_status":"closed","template":"","meta":{"footnotes":""},"class_list":["post-95","page","type-page","status-publish","hentry"],"aioseo_notices":[],"_links":{"self":[{"href":"https:\/\/egyptianwisdomcenter.org\/it\/wp-json\/wp\/v2\/pages\/95","targetHints":{"allow":["GET"]}}],"collection":[{"href":"https:\/\/egyptianwisdomcenter.org\/it\/wp-json\/wp\/v2\/pages"}],"about":[{"href":"https:\/\/egyptianwisdomcenter.org\/it\/wp-json\/wp\/v2\/types\/page"}],"author":[{"embeddable":true,"href":"https:\/\/egyptianwisdomcenter.org\/it\/wp-json\/wp\/v2\/users\/3"}],"replies":[{"embeddable":true,"href":"https:\/\/egyptianwisdomcenter.org\/it\/wp-json\/wp\/v2\/comments?post=95"}],"version-history":[{"count":0,"href":"https:\/\/egyptianwisdomcenter.org\/it\/wp-json\/wp\/v2\/pages\/95\/revisions"}],"wp:attachment":[{"href":"https:\/\/egyptianwisdomcenter.org\/it\/wp-json\/wp\/v2\/media?parent=95"}],"curies":[{"name":"wp","href":"https:\/\/api.w.org\/{rel}","templated":true}]}}