{"id":59717,"date":"2022-12-24T18:59:46","date_gmt":"2022-12-24T23:59:46","guid":{"rendered":"https:\/\/egyptianwisdomcenter.org\/?post_type=product&#038;p=59717"},"modified":"2024-05-31T08:14:52","modified_gmt":"2024-05-31T12:14:52","slug":"ancient-egyptian-culture-revealed-second-edition","status":"publish","type":"product","link":"https:\/\/egyptianwisdomcenter.org\/it\/prodotto\/lantica-cultura-egiziana-ha-rivelato-la-seconda-edizione\/","title":{"rendered":"Rivelata la cultura dell&#039;antico Egitto, seconda edizione"},"content":{"rendered":"<h2 class=\"synopsis-title\"><\/h2>\n<div class=\"collapsible-synopsis gizmo-collapsible-with-header show-teaser open\" data-kobo-gizmo=\"Collapsible.Synopsis\" data-kobo-gizmo-config=\"{ &quot;isOpen&quot;: {&quot;small&quot;: false, &quot;medium&quot;: false, &quot;large&quot;: false, &quot;jumbo&quot;: false}, &quot;name&quot;: &quot;AboutItem&quot;, &quot;toggleClass&quot; : &quot;toggle-button-hitbox&quot; }\" data-gid=\"g_20\">\n<div class=\"synopsis-description\" translate=\"no\">\n<p>Questa edizione ampliata del libro \u00e8 composta da quattro parti, per un totale di 16 capitoli, oltre a tre appendici.<\/p>\n<p>Parte I: I popoli d&#039;Egitto \u00e8 composta da quattro capitoli, da 1 a 4, come segue:<\/p>\n<p>Capitolo 1: L&#039;Inizio copre l&#039;et\u00e0 delle antichit\u00e0 egiziane, pari ad almeno 39.000 anni, in conformit\u00e0 con le prove archeologiche, storiche e fisiche e l&#039;Et\u00e0 del Leone e della Sfinge; cos\u00ec come l&#039;et\u00e0 del calendario sotico egiziano, che \u00e8 di gran lunga il calendario pi\u00f9 accurato mai esistito.<\/p>\n<p>Capitolo 2: La popolazione egiziana copre le radici e le caratteristiche del popolo [antico] egiziano, le sue abitazioni, i suoi insediamenti in tutto il mondo e il ruolo degli stranieri nella storia dell&#039;antico Egitto.<\/p>\n<p>Il capitolo 3: I pi\u00f9 religiosi copre la cosmologia egiziana; monoteismo e politeismo; simbolismo animale; la creazione dell&#039;universo; il concetto di Maat; e la diffusione della religione dell\u2019Antico Egitto in tutto il mondo sotto nuovi \u201cnomi\u201d.<\/p>\n<p>Capitolo 4: L&#039;ordine sociale\/politico copre le basi e le applicazioni dei principi matrilineari\/matriarcali; le comunit\u00e0 matrilocali; il sistema repubblicano di base egiziano; il sistema di governo duale vigilanza\/amministrazione; e l&#039;ordine della documentazione di tutte le questioni in egiziano<\/p>\n<p>Parte II: Le Correlazioni Cosmiche \u00e8 composta da tre capitoli, dal 5 al 7, come segue:<\/p>\n<p>Il capitolo 5: Come sopra, cos\u00ec sotto tratta i principi e le applicazioni della coscienza cosmica nella vita degli egiziani e le feste di rinnovamento ciclico come forma di tali principi.<\/p>\n<p>Capitolo 6: Il Faraone, il Collegamento Cosmico copre il vero governo del faraone egiziano come servo principale; come governava il popolo; e altro ancora.<\/p>\n<p>Capitolo 7: Templi egiziani fornisce una rapida panoramica della reale funzione\/obiettivo del tempio egizio; i parametri del progetto armonico; e altro ancora.<\/p>\n<p>Parte III: Il dotto egiziano \u00e8 composta da cinque capitoli, da 8 a 12, come segue:<\/p>\n<p>Capitolo 8: La lingua divina fornisce una rapida panoramica delle modalit\u00e0 di scrittura nell&#039;antico Egitto \u2013 la forma alfabetica della scrittura e le immagini, i simboli\/scrittura metafisici pittorici \u2013 nonch\u00e9 gli aspetti colti della lingua alfabetica egiziana.<\/p>\n<p>Capitolo 9: Il patrimonio musicale egiziano fornisce una rapida panoramica del patrimonio musicale egiziano; le orchestre musicali; e la vasta gamma di strumenti musicali; cos\u00ec come la danza e il balletto nell&#039;antico Egitto.<\/p>\n<p>Il capitolo 10: Salute e medicina fornisce una rapida panoramica della massima stima internazionale per la medicina egiziana; la sua professione medica; contenuti di alcuni papiri medici egiziani riguardanti diagnosi, cure e trattamenti di vari disturbi e interventi chirurgici; e l&#039;ampia gamma di prescrizioni.<\/p>\n<p>Capitolo 11: Astronomia copre alcune conoscenze e pratiche astronomiche sorprendentemente accurate come osservazioni e registrazioni astronomiche, il ciclo zodiacale, ecc.<\/p>\n<p>Capitolo 12: Geometria e matematica \u00e8 una rapida panoramica degli argomenti di geometria sacra e scienze naturali, geodesia, matematica e numerologia; cos\u00ec come la conoscenza egiziana e le applicazioni dei sacri \u201crapporti\u201d di Pi e Phi.<\/p>\n<p>Parte IV: L&#039;economia vibrante \u00e8 composta da quattro capitoli, dal 13 al 16, come segue:<\/p>\n<p>Capitolo 13: La cultura della coltivazione copre l\u2019eccezionale applicazione delle tecniche agricole con clima secco, la divisione sociale del lavoro e la comunit\u00e0 agricola.<\/p>\n<p>Capitolo 14: Le industrie manifatturiere copre la conoscenza egiziana della metallurgia e della lavorazione dei metalli; i loro prodotti in argento dorato (elettro); i loro prodotti in rame e bronzo; i loro prodotti di vetratura (vetro e vetratura); i loro prodotti in ferro; le loro attivit\u00e0 minerarie; e prodotti vari come lavorazione del legno, tessuti, ceramica, cuoio e carta; cos\u00ec come alcune varie applicazioni tecnologiche.<\/p>\n<p>Capitolo 15: Infrastrutture di trasporto \u00e8 una rapida panoramica dei vari tipi di navi egiziane di alta qualit\u00e0; i principali porti costieri egiziani; e trasporto terrestre; cos\u00ec come mecenati e santuari dei viaggi.<\/p>\n<p>Capitolo 16: L&#039;economia di mercato copre il funzionamento dell&#039;economia di mercato egiziana; transazione d&#039;affari; Esportazioni egiziane (beni e servizi); e importazioni egiziane; cos\u00ec come l&#039;ascesa e la caduta del commercio internazionale legato all&#039;Antico Egitto, il motore economico del mondo antico.<\/p>\n<p>Il contenuto delle tre appendici risulta evidente dai loro titoli; essendo:<\/p>\n<p>Appendice A: Fotografie: The Rising Valley<br \/>\nAppendice B: Fotografie: L&#039;et\u00e0 del Leone e la Sfinge<br \/>\nAppendice C: Fotografie: Astronomia<\/p>\n<\/div>\n<\/div>","protected":false},"excerpt":{"rendered":"<div id=\"fb-root\"><\/div>\n<p><script async defer crossorigin=\"anonymous\" src=\"https:\/\/connect.facebook.net\/fr_FR\/sdk.js#xfbml=1&#038;version=v18.0\" nonce=\"rGs0O0Ef\"><\/script><\/p>\n<div class=\"fb-page\" data-href=\"https:\/\/www.facebook.com\/AncientEgyptianCultureRevealed\" data-width=\"380\" data-hide-cover=\"false\" data-show-facepile=\"false\"><\/div>\n<p>&nbsp;<\/p>\n<p><span class=\"contributor-name-prefix\">di<\/span>\u00a0<span class=\"visible-contributors\"><a class=\"contributor-name\" translate=\"no\" href=\"https:\/\/egyptianwisdomcenter.org\/it\/di\/\" data-force-track=\"\" data-track-info=\"{&quot;description&quot;:&quot;authorSearch&quot;,&quot;author&quot;:&quot;Moustafa Gadalla&quot;}\">Mustafa Gadalla<\/a><\/span><\/p>\n<hr \/>\n<p><strong>BREVE DESCRIZIONE<\/strong><\/p>\n<p>Questa nuova edizione ampliata rivela diversi aspetti della cultura dell&#039;Antico Egitto, come le remotissime antichit\u00e0 dell&#039;Egitto; le caratteristiche egiziane e le credenze e le pratiche religiose; il loro sistema sociale\/politico; i loro templi cosmici; la ricchezza della loro lingua; patrimonio musicale e scienze integrali; la loro medicina avanzata; la loro vivace economia; prodotti agricoli e manifatturieri d&#039;eccellenza; il loro sistema di trasporto; e altro ancora.<\/p>\n<p><a href=\"https:\/\/egyptianwisdomcenter.org\/wp-content\/uploads\/2022\/12\/The-Ancient-Egyptian-Culture-Revealed-sample.pdf\">Anteprima ora (PDF)<\/a><\/p>\n<hr \/>\n<p><center><br \/>\n<a class=\"button minimal\" href=\"https:\/\/books2read.com\/u\/bpMreq\" target=\"_blank\" rel=\"noopener\">Visualizza le opzioni di acquisto<\/a><\/center><\/p>\n<div id='wpsr-reviews-slider-68948' class='wpsr-reviews-68948  wpsr-reviews-wrapper wpsr-feed-wrap wpsr_content  wpsr-reviews-slider-wrapper   wpsr-reviews-template-grid2 wpsr-reviews-layout-slider wpsr-header-enable' data-column='4' data-platforms='amazon' data-slider_settings='{&quot;autoplay&quot;:&quot;false&quot;,&quot;autoplay_speed&quot;:3000,&quot;slides_to_show&quot;:3,&quot;spaceBetween&quot;:20,&quot;responsive_slides_to_show&quot;:{&quot;desktop&quot;:2,&quot;tablet&quot;:2,&quot;mobile&quot;:1},&quot;slides_to_scroll&quot;:3,&quot;responsive_slides_to_scroll&quot;:{&quot;desktop&quot;:5,&quot;tablet&quot;:2,&quot;mobile&quot;:1},&quot;navigation&quot;:&quot;dot&quot;}'>\n<div class=\"wpsr-container wpsr-fixed-height\" style=\"\" >\n<div class=\"wpsr-business-info-wrapper\">\n<div class=\"wpsr-row\">\n<div class=\"wpsr-business-info  amazon\">\n<div class=\"wpsr-business-info-left\">\n<div class=\"wpsr-business-info-paltforms\"><img decoding=\"async\" src=\"https:\/\/egyptianwisdomcenter.org\/wp-content\/plugins\/wp-social-reviews\/assets\/images\/icon\/icon-amazon.png\" alt=\"amazon\"><\/div>\n<div class=\"wpsr-rating-and-count\"><span class=\"wpsr-total-rating\">4.6<\/span><span class=\"wpsr-rating\"><\/p>\n<div class=\"wpsr-star-container wpsr-star-background-filled\" style=\"--wpsr-review-star-fill: 100%;\">\n<div class=\"wpsr-star-empty\"><\/div>\n<div class=\"wpsr-star-filled\"><\/div>\n<\/p><\/div>\n<div class=\"wpsr-star-container wpsr-star-background-filled\" style=\"--wpsr-review-star-fill: 100%;\">\n<div class=\"wpsr-star-empty\"><\/div>\n<div class=\"wpsr-star-filled\"><\/div>\n<\/p><\/div>\n<div class=\"wpsr-star-container wpsr-star-background-filled\" style=\"--wpsr-review-star-fill: 100%;\">\n<div class=\"wpsr-star-empty\"><\/div>\n<div class=\"wpsr-star-filled\"><\/div>\n<\/p><\/div>\n<div class=\"wpsr-star-container wpsr-star-background-filled\" style=\"--wpsr-review-star-fill: 100%;\">\n<div class=\"wpsr-star-empty\"><\/div>\n<div class=\"wpsr-star-filled\"><\/div>\n<\/p><\/div>\n<div class=\"wpsr-star-container wpsr-star-background-filled\" style=\"--wpsr-review-star-fill: 60%;\">\n<div class=\"wpsr-star-empty\"><\/div>\n<div class=\"wpsr-star-filled\"><\/div>\n<\/p><\/div>\n<p><\/span><\/p>\n<div class=\"wpsr-total-reviews\">Based on <span>14<\/span> Reviews<\/div>\n<\/div>\n<\/div>\n<div class=\"wpsr-business-info-right\">\n<div class=\"wpsr-write-review-modal-wrapper\"><\/div>\n<\/div>\n<\/div>\n<\/div>\n<\/div>\n<div class=\"wpsr-row\" style=\"\">\n<div class=\"wpsr-reviews-slider-wrapper-inner\">\n<div class=\"wpsr-reviews-slider swiper-container wpsr-ai-summary-enabled-slider\" tabindex=\"0\">\n<div class=\"swiper-wrapper\">\n<div class=\"swiper-slide\" role=\"group\">\n<div class=\"wpsr-review-template wpsr-review-template-two wpsr-review-template-amazon\"\n                 style=\"\"\n                 data-index=\"0\"\n                 data-source_id=\"B07MLYHRCF\"\n                 data-media_id=\"\"\n                 data-review_platform=\"amazon\"\n                 data-product_thumbnail=\"\"\n                 data-product_name=\"\"\n                 data-image_resize=\"full\"\n            ><\/p>\n<div class=\"wpsr-review-platform\">\n                <img decoding=\"async\" class=\"wpsr-review-platform-icon\" width=\"20\" height=\"20\" src=\"https:\/\/egyptianwisdomcenter.org\/wp-content\/plugins\/wp-social-reviews\/assets\/images\/icon\/icon-amazon-small.png\" alt=\"amazon\">\n    <\/div>\n<div class=\"wpsr-reviewer-image\">\n    <a class=\"wpsr-reviewer-image-url\" target=\"_blank\" rel=\"noopener noreferrer nofollow\" href=\"https:\/\/www.amazon.com\/The-Ancient-Egyptian-Culture-Revealed\/dp\/B07MLYHRCF\/\"><br \/>\n                                    <img decoding=\"async\" class=\"wpsr-reviewer-avatar\" src=\"https:\/\/images-eu.ssl-images-amazon.com\/images\/S\/amazon-avatars-global\/default._CR0,0,1024,1024_SX48_.png\" alt=\"IAN WILLIAMS\"\/><br \/>\n                        <\/a>\n<\/div>\n<div class=\"wpsr-review-info\">\n                        <a class=\"wpsr-reviewer-name-url\" target=\"_blank\" rel=\"noopener noreferrer nofollow\" href=\"https:\/\/www.amazon.com\/The-Ancient-Egyptian-Culture-Revealed\/dp\/B07MLYHRCF\/\"><br \/>\n    <span class=\"wpsr-reviewer-name\">IAN WILLIAMS<\/span><br \/>\n    <\/a><\/p>\n<div data-rating=\"4\" class=\"wpsr-rating-wrapper wpsr-rating\">\n<div class=\"wpsr-star-container wpsr-star-background-filled\" style=\"--wpsr-review-star-fill: 100%;\">\n<div class=\"wpsr-star-empty\"><\/div>\n<div class=\"wpsr-star-filled\"><\/div>\n<\/p><\/div>\n<div class=\"wpsr-star-container wpsr-star-background-filled\" style=\"--wpsr-review-star-fill: 100%;\">\n<div class=\"wpsr-star-empty\"><\/div>\n<div class=\"wpsr-star-filled\"><\/div>\n<\/p><\/div>\n<div class=\"wpsr-star-container wpsr-star-background-filled\" style=\"--wpsr-review-star-fill: 100%;\">\n<div class=\"wpsr-star-empty\"><\/div>\n<div class=\"wpsr-star-filled\"><\/div>\n<\/p><\/div>\n<div class=\"wpsr-star-container wpsr-star-background-filled\" style=\"--wpsr-review-star-fill: 100%;\">\n<div class=\"wpsr-star-empty\"><\/div>\n<div class=\"wpsr-star-filled\"><\/div>\n<\/p><\/div>\n<div class=\"wpsr-star-container wpsr-star-background-empty\" style=\"--wpsr-review-star-fill: 0%;\">\n<div class=\"wpsr-star-empty\"><\/div>\n<div class=\"wpsr-star-filled\"><\/div>\n<\/p><\/div>\n<\/p><\/div>\n<p><span data-time=\"7 anni ago\" class=\"wpsr-review-date\"><br \/>\n     Aprile 24, 2019<\/span>                        <\/p><\/div>\n<div class=\"wpsr-reviews-content-footer\">\n<h3 class=\"wpsr-review-title\">\n    Superb<\/h3>\n<div class=\"wpsr-review-content\" tabindex=\"0\">\n<p class=\"wpsr_add_read_more wpsr_show_less_content\" data-num-words-trim=\"10\">As usual Moustafa Gadalla gives a unique view of Egyptain culture. I only knocked off a star because his books don&#8217;t have the title on the spine, so when I stack it on my bookshelf I have to guess what Moustafa Gadalla book i&#8217;m looking for by the colour of the spine rather than the title. <\/p>\n<\/p><\/div>\n<\/p><\/div>\n<\/p><\/div>\n<\/p><\/div>\n<div class=\"swiper-slide\" role=\"group\">\n<div class=\"wpsr-review-template wpsr-review-template-two wpsr-review-template-amazon\"\n                 style=\"\"\n                 data-index=\"1\"\n                 data-source_id=\"B07MLYHRCF\"\n                 data-media_id=\"\"\n                 data-review_platform=\"amazon\"\n                 data-product_thumbnail=\"\"\n                 data-product_name=\"\"\n                 data-image_resize=\"full\"\n            ><\/p>\n<div class=\"wpsr-review-platform\">\n                <img decoding=\"async\" class=\"wpsr-review-platform-icon\" width=\"20\" height=\"20\" src=\"https:\/\/egyptianwisdomcenter.org\/wp-content\/plugins\/wp-social-reviews\/assets\/images\/icon\/icon-amazon-small.png\" alt=\"amazon\">\n    <\/div>\n<div class=\"wpsr-reviewer-image\">\n    <a class=\"wpsr-reviewer-image-url\" target=\"_blank\" rel=\"noopener noreferrer nofollow\" href=\"https:\/\/www.amazon.com\/The-Ancient-Egyptian-Culture-Revealed\/dp\/B07MLYHRCF\/\"><br \/>\n                                    <img decoding=\"async\" class=\"wpsr-reviewer-avatar\" src=\"https:\/\/images-na.ssl-images-amazon.com\/images\/I\/31Kcscz2WYL._CR0,0,363,363_SX48_.jpg\" alt=\"catprincess\"\/><br \/>\n                        <\/a>\n<\/div>\n<div class=\"wpsr-review-info\">\n                        <a class=\"wpsr-reviewer-name-url\" target=\"_blank\" rel=\"noopener noreferrer nofollow\" href=\"https:\/\/www.amazon.com\/The-Ancient-Egyptian-Culture-Revealed\/dp\/B07MLYHRCF\/\"><br \/>\n    <span class=\"wpsr-reviewer-name\">catprincess<\/span><br \/>\n    <\/a><\/p>\n<div data-rating=\"5\" class=\"wpsr-rating-wrapper wpsr-rating\">\n<div class=\"wpsr-star-container wpsr-star-background-filled\" style=\"--wpsr-review-star-fill: 100%;\">\n<div class=\"wpsr-star-empty\"><\/div>\n<div class=\"wpsr-star-filled\"><\/div>\n<\/p><\/div>\n<div class=\"wpsr-star-container wpsr-star-background-filled\" style=\"--wpsr-review-star-fill: 100%;\">\n<div class=\"wpsr-star-empty\"><\/div>\n<div class=\"wpsr-star-filled\"><\/div>\n<\/p><\/div>\n<div class=\"wpsr-star-container wpsr-star-background-filled\" style=\"--wpsr-review-star-fill: 100%;\">\n<div class=\"wpsr-star-empty\"><\/div>\n<div class=\"wpsr-star-filled\"><\/div>\n<\/p><\/div>\n<div class=\"wpsr-star-container wpsr-star-background-filled\" style=\"--wpsr-review-star-fill: 100%;\">\n<div class=\"wpsr-star-empty\"><\/div>\n<div class=\"wpsr-star-filled\"><\/div>\n<\/p><\/div>\n<div class=\"wpsr-star-container wpsr-star-background-filled\" style=\"--wpsr-review-star-fill: 100%;\">\n<div class=\"wpsr-star-empty\"><\/div>\n<div class=\"wpsr-star-filled\"><\/div>\n<\/p><\/div>\n<\/p><\/div>\n<p><span data-time=\"11 anni ago\" class=\"wpsr-review-date\"><br \/>\n     Aprile 17, 2015<\/span>                        <\/p><\/div>\n<div class=\"wpsr-reviews-content-footer\">\n<h3 class=\"wpsr-review-title\">\n    5.0 out of 5 stars                    Profund reading<\/h3>\n<div class=\"wpsr-review-content\" tabindex=\"0\">\n<p class=\"wpsr_add_read_more wpsr_show_less_content\" data-num-words-trim=\"10\">It was a book I could not put down. IT is very sophisticated intellectually ,philosophically, and spiritually. It presents ancient Egypt  and its culture in a historically  astute profound way. IF you like to read books along this vein then this book would be a good starting point. <\/p>\n<\/p><\/div>\n<\/p><\/div>\n<\/p><\/div>\n<\/p><\/div>\n<div class=\"swiper-slide\" role=\"group\">\n<div class=\"wpsr-review-template wpsr-review-template-two wpsr-review-template-amazon\"\n                 style=\"\"\n                 data-index=\"2\"\n                 data-source_id=\"B07MLYHRCF\"\n                 data-media_id=\"\"\n                 data-review_platform=\"amazon\"\n                 data-product_thumbnail=\"\"\n                 data-product_name=\"\"\n                 data-image_resize=\"full\"\n            ><\/p>\n<div class=\"wpsr-review-platform\">\n                <img decoding=\"async\" class=\"wpsr-review-platform-icon\" width=\"20\" height=\"20\" src=\"https:\/\/egyptianwisdomcenter.org\/wp-content\/plugins\/wp-social-reviews\/assets\/images\/icon\/icon-amazon-small.png\" alt=\"amazon\">\n    <\/div>\n<div class=\"wpsr-reviewer-image\">\n    <a class=\"wpsr-reviewer-image-url\" target=\"_blank\" rel=\"noopener noreferrer nofollow\" href=\"https:\/\/www.amazon.com\/The-Ancient-Egyptian-Culture-Revealed\/dp\/B07MLYHRCF\/\"><br \/>\n                                    <img decoding=\"async\" class=\"wpsr-reviewer-avatar\" src=\"https:\/\/images-na.ssl-images-amazon.com\/images\/S\/amazon-avatars-global\/default._CR0,0,1024,1024_SX48_.png\" alt=\"Juan Olivares\"\/><br \/>\n                        <\/a>\n<\/div>\n<div class=\"wpsr-review-info\">\n                        <a class=\"wpsr-reviewer-name-url\" target=\"_blank\" rel=\"noopener noreferrer nofollow\" href=\"https:\/\/www.amazon.com\/The-Ancient-Egyptian-Culture-Revealed\/dp\/B07MLYHRCF\/\"><br \/>\n    <span class=\"wpsr-reviewer-name\">Juan Olivares<\/span><br \/>\n    <\/a><\/p>\n<div data-rating=\"3\" class=\"wpsr-rating-wrapper wpsr-rating\">\n<div class=\"wpsr-star-container wpsr-star-background-filled\" style=\"--wpsr-review-star-fill: 100%;\">\n<div class=\"wpsr-star-empty\"><\/div>\n<div class=\"wpsr-star-filled\"><\/div>\n<\/p><\/div>\n<div class=\"wpsr-star-container wpsr-star-background-filled\" style=\"--wpsr-review-star-fill: 100%;\">\n<div class=\"wpsr-star-empty\"><\/div>\n<div class=\"wpsr-star-filled\"><\/div>\n<\/p><\/div>\n<div class=\"wpsr-star-container wpsr-star-background-filled\" style=\"--wpsr-review-star-fill: 100%;\">\n<div class=\"wpsr-star-empty\"><\/div>\n<div class=\"wpsr-star-filled\"><\/div>\n<\/p><\/div>\n<div class=\"wpsr-star-container wpsr-star-background-empty\" style=\"--wpsr-review-star-fill: 0%;\">\n<div class=\"wpsr-star-empty\"><\/div>\n<div class=\"wpsr-star-filled\"><\/div>\n<\/p><\/div>\n<div class=\"wpsr-star-container wpsr-star-background-empty\" style=\"--wpsr-review-star-fill: 0%;\">\n<div class=\"wpsr-star-empty\"><\/div>\n<div class=\"wpsr-star-filled\"><\/div>\n<\/p><\/div>\n<\/p><\/div>\n<p><span data-time=\"11 anni ago\" class=\"wpsr-review-date\"><br \/>\n     Febbraio 26, 2015<\/span>                        <\/p><\/div>\n<div class=\"wpsr-reviews-content-footer\">\n<h3 class=\"wpsr-review-title\">\n    3.0 out of 5 stars                    Three Stars<\/h3>\n<div class=\"wpsr-review-content\" tabindex=\"0\">\n<p class=\"wpsr_add_read_more wpsr_show_less_content\" data-num-words-trim=\"10\">I don&#8217;t see support and everence on the book <\/p>\n<\/p><\/div>\n<\/p><\/div>\n<\/p><\/div>\n<\/p><\/div>\n<div class=\"swiper-slide\" role=\"group\">\n<div class=\"wpsr-review-template wpsr-review-template-two wpsr-review-template-amazon\"\n                 style=\"\"\n                 data-index=\"3\"\n                 data-source_id=\"B07MLYHRCF\"\n                 data-media_id=\"\"\n                 data-review_platform=\"amazon\"\n                 data-product_thumbnail=\"\"\n                 data-product_name=\"\"\n                 data-image_resize=\"full\"\n            ><\/p>\n<div class=\"wpsr-review-platform\">\n                <img decoding=\"async\" class=\"wpsr-review-platform-icon\" width=\"20\" height=\"20\" src=\"https:\/\/egyptianwisdomcenter.org\/wp-content\/plugins\/wp-social-reviews\/assets\/images\/icon\/icon-amazon-small.png\" alt=\"amazon\">\n    <\/div>\n<div class=\"wpsr-reviewer-image\">\n    <a class=\"wpsr-reviewer-image-url\" target=\"_blank\" rel=\"noopener noreferrer nofollow\" href=\"https:\/\/www.amazon.com\/The-Ancient-Egyptian-Culture-Revealed\/dp\/B07MLYHRCF\/\"><br \/>\n                                    <img decoding=\"async\" class=\"wpsr-reviewer-avatar\" src=\"https:\/\/images-eu.ssl-images-amazon.com\/images\/S\/amazon-avatars-global\/default._CR0,0,1024,1024_SX48_.png\" alt=\"Andrew Fontenelle\"\/><br \/>\n                        <\/a>\n<\/div>\n<div class=\"wpsr-review-info\">\n                        <a class=\"wpsr-reviewer-name-url\" target=\"_blank\" rel=\"noopener noreferrer nofollow\" href=\"https:\/\/www.amazon.com\/The-Ancient-Egyptian-Culture-Revealed\/dp\/B07MLYHRCF\/\"><br \/>\n    <span class=\"wpsr-reviewer-name\">Andrew Fontenelle<\/span><br \/>\n    <\/a><\/p>\n<div data-rating=\"5\" class=\"wpsr-rating-wrapper wpsr-rating\">\n<div class=\"wpsr-star-container wpsr-star-background-filled\" style=\"--wpsr-review-star-fill: 100%;\">\n<div class=\"wpsr-star-empty\"><\/div>\n<div class=\"wpsr-star-filled\"><\/div>\n<\/p><\/div>\n<div class=\"wpsr-star-container wpsr-star-background-filled\" style=\"--wpsr-review-star-fill: 100%;\">\n<div class=\"wpsr-star-empty\"><\/div>\n<div class=\"wpsr-star-filled\"><\/div>\n<\/p><\/div>\n<div class=\"wpsr-star-container wpsr-star-background-filled\" style=\"--wpsr-review-star-fill: 100%;\">\n<div class=\"wpsr-star-empty\"><\/div>\n<div class=\"wpsr-star-filled\"><\/div>\n<\/p><\/div>\n<div class=\"wpsr-star-container wpsr-star-background-filled\" style=\"--wpsr-review-star-fill: 100%;\">\n<div class=\"wpsr-star-empty\"><\/div>\n<div class=\"wpsr-star-filled\"><\/div>\n<\/p><\/div>\n<div class=\"wpsr-star-container wpsr-star-background-filled\" style=\"--wpsr-review-star-fill: 100%;\">\n<div class=\"wpsr-star-empty\"><\/div>\n<div class=\"wpsr-star-filled\"><\/div>\n<\/p><\/div>\n<\/p><\/div>\n<p><span data-time=\"14 anni ago\" class=\"wpsr-review-date\"><br \/>\n     Maggio 16, 2012<\/span>                        <\/p><\/div>\n<div class=\"wpsr-reviews-content-footer\">\n<h3 class=\"wpsr-review-title\">\n    Ancient Egyptian Culture in detail!<\/h3>\n<div class=\"wpsr-review-content\" tabindex=\"0\">\n<p class=\"wpsr_add_read_more wpsr_show_less_content\" data-num-words-trim=\"10\">This is another fine book by Moustafa Gadalla.  The work covers many aspects of Ancient Egyptian culture including the religion, building of temples, practice of medicine, music and dance, geography, science, economics, trade and more. It emphasises the antiquity of Ancient Egyptian civilization and how many of its practices have been adopted by cultures which followed it.<br \/>\nRecommended reading for anyone interested in Ancient Egyptian history. <\/p>\n<\/p><\/div>\n<\/p><\/div>\n<\/p><\/div>\n<\/p><\/div>\n<\/div>\n<\/div>\n<div class=\"wpsr-swiper-carousel-wrapper\">\n<div class=\"wpsr-swiper-pagination swiper-pagination\"><\/div>\n<\/div>\n<\/div>\n<\/div>\n<\/div>\n<\/div>","protected":false},"featured_media":59718,"comment_status":"open","ping_status":"closed","template":"","meta":[],"product_brand":[],"product_cat":[95],"product_tag":[],"class_list":{"0":"post-59717","1":"product","2":"type-product","3":"status-publish","4":"has-post-thumbnail","6":"product_cat-current-editions-in-english-language","8":"first","9":"instock","10":"shipping-taxable","11":"product-type-simple"},"aioseo_notices":[],"_links":{"self":[{"href":"https:\/\/egyptianwisdomcenter.org\/it\/wp-json\/wp\/v2\/product\/59717","targetHints":{"allow":["GET"]}}],"collection":[{"href":"https:\/\/egyptianwisdomcenter.org\/it\/wp-json\/wp\/v2\/product"}],"about":[{"href":"https:\/\/egyptianwisdomcenter.org\/it\/wp-json\/wp\/v2\/types\/product"}],"replies":[{"embeddable":true,"href":"https:\/\/egyptianwisdomcenter.org\/it\/wp-json\/wp\/v2\/comments?post=59717"}],"wp:featuredmedia":[{"embeddable":true,"href":"https:\/\/egyptianwisdomcenter.org\/it\/wp-json\/wp\/v2\/media\/59718"}],"wp:attachment":[{"href":"https:\/\/egyptianwisdomcenter.org\/it\/wp-json\/wp\/v2\/media?parent=59717"}],"wp:term":[{"taxonomy":"product_brand","embeddable":true,"href":"https:\/\/egyptianwisdomcenter.org\/it\/wp-json\/wp\/v2\/product_brand?post=59717"},{"taxonomy":"product_cat","embeddable":true,"href":"https:\/\/egyptianwisdomcenter.org\/it\/wp-json\/wp\/v2\/product_cat?post=59717"},{"taxonomy":"product_tag","embeddable":true,"href":"https:\/\/egyptianwisdomcenter.org\/it\/wp-json\/wp\/v2\/product_tag?post=59717"}],"curies":[{"name":"wp","href":"https:\/\/api.w.org\/{rel}","templated":true}]}}