{"id":60013,"date":"2022-12-25T22:16:01","date_gmt":"2022-12-26T03:16:01","guid":{"rendered":"https:\/\/egyptianwisdomcenter.org\/?post_type=product&#038;p=60013"},"modified":"2024-06-01T04:35:15","modified_gmt":"2024-06-01T08:35:15","slug":"the-ancient-egyptian-metaphysical-architecture","status":"publish","type":"product","link":"https:\/\/egyptianwisdomcenter.org\/it\/prodotto\/lantica-architettura-metafisica-egiziana\/","title":{"rendered":"L&#039;architettura metafisica dell&#039;antico Egitto"},"content":{"rendered":"<div class=\"collapsible-synopsis gizmo-collapsible-with-header show-teaser open\" data-kobo-gizmo=\"Collapsible.Synopsis\" data-kobo-gizmo-config=\"{ &quot;isOpen&quot;: {&quot;small&quot;: false, &quot;medium&quot;: false, &quot;large&quot;: false, &quot;jumbo&quot;: false}, &quot;name&quot;: &quot;AboutItem&quot;, &quot;toggleClass&quot; : &quot;toggle-button-hitbox&quot; }\" data-gid=\"g_20\">\n<div class=\"synopsis-description\" translate=\"no\">\n<p>Tutto ci\u00f2 che gli antichi egizi costruivano\/modellavano\/scolpivano aveva lo scopo di generare energie e\/o incorporare energie. E proprio come il nostro sistema elettrico che necessita di attivazione tramite l&#039;accensione di un interruttore, anche tutte le opere egiziane richiedono\/richiedevano l&#039;attivazione tramite le giuste azioni [suoni, gesti, ecc.]. E mentre queste meraviglie \u201cdi pietra\u201d sembrano statiche perch\u00e9 appaiono stazionarie, non sono diverse dalle unit\u00e0 [stazionarie] di generazione di energia, come i nostri pannelli solari che assorbono l\u2019energia solare dal sole e la convertono in fornitura di energia per i nostri bisogni umani terreni.<\/p>\n<p>Questo libro rivela la conoscenza dell&#039;Antico Egitto della proporzione armonica, della geometria sacra e del misticismo dei numeri, come manifestato nei loro testi, templi, tombe, arte, ecc., nel corso della loro storia conosciuta. Mostra come gli egiziani progettavano i loro edifici per generare energia cosmica e l&#039;applicazione mistica dei numeri nelle opere egiziane. Il libro spiega in dettaglio la proporzione armonica di circa 20 edifici dell&#039;Antico Egitto nel corso della loro storia documentata.<\/p>\n<p>Lo scopo di questo libro \u00e8 quello di fornire un&#039;esposizione che, pur basandosi su una solida erudizione, presenti le questioni in un linguaggio comprensibile ai lettori non specialisti. I termini tecnici sono stati ridotti al minimo. Questi sono spiegati, nel modo meno tecnico possibile, nel glossario. Questa edizione ampliata del libro \u00e8 divisa in tre parti contenenti un totale di 13 capitoli, oltre a 10 appendici dalla A alla I.<\/p>\n<p>La Parte I: Concetti architettonici: funzione e forma \u00e8 composta da cinque capitoli, da 1 a 5:<\/p>\n<p>Capitolo 1: Il Canone Architettonico tratter\u00e0 le credenze egiziane profondamente radicate di &quot;Come sopra, cos\u00ec sotto&quot; e la sua applicazione all&#039;arte e all&#039;architettura egiziana e l&#039;esistenza e l&#039;adesione a un codice edilizio divino, oltre all&#039;utilizzo di piani di progettazione e costruzione precedenti cos\u00ec come durante le fasi costruttive, che si protrassero per diversi secoli per grandi progetti.<\/p>\n<p>Capitolo 2: La struttura metafisica dell&#039;Universo tratter\u00e0 i regni della creazione e la sua corrispondenza nell&#039;Uomo come immagine di tutta la creazione.<\/p>\n<p>Capitolo 3: I Siti di Visita della Corte Celeste Inferiore riguarder\u00e0 le interazioni tra gli esseri viventi terreni e i regni inferiori della struttura cosmica metafisica, il significato dell\u2019architettura del paesaggio in tali interazioni e i principali tipi di edifici di visita (sia funerari che non) luoghi di sepoltura) per facilitare tali interazioni.<\/p>\n<p>Capitolo 4: Le tombe dei faraoni sigillate tratter\u00e0 il concetto e il ruolo dei faraoni che richiede che le loro tombe siano sigillate e inaccessibili per ulteriori comunicazioni dopo la loro esistenza terrena, oltre a fornire campioni di alcune tombe faraoniche.<\/p>\n<p>Capitolo 5: Templi egiziani delle Forze Divine tratter\u00e0 la funzione principale dei templi egizi (essendo la generazione divina), la disposizione concettuale generale del tempio, il design metafisico del condotto a imbuto, il significato generativo dei modelli di giunzione, la protezione fisica\/metafisica delle pareti esterne, e le radici organiche di fondazione del tempio egizio.<\/p>\n<p>Parte II: La manifestazione fisica dei concetti metafisici \u00e8 composta da cinque capitoli, dal 6 all&#039;11:<\/p>\n<p>Capitolo 6: Forme costituenti architettoniche delle funzioni metafisiche tratter\u00e0 le varie forme architettoniche come manifestazione delle loro funzioni corrispondenti [sia fisicamente che metafisicamente] per \u201cfalse porte\u201d, pannelli murali incassati, colonne e pilastri, capitelli di colonne, portici, peristili, colonnati formazioni in quattro diverse posizioni, obelischi, immagini statuarie, varie forme di tetto (piatto, a due falde, a sbalzo, ad arco e a volta), dettagli architettonici stilistici (architrave, cornice e toro) e ornamenti e decorazioni stilistiche come soffitti stellati, motivi floreali, geometrici , figurato, o una combinazione di due o tutti e tre, guilloch\u00e9 (chiamato erroneamente il bordo toscano), chevron e motivi a scorrimento.<\/p>\n<p>Capitolo 7: Le forme\/forme geometriche primarie riguarderanno i principi e l&#039;applicazione della geometria sacra dell&#039;Architettura Divina, la corda sacra egiziana [strumento], una disposizione generale di forme geometriche campione, il cerchio sacro come archetipo della Creazione, la quadratura del cerchio , i triangoli primari e le piramidi 3D combinate di triangolo quadrato.<\/p>\n<p>Capitolo 8: I rettangoli radice quadrata generativa - &quot;Numeri irrazionali&quot; tratter\u00e0 i rettangoli radice generativa come ipotenusa di triangoli rettangoli, iniziando con un quadrato e generando radici quadrate di 2, 3 e 5; la formazione dei solidi cosmici; la generazione della proporzione aurea dal rettangolo radice cinque; la costruzione di spirali quadrate vorticose; ed esempi di applicazioni di questa forma di progettazione dinamica in quattro luoghi dei monumenti dell&#039;antico Egitto.<\/p>\n<p>Capitolo 9: La progressione generativa aritmetica tratter\u00e0 il ruolo dei numeri come generatori di crescita e progressione ordinata, la serie di sommatoria e la proporzione aurea e la proporzione cosmica della figura umana.<\/p>\n<p>Capitolo 10: Combinazione: progettazione armonica aritmetica e grafica degli edifici egiziani tratter\u00e0 della combinazione sia degli elementi aritmetici che grafici in una progettazione armonica delle parti e dell&#039;insieme di un tempio egizio che include: assi attivi, punti significativi, triangoli telescopici e perimetri rettangolari sia sul piano orizzontale che su quello verticale.<\/p>\n<p>Il Capitolo 11: Analisi armonica delle opere dell&#039;Antico Egitto tratter\u00e0 diversi esempi dell&#039;Antico Egitto di tutte le epoche e di tutto l&#039;Egitto che mostrano le applicazioni egiziane degli elementi di progettazione discussi in questo libro. Gli esempi includono templi, tombe, piramidi, santuari, capitelli di colonne, stele, tralicci e porte.<\/p>\n<p>Parte III: The Spirited Communications ha due capitoli: 12 e 13:<\/p>\n<p>Capitolo 12: Le immagini metafisiche animate sui muri tratter\u00e0 il significato metafisico delle decorazioni murali e le spiegazioni delle varie raffigurazioni.<\/p>\n<p>Capitolo 13: Attivit\u00e0 umane tratter\u00e0 i ruoli degli umani nell&#039;attivazione, nel mantenimento e nella partecipazione a vari rituali e festivit\u00e0, nonch\u00e9 nella disattivazione dei poteri del tempio quando i templi e l&#039;intero Egitto sono sotto assedio.<\/p>\n<p>Appendici ha dieci appendici, da A a J:<\/p>\n<p>L&#039;Appendice A: Piante generali di templi egizi campione copre le planimetrie di diversi templi egizi, con una breve descrizione di ciascuno.<\/p>\n<p>Appendice B: Matematica pratica nell&#039;Antico Egitto si riferisce ai quattro papiri \u201cmatematici\u201d dell&#039;Antico Egitto pi\u00f9 riconosciuti e ai contenuti matematici pratici all&#039;interno di tali papiri.<\/p>\n<p>Appendice C: Il misticismo delle frazioni tratta le ragioni per cui, in Egitto, una frazione - qualsiasi frazione - poteva essere solo una frazione di unit\u00e0 e le tavole egiziane per trattare le frazioni &quot;complesse&quot; che sono simili alle moderne tavole logaritmiche.<\/p>\n<p>L&#039;Appendice D: &quot;Irregolarit\u00e0&quot; intenzionali nelle opere egiziane copre le ragioni religiose di quelle che sembrano essere &quot;irregolarit\u00e0&quot; nelle opere egiziane altamente eseguite.<\/p>\n<p>L&#039;Appendice E: Stanziamenti dei monumenti riconsiderati chiarisce ci\u00f2 che sembra essere l&#039;appropriazione di monumenti da parte di un faraone, di un altro.<\/p>\n<p>Appendice F: Esempi di opere di scultura egiziana copre un elenco molto breve di sculture egiziane riconoscibili.<\/p>\n<p>L&#039;Appendice G: Vari tipi di blocchi di cemento copre la conoscenza egiziana avanzata delle miscele di calcestruzzo ed esempi di applicazione di tale conoscenza in tutto l&#039;Antico Egitto.<\/p>\n<p>Appendice H: Le radici massoniche egiziane copre le radici egiziane della diffusa societ\u00e0 fraterna segreta chiamata &quot;Massoni Liberi e Accettati&quot; (popolarmente conosciuta come Massoneria).<\/p>\n<p>L\u2019Appendice I: L\u2019influenza egiziana sull\u2019architettura moderna copre diversi esempi mondiali di tale influenza.<\/p>\n<p>Appendice J: Tipi e forme degli edifici dei mortali coprir\u00e0 i tipi e le forme degli edifici residenziali, privati, comunali e pubblici associati alla funzione dell&#039;esistenza terrena, oltre a evidenziare che i mortali di tutte le classi, inclusi i faraoni e il personale sacerdotale, risiedevano in case di mattoni di fango.<\/p>\n<\/div>\n<\/div>","protected":false},"excerpt":{"rendered":"<div class=\"fb-page\" data-href=\"https:\/\/www.facebook.com\/AncientEgyptianMetaphysicalArchitecture\" data-width=\"380\" data-hide-cover=\"false\" data-show-facepile=\"false\"><\/div>\n<p><span class=\"contributor-name-prefix\"><br \/>\ndi<\/span>\u00a0<span class=\"visible-contributors\"><a class=\"contributor-name\" translate=\"no\" href=\"https:\/\/egyptianwisdomcenter.org\/it\/di\/\" data-force-track=\"\" data-track-info=\"{&quot;description&quot;:&quot;authorSearch&quot;,&quot;author&quot;:&quot;Moustafa Gadalla&quot;}\">Mustafa Gadalla<\/a><\/span><\/p>\n<hr \/>\n<p><strong>BREVE DESCRIZIONE<\/strong><\/p>\n<p>Questa nuova edizione ampliata rivela la conoscenza dell&#039;Antico Egitto delle proporzioni armoniche, della geometria sacra e del misticismo dei numeri come manifestato nei loro testi, templi, tombe, arte, geroglifici, ecc., nel corso della loro storia conosciuta. Mostra come gli egiziani progettavano i loro edifici per generare energia cosmica; e l&#039;applicazione mistica dei numeri nelle opere egiziane. Il libro spiega in dettaglio la proporzione armonica di circa 20 edifici dell&#039;Antico Egitto nel corso della loro storia documentata. Include anche discussioni aggiuntive e dettagli sul simbolismo sui muri; le interazioni tra gli esseri umani e le forze divine; Tombe, santuari e abitazioni egiziane; cos\u00ec come diversi articoli correlati vari.<\/p>\n<p><a href=\"https:\/\/egyptianwisdomcenter.org\/wp-content\/uploads\/2022\/12\/The-Ancient-Egyptian-Metaphysical-Architecture-sample.pdf\">Anteprima ora (PDF)<\/a><\/p>\n<hr \/>\n<p><center><br \/>\n<a class=\"button minimal\" href=\"https:\/\/books2read.com\/u\/4XjLVe\" target=\"_blank\" rel=\"noopener\">Visualizza le opzioni di acquisto<\/a><\/center><\/p>\n<div id='wpsr-reviews-slider-68942' class='wpsr-reviews-68942  wpsr-reviews-wrapper wpsr-feed-wrap wpsr_content  wpsr-reviews-slider-wrapper   wpsr-reviews-template-grid2 wpsr-reviews-layout-slider wpsr-header-enable' data-column='4' data-platforms='amazon' data-slider_settings='{&quot;autoplay&quot;:&quot;false&quot;,&quot;autoplay_speed&quot;:3000,&quot;slides_to_show&quot;:3,&quot;spaceBetween&quot;:20,&quot;responsive_slides_to_show&quot;:{&quot;desktop&quot;:2,&quot;tablet&quot;:2,&quot;mobile&quot;:1},&quot;slides_to_scroll&quot;:3,&quot;responsive_slides_to_scroll&quot;:{&quot;desktop&quot;:5,&quot;tablet&quot;:2,&quot;mobile&quot;:1},&quot;navigation&quot;:&quot;dot&quot;}'>\n<div class=\"wpsr-container wpsr-fixed-height\" style=\"\" >\n<div class=\"wpsr-business-info-wrapper\">\n<div class=\"wpsr-row\">\n<div class=\"wpsr-business-info  amazon\">\n<div class=\"wpsr-business-info-left\">\n<div class=\"wpsr-business-info-paltforms\"><img decoding=\"async\" src=\"https:\/\/egyptianwisdomcenter.org\/wp-content\/plugins\/wp-social-reviews\/assets\/images\/icon\/icon-amazon.png\" alt=\"amazon\"><\/div>\n<div class=\"wpsr-rating-and-count\"><span class=\"wpsr-total-rating\">3.9<\/span><span class=\"wpsr-rating\"><\/p>\n<div class=\"wpsr-star-container wpsr-star-background-filled\" style=\"--wpsr-review-star-fill: 100%;\">\n<div class=\"wpsr-star-empty\"><\/div>\n<div class=\"wpsr-star-filled\"><\/div>\n<\/p><\/div>\n<div class=\"wpsr-star-container wpsr-star-background-filled\" style=\"--wpsr-review-star-fill: 100%;\">\n<div class=\"wpsr-star-empty\"><\/div>\n<div class=\"wpsr-star-filled\"><\/div>\n<\/p><\/div>\n<div class=\"wpsr-star-container wpsr-star-background-filled\" style=\"--wpsr-review-star-fill: 100%;\">\n<div class=\"wpsr-star-empty\"><\/div>\n<div class=\"wpsr-star-filled\"><\/div>\n<\/p><\/div>\n<div class=\"wpsr-star-container wpsr-star-background-filled\" style=\"--wpsr-review-star-fill: 90%;\">\n<div class=\"wpsr-star-empty\"><\/div>\n<div class=\"wpsr-star-filled\"><\/div>\n<\/p><\/div>\n<div class=\"wpsr-star-container wpsr-star-background-empty\" style=\"--wpsr-review-star-fill: 0%;\">\n<div class=\"wpsr-star-empty\"><\/div>\n<div class=\"wpsr-star-filled\"><\/div>\n<\/p><\/div>\n<p><\/span><\/p>\n<div class=\"wpsr-total-reviews\">Based on <span>6<\/span> Reviews<\/div>\n<\/div>\n<\/div>\n<div class=\"wpsr-business-info-right\">\n<div class=\"wpsr-write-review-modal-wrapper\"><\/div>\n<\/div>\n<\/div>\n<\/div>\n<\/div>\n<div class=\"wpsr-row\" style=\"\">\n<div class=\"wpsr-reviews-slider-wrapper-inner\">\n<div class=\"wpsr-reviews-slider swiper-container wpsr-ai-summary-enabled-slider\" tabindex=\"0\">\n<div class=\"swiper-wrapper\">\n<div class=\"swiper-slide\" role=\"group\">\n<div class=\"wpsr-review-template wpsr-review-template-two wpsr-review-template-amazon\"\n                 style=\"\"\n                 data-index=\"0\"\n                 data-source_id=\"B07YGYDVD1\"\n                 data-media_id=\"\"\n                 data-review_platform=\"amazon\"\n                 data-product_thumbnail=\"\"\n                 data-product_name=\"\"\n                 data-image_resize=\"full\"\n            ><\/p>\n<div class=\"wpsr-review-platform\">\n                <img decoding=\"async\" class=\"wpsr-review-platform-icon\" width=\"20\" height=\"20\" src=\"https:\/\/egyptianwisdomcenter.org\/wp-content\/plugins\/wp-social-reviews\/assets\/images\/icon\/icon-amazon-small.png\" alt=\"amazon\">\n    <\/div>\n<div class=\"wpsr-reviewer-image\">\n    <a class=\"wpsr-reviewer-image-url\" target=\"_blank\" rel=\"noopener noreferrer nofollow\" href=\"https:\/\/www.amazon.com\/The-Ancient-Egyptian-Metaphysical-Architecture\/dp\/B07YGYDVD1\/\"><br \/>\n                                    <img decoding=\"async\" class=\"wpsr-reviewer-avatar\" src=\"https:\/\/images-eu.ssl-images-amazon.com\/images\/S\/amazon-avatars-global\/default._CR0,0,1024,1024_SX48_.png\" alt=\"AFT\"\/><br \/>\n                        <\/a>\n<\/div>\n<div class=\"wpsr-review-info\">\n                        <a class=\"wpsr-reviewer-name-url\" target=\"_blank\" rel=\"noopener noreferrer nofollow\" href=\"https:\/\/www.amazon.com\/The-Ancient-Egyptian-Metaphysical-Architecture\/dp\/B07YGYDVD1\/\"><br \/>\n    <span class=\"wpsr-reviewer-name\">AFT<\/span><br \/>\n    <\/a><\/p>\n<div data-rating=\"1\" class=\"wpsr-rating-wrapper wpsr-rating\">\n<div class=\"wpsr-star-container wpsr-star-background-filled\" style=\"--wpsr-review-star-fill: 100%;\">\n<div class=\"wpsr-star-empty\"><\/div>\n<div class=\"wpsr-star-filled\"><\/div>\n<\/p><\/div>\n<div class=\"wpsr-star-container wpsr-star-background-empty\" style=\"--wpsr-review-star-fill: 0%;\">\n<div class=\"wpsr-star-empty\"><\/div>\n<div class=\"wpsr-star-filled\"><\/div>\n<\/p><\/div>\n<div class=\"wpsr-star-container wpsr-star-background-empty\" style=\"--wpsr-review-star-fill: 0%;\">\n<div class=\"wpsr-star-empty\"><\/div>\n<div class=\"wpsr-star-filled\"><\/div>\n<\/p><\/div>\n<div class=\"wpsr-star-container wpsr-star-background-empty\" style=\"--wpsr-review-star-fill: 0%;\">\n<div class=\"wpsr-star-empty\"><\/div>\n<div class=\"wpsr-star-filled\"><\/div>\n<\/p><\/div>\n<div class=\"wpsr-star-container wpsr-star-background-empty\" style=\"--wpsr-review-star-fill: 0%;\">\n<div class=\"wpsr-star-empty\"><\/div>\n<div class=\"wpsr-star-filled\"><\/div>\n<\/p><\/div>\n<\/p><\/div>\n<p><span data-time=\"3 anni ago\" class=\"wpsr-review-date\"><br \/>\n     Maggio 1, 2023<\/span>                        <\/p><\/div>\n<div class=\"wpsr-reviews-content-footer\">\n<h3 class=\"wpsr-review-title\">\n    Metaphysical theories are  by definition unproven.<\/h3>\n<div class=\"wpsr-review-content\" tabindex=\"0\">\n<p class=\"wpsr_add_read_more wpsr_show_less_content\" data-num-words-trim=\"10\">Total nonsense and a waste of money. Now I have seen its content I have binned it because I would be ashamed to have it on my bookshelves. If you are genuinely interested in Ancient Egyptian Architecture and geometry the only useful content is a few plans that are easily available elsewhere. By definition metaphysical means unproven. <\/p>\n<\/p><\/div>\n<\/p><\/div>\n<\/p><\/div>\n<\/p><\/div>\n<\/div>\n<\/div>\n<div class=\"wpsr-swiper-carousel-wrapper\">\n<div class=\"wpsr-swiper-pagination swiper-pagination\"><\/div>\n<\/div>\n<\/div>\n<\/div>\n<\/div>\n<\/div>","protected":false},"featured_media":60014,"comment_status":"open","ping_status":"closed","template":"","meta":[],"product_brand":[],"product_cat":[95],"product_tag":[],"class_list":{"0":"post-60013","1":"product","2":"type-product","3":"status-publish","4":"has-post-thumbnail","6":"product_cat-current-editions-in-english-language","8":"first","9":"instock","10":"shipping-taxable","11":"product-type-simple"},"aioseo_notices":[],"_links":{"self":[{"href":"https:\/\/egyptianwisdomcenter.org\/it\/wp-json\/wp\/v2\/product\/60013","targetHints":{"allow":["GET"]}}],"collection":[{"href":"https:\/\/egyptianwisdomcenter.org\/it\/wp-json\/wp\/v2\/product"}],"about":[{"href":"https:\/\/egyptianwisdomcenter.org\/it\/wp-json\/wp\/v2\/types\/product"}],"replies":[{"embeddable":true,"href":"https:\/\/egyptianwisdomcenter.org\/it\/wp-json\/wp\/v2\/comments?post=60013"}],"wp:featuredmedia":[{"embeddable":true,"href":"https:\/\/egyptianwisdomcenter.org\/it\/wp-json\/wp\/v2\/media\/60014"}],"wp:attachment":[{"href":"https:\/\/egyptianwisdomcenter.org\/it\/wp-json\/wp\/v2\/media?parent=60013"}],"wp:term":[{"taxonomy":"product_brand","embeddable":true,"href":"https:\/\/egyptianwisdomcenter.org\/it\/wp-json\/wp\/v2\/product_brand?post=60013"},{"taxonomy":"product_cat","embeddable":true,"href":"https:\/\/egyptianwisdomcenter.org\/it\/wp-json\/wp\/v2\/product_cat?post=60013"},{"taxonomy":"product_tag","embeddable":true,"href":"https:\/\/egyptianwisdomcenter.org\/it\/wp-json\/wp\/v2\/product_tag?post=60013"}],"curies":[{"name":"wp","href":"https:\/\/api.w.org\/{rel}","templated":true}]}}