{"id":60026,"date":"2022-12-25T22:21:51","date_gmt":"2022-12-26T03:21:51","guid":{"rendered":"https:\/\/egyptianwisdomcenter.org\/?post_type=product&#038;p=60026"},"modified":"2024-01-29T07:55:37","modified_gmt":"2024-01-29T12:55:37","slug":"ancient-egyptian-universal-writing-modes","status":"publish","type":"product","link":"https:\/\/egyptianwisdomcenter.org\/it\/prodotto\/modalita-di-scrittura-universali-dellantico-egitto\/","title":{"rendered":"Modalit\u00e0 di scrittura universale dell&#039;antico Egitto"},"content":{"rendered":"<div class=\"collapsible-synopsis gizmo-collapsible-with-header show-teaser open\" data-kobo-gizmo=\"Collapsible.Synopsis\" data-kobo-gizmo-config=\"{ &quot;isOpen&quot;: {&quot;small&quot;: false, &quot;medium&quot;: false, &quot;large&quot;: false, &quot;jumbo&quot;: false}, &quot;name&quot;: &quot;AboutItem&quot;, &quot;toggleClass&quot; : &quot;toggle-button-hitbox&quot; }\" data-gid=\"g_20\">\n<div class=\"synopsis-description\" translate=\"no\">\n<p>Questo libro mostrer\u00e0 che la lingua alfabetica egiziana \u00e8 la MADRE e l&#039;origine di tutte le lingue; e come si \u00e8 diffuso fino a diventare altre &quot;lingue&quot; in tutto il mondo.<\/p>\n<p>Lo scopo di questo libro \u00e8 fornire un&#039;esposizione di questo tipo: un&#039;esposizione che, pur basandosi su una solida erudizione, presenti le questioni in un linguaggio comprensibile ai lettori non specialisti. I termini tecnici sono stati ridotti al minimo. Questi sono spiegati, nel modo meno tecnico possibile, nel glossario.<\/p>\n<p>Il libro \u00e8 diviso in sette parti per un totale di 24 capitoli, come segue:<\/p>\n<p>La Parte I. Negazione, distorsione e diversione \u00e8 composta da 3 capitoli: capitoli da 1 a 3:<\/p>\n<p>Capitolo 1: Il primato archetipico dell&#039;alfabeto egiziano mostrer\u00e0 il ruolo e la storia remota della scrittura delle forme delle lettere alfabetiche nell&#039;antico Egitto prima che in qualsiasi altro luogo sulla Terra.<\/p>\n<p>Capitolo 2: L\u2019occultamento dell\u2019alfabeto egiziano supremo mostrer\u00e0 l\u2019incredibile schema del mondo accademico occidentale volto a nascondere le forme delle lettere alfabetiche dell\u2019antico Egitto dalla loro posizione di rilievo nella storia della scrittura.<\/p>\n<p>Capitolo 3: La deviazione di una &quot;connessione fenicia&quot; proto-sinaitica scoprir\u00e0 tutti i fatti sull&#039;avere &quot;Fenici&quot; come inventori degli alfabeti sul suolo egiziano!<\/p>\n<p>Seconda parte. Formazione e forme degli scritti alfabetici egiziani ha 6 capitoli: capitoli da 4 a 9:<\/p>\n<p>Capitolo 4: Genesi delle lettere\/scritture alfabetiche egiziane confuter\u00e0 l&#039;ossessione infondata secondo cui le forme delle lettere alfabetiche derivavano da immagini; ed esplorer\u00e0 le differenze tra ideogrammi, segni e scrittura alfabetica.<\/p>\n<p>Capitolo 5: L&#039;organizzazione dei suoni egiziani delle lettere tratter\u00e0 le tre vocali primarie come originarie di tutti i suoni vocalici e delle consonanti associate.<\/p>\n<p>Capitolo 6: Gli stili di scrittura alfabetici egiziani risolver\u00e0 l&#039;attuale confusione comune degli stili di scrittura dell&#039;antico Egitto e imposter\u00e0 i due stili principali come onciali e corsivi.<\/p>\n<p>Il capitolo 7: La professione degli scribi egiziani coprir\u00e0 la gamma degli scritti egiziani; la professione degli scribi; Superfici e strumenti per scrivere; e la documentazione delle missioni ufficiali degli scribi egiziani.<\/p>\n<p>Capitolo 8: Forme di scrittura multiple di un singolo documento tratter\u00e0 la comunanza di avere diversi stili della stessa lingua su un singolo documento; e fornir\u00e0 esempi di molteplici forme di scrittura sui papiri egiziani di divinazione magica e sulle stele egiziane.<\/p>\n<p>Capitolo 9: Forme di scrittura multiple della Stele di Rosetta smascherer\u00e0 la totale travisamento delle tre forme di scrittura egiziane sulla Stele di Rosetta come (erroneamente) egiziane e &quot;greche&quot;!<\/p>\n<p>Parte III. Come l&#039;unica lingua mondiale \u00e8 diventata una moltitudine \u00e8 composta da cinque capitoli, dal 10 al 14:<\/p>\n<p>Capitolo 10: Il faro del mondo antico coprir\u00e0 gli insediamenti egiziani in tutto il mondo; Antico Egitto e i sette mari; L\u2019Antico Egitto come motore economico mondiale; la lingua egiziana dominante; e la lingua madre egiziana di tutte le famiglie linguistiche.<\/p>\n<p>Il Capitolo 11: Caratteristiche comuni del sistema di scrittura alfabetico dell&#039;antico Egitto descriver\u00e0 in dettaglio tali caratteristiche.<\/p>\n<p>Capitolo 12: Divergenza delle forme delle lettere degli alfabeti del mondo dalla sua origine egiziana tratter\u00e0 le variazioni apparenti delle forme delle lettere alfabetiche negli alfabeti del mondo dalla sua origine egiziana, oltre a fornire una panoramica delle 28 forme archetipiche delle lettere dell&#039;alfabeto egiziano e la loro divergenza in altre regioni del mondo.<\/p>\n<p>Capitolo 13: Divergenza del suono degli alfabeti del mondo dalla sua origine egiziana tratter\u00e0 le variazioni sistematiche del suono, nonch\u00e9 le cause e gli effetti della divergenza del suono dalla sua origine egiziana agli altri alfabeti del mondo.<\/p>\n<p>Capitolo 14: Designazioni sprezzanti di nuove lingue tratter\u00e0 di come una nuova lingua \u00e8 stata premiata come simbolo di identit\u00e0 per i vincitori di guerre e nuove religioni; cos\u00ec come le \u201cnuove\u201d lingue furono fabbricate dalle scritture egiziane.<\/p>\n<p>Parte IV. Le caratteristiche linguistiche primarie della lingua egiziana hanno un capitolo: il capitolo 15:<\/p>\n<p>Capitolo 15: Le caratteristiche linguistiche primarie della lingua egiziana tratter\u00e0 i quattro pilastri di una lingua; oltre a rivedere il lessico, la grammatica e la sintassi interconnessi del prototipo egiziano.<\/p>\n<p>La Parte V. Fuori dall&#039;Egitto: modelli di diffusione verso l&#039;Asia e l&#039;Africa \u00e8 composta da 5 capitoli: capitoli da 16 a 20:<\/p>\n<p>Il capitolo 16: L&#039;ebraico e Mos\u00e8 d&#039;Egitto mostrer\u00e0 l&#039;origine egiziana dell&#039;ebraico e l&#039;assenza di qualsiasi distinzione linguistica tra l&#039;ebraico e la lingua dell&#039;antico Egitto.<\/p>\n<p>Capitolo 17: L&#039;egemonia dell&#039;antico Egitto sui vicini asiatici discuter\u00e0 delle scritture trovate nell&#039;Arabia settentrionale e meridionale e chiarir\u00e0 tutte le differenze apparenti tra queste e il sistema di scrittura dell&#039;antico Egitto.<\/p>\n<p>Capitolo 18: The African Connections discuter\u00e0 la storia e i dettagli delle lingue etiopi e chiarir\u00e0 tutte le differenze apparenti tra loro e il sistema di scrittura dell&#039;antico Egitto.<\/p>\n<p>Il capitolo 19: Dall&#039;Egitto all&#039;India e oltre tratter\u00e0 i due principali stili di iscrizione nel subcontinente indiano; e chiarir\u00e0 tutte le differenze apparenti tra loro e il sistema di scrittura dell&#039;antico Egitto.<\/p>\n<p>Capitolo 20: Dall&#039;Egitto al bacino del Mar Nero [Georgia e Armenia] tratter\u00e0 le affinit\u00e0 linguistiche dall&#039;Asia centrale al bacino del Mar Nero; Antichi insediamenti egiziani nel bacino del Mar Nero; la preesistenza di alfabeti \u201carmeno\/georgiano\u201d nell&#039;Antico Egitto; e l&#039;identit\u00e0 del sistema di scrittura alfabetico dell&#039;antico Egitto con le successive &quot;lingue georgiane e armene&quot;.<\/p>\n<p>Parte VI. Fuori dall&#039;Egitto: modelli di diffusione verso l&#039;Europa ha due capitoli: capitoli 21 e 22:<\/p>\n<p>Capitolo 21: Greco: A Shameless Linguistic Heist riguarder\u00e0 il ruolo dei greci nell&#039;antico Egitto come guardie di sicurezza assoldate; la preesistenza delle forme alfabetiche proclamate \u201cgreche\u201d nel sistema dell\u2019Antico Egitto; rubare e postdatare le scritture egiziane per rinominarle \u201cgreche\u201d; e l&#039;assenza di qualsiasi distinzione linguistica tra il greco e la lingua dell&#039;antico Egitto.<\/p>\n<p>Capitolo 22: Le lingue europee tratter\u00e0 le lingue etrusca, latina e ispanica e l&#039;assenza di qualsiasi distinzione linguistica tra queste e la lingua dell&#039;antico Egitto.<\/p>\n<p>Parte VII. L\u2019Antico Futuro del Linguaggio Universale ha due capitoli: Capitoli 23 e 24:<\/p>\n<p>Capitolo 23: Lingua vocale alfabetica egiziana [passato, presente e futuro] tratter\u00e0 lo stato della lingua vocalica e scritta in Egitto e i piccoli cambiamenti avvenuti nel corso di migliaia di anni.<\/p>\n<p>Capitolo 24: Rinascimento e ricerca della lingua universale: l&#039;antico futuro tratter\u00e0 una panoramica dell&#039;incoerente sistema di scrittura fonetica della lingua inglese; la ricerca rinascimentale di un linguaggio universale; e come tale lingua, a detta di tutti, sia la lingua [antica] egiziana.<\/p>\n<\/div>\n<\/div>","protected":false},"excerpt":{"rendered":"<div class=\"fb-page\" data-href=\"https:\/\/www.facebook.com\/EgyptianUniversalWritingModes\" data-width=\"380\" data-hide-cover=\"false\" data-show-facepile=\"false\"><\/div>\n<p><span class=\"contributor-name-prefix\"><br \/>\ndi<\/span>\u00a0<span class=\"visible-contributors\"><a class=\"contributor-name\" translate=\"no\" href=\"https:\/\/egyptianwisdomcenter.org\/it\/di\/\" data-force-track=\"\" data-track-info=\"{&quot;description&quot;:&quot;authorSearch&quot;,&quot;author&quot;:&quot;Moustafa Gadalla&quot;}\">Mustafa Gadalla<\/a><\/span><\/p>\n<hr \/>\n<p><strong>BREVE DESCRIZIONE<\/strong><\/p>\n<p>Questo libro mostrer\u00e0 come gli egiziani avessero vari modi di scrittura per vari scopi, e come i modi egiziani fossero falsamente designati come \u201clingue separate\u201d appartenenti ad altri; la falsit\u00e0 di avere lingue diverse sulla Stele di Rosetta (e numerose altre simili); e valutazione delle forme di scrittura \u201cieratica\u201d e \u201cdemotica\u201d. Il libro evidenzier\u00e0 anche come la lingua alfabetica egiziana sia la MADRE e l&#039;origine di tutte le lingue (come confermato da tutti gli scrittori dell&#039;antichit\u00e0) e come questa lingua originale sia arrivata a essere chiamata greco, ebraico, arabo e altre &quot;lingue&quot; in tutto il mondo. attraverso il deterioramento dei valori sonori attraverso &quot;cambiamenti sonori&quot;, nonch\u00e9 il degrado straniero delle forme di scrittura egiziane originali.<\/p>\n<p><a href=\"https:\/\/egyptianwisdomcenter.org\/wp-content\/uploads\/2022\/12\/The-Ancient-Egyptian-Universal-Writing-Modes-sample.pdf\">Anteprima ora (PDF)<\/a><\/p>\n<hr \/>\n<p><center><br \/>\n<a class=\"button minimal\" href=\"https:\/\/books2read.com\/Ancient-Egyptian-Universal-Writing-Modes-by-Moustafa-Gadalla\">Visualizza le opzioni di acquisto<\/a><\/center><center><\/center>&nbsp;<\/p>\n<p><center><a href=\"https:\/\/www.amazon.com\/Ancient-Egyptian-Universal-Writing-Modes-ebook\/dp\/B071YDFBTW\/ref=sr_1_1?crid=39R6VV5CZ5190&amp;keywords=Ancient+Egyptian+Universal+Writing+Modes&amp;qid=1706532865&amp;s=digital-text&amp;sprefix=%2Cdigital-text%2C400&amp;sr=1-1#customerReviews\" target=\"_blank\" rel=\"noopener\"><img decoding=\"async\" class=\"alignnone size-full wp-image-68952\" src=\"https:\/\/egyptianwisdomcenter.org\/wp-content\/uploads\/2022\/12\/Reviews3.png\" alt=\"\" width=\"231\" height=\"41\" srcset=\"https:\/\/egyptianwisdomcenter.org\/wp-content\/uploads\/2022\/12\/Reviews3.png 231w, https:\/\/egyptianwisdomcenter.org\/wp-content\/uploads\/2022\/12\/Reviews3-18x3.png 18w\" sizes=\"(max-width: 231px) 100vw, 231px\" \/><\/a><\/center><\/p>","protected":false},"featured_media":60027,"comment_status":"open","ping_status":"closed","template":"","meta":[],"product_brand":[],"product_cat":[95],"product_tag":[],"class_list":{"0":"post-60026","1":"product","2":"type-product","3":"status-publish","4":"has-post-thumbnail","6":"product_cat-current-editions-in-english-language","8":"first","9":"instock","10":"shipping-taxable","11":"product-type-simple"},"aioseo_notices":[],"_links":{"self":[{"href":"https:\/\/egyptianwisdomcenter.org\/it\/wp-json\/wp\/v2\/product\/60026","targetHints":{"allow":["GET"]}}],"collection":[{"href":"https:\/\/egyptianwisdomcenter.org\/it\/wp-json\/wp\/v2\/product"}],"about":[{"href":"https:\/\/egyptianwisdomcenter.org\/it\/wp-json\/wp\/v2\/types\/product"}],"replies":[{"embeddable":true,"href":"https:\/\/egyptianwisdomcenter.org\/it\/wp-json\/wp\/v2\/comments?post=60026"}],"wp:featuredmedia":[{"embeddable":true,"href":"https:\/\/egyptianwisdomcenter.org\/it\/wp-json\/wp\/v2\/media\/60027"}],"wp:attachment":[{"href":"https:\/\/egyptianwisdomcenter.org\/it\/wp-json\/wp\/v2\/media?parent=60026"}],"wp:term":[{"taxonomy":"product_brand","embeddable":true,"href":"https:\/\/egyptianwisdomcenter.org\/it\/wp-json\/wp\/v2\/product_brand?post=60026"},{"taxonomy":"product_cat","embeddable":true,"href":"https:\/\/egyptianwisdomcenter.org\/it\/wp-json\/wp\/v2\/product_cat?post=60026"},{"taxonomy":"product_tag","embeddable":true,"href":"https:\/\/egyptianwisdomcenter.org\/it\/wp-json\/wp\/v2\/product_tag?post=60026"}],"curies":[{"name":"wp","href":"https:\/\/api.w.org\/{rel}","templated":true}]}}