{"id":60065,"date":"2022-12-25T22:36:07","date_gmt":"2022-12-26T03:36:07","guid":{"rendered":"https:\/\/egyptianwisdomcenter.org\/?post_type=product&#038;p=60065"},"modified":"2024-06-01T04:37:08","modified_gmt":"2024-06-01T08:37:08","slug":"the-enduring-ancient-egyptian-musical-system-theory-and-practice-second-edition","status":"publish","type":"product","link":"https:\/\/egyptianwisdomcenter.org\/it\/prodotto\/la-duratura-teoria-e-pratica-del-sistema-musicale-egiziano-seconda-edizione\/","title":{"rendered":"Il duraturo sistema musicale, teoria e pratica dell&#039;antico Egitto: seconda edizione"},"content":{"rendered":"<div class=\"collapsible-synopsis gizmo-collapsible-with-header show-teaser open\" data-kobo-gizmo=\"Collapsible.Synopsis\" data-kobo-gizmo-config=\"{ &quot;isOpen&quot;: {&quot;small&quot;: false, &quot;medium&quot;: false, &quot;large&quot;: false, &quot;jumbo&quot;: false}, &quot;name&quot;: &quot;AboutItem&quot;, &quot;toggleClass&quot; : &quot;toggle-button-hitbox&quot; }\" data-gid=\"g_20\">\n<div class=\"synopsis-description\" translate=\"no\">\n<p>Questa edizione ampliata del libro: The Enduring Ancient Egyptian Musical System \u00e8 divisa in sette parti contenenti un totale di 22 capitoli e cinque appendici.<\/p>\n<p>Parte I: Preludio \u00e8 composta da un capitolo:<\/p>\n<p>Capitolo 1: Il sistema musicale egiziano coprir\u00e0 una rapida panoramica del sistema musicale egiziano, come risulta evidente dai suoi ritrovamenti archeologici.<\/p>\n<p>Parte II: L&#039;Armonia delle Sfere \u00e8 composta da quattro capitoli, dal 2 al 5:<\/p>\n<p>Capitolo 2: Il Sistema Musicale Cosmico Archetipico tratter\u00e0 le basi e il ruolo dell&#039;armonia delle sfere nell&#039;adozione della scala musicale diatonica come sistema musicale archetipico.<\/p>\n<p>Capitolo 3: Musica sempre (24 ore, 7 giorni) tratter\u00e0 e spiegher\u00e0 le correlazioni tra le ore dei giorni della settimana e le corrispondenti note musicali.<\/p>\n<p>Capitolo 4: Energizzare la Settimana Diatonica tratter\u00e0 la scala musicale naturale, i suoi due centri energetici e la scala D dorica egiziana.<\/p>\n<p>Capitolo 5: Le Tre Componenti Armoniche tratter\u00e0 le basi primarie del canone armonico egiziano, le tre vocali\/suoni quantici primari e il nucleo musicale\/linguistico triadico.<\/p>\n<p>Parte III: Le note musicali \u00e8 composta da due capitoli: 6 e 7:<\/p>\n<p>Capitolo 6: I derivati della quinta perfetta tratter\u00e0 di come la progressione della quinta perfetta crea tutte le note musicali armoniche; e come la progressione naturale della Quinta Perfetta porti alla determinazione delle unit\u00e0 di misura musicali egiziane.<\/p>\n<p>Capitolo 7: L&#039;unit\u00e0 di misura musicale spiegher\u00e0 come le unit\u00e0 di misura musicali egiziane siano l&#039;unica unit\u00e0 di misura per tutti i toni armonici naturali: est e ovest; la sua applicazione alla scala doppia [autentica e plagale]; e la sua applicazione ai metodi ciclici e divisivi di accordatura degli strumenti.<\/p>\n<p>Parte IV: il codice egiziano della composizione musicale \u00e8 composto da sei capitoli, dall&#039;8 al 13:<\/p>\n<p>Capitolo 8: Le variet\u00e0 della struttura musicale tratter\u00e0 il sistema tonale generale, fornendo un esempio di una scala basata sulla struttura ciclica e un&#039;altra basata sulla struttura divisiva.<\/p>\n<p>Capitolo 9: Modi e forme strutturali musicali tratter\u00e0 l&#039;etica musicale: stati d&#039;animo e modi e le caratteristiche progettuali di base generali dei modi.<\/p>\n<p>Capitolo 10: I testi musicali tratter\u00e0 i temi musicali vocali egiziani; e le parti principali dei suoni (vocali) generati dall&#039;uomo e il loro equivalente negli strumenti musicali.<\/p>\n<p>Capitolo 11: Il linguaggio fluido della\/e della musica riguarder\u00e0 l&#039;intima relazione tra la lingua alfabetica egiziana e il sistema musicale; il significato della musicalit\u00e0 nella letteratura dell&#039;Antico Egitto; l&#039;utilizzo delle lettere come note musicali; la modulazione dei singoli valori sonori; e le intime relazioni tra la pulsazione musicale e il flusso ritmico dei flussi di sillabe.<\/p>\n<p>Capitolo 12: La performance musicale tratter\u00e0 il significato e il ruolo delle dita e delle nocche nella produzione e nella direzione di performance musicali; cos\u00ec come i vari metodi per mantenere il tempo\/tempo ritmico, incluso l&#039;uso delle sillabe.<\/p>\n<p>Capitolo 13: Il sistema di scrittura tonale egiziano tratter\u00e0 la preminenza delle scritture tonali dell&#039;antico Egitto nonch\u00e9 le principali componenti di scrittura dei testi lirici\/musicali.<\/p>\n<p>Parte V: Gli strumenti musicali egiziani \u00e8 composta da quattro capitoli, da 14 a 17:<\/p>\n<p>Capitolo 14: La ricchezza degli strumenti tratter\u00e0 le caratteristiche generali degli strumenti egiziani e i componenti principali dell&#039;orchestra musicale.<\/p>\n<p>Capitolo 15: Strumenti a corda tratter\u00e0 vari strumenti a corda dell&#039;antico Egitto come lire, tri-gonon (cetra), arpe (comprese le tecniche di esecuzione); Le capacit\u00e0 onnicomprensive della musica antica; strumenti a corda con manico come il Liuto a manico corto; le chitarre egiziane dal manico lungo; e strumenti ad arco [Kamanga, Rababa].<\/p>\n<p>Capitolo 16: Strumenti a fiato tratter\u00e0 del flauto soffiato; flauto traverso; flauto di Pan; canna ad ancia singola (clarinetto); doppio tubo; doppio clarinetto; doppio oboe; arghol; altri (cornamusa e organo); e corni\/trombe.<\/p>\n<p>Il capitolo 17: Strumenti a percussione tratter\u00e0 gli strumenti membranofoni come tamburi e tamburelli; e gli strumenti non membranofoni (idiofoni) come bacchette per percussioni, batacchi, sistri\/sistri, piatti, nacchere, campane (carillon), xilofono e glockenspiel e parti umane (mani, dita, cosce, piedi, ecc.).<\/p>\n<p>La Parte VI: Mantenere i ritmi celesti \u00e8 composta da quattro capitoli, dal 18 al 21:<\/p>\n<p>Capitolo 18: L&#039;Armonia Universale tratter\u00e0 il ruolo della musica nel mantenimento dell&#039;equilibrio universale; il significato dell&#039;alternanza di temi esecutivi di polarit\u00e0 equilibrata; e le suite musicali doriche.<\/p>\n<p>Capitolo 19: Danza ritmica tratter\u00e0 il significato della danza, nonch\u00e9 i tipi e le formazioni di danza.<\/p>\n<p>Il capitolo 20: Le Pratiche Armoniche riguarder\u00e0 la professione dei musicisti nell&#039;Antico (e attuale) Egitto; le attivit\u00e0 musicali del tempio; e le applicazioni della musica in varie attivit\u00e0 pubbliche.<\/p>\n<p>Capitolo 21: L&#039;Uomo dal Suono Armonico tratter\u00e0 dell&#039;applicazione della musica nelle varie fasi della vita umana, dalla culla alla tomba.<\/p>\n<p>Parte VII: Postludio \u00e8 composta da un capitolo: 22:<\/p>\n<p>Capitolo 22: E il ritmo continua tratter\u00e0 della persistenza delle tradizioni musicali dell&#039;antico Egitto fino ai giorni nostri.<\/p>\n<p>Le appendici da A a E forniscono approfondimenti su alcuni argomenti discussi nei vari capitoli.<\/p>\n<\/div>\n<\/div>","protected":false},"excerpt":{"rendered":"<div class=\"fb-page\" data-href=\"https:\/\/www.facebook.com\/AncientEgyptianMusicalSystem\" data-width=\"380\" data-hide-cover=\"false\" data-show-facepile=\"false\"><\/div>\n<p><span class=\"contributor-name-prefix\"><br \/>\ndi<\/span>\u00a0<span class=\"visible-contributors\"><a class=\"contributor-name\" translate=\"no\" href=\"https:\/\/egyptianwisdomcenter.org\/it\/di\/\" data-force-track=\"\" data-track-info=\"{&quot;description&quot;:&quot;authorSearch&quot;,&quot;author&quot;:&quot;Moustafa Gadalla&quot;}\">Mustafa Gadalla<\/a><\/span><\/p>\n<hr \/>\n<p><strong>BREVE DESCRIZIONE<\/strong><\/p>\n<p>Questa nuova edizione ampliata spiega le radici cosmiche delle forme ritmiche musicali e vocali egiziane. Impara i fondamenti (teoria e pratica) della musica nel tipico modo egiziano: semplice, coerente e completo. Fornisce discussioni e dettagli di un inventario degli strumenti musicali dell&#039;antico Egitto spiegandone le gamme e le tecniche di esecuzione. Discute anche della danza ritmica egiziana e delle pratiche armoniche musicali degli antichi egizi e altri articoli vari.<\/p>\n<p><a href=\"https:\/\/egyptianwisdomcenter.org\/wp-content\/uploads\/2022\/12\/The-Enduring-Ancient-Egyptian-Musical-System-Theory-and-Practice-sample.pdf\">Anteprima ora (PDF)<\/a><\/p>\n<hr \/>\n<p><center><br \/>\n<a class=\"button minimal\" href=\"https:\/\/books2read.com\/u\/3GPAXp\" target=\"_blank\" rel=\"noopener\">Visualizza le opzioni di acquisto<\/a><\/center><center><br \/>\n<a href=\"https:\/\/www.amazon.com\/Enduring-Ancient-Egyptian-Musical-System-ebook\/dp\/B071R6CJZH#customerReviews\" target=\"_blank\" rel=\"noopener\"><img decoding=\"async\" class=\"alignnone size-full wp-image-68951\" src=\"https:\/\/egyptianwisdomcenter.org\/wp-content\/uploads\/2022\/12\/Reviews2.png\" alt=\"\" width=\"230\" height=\"38\" srcset=\"https:\/\/egyptianwisdomcenter.org\/wp-content\/uploads\/2022\/12\/Reviews2.png 230w, https:\/\/egyptianwisdomcenter.org\/wp-content\/uploads\/2022\/12\/Reviews2-18x3.png 18w\" sizes=\"(max-width: 230px) 100vw, 230px\" \/><\/a><\/center><\/p>","protected":false},"featured_media":60066,"comment_status":"open","ping_status":"closed","template":"","meta":[],"product_brand":[],"product_cat":[95],"product_tag":[],"class_list":{"0":"post-60065","1":"product","2":"type-product","3":"status-publish","4":"has-post-thumbnail","6":"product_cat-current-editions-in-english-language","8":"first","9":"instock","10":"shipping-taxable","11":"product-type-simple"},"aioseo_notices":[],"_links":{"self":[{"href":"https:\/\/egyptianwisdomcenter.org\/it\/wp-json\/wp\/v2\/product\/60065","targetHints":{"allow":["GET"]}}],"collection":[{"href":"https:\/\/egyptianwisdomcenter.org\/it\/wp-json\/wp\/v2\/product"}],"about":[{"href":"https:\/\/egyptianwisdomcenter.org\/it\/wp-json\/wp\/v2\/types\/product"}],"replies":[{"embeddable":true,"href":"https:\/\/egyptianwisdomcenter.org\/it\/wp-json\/wp\/v2\/comments?post=60065"}],"wp:featuredmedia":[{"embeddable":true,"href":"https:\/\/egyptianwisdomcenter.org\/it\/wp-json\/wp\/v2\/media\/60066"}],"wp:attachment":[{"href":"https:\/\/egyptianwisdomcenter.org\/it\/wp-json\/wp\/v2\/media?parent=60065"}],"wp:term":[{"taxonomy":"product_brand","embeddable":true,"href":"https:\/\/egyptianwisdomcenter.org\/it\/wp-json\/wp\/v2\/product_brand?post=60065"},{"taxonomy":"product_cat","embeddable":true,"href":"https:\/\/egyptianwisdomcenter.org\/it\/wp-json\/wp\/v2\/product_cat?post=60065"},{"taxonomy":"product_tag","embeddable":true,"href":"https:\/\/egyptianwisdomcenter.org\/it\/wp-json\/wp\/v2\/product_tag?post=60065"}],"curies":[{"name":"wp","href":"https:\/\/api.w.org\/{rel}","templated":true}]}}