{"id":61940,"date":"2023-01-06T15:26:50","date_gmt":"2023-01-06T20:26:50","guid":{"rendered":"https:\/\/egyptianwisdomcenter.org\/?post_type=product&#038;p=61940"},"modified":"2024-05-30T11:57:23","modified_gmt":"2024-05-30T15:57:23","slug":"die-metaphysische-sprache-der-aegyptischen-hieroglyphen","status":"publish","type":"product","link":"https:\/\/egyptianwisdomcenter.org\/it\/prodotto\/die-metaphysische-sprache-der-aegyptischen-hieroglyphen\/","title":{"rendered":"Die Metaphysische Sprache Der \u00c4gyptischen Hieroglyphen"},"content":{"rendered":"<p><strong>LANGE BESCHREIBUNG<\/strong><\/p>\n<p>Dieses Buch ist in 8 Kapitel unterteilt.<\/p>\n<p>Kapitel 1: Der historische Schwindel mit der (alten) \u00e4gyptischen Linguistik wird die absichtliche Verwirrung hinsichtlich der Fehlinterpretation der \u00e4gyptischen Hieroglyphen als eine primitive Schriftform mit individuellen Lautwerten kl\u00e4ren. Die \u00e4gyptischen Hieroglyphen sind Ideogramme, die v\u00f6llig verschieden sind und nichts mit dem \u00e4gyptischen Alphabet zu tun haben.<\/p>\n<p>Kapitel 2: Die wissenschaftlichen\/metaphysischen Realit\u00e4ten der bildhaften Darstellungen (Hieroglyphen) erkl\u00e4rt, wie die Menschen die Informationen verarbeiten, die ihr Gehirn mittels visualisierter Bilder durch ihre f\u00fcnf Sinne erh\u00e4lt; wie jedes Hieroglyphenbild imitative und symbolische (fig\u00fcrliche und allegorische) Bedeutungen besitzt; die \u00dcbereinstimmung der mehrfachen Bedeutung jedes Bildes mit der modernen Wissenschaft; und wie eine Bilderreihe im Bewusstsein gleich verarbeitet wird wie ein Traum.<\/p>\n<p>Kapitel 3: \u00c4gyptische Hieroglyphenbilddarstellung der Gedanken erkl\u00e4rt, wie \u00e4gyptische Hieroglyphenbilder metaphysische Konzepte darstellen; die Beziehung zwischen ihren Funktionen und geometrischen Formen und ein \u00dcberblick \u00fcber die \u00e4gyptische Bildung solcher Ideogramme.<\/p>\n<p>Kapitel 4: Tierische Hieroglyphenbilder erkl\u00e4rt die metaphysische Bedeutung solcher Bilder und beleuchtet die Bedeutung der mehr als 30 betroffenen \u00e4gyptischen Hieroglyphenbilder.<\/p>\n<p>Kapitel 5: Menschliche Hieroglyphenbilder mit menschlichen und tierischen K\u00f6pfen erkl\u00e4rt die metaphysische Bedeutung solcher Bilder und beleuchtet die Tragweite von ungef\u00e4hr 10 diesbez\u00fcglichen \u00e4gyptischen Hieroglyphenbildern.<\/p>\n<p>Kapitel 6: Hieroglyphenbilder menschlicher K\u00f6rperteile erkl\u00e4rt die metaphysische Bedeutung solcher Bilder und beleuchtet die Signifikanz von mehr als 10 betroffenen \u00e4gyptischen Hieroglyphenbildern.<\/p>\n<p>Kapitel 7: Hieroglyphenbilder nat\u00fcrlicher und geometrischer Formen erkl\u00e4rt die metaphysische Bedeutung solcher Bilder und beleuchtet die Wichtigkeit von mehr als 10 betroffenen \u00e4gyptischen Hieroglyphenbildern.<\/p>\n<p>Kapitel 8: Hieroglyphenbilder von Menschen geschaffener Objekte erkl\u00e4rt die metaphysische Bedeutung solcher Bilder und beleuchtet die Wichtigkeit von ungef\u00e4hr 20 betroffenen \u00e4gyptischen Hieroglyphenbildern.<\/p>","protected":false},"excerpt":{"rendered":"<p>von <a href=\"https:\/\/egyptianwisdomcenter.org\/de\/uber-mich\/\">Mustafa Gadalla<\/a><\/p>\n<hr \/>\n<p><strong>Zusammenfassung<\/strong><\/p>\n<p>Das ins Deutsche \u00fcbersetzte Buch behandelt die \u00e4gyptischen Hieroglyphen und ihre metaphysische Bildsprache \u2013 die Sprache des Geistes\/Intellekts\/G\u00f6ttlichen; die wissenschaftlichen\/metaphysischen Realit\u00e4ten der bildlichen Darstellungen (Hieroglyphen) als das ultimative Medium f\u00fcr das menschliche Bewusstsein, welches die Bedeutung solcher Bilder interpretiert, verarbeitet und deren Bedeutung beibeh\u00e4lt; wie jedes hieroglyphische Bild eine nachahmende und symbolische (figurative und allegorische) Bedeutung besitzt; die \u00dcbereinstimmung der modernen Wissenschaft dieser mehrfachen Bedeutungen jedes Bildes; wie \u00e4gyptische Hieroglyphenbilder metaphysische Konzepte darstellen; die metaphysische Bedeutung einer Bandbreite von etwa 80 \u00e4gyptischen Hieroglyphenbildern.<\/p>\n<p><a href=\"https:\/\/egyptianwisdomcenter.org\/wp-content\/uploads\/2023\/01\/Die-metaphysische-Sprache-der-agyptischen-Hieroglyphen-1476284940.pdf\">Vorschau jetzt (PDF)<\/a><\/p>\n<hr \/>\n<p><center><br \/>\n<a class=\"button minimal\" href=\"https:\/\/books2read.com\/u\/bPwXBR\">Kaufoptionen anzeigen<\/a><\/center><center><\/center><center><\/p>\n<div id='wpsr-reviews-slider-69141' class='wpsr-reviews-69141  wpsr-reviews-wrapper wpsr-feed-wrap wpsr_content  wpsr-reviews-slider-wrapper   wpsr-reviews-template-grid2 wpsr-reviews-layout-slider wpsr-header-enable' data-column='4' data-platforms='amazon' data-slider_settings='{&quot;autoplay&quot;:&quot;false&quot;,&quot;autoplay_speed&quot;:3000,&quot;slides_to_show&quot;:3,&quot;spaceBetween&quot;:20,&quot;responsive_slides_to_show&quot;:{&quot;desktop&quot;:2,&quot;tablet&quot;:2,&quot;mobile&quot;:1},&quot;slides_to_scroll&quot;:3,&quot;responsive_slides_to_scroll&quot;:{&quot;desktop&quot;:5,&quot;tablet&quot;:2,&quot;mobile&quot;:1},&quot;navigation&quot;:&quot;dot&quot;}'>\n<div class=\"wpsr-container wpsr-fixed-height\" style=\"\" >\n<div class=\"wpsr-business-info-wrapper\">\n<div class=\"wpsr-row\">\n<div class=\"wpsr-business-info  amazon\">\n<div class=\"wpsr-business-info-left\">\n<div class=\"wpsr-business-info-paltforms\"><img decoding=\"async\" src=\"https:\/\/egyptianwisdomcenter.org\/wp-content\/plugins\/wp-social-reviews\/assets\/images\/icon\/icon-amazon.png\" alt=\"amazon\"><\/div>\n<div class=\"wpsr-rating-and-count\"><span class=\"wpsr-total-rating\">4.3<\/span><span class=\"wpsr-rating\"><\/p>\n<div class=\"wpsr-star-container wpsr-star-background-filled\" style=\"--wpsr-review-star-fill: 100%;\">\n<div class=\"wpsr-star-empty\"><\/div>\n<div class=\"wpsr-star-filled\"><\/div>\n<\/p><\/div>\n<div class=\"wpsr-star-container wpsr-star-background-filled\" style=\"--wpsr-review-star-fill: 100%;\">\n<div class=\"wpsr-star-empty\"><\/div>\n<div class=\"wpsr-star-filled\"><\/div>\n<\/p><\/div>\n<div class=\"wpsr-star-container wpsr-star-background-filled\" style=\"--wpsr-review-star-fill: 100%;\">\n<div class=\"wpsr-star-empty\"><\/div>\n<div class=\"wpsr-star-filled\"><\/div>\n<\/p><\/div>\n<div class=\"wpsr-star-container wpsr-star-background-filled\" style=\"--wpsr-review-star-fill: 100%;\">\n<div class=\"wpsr-star-empty\"><\/div>\n<div class=\"wpsr-star-filled\"><\/div>\n<\/p><\/div>\n<div class=\"wpsr-star-container wpsr-star-background-filled\" style=\"--wpsr-review-star-fill: 30%;\">\n<div class=\"wpsr-star-empty\"><\/div>\n<div class=\"wpsr-star-filled\"><\/div>\n<\/p><\/div>\n<p><\/span><\/p>\n<div class=\"wpsr-total-reviews\">Based on <span>10<\/span> Reviews<\/div>\n<\/div>\n<\/div>\n<div class=\"wpsr-business-info-right\">\n<div class=\"wpsr-write-review-modal-wrapper\"><\/div>\n<\/div>\n<\/div>\n<\/div>\n<\/div>\n<div class=\"wpsr-row\" style=\"\">\n<div class=\"wpsr-reviews-slider-wrapper-inner\">\n<div class=\"wpsr-reviews-slider swiper-container wpsr-ai-summary-enabled-slider\" tabindex=\"0\">\n<div class=\"swiper-wrapper\">\n<div class=\"swiper-slide\" role=\"group\">\n<div class=\"wpsr-review-template wpsr-review-template-two wpsr-review-template-amazon\"\n                 style=\"\"\n                 data-index=\"0\"\n                 data-source_id=\"B0727RBFKL\"\n                 data-media_id=\"\"\n                 data-review_platform=\"amazon\"\n                 data-product_thumbnail=\"\"\n                 data-product_name=\"\"\n                 data-image_resize=\"full\"\n            ><\/p>\n<div class=\"wpsr-review-platform\">\n                <img decoding=\"async\" class=\"wpsr-review-platform-icon\" width=\"20\" height=\"20\" src=\"https:\/\/egyptianwisdomcenter.org\/wp-content\/plugins\/wp-social-reviews\/assets\/images\/icon\/icon-amazon-small.png\" alt=\"amazon\">\n    <\/div>\n<div class=\"wpsr-reviewer-image\">\n    <a class=\"wpsr-reviewer-image-url\" target=\"_blank\" rel=\"noopener noreferrer nofollow\" href=\"https:\/\/www.amazon.com\/-\/es\/Moustafa-Gadalla-ebook\/dp\/B0727RBFKL\"><br \/>\n                                    <img decoding=\"async\" class=\"wpsr-reviewer-avatar\" src=\"https:\/\/images-eu.ssl-images-amazon.com\/images\/S\/amazon-avatars-global\/dbf0b147-fbdf-4c38-bc37-e486341b0eb4._CR0,0,375,375_SX48_.jpg\" alt=\"Florian K.\"\/><br \/>\n                        <\/a>\n<\/div>\n<div class=\"wpsr-review-info\">\n                        <a class=\"wpsr-reviewer-name-url\" target=\"_blank\" rel=\"noopener noreferrer nofollow\" href=\"https:\/\/www.amazon.com\/-\/es\/Moustafa-Gadalla-ebook\/dp\/B0727RBFKL\"><br \/>\n    <span class=\"wpsr-reviewer-name\">Florian K.<\/span><br \/>\n    <\/a><\/p>\n<div data-rating=\"5\" class=\"wpsr-rating-wrapper wpsr-rating\">\n<div class=\"wpsr-star-container wpsr-star-background-filled\" style=\"--wpsr-review-star-fill: 100%;\">\n<div class=\"wpsr-star-empty\"><\/div>\n<div class=\"wpsr-star-filled\"><\/div>\n<\/p><\/div>\n<div class=\"wpsr-star-container wpsr-star-background-filled\" style=\"--wpsr-review-star-fill: 100%;\">\n<div class=\"wpsr-star-empty\"><\/div>\n<div class=\"wpsr-star-filled\"><\/div>\n<\/p><\/div>\n<div class=\"wpsr-star-container wpsr-star-background-filled\" style=\"--wpsr-review-star-fill: 100%;\">\n<div class=\"wpsr-star-empty\"><\/div>\n<div class=\"wpsr-star-filled\"><\/div>\n<\/p><\/div>\n<div class=\"wpsr-star-container wpsr-star-background-filled\" style=\"--wpsr-review-star-fill: 100%;\">\n<div class=\"wpsr-star-empty\"><\/div>\n<div class=\"wpsr-star-filled\"><\/div>\n<\/p><\/div>\n<div class=\"wpsr-star-container wpsr-star-background-filled\" style=\"--wpsr-review-star-fill: 100%;\">\n<div class=\"wpsr-star-empty\"><\/div>\n<div class=\"wpsr-star-filled\"><\/div>\n<\/p><\/div>\n<\/p><\/div>\n<p><span data-time=\"8 anni ago\" class=\"wpsr-review-date\"><br \/>\n     Agosto 2, 2018<\/span>                        <\/p><\/div>\n<div class=\"wpsr-reviews-content-footer\">\n<h3 class=\"wpsr-review-title\">\n    Sehr interessantes Buch mit Hintergrundinformationen<\/h3>\n<div class=\"wpsr-review-content\" tabindex=\"0\">\n<p class=\"wpsr_add_read_more wpsr_show_less_content\" data-num-words-trim=\"10\">Mal eine ganz andere Sichtweise auf das alte \u00c4gypten &#8211; v.a. im Bezug auf dessen Schrift. Sehr interessant &#8211; deckt sich mit vielem, was ich schon vorher \u00fcber die Hyroglyphen geh\u00f6rt habe.<br \/>\nJe mehr man versteht &#8211; desto mehr Zusammenh\u00e4nge erschlie\u00dfen sich einem &#8211; wenn das stimmt, richtig genial!<br \/>\nUnd nat\u00fcrlich nebenbei bemerkt wieder einmal einer der gr\u00f6\u00dften Skandale in der herk\u00f6mmlichen Schulwissenschaft.<br \/>\nSpannend das zu lesen &#8211; noch spannender das zu publizieren!<br \/>\nEs sollten mehr Leute davon wissen! <\/p>\n<\/p><\/div>\n<\/p><\/div>\n<\/p><\/div>\n<\/p><\/div>\n<\/div>\n<\/div>\n<div class=\"wpsr-swiper-carousel-wrapper\">\n<div class=\"wpsr-swiper-pagination swiper-pagination\"><\/div>\n<\/div>\n<\/div>\n<\/div>\n<\/div>\n<\/div>\n<p><\/center><\/p>","protected":false},"featured_media":61941,"comment_status":"open","ping_status":"closed","template":"","meta":[],"product_brand":[],"product_cat":[104,105],"product_tag":[],"class_list":{"0":"post-61940","1":"product","2":"type-product","3":"status-publish","4":"has-post-thumbnail","6":"product_cat-deutsch","7":"product_cat-deutsche-ausgabe","9":"first","10":"instock","11":"shipping-taxable","12":"product-type-simple"},"aioseo_notices":[],"_links":{"self":[{"href":"https:\/\/egyptianwisdomcenter.org\/it\/wp-json\/wp\/v2\/product\/61940","targetHints":{"allow":["GET"]}}],"collection":[{"href":"https:\/\/egyptianwisdomcenter.org\/it\/wp-json\/wp\/v2\/product"}],"about":[{"href":"https:\/\/egyptianwisdomcenter.org\/it\/wp-json\/wp\/v2\/types\/product"}],"replies":[{"embeddable":true,"href":"https:\/\/egyptianwisdomcenter.org\/it\/wp-json\/wp\/v2\/comments?post=61940"}],"wp:featuredmedia":[{"embeddable":true,"href":"https:\/\/egyptianwisdomcenter.org\/it\/wp-json\/wp\/v2\/media\/61941"}],"wp:attachment":[{"href":"https:\/\/egyptianwisdomcenter.org\/it\/wp-json\/wp\/v2\/media?parent=61940"}],"wp:term":[{"taxonomy":"product_brand","embeddable":true,"href":"https:\/\/egyptianwisdomcenter.org\/it\/wp-json\/wp\/v2\/product_brand?post=61940"},{"taxonomy":"product_cat","embeddable":true,"href":"https:\/\/egyptianwisdomcenter.org\/it\/wp-json\/wp\/v2\/product_cat?post=61940"},{"taxonomy":"product_tag","embeddable":true,"href":"https:\/\/egyptianwisdomcenter.org\/it\/wp-json\/wp\/v2\/product_tag?post=61940"}],"curies":[{"name":"wp","href":"https:\/\/api.w.org\/{rel}","templated":true}]}}