{"id":62434,"date":"2023-01-09T11:26:32","date_gmt":"2023-01-09T16:26:32","guid":{"rendered":"https:\/\/egyptianwisdomcenter.org\/?post_type=product&#038;p=62434"},"modified":"2024-06-01T05:09:23","modified_gmt":"2024-06-01T09:09:23","slug":"alla-riscoperta-delle-piramidi-egizie","status":"publish","type":"product","link":"https:\/\/egyptianwisdomcenter.org\/it\/prodotto\/alla-riscoperta-delle-piramidi-egizie\/","title":{"rendered":"Alla Riscoperta Delle Piramidi Egizie"},"content":{"rendered":"<p><strong>Descrizione Completa<\/strong><\/p>\n<p>Illustrazioni dettagliate degli interni ed esterni delle piramidi, costruzione e loro veri scopi.<\/p>\n<p>Il libro fornisce informazioni sulle piramidi dell\u2019Antico Egitto nella Piana di Giza, cos\u00ec come sulla piramide a gradoni di Djoser a Saqqara, e sulle tre piramidi di Snefru costruite prima delle piramidi di Giza. Nel libro si parla di: posizioni e dimensioni degli interni e degli esterni di queste piramidi; storia e costruttori delle piramidi; teorie di costruzione; teorie sul loro scopo e sulla loro funzione; la geometria sacra inserita nella progettazione delle piramidi, e molto altro. Vengono trattati anche i Testi delle Piramidi e le opere dei grandi faraoni successivi a quelli dell\u2019Et\u00e0 delle Piramidi.<\/p>\n<p>Questo volume \u00e8 composto da sette parti completamente illustrate, per un totale di 18 capitoli.<\/p>\n<p>Parte I: Panoramica comprende due capitoli, 1 e 2, con i seguenti contenuti:<\/p>\n<p>Capitolo 1: Il contesto fornisce una breve introduzione sulle \u201cteorie\u201d pi\u00f9 comuni e sugli elementi contrastanti basati su fatti reali.<\/p>\n<p>Capitolo 2: Le vere piramidi in muratura fornisce un elenco delle piramidi egizie costruite durante la IV dinastia, circa 4.500 anni fa.<\/p>\n<p>Parte II: Piramidi vs tombe comprende due capitoli, 3 e 4, con i seguenti contenuti:<\/p>\n<p>Capitolo 3: La \u201cpiramide\u201d a gradoni di Djoser fornisce dettagli sulla sua sovrastruttura e sulle camere sotterranee.<\/p>\n<p>Capitolo 4: Le finte tombe illustra le caratteristiche di una tipica tomba dell\u2019Antico Egitto e come gli interni si differenziano totalmente da quelli delle piramidi egizie in muratura della IV dinastia.<\/p>\n<p>Parte III: Piramidi \u2013 Funzioni e forme comprende due capitoli, 5 e 6, con i seguenti contenuti:<\/p>\n<p>Capitolo 5: Il complesso delle piramidi spiega come la piramide egizia fosse un elemento di un complesso collegato ad altri templi. Illustra inoltre le diverse funzioni e forme di una piramide e di un tempio; cos\u00ec come l\u2019equilibrio dinamico di tali strutture.<\/p>\n<p>Capitolo 6: Il potere della piramide analizza le varie forme delle piramidi egizie in muratura, e il modo in cui tali forme attraggono, mantengono e canalizzano le energie cosmiche.<\/p>\n<p>Parte IV: Tecniche di costruzione della piramide comprende due capitoli, 7 e 8, con i seguenti contenuti:<\/p>\n<p>Capitolo 7: La lacunosa \u201cteoria comune\u201d esamina le caratteristiche della \u201cteoria\u201d comune; la \u201cprovenienza\u201d sconosciuta delle pietre estratte; l\u2019impossibilit\u00e0 di tagliare e dare forma ai blocchi per la piramide; la logistica impossibile della teoria di fabbricazione delle rampe; la convenienza di ignorare le tre immense piramidi di Snefru; e una conclusione che confuta la \u201cteoria comune\u201d del mondo occidentale.<\/p>\n<p>Capitolo 8: I fatti materiali comprende i racconti di Erodoto della costruzione delle piramidi; le tecniche egizie di modellatura; le differenze tra pietra sintetica e naturale; i vari tipi di blocchi di calcestruzzo sintetico; le peculiarit\u00e0 del rivestimento in pietra delle piramidi; altri fatti probatori sui blocchi sintetici delle piramidi. Il libro porta inoltre alla luce particolari ancora pi\u00f9 clamorosi sulle precedenti e incredibili opere di muratura a Saqqara.<\/p>\n<p>Parte V: Le tre piramidi di Snefru consta di tre capitoli, dal 9 all\u201911, con i seguenti contenuti:<\/p>\n<p>Capitolo 9: La piramide di Meidum fornisce informazioni dettagliate sugli esterni e sugli interni.<\/p>\n<p>Capitolo 10: La piramide romboidale di Snefru fornisce informazioni dettagliate sugli esterni e sugli interni.<\/p>\n<p>Capitolo 11: La piramide rossa di Snefru fornisce informazioni dettagliate sugli esterni e sugli interni.<\/p>\n<p>Parte VI: Le tre piramidi di Giza comprende quattro capitoli, dal 12 al 15, con i seguenti contenuti:<\/p>\n<p>Capitolo 12: L\u2019Altopiano di Giza fornisce uno schema generale dei principali punti di interesse dell\u2019Altopiano di Giza.<\/p>\n<p>Capitolo 13: La Grande Piramide di Cheope ne tratta in modo dettagliato gli esterni e gli interni.<\/p>\n<p>Capitolo 14: La Piramide di Chefren ne tratta in modo dettagliato gli esterni e gli interni.<\/p>\n<p>Capitolo 15: La Piramide di Micerino ne tratta in modo dettagliato gli esterni e gli interni.<\/p>\n<p>Parte VII: Dopo le piramidi comprende tre capitoli, dal 16 al 18, con i seguenti contenuti:<\/p>\n<p>Capitolo 16: Missione compiuta rivela gli obiettivi degli Egizi nella costruzione delle piramidi.<\/p>\n<p>Capitolo 17: I Testi delle \u201cPiramidi\u201d tratta il motivo dell\u2019impropria caratterizzazione di tali testi fatta dal mondo occidentale.<\/p>\n<p>Capitolo 18: I pi\u00f9 grandi faraoni del dopo fornisce descrizioni sui faraoni successivi pi\u00f9 potenti e grandi costruttori, che non eressero mai una piramide perch\u00e9 i veri obiettivi della loro costruzione sono stati raggiunti durante la IV dinastia.<\/p>","protected":false},"excerpt":{"rendered":"<p>di <a href=\"https:\/\/egyptianwisdomcenter.org\/it\/chi-siamo\/\">Mustafa Gadalla<\/a><\/p>\n<hr \/>\n<p><strong>Riepilogo<\/strong><\/p>\n<p>Illustrazioni dettagliate degli interni ed esterni delle piramidi, costruzione e loro veri scopi.<\/p>\n<p>Il libro fornisce informazioni sulle piramidi dell\u2019Antico Egitto nella Piana di Giza, cos\u00ec come sulla piramide a gradoni di Djoser a Saqqara, e sulle tre piramidi di Snefru costruite prima delle piramidi di Giza. Nel libro si parla di: posizioni e dimensioni degli interni e degli esterni di queste piramidi; storia e costruttori delle piramidi; teorie di costruzione; teorie sul loro scopo e sulla loro funzione; la geometria sacra inserita nella progettazione delle piramidi, e molto altro. Vengono trattati anche i Testi delle Piramidi e le opere dei grandi faraoni successivi a quelli dell\u2019Et\u00e0 delle Piramidi.<\/p>\n<hr \/>\n<p><center><br \/>\n<a class=\"button minimal\" href=\"https:\/\/books2read.com\/u\/31JYZn\" target=\"_blank\" rel=\"noopener\">Visualizza le opzioni di acquisto<\/a><\/center><center><\/center><center><\/p>\n<div id='wpsr-reviews-slider-69112' class='wpsr-reviews-69112  wpsr-reviews-wrapper wpsr-feed-wrap wpsr_content  wpsr-reviews-slider-wrapper   wpsr-reviews-template-grid2 wpsr-reviews-layout-slider wpsr-header-enable' data-column='4' data-platforms='amazon' data-slider_settings='{&quot;autoplay&quot;:&quot;false&quot;,&quot;autoplay_speed&quot;:3000,&quot;slides_to_show&quot;:3,&quot;spaceBetween&quot;:20,&quot;responsive_slides_to_show&quot;:{&quot;desktop&quot;:2,&quot;tablet&quot;:2,&quot;mobile&quot;:1},&quot;slides_to_scroll&quot;:3,&quot;responsive_slides_to_scroll&quot;:{&quot;desktop&quot;:5,&quot;tablet&quot;:2,&quot;mobile&quot;:1},&quot;navigation&quot;:&quot;dot&quot;}'>\n<div class=\"wpsr-container wpsr-fixed-height\" style=\"\" >\n<div class=\"wpsr-row\" style=\"\">\n<div class=\"wpsr-reviews-slider-wrapper-inner\">\n<div class=\"wpsr-reviews-slider swiper-container wpsr-ai-summary-enabled-slider\" tabindex=\"0\">\n<div class=\"swiper-wrapper\"><\/div>\n<\/div>\n<div class=\"wpsr-swiper-carousel-wrapper\">\n<div class=\"wpsr-swiper-pagination swiper-pagination\"><\/div>\n<\/div>\n<\/div>\n<\/div>\n<\/div>\n<\/div>\n<p><\/center><\/p>","protected":false},"featured_media":62435,"comment_status":"open","ping_status":"closed","template":"","meta":[],"product_brand":[],"product_cat":[107,106],"product_tag":[],"class_list":{"0":"post-62434","1":"product","2":"type-product","3":"status-publish","4":"has-post-thumbnail","6":"product_cat-edizione-italiana","7":"product_cat-italiano","9":"first","10":"instock","11":"shipping-taxable","12":"product-type-simple"},"aioseo_notices":[],"_links":{"self":[{"href":"https:\/\/egyptianwisdomcenter.org\/it\/wp-json\/wp\/v2\/product\/62434","targetHints":{"allow":["GET"]}}],"collection":[{"href":"https:\/\/egyptianwisdomcenter.org\/it\/wp-json\/wp\/v2\/product"}],"about":[{"href":"https:\/\/egyptianwisdomcenter.org\/it\/wp-json\/wp\/v2\/types\/product"}],"replies":[{"embeddable":true,"href":"https:\/\/egyptianwisdomcenter.org\/it\/wp-json\/wp\/v2\/comments?post=62434"}],"wp:featuredmedia":[{"embeddable":true,"href":"https:\/\/egyptianwisdomcenter.org\/it\/wp-json\/wp\/v2\/media\/62435"}],"wp:attachment":[{"href":"https:\/\/egyptianwisdomcenter.org\/it\/wp-json\/wp\/v2\/media?parent=62434"}],"wp:term":[{"taxonomy":"product_brand","embeddable":true,"href":"https:\/\/egyptianwisdomcenter.org\/it\/wp-json\/wp\/v2\/product_brand?post=62434"},{"taxonomy":"product_cat","embeddable":true,"href":"https:\/\/egyptianwisdomcenter.org\/it\/wp-json\/wp\/v2\/product_cat?post=62434"},{"taxonomy":"product_tag","embeddable":true,"href":"https:\/\/egyptianwisdomcenter.org\/it\/wp-json\/wp\/v2\/product_tag?post=62434"}],"curies":[{"name":"wp","href":"https:\/\/api.w.org\/{rel}","templated":true}]}}