{"id":62702,"date":"2023-01-09T18:01:14","date_gmt":"2023-01-09T23:01:14","guid":{"rendered":"https:\/\/egyptianwisdomcenter.org\/?post_type=product&#038;p=62702"},"modified":"2024-06-01T16:18:13","modified_gmt":"2024-06-01T20:18:13","slug":"isis-o-divino-feminino","status":"publish","type":"product","link":"https:\/\/egyptianwisdomcenter.org\/it\/product\/isis-o-divino-feminino\/","title":{"rendered":"Isis O Divino Feminino"},"content":{"rendered":"<p><strong>Descri\u00e7\u00e3o completa<\/strong><\/p>\n<p>Esta Edi\u00e7\u00e3o em Portugu\u00eas do livro \u00e9 dividida em 5 cap\u00edtulos e 1 ap\u00eandice.<\/p>\n<p>Cap\u00edtulo 1: A M\u00e3e da Crea\u00e7\u00e3o abrange o papel de Isis na sequ\u00eancia da crea\u00e7\u00e3o, sendo uma imagem de sua totalidade, e a sua rela\u00e7\u00e3o com Re e Osiris.<\/p>\n<p>Cap\u00edtulo 2: Isis &amp; Osiris \u2014 O Duplo Din\u00e2mico abrange as fun\u00e7\u00f5es combinadas de Isis e Osiris no desenvolvimento e na gera\u00e7\u00e3o de todas as crea\u00e7\u00f5es do universo.<\/p>\n<p>Cap\u00edtulo 3: A Multiplicidade dos Atributos de Isis abrange dezesseis deidades femininas \u2014 como sendo a manifesta\u00e7\u00e3o de Isis, o princ\u00edpio feminino do universo creado.<\/p>\n<p>Cap\u00edtulo 4: A Amada em Todas as Terras abrange a propaga\u00e7\u00e3o da religi\u00e3o Eg\u00edpcia pelo mundo; como tais cren\u00e7as vivem no Cristianismo; e como os festivais relacionados \u00e0 Isis no Antigo Egito foram adotados para Maria pelo Cristianismo, nas mesmas datas do calend\u00e1rio Eg\u00edpcio.<\/p>\n<p>Cap\u00edtulo 5: O Imenso Cora\u00e7\u00e3o abrange o impacto poderoso e eterno de Isis sobre a humanidade na busca do conforto e de tudo-curar.<\/p>\n<p>Ap\u00eandice 1: O Cora\u00e7\u00e3o e A Alma \u2014 Reflex\u00f5es Metaf\u00edsicas abrange os aspectos metaf\u00edsicos do cora\u00e7\u00e3o (Isis) e da alma (Osiris), e como um ser humano \u00e9 capaz de alcan\u00e7ar a integra\u00e7\u00e3o do cora\u00e7\u00e3o internamente na alma<\/p>","protected":false},"excerpt":{"rendered":"<p>por <a href=\"https:\/\/egyptianwisdomcenter.org\/it\/pt-br\/sobre\/\">Mustafa Gadalla<\/a><\/p>\n<hr \/>\n<p><strong>Resumo<\/strong><\/p>\n<p>Explicando o princ\u00edpio feminino divina metaf\u00edsica e f\u00edsica, e cerca de vinte mulheres manifestado atributos.<\/p>\n<p>Esta edi\u00e7\u00e3o traduzida na l\u00edngua Portuguesa explica o princ\u00edpio divino feminino como a fonte da crea\u00e7\u00e3o, tanto metafisicamente quanto fisicamente; a rela\u00e7\u00e3o (e unicidade) dos princ\u00edpios feminino e masculino; esclarece sobre cerca de vinte divindades femininas como sendo as manifesta\u00e7\u00f5es dos atributos femininos; o papel ideol\u00f3gico de Isis em todo o mundo; e muito mais. Este livro ir\u00e1 preencher a mente com informa\u00e7\u00f5es compreensivas, bem como o cora\u00e7\u00e3o &#8211; com uma ampla gama de emo\u00e7\u00f5es.<\/p>\n<p><a href=\"https:\/\/egyptianwisdomcenter.org\/wp-content\/uploads\/2023\/01\/Isis-O-Divino-Feminino-1479629367.pdf\">Preview agora (PDF)<\/a><\/p>\n<hr \/>\n<p><center><br \/>\n<a class=\"button minimal\" href=\"https:\/\/books2read.com\/u\/3kOAyn\" target=\"_blank\" rel=\"noopener\">Ver op\u00e7\u00f5es de compra<\/a><\/center><center><\/center><center><\/center><\/p>","protected":false},"featured_media":62703,"comment_status":"open","ping_status":"closed","template":"","meta":{"_monsterinsights_skip_tracking":false,"_monsterinsights_sitenote_active":false,"_monsterinsights_sitenote_note":"","_monsterinsights_sitenote_category":0},"product_brand":[],"product_cat":[110,109],"product_tag":[],"class_list":{"0":"post-62702","1":"product","2":"type-product","3":"status-publish","4":"has-post-thumbnail","6":"product_cat-edicao-portuguesa","7":"product_cat-portugues","9":"first","10":"instock","11":"shipping-taxable","12":"product-type-simple"},"aioseo_notices":[],"_links":{"self":[{"href":"https:\/\/egyptianwisdomcenter.org\/it\/wp-json\/wp\/v2\/product\/62702","targetHints":{"allow":["GET"]}}],"collection":[{"href":"https:\/\/egyptianwisdomcenter.org\/it\/wp-json\/wp\/v2\/product"}],"about":[{"href":"https:\/\/egyptianwisdomcenter.org\/it\/wp-json\/wp\/v2\/types\/product"}],"replies":[{"embeddable":true,"href":"https:\/\/egyptianwisdomcenter.org\/it\/wp-json\/wp\/v2\/comments?post=62702"}],"wp:featuredmedia":[{"embeddable":true,"href":"https:\/\/egyptianwisdomcenter.org\/it\/wp-json\/wp\/v2\/media\/62703"}],"wp:attachment":[{"href":"https:\/\/egyptianwisdomcenter.org\/it\/wp-json\/wp\/v2\/media?parent=62702"}],"wp:term":[{"taxonomy":"product_brand","embeddable":true,"href":"https:\/\/egyptianwisdomcenter.org\/it\/wp-json\/wp\/v2\/product_brand?post=62702"},{"taxonomy":"product_cat","embeddable":true,"href":"https:\/\/egyptianwisdomcenter.org\/it\/wp-json\/wp\/v2\/product_cat?post=62702"},{"taxonomy":"product_tag","embeddable":true,"href":"https:\/\/egyptianwisdomcenter.org\/it\/wp-json\/wp\/v2\/product_tag?post=62702"}],"curies":[{"name":"wp","href":"https:\/\/api.w.org\/{rel}","templated":true}]}}