{"id":69807,"date":"2025-12-22T14:25:10","date_gmt":"2025-12-22T19:25:10","guid":{"rendered":"https:\/\/egyptianwisdomcenter.org\/?post_type=product&#038;p=69807"},"modified":"2025-12-22T14:25:10","modified_gmt":"2025-12-22T19:25:10","slug":"cultura-egipteana-antica-evelata","status":"publish","type":"product","link":"https:\/\/egyptianwisdomcenter.org\/it\/prodotto\/cultura-egipteana-antica-evelata\/","title":{"rendered":"Cultura Egiptean\u0103 Antic\u0103 Revelat\u0103, Edi\u021bia a Doua"},"content":{"rendered":"<div class=\"collapsible-synopsis gizmo-collapsible-with-header show-teaser open\" data-kobo-gizmo=\"Collapsible.Synopsis\" data-kobo-gizmo-config=\"{ &quot;isOpen&quot;: {&quot;small&quot;: false, &quot;medium&quot;: false, &quot;large&quot;: false, &quot;jumbo&quot;: false}, &quot;name&quot;: &quot;AboutItem&quot;, &quot;toggleClass&quot; : &quot;toggle-button-hitbox&quot; }\" data-gid=\"g_20\">\n<div class=\"synopsis-description\" translate=\"no\">\n<p>Descriere Detaliat\u0103<\/p>\n<p>&nbsp;<\/p>\n<\/div>\n<\/div>","protected":false},"excerpt":{"rendered":"<div class=\"fb-page\" data-href=\"https:\/\/www.facebook.com\/UntaintedEgyptianOriginOfAllThingsThatMatter\" data-width=\"380\" data-hide-cover=\"false\" data-show-facepile=\"false\"><\/div>\n<p><span class=\"contributor-name-prefix\"><br \/>\nDe Moustafa Gadalla<br \/>\n<\/span><\/p>\n<hr \/>\n<p><strong>SCURTA DESCRIERE<\/strong><\/p>\n<p dir=\"ltr\">Dezv\u0103luie numeroase aspecte, precum originile antice, credin\u021bele \u0219i practicile religioase, sistemul social \u0219i politic, arhitectura, limba, muzica, \u0219tiin\u021bele interdisciplinare, astronomia, medicina, economia \u0219i multe altele.<\/p>\n<p dir=\"ltr\">Aceast\u0103 carte dezv\u0103luie diverse aspecte ale culturii Egiptului Antic, prezent\u00e2nd originile sale str\u0103vechi, credin\u021bele \u0219i ritualurile religioase, sistemul lor socio-politic, templele lor cosmice, bog\u0103\u021bia limbii lor, mo\u0219tenirea muzical\u0103 \u0219i \u0219tiin\u021bele cuprinz\u0103toare; medicina lor avansat\u0103; economia lor vibrant\u0103; produsele agricole \u0219i manufacturate excelent, sistemul de transport \u0219i multe altele.<\/p>\n<p>&nbsp;<\/p>\n<hr \/>\n<p>&nbsp;<\/p>\n<p>Vezi Op\u021biuni de Cump\u0103rare<\/p>","protected":false},"featured_media":69808,"comment_status":"open","ping_status":"closed","template":"","meta":[],"product_brand":[],"product_cat":[140],"product_tag":[],"class_list":{"0":"post-69807","1":"product","2":"type-product","3":"status-publish","4":"has-post-thumbnail","6":"product_cat-editii-romana","8":"first","9":"instock","10":"shipping-taxable","11":"product-type-simple"},"aioseo_notices":[],"_links":{"self":[{"href":"https:\/\/egyptianwisdomcenter.org\/it\/wp-json\/wp\/v2\/product\/69807","targetHints":{"allow":["GET"]}}],"collection":[{"href":"https:\/\/egyptianwisdomcenter.org\/it\/wp-json\/wp\/v2\/product"}],"about":[{"href":"https:\/\/egyptianwisdomcenter.org\/it\/wp-json\/wp\/v2\/types\/product"}],"replies":[{"embeddable":true,"href":"https:\/\/egyptianwisdomcenter.org\/it\/wp-json\/wp\/v2\/comments?post=69807"}],"wp:featuredmedia":[{"embeddable":true,"href":"https:\/\/egyptianwisdomcenter.org\/it\/wp-json\/wp\/v2\/media\/69808"}],"wp:attachment":[{"href":"https:\/\/egyptianwisdomcenter.org\/it\/wp-json\/wp\/v2\/media?parent=69807"}],"wp:term":[{"taxonomy":"product_brand","embeddable":true,"href":"https:\/\/egyptianwisdomcenter.org\/it\/wp-json\/wp\/v2\/product_brand?post=69807"},{"taxonomy":"product_cat","embeddable":true,"href":"https:\/\/egyptianwisdomcenter.org\/it\/wp-json\/wp\/v2\/product_cat?post=69807"},{"taxonomy":"product_tag","embeddable":true,"href":"https:\/\/egyptianwisdomcenter.org\/it\/wp-json\/wp\/v2\/product_tag?post=69807"}],"curies":[{"name":"wp","href":"https:\/\/api.w.org\/{rel}","templated":true}]}}