{"id":1156,"date":"2019-03-01T12:14:39","date_gmt":"2019-03-01T17:14:39","guid":{"rendered":"http:\/\/egyptianwisdomcenter.org\/caballo\/"},"modified":"2023-01-08T06:56:37","modified_gmt":"2023-01-08T11:56:37","slug":"caballo","status":"publish","type":"page","link":"https:\/\/egyptianwisdomcenter.org\/ja\/caballo\/","title":{"rendered":"Caballo"},"content":{"rendered":"<h2 style=\"text-align: center;\"><span style=\"color: #ff0000;\"><strong>Caballo<\/strong><\/span><\/h2>\n<p>&nbsp;<\/p>\n<p>Varios atributos est\u00e1n relacionados con el caballo. El atributo espec\u00edfico se determinar\u00e1 en el contexto.<\/p>\n<p>1. El caballo simboliza la fortaleza y la confianza, como por Clemente <em>Stromata libro V<\/em>, cap\u00edtulo VII:<\/p>\n<p style=\"padding-left: 30px;\"><strong><em>&#8220;El caballo simboliza la fortaleza y la confianza&#8221;<\/em><\/strong><\/p>\n<p>2. El caballo es el s\u00edmbolo jerogl\u00edfico para noble.<\/p>\n<p>El caballo representa la fuerza impulsora que, cuando se dirige correctamente, manejara a la nobleza.<\/p>\n<p><a href=\"https:\/\/egyptianwisdomcenter.org\/wp-content\/uploads\/2019\/02\/ed-ch9-photo17-96c.jpg\"><img fetchpriority=\"high\" decoding=\"async\" class=\"size-full wp-image-912 aligncenter\" src=\"https:\/\/egyptianwisdomcenter.org\/wp-content\/uploads\/2019\/02\/ed-ch9-photo17-96c.jpg\" alt=\"\" width=\"269\" height=\"248\" \/><\/a><\/p>\n<p>3. Las personas excepcionales son nombrados caballero por el monarca.<\/p>\n<p>Este concepto egipcio de la nobleza se encuentra en las tradiciones actuales cuando, debido a los logros extraordinarios de una persona, esta persona es nombrado caballero por ninguna otra persona pero el monarca.<\/p>\n<p>No es una coincidencia que la palabra inglesa &#8216;caballo&#8217; sea b\u00e1sicamente la misma que la deidad egipcia Horus.<\/p>\n<p>Horus significa <em>qui\u00e9n est\u00e1 ARRIBA.<\/em><\/p>\n<p>4. El caballo es tambi\u00e9n un animal muy hermoso y digno.<\/p>\n<p>La palabra egipcia MaHR significa tanto un pony como una dote\u2014porque una doncella es <em>\u30ce\u30fc\u30d6\u30eb<\/em>.<\/p>\n<p>5. Representado derrotando las fuerzas del caos..<\/p>\n<p>El hombre divino es representado en los templos egipcios como cargando y derrotando las fuerzas ca\u00f3ticas, que son representadas como extranjeros y animales salvajes.<\/p>\n<p>Estas descripci\u00f3nes<span class=\"def\">\u00a0<\/span>son representaciones simb\u00f3licas de la batalla interna entre las fuerzas del bien y del mal.<\/p>\n<p><a href=\"http:\/\/egyptianwisdomcenter.org\/wp-content\/uploads\/2019\/02\/ed-ch9-photo9-96c.jpg\"><img decoding=\"async\" class=\"size-medium wp-image-905 aligncenter\" src=\"http:\/\/egyptianwisdomcenter.org\/wp-content\/uploads\/2019\/02\/ed-ch9-photo9-96c-300x195.jpg\" alt=\"\" width=\"300\" height=\"195\" \/><\/a><\/p>\n<p>En el sentido mundano, en todas partes, la polic\u00eda montada usa caballos para guiar y controlar a las multitudes. El poder de los caballos tambi\u00e9n es utilizado por la polic\u00eda para disipar a las multitudes desordenadas.<\/p>\n<p>Usamos el t\u00e9rmino &#8220;poder de caballo&#8221; como medida de energ\u00eda.<\/p>\n<p>6. En las tradiciones egipcias <strong>la lengua humana es comparada a un caballo<\/strong>. La lengua es el m\u00fasculo m\u00e1s fuerte del cuerpo humano. La fuerza impulsora del caballo o la lengua controla tu destino.<\/p>\n<p>El simbolismo del caballo como la fuerza impulsora es muy poderoso de hecho.<\/p>\n<p><a href=\"https:\/\/egyptianwisdomcenter.org\/wp-content\/uploads\/2019\/02\/ed-ch9-photo18-96c.jpg\"><img decoding=\"async\" class=\"size-full wp-image-913 aligncenter\" src=\"https:\/\/egyptianwisdomcenter.org\/wp-content\/uploads\/2019\/02\/ed-ch9-photo18-96c.jpg\" alt=\"\" width=\"269\" height=\"211\" \/><\/a><\/p>\n<p>7. Los humanos y los caballos est\u00e1n tan cerca que hace mucho tiempo, los antiguos egipcios usaban el pelo de caballo tanto para las cuerdas como para los arcos de su familia de instrumentos de viol\u00edn. El sonido de este instrumento es lo m\u00e1s cercano a la voz humana.<\/p>\n<p>&nbsp;<\/p>\n<p><span style=\"color: #ff0000;\"><strong>[Un fragmento de Egyptian Divinities: The All who are the ONE, 2nd Edition por Moustafa Gadalla]<\/strong><\/span><\/p>\n<div dir=\"auto\">\n<p><span style=\"color: #ff0000;\"><strong><a href=\"https:\/\/egyptianwisdomcenter.org\/ja\/product\/egyptian-divinities-the-all-who-are-the-one-2nd-edition\/\"><span style=\"color: #0000ff;\">https:\/\/egyptianwisdomcenter.org\/product\/egyptian-divinities-the-all-who-are-the-one-2nd-edition\/<\/span><\/a><\/strong><\/span><\/p>\n<p><img decoding=\"async\" class=\"aligncenter\" src=\"https:\/\/books2read-prod.s3.amazonaws.com\/CACHE\/images\/ubl_book_images\/book_display_image_qOuT56H\/40d95446cc17340ec7b02939eaa44c10\" \/><\/p>\n<p style=\"text-align: center;\"><a href=\"https:\/\/egyptianwisdomcenter.org\/ja\/product\/egyptian-divinities-the-all-who-are-the-one-2nd-edition\/\"><strong><span style=\"color: #ff0000;\"><span style=\"color: #0000ff;\">https:\/\/egyptianwisdomcenter.org\/product\/egyptian-divinities-the-all-who-are-the-one-2nd-edition\/<\/span><\/span><\/strong><\/a><\/p>\n<\/div>","protected":false},"excerpt":{"rendered":"<p>Caballo &nbsp; Varios atributos est\u00e1n relacionados con el caballo. El atributo espec\u00edfico se determinar\u00e1 en el contexto. 1. El caballo simboliza la [&hellip;]<\/p>","protected":false},"author":3,"featured_media":0,"parent":0,"menu_order":0,"comment_status":"closed","ping_status":"closed","template":"","meta":{"footnotes":""},"class_list":["post-1156","page","type-page","status-publish","hentry"],"aioseo_notices":[],"_links":{"self":[{"href":"https:\/\/egyptianwisdomcenter.org\/ja\/wp-json\/wp\/v2\/pages\/1156","targetHints":{"allow":["GET"]}}],"collection":[{"href":"https:\/\/egyptianwisdomcenter.org\/ja\/wp-json\/wp\/v2\/pages"}],"about":[{"href":"https:\/\/egyptianwisdomcenter.org\/ja\/wp-json\/wp\/v2\/types\/page"}],"author":[{"embeddable":true,"href":"https:\/\/egyptianwisdomcenter.org\/ja\/wp-json\/wp\/v2\/users\/3"}],"replies":[{"embeddable":true,"href":"https:\/\/egyptianwisdomcenter.org\/ja\/wp-json\/wp\/v2\/comments?post=1156"}],"version-history":[{"count":0,"href":"https:\/\/egyptianwisdomcenter.org\/ja\/wp-json\/wp\/v2\/pages\/1156\/revisions"}],"wp:attachment":[{"href":"https:\/\/egyptianwisdomcenter.org\/ja\/wp-json\/wp\/v2\/media?parent=1156"}],"curies":[{"name":"wp","href":"https:\/\/api.w.org\/{rel}","templated":true}]}}