{"id":27824,"date":"2019-03-25T13:43:35","date_gmt":"2019-03-25T17:43:35","guid":{"rendered":"http:\/\/egyptianwisdomcenter.org\/chi-siamo\/"},"modified":"2023-01-09T11:23:14","modified_gmt":"2023-01-09T16:23:14","slug":"chi-siamo","status":"publish","type":"page","link":"https:\/\/egyptianwisdomcenter.org\/ja\/chi-siamo\/","title":{"rendered":"Chi siamo"},"content":{"rendered":"<h2>Chi Siamo<\/h2>\r\n<p>Centro di saggezza egiziana \u00e8 stato istituito come un&#8217;estensione degli obiettivi dell&#8217;organizzazione senza scopo di lucro Tehuti Research Foundation dal suo fondatore, <strong>Moustafa gadalla<\/strong>.<\/p>\r\n\r\n\r\n\r\n<p>Egyptian Wisdom Center is an internet facility that provides extensive, comprehensive, valuable and useful information about ancient Egyptian wisdom and knowledge. Questa struttura Internet \u00e8 disponibile in circa dieci lingue per fornire tali informazioni in tutto il mondo.<\/p>\r\n<h2 style=\"text-align: left;\">Incontra l&#8217;autore e il fondatore<\/h2>\r\n<h2 style=\"text-align: left;\"><img fetchpriority=\"high\" decoding=\"async\" class=\"alignnone  wp-image-60114 alignright\" src=\"https:\/\/egyptianwisdomcenter.org\/wp-content\/uploads\/2022\/12\/q2vhvh7gbhgi9oghtb9hfrtk2l._SX450_-200x300.jpg\" alt=\"Author Moustafa Gadalla headshot\" width=\"293\" height=\"440\" \/><\/h2>\r\n<p dir=\"ltr\"><strong>\u30e0\u30b9\u30bf\u30d5\u30a1\u30fb\u30ac\u30c0\u30e9<\/strong> \u00e8 un egittologo indipendente egiziano-americano nato al Cairo, in Egitto, nel 1944. Ha conseguito una laurea in ingegneria civile presso l&#8217;Universit\u00e0 del Cairo.<\/p>\r\n<p dir=\"ltr\">Sin dalla prima infanzia, Gadalla ha perseguito con passione le sue radici egizie, attraverso continui studi e ricerche. Dal 1990 ha dedicato e concentrato tutto il suo tempo alla ricerca e alla scrittura.<\/p>\r\n<p dir=\"ltr\">Gadalla \u00e8 autore di ventidue libri pubblicati e acclamati a livello internazionale sui vari aspetti della storia e della civilt\u00e0 dell&#8217;Antico Egitto e sulle sue influenze a livello mondiale. Inoltre, gestisce un centro di risorse multimediali per studi accurati ed educativi sull&#8217;Antico Egitto, presentati in modo coinvolgente, pratico e interessante per il grande pubblico.<\/p>\r\n<p>\u00c8 stato il fondatore della Tehuti Research Foundation, poi incorporata nel Centro di Saggezza Egizia multilingue<a href=\"https:\/\/egyptianwisdomcenter.org\/ja\/\" target=\"_blank\" rel=\"noopener\" data-saferedirecturl=\"https:\/\/www.google.com\/url?q=https:\/\/www.egyptianwisdomcenter.org&amp;source=gmail&amp;ust=1672148455839000&amp;usg=AOvVaw1Ll6Q5CwXb6IWIJZCWCzjj\">(<wbr \/>https:\/\/www.egyptianwisdomcenter.org<\/a>) in pi\u00f9 di dieci lingue. \u00c8 anche fondatore e direttore dell&#8217;Universit\u00e0 Mistica Egiziana online<a href=\"https:\/\/www.egyptianmysticaluniversity.org\/\" target=\"_blank\" rel=\"noopener\" data-saferedirecturl=\"https:\/\/www.google.com\/url?q=https:\/\/www.egyptianmysticaluniversity.org&amp;source=gmail&amp;ust=1672148455839000&amp;usg=AOvVaw11uI7fxM9mFRN7qrhhPcQz\">(https:\/\/www.<wbr \/>EgyptianMysticalUniversity.org<\/a><wbr \/>). Un&#8217;altra attivit\u00e0 in corso \u00e8 stata la creazione e la produzione di progetti artistici come l&#8217;Operetta Isis Rises (<a href=\"https:\/\/www.isisrisesoperetta.com\/\" target=\"_blank\" rel=\"noopener\" data-saferedirecturl=\"https:\/\/www.google.com\/url?q=https:\/\/www.isisrisesoperetta.com&amp;source=gmail&amp;ust=1672148455839000&amp;usg=AOvVaw3rtxvLh-X_xgSrUxzhit8n\">https:\/\/www.<wbr \/>isisrisesoperetta.com<\/a>), che sar\u00e0 presto seguita dall&#8217;Operetta Horus The Initiate e da altre produzioni.<\/p>","protected":false},"excerpt":{"rendered":"<p>Chi Siamo Centro di saggezza egiziana \u00e8 stato istituito come un&#8217;estensione degli obiettivi dell&#8217;organizzazione senza scopo di lucro Tehuti Research Foundation dal [&hellip;]<\/p>","protected":false},"author":3,"featured_media":60121,"parent":0,"menu_order":0,"comment_status":"closed","ping_status":"closed","template":"page-templates\/page_fullwidth.php","meta":{"footnotes":""},"class_list":["post-27824","page","type-page","status-publish","has-post-thumbnail","hentry"],"aioseo_notices":[],"_links":{"self":[{"href":"https:\/\/egyptianwisdomcenter.org\/ja\/wp-json\/wp\/v2\/pages\/27824","targetHints":{"allow":["GET"]}}],"collection":[{"href":"https:\/\/egyptianwisdomcenter.org\/ja\/wp-json\/wp\/v2\/pages"}],"about":[{"href":"https:\/\/egyptianwisdomcenter.org\/ja\/wp-json\/wp\/v2\/types\/page"}],"author":[{"embeddable":true,"href":"https:\/\/egyptianwisdomcenter.org\/ja\/wp-json\/wp\/v2\/users\/3"}],"replies":[{"embeddable":true,"href":"https:\/\/egyptianwisdomcenter.org\/ja\/wp-json\/wp\/v2\/comments?post=27824"}],"version-history":[{"count":0,"href":"https:\/\/egyptianwisdomcenter.org\/ja\/wp-json\/wp\/v2\/pages\/27824\/revisions"}],"wp:featuredmedia":[{"embeddable":true,"href":"https:\/\/egyptianwisdomcenter.org\/ja\/wp-json\/wp\/v2\/media\/60121"}],"wp:attachment":[{"href":"https:\/\/egyptianwisdomcenter.org\/ja\/wp-json\/wp\/v2\/media?parent=27824"}],"curies":[{"name":"wp","href":"https:\/\/api.w.org\/{rel}","templated":true}]}}