{"id":29628,"date":"2019-03-25T15:03:20","date_gmt":"2019-03-25T19:03:20","guid":{"rendered":"http:\/\/egyptianwisdomcenter.org\/geometria-sagrada-e-ciencias-naturais\/"},"modified":"2023-01-11T06:18:19","modified_gmt":"2023-01-11T11:18:19","slug":"geometria-sagrada-e-ciencias-naturais","status":"publish","type":"page","link":"https:\/\/egyptianwisdomcenter.org\/ja\/geometria-sagrada-e-ciencias-naturais\/","title":{"rendered":"Geometria Sagrada E Ci\u00eancias Naturais"},"content":{"rendered":"<h2 style=\"text-align: center;\"><span style=\"color: #ff0000;\"><strong>Geometria Sagrada E Ci\u00eancias Naturais<\/strong><\/span><\/h2>\n<p>&nbsp;<\/p>\n<p>A geometria para os antigos eg\u00edpcios era muito mais do que um estudo de pontos, linhas, superf\u00edcies e s\u00f3lidos, al\u00e9m de suas propriedades e medidas. A harmonia herdada na geometria era reconhecida no Egito Antigo como a express\u00e3o mais convincente de um plano divino subjacente ao mundo \u2013 um plano metaf\u00edsico que determina o f\u00edsico.<\/p>\n<p>Para os antigos eg\u00edpcios, a geometria era o meio pelo qual a humanidade poderia entender os mist\u00e9rios da ordem divina. A geometria existe em toda a natureza: a sua ordem est\u00e1 subjacente \u00e0 estrutura de todas as coisas, das mol\u00e9culas \u00e0s gal\u00e1xias. A natureza da forma geom\u00e9trica permite seu funcionamento. O design, usando os princ\u00edpios da geometria sagrada, deve atingir o mesmo objetivo, ou seja, formar para servir\/representar uma fun\u00e7\u00e3o.<\/p>\n<p>A geometria sagrada trata n\u00e3o s\u00f3 das propor\u00e7\u00f5es das figuras geom\u00e9tricas, mas tamb\u00e9m das rela\u00e7\u00f5es harm\u00f4nicas das partes com o todo, como as partes do ser humano sendo umas com as outras, a estrutura das plantas e dos animais, as formas dos cristais e objetos naturais \u2013 todos os quais s\u00e3o manifesta\u00e7\u00f5es do <em>continuum<\/em> universal.<\/p>\n<p>A chave para a propor\u00e7\u00e3o harm\u00f4nica divina (geometria sagrada) \u00e9 a rela\u00e7\u00e3o entre propor\u00e7\u00e3o e progress\u00e3o de crescimento. A propor\u00e7\u00e3o harm\u00f4nica e a progress\u00e3o s\u00e3o a ess\u00eancia do universo criado. Isso \u00e9 consistente com a natureza ao nosso redor. A natureza ao nosso redor segue esse relacionamento harmonioso. A progress\u00e3o natural segue uma s\u00e9rie que \u00e9 popularizada no Ocidente como a \u201cSequ\u00eancia de Fibonacci\u201d.<\/p>\n<p>Uma vez que esta Sequ\u00eancia existia antes de Fibonacci (nascido em 1179 EC), ela n\u00e3o deveria portar o seu nome. O pr\u00f3prio Fibonacci e seus comentadores ocidentais sequer alegavam que ela havia sido \u201ccria\u00e7\u00e3o\u201d sua. Deixe-nos cham\u00e1-la pelo seu nome real \u2013 uma S\u00e9rie Somat\u00f3ria. \u00c9 uma s\u00e9rie progressiva, onde se come\u00e7a com os dois primeiros n\u00fameros no sistema eg\u00edpcio antigo, ou seja, 2 e 3. Ent\u00e3o, adiciona-se o seu total ao n\u00famero anterior, e assim por diante; qualquer n\u00famero \u00e9 a soma dos dois precedentes. A s\u00e9rie seria, portanto: 2, 3, 5, 8, 13, 21, 34, 55, 89, 144, 233, 377, 610&#8230;<\/p>\n<p>Essa s\u00e9rie se reflete em toda a natureza. O n\u00famero de sementes em um girassol, as p\u00e9talas de qualquer flor, o arranjo de cones do pinho, o crescimento de uma concha de n\u00e1utilos etc., todos seguem o mesmo padr\u00e3o dessas s\u00e9ries.<\/p>\n<p>A evid\u00eancia esmagadora mostra que a S\u00e9rie Somat\u00f3ria era conhecida pelos antigos eg\u00edpcios. Os planos antigos eg\u00edpcios de templos e t\u00famulos, ao longo de sua longa hist\u00f3ria, mostram que os principais elementos dos templos s\u00e3o posicionados ao longo de seus eixos longitudinais seguindo os n\u00fameros consecutivos da S\u00e9rie Somat\u00f3ria 2, 3, 5, 8, 13, 21, 34, 55, 89, 144, 233, 377, 610&#8230;<\/p>\n<p>Como as dimens\u00f5es dos monumentos do antigo eg\u00edpcio s\u00e3o mostradas nas antigas unidades eg\u00edpcias do c\u00fabito (0,528 m\/1,72 p\u00e9s), fica claro que a S\u00e9rie Somat\u00f3ria \u00e9 uma cria\u00e7\u00e3o dos antigos eg\u00edpcios. A S\u00e9rie Somat\u00f3ria conforma-se perfeitamente e pode ser considerada uma express\u00e3o da matem\u00e1tica eg\u00edpcia, que era definida por todos como um procedimento essencialmente aditivo.<\/p>\n<p>H\u00e1 evid\u00eancias sobre o conhecimento da S\u00e9rie Somat\u00f3ria desde o Templo Pir\u00e2mide de Qu\u00e9fren (Chephren), em Giz\u00e9, erroneamente conhecido como mortu\u00e1rio, constru\u00eddo em 2500 AEC, ou seja, cerca de 3.700 anos antes de Fibonacci.<\/p>\n<p>Os pontos essenciais do templo [mostrados aqui] est\u00e3o em conformidade com a S\u00e9rie Somat\u00f3ria, que atinge o n\u00famero de 233 c\u00fabitos em seu comprimento total, medidos a partir da pir\u00e2mide, com DEZ n\u00fameros consecutivos de s\u00e9ries.<\/p>\n<p><img decoding=\"async\" class=\"size-medium wp-image-616 aligncenter\" src=\"https:\/\/pressbooks.com\/app\/uploads\/sites\/56539\/2017\/11\/aecr-ch12-1-72c-sp-164x300.jpg\" alt=\"\" width=\"164\" height=\"300\" \/><\/p>\n<p>Em rela\u00e7\u00e3o \u00e0 limitada aplica\u00e7\u00e3o atual do termo geometria, todos os aspectos da nossa geometria moderna foram aperfei\u00e7oados no Antigo Egito, h\u00e1 muito tempo. Seu conhecimento avan\u00e7ado \u00e9 claramente evidente em alguns papiros recuperados, que s\u00e3o comumente conhecidos como papiros \u201cmatem\u00e1ticos\u201d antigos eg\u00edpcios. Mais detalhes sobre esses papiros ser\u00e3o mostrados mais adiante, neste Cap\u00edtulo.<\/p>\n<p>&nbsp;<\/p>\n<p><span style=\"color: #ff0000;\"><strong>[Um trecho <span style=\"color: #0000ff;\">A Cultura do Antigo Egito Revelada,\u00a0Segunda Edi\u00e7\u00e3o<\/span><\/strong><\/span><span style=\"color: #ff0000;\"><strong><span style=\"color: #0000ff;\">\u00a0<\/span>por Moustafa Gadalla]<\/strong><\/span><\/p>\n<div class=\"entry-content\">\n<div dir=\"auto\">\n<p><span style=\"color: #0000ff;\"><strong>https:\/\/egyptianwisdomcenter.org\/product\/a-cultura-do-antigo-egito-revelada\/<\/strong><\/span><\/p>\n<p><img decoding=\"async\" class=\"aligncenter\" src=\"https:\/\/egypt-tehuti.org\/wp-content\/uploads\/2017\/11\/4-e1514402417574-225x338.jpg\" \/><\/p>\n<p style=\"text-align: center;\"><span style=\"color: #0000ff;\"><strong>https:\/\/egyptianwisdomcenter.org\/product\/a-cultura-do-antigo-egito-revelada\/<\/strong><\/span><\/p>\n<\/div>\n<\/div>\n<footer class=\"entry-footer\"><\/footer>\n<p>&nbsp;<\/p>","protected":false},"excerpt":{"rendered":"<p>Geometria Sagrada E Ci\u00eancias Naturais &nbsp; A geometria para os antigos eg\u00edpcios era muito mais do que um estudo de pontos, linhas, [&hellip;]<\/p>","protected":false},"author":3,"featured_media":0,"parent":0,"menu_order":0,"comment_status":"closed","ping_status":"closed","template":"","meta":{"footnotes":""},"class_list":["post-29628","page","type-page","status-publish","hentry"],"aioseo_notices":[],"_links":{"self":[{"href":"https:\/\/egyptianwisdomcenter.org\/ja\/wp-json\/wp\/v2\/pages\/29628","targetHints":{"allow":["GET"]}}],"collection":[{"href":"https:\/\/egyptianwisdomcenter.org\/ja\/wp-json\/wp\/v2\/pages"}],"about":[{"href":"https:\/\/egyptianwisdomcenter.org\/ja\/wp-json\/wp\/v2\/types\/page"}],"author":[{"embeddable":true,"href":"https:\/\/egyptianwisdomcenter.org\/ja\/wp-json\/wp\/v2\/users\/3"}],"replies":[{"embeddable":true,"href":"https:\/\/egyptianwisdomcenter.org\/ja\/wp-json\/wp\/v2\/comments?post=29628"}],"version-history":[{"count":0,"href":"https:\/\/egyptianwisdomcenter.org\/ja\/wp-json\/wp\/v2\/pages\/29628\/revisions"}],"wp:attachment":[{"href":"https:\/\/egyptianwisdomcenter.org\/ja\/wp-json\/wp\/v2\/media?parent=29628"}],"curies":[{"name":"wp","href":"https:\/\/api.w.org\/{rel}","templated":true}]}}