{"id":31448,"date":"2019-03-26T10:29:36","date_gmt":"2019-03-26T14:29:36","guid":{"rendered":"http:\/\/egyptianwisdomcenter.org\/o-calendario-egipcio-perfeito\/"},"modified":"2023-01-10T15:51:29","modified_gmt":"2023-01-10T20:51:29","slug":"o-calendario-egipcio-perfeito","status":"publish","type":"page","link":"https:\/\/egyptianwisdomcenter.org\/ja\/o-calendario-egipcio-perfeito\/","title":{"rendered":"O Calend\u00e1rio Eg\u00edpcio Perfeito"},"content":{"rendered":"<h2 style=\"text-align: center;\"><span style=\"color: #ff0000;\"><strong>O Calend\u00e1rio Eg\u00edpcio Perfeito<\/strong><\/span><\/h2>\n<p>&nbsp;<\/p>\n<p>Agora, voltamos nossa aten\u00e7\u00e3o para descobrir a idade da antiguidade eg\u00edpcia, revendo seu antigo calend\u00e1rio.<\/p>\n<p>O conhecimento avan\u00e7ado dos eg\u00edpcios em astronomia, conforme refletido em seu preciso calend\u00e1rio, foi reconhecido pelo grande Estrab\u00e3o (64 AEC \u2013 25 EC), que escreveu:<\/p>\n<p style=\"padding-left: 30px;\"><strong><em>Eles (os sacerdotes eg\u00edpcios) revelaram aos gregos os segredos do ano cheio (inteiro), a quem estes depois ignoraram, assim como acontece com muitas outras coisas&#8230;<\/em><\/strong><\/p>\n<p>O calend\u00e1rio eg\u00edpcio, muito preciso e engenhoso, baseava \u2013 se na observa\u00e7\u00e3o e no estudo dos movimentos de Sabt (Sirius) no c\u00e9u. O calend\u00e1rio do Antigo Egito \u00e9, portanto, chamado de Calend\u00e1rio Sot\u00edaco, isto \u00e9, tem a ver com Sirius (Sabt), a Estrela C\u00e3o.<\/p>\n<p>Os antigos eg\u00edpcios sabiam que o ano cheio tinha um pouco mais de 365\u00bc dias. A Terra leva 365,25636 dias para completar uma volta ao redor do Sol.<\/p>\n<p>Deve-se notar que a cronologia de tr\u00eas mil anos de hist\u00f3ria eg\u00edpcia antiga, por egipt\u00f3logos modernos, s\u00f3 foi poss\u00edvel porque os antigos eg\u00edpcios seguiam o preciso ano sot\u00edaco de 365,25636 dias. Al\u00e9m disso, foi o calend\u00e1rio eg\u00edpcio que possibilitou aos estudantes de Hist\u00f3ria em todo o mundo estimar a data dos eventos em todos os outros pa\u00edses do mundo \u2013 pa\u00edses que nunca tiveram um calend\u00e1rio (correto ou n\u00e3o).<\/p>\n<p>Os pr\u00e1ticos antigos eg\u00edpcios utilizavam um calend\u00e1rio composto por 12 meses, iguais, com 30 dias. Os ajustes necess\u00e1rios para fazer um ano cheio, ou seja, a diferen\u00e7a entre 365,25636 dias e os 360 dias (30 x 12) foram feitos da seguinte maneira:<\/p>\n<ol>\n<li>A diferen\u00e7a de 5,25 dias vem no final do ano eg\u00edpcio, adicionando-se 5 dias por ano e um dia adicional a cada 4 anos. O Ano Eg\u00edpcio Antigo come\u00e7a (em 2007) em 11 de setembro. Os 5\/6 dias extras come\u00e7am em 6 de setembro.<\/li>\n<li>A diferen\u00e7a de 0,00636 dias (365,25636 \u2013 365\u00bc dias) para cada ano exige a adi\u00e7\u00e3o de outro dia a cada (1\/0,00636) 157\u00bc anos, o que os eg\u00edpcios continuaram a fazer at\u00e9 nossos tempos atuais. Isso \u00e9 realizado adicionando-se um dia extra a cada 157, 314, 471 e 629 ciclos de ano. Os ajustes acima feitos pelos eg\u00edpcios podem ser claramente vistos nos \u00faltimos dois mil anos ao compararmos o calend\u00e1rio eg\u00edpcio antigo com o calend\u00e1rio \u201clatino\u201d [conforme explicado abaixo].<\/li>\n<\/ol>\n<p>Ap\u00f3s visitar o Egito em 48 AEC, J\u00falio C\u00e9sar encomendou ao astr\u00f4nomo Sos\u00edgenes (de Alexandria) um calend\u00e1rio para ser introduzido no Imp\u00e9rio Romano. Isso resultou no calend\u00e1rio juliano de 365 dias por ano e 366 dias a cada ano bissexto. O calend\u00e1rio romano (juliano) foi literalmente adaptado para atender a um Rei. O primeiro dia do ano era o dia da coroa\u00e7\u00e3o do rei eg\u00edpcio no final do jubileu anual de seu rejuvenescimento [ver <em>\u30a8\u30b8\u30d7\u30c8\u306e\u795e\u79d8\u5bb6: \u9053\u306e\u63a2\u6c42\u8005<\/em>, do mesmo autor, para mais informa\u00e7\u00f5es].<\/p>\n<p>No entanto, o calend\u00e1rio latino n\u00e3o levava em conta que o ano dura um pouco mais de 365\u00bc dias. A diferen\u00e7a entre 365,25 dias e 365,25636 dias, desde o momento da ado\u00e7\u00e3o do calend\u00e1rio juliano at\u00e9 nossos dias, \u00e9 de 13 dias. Tal diferen\u00e7a explica a varia\u00e7\u00e3o de 13 dias nas observa\u00e7\u00f5es anuais de numerosos festivais crist\u00e3os \u2013 entre as igrejas ortodoxas e n\u00e3o ortodoxas. A raz\u00e3o \u00e9 que um grupo seguiu o calend\u00e1rio eg\u00edpcio preciso, enquanto o outro seguiu o calend\u00e1rio juliano impreciso.<\/p>\n<p>Quando o calend\u00e1rio latino foi adotado em 48 AEC, o primeiro dia do calend\u00e1rio eg\u00edpcio era 29 de agosto. Agora, \u00e9 11 de setembro \u2013 uma diferen\u00e7a de 13 dias que acabou de ser explicada.<\/p>\n<p>Para encontrar a data de in\u00edcio do antigo calend\u00e1rio eg\u00edpcio \u2013 em termos do (impreciso) calend\u00e1rio latino \u2013 devemos levar em conta a diferen\u00e7a de 0,00636 dias (365,25636 \u2013 365,25 dias) para cada ano entre 29 de agosto e 21 de junho. Vinte e um de junho significa o solst\u00edcio de ver\u00e3o, que marca o in\u00edcio do antigo calend\u00e1rio eg\u00edpcio, que marca o in\u00edcio do ciclo sot\u00edaco \u2013 quando o ciclo eg\u00edpcio sot\u00edaco inicia com o aumento helicoidal de Sabt (Sirius) no horizonte, junto com o Sol, permanecendo vis\u00edvel por alguns instantes at\u00e9 desaparecer com o avan\u00e7o do amanhecer.<\/p>\n<p>Em primeiro lugar, a diferen\u00e7a entre os dias 29 de agosto e 21 de junho \u00e9 de 69 dias. Ao dividir os 69 dias por 0,00636, o resultado \u00e9 de 10.849 anos. Assim, em 29 de agosto do ano 48 AEC, o calend\u00e1rio eg\u00edpcio estava pelo menos em 10897 AEC (10.849 + 48).<\/p>\n<p>Vamos comparar nossos c\u00e1lculos do calend\u00e1rio sot\u00edaco de 10.897 com os c\u00e1lculos do zod\u00edaco. Conforme mencionado anteriormente, o ciclo atual do zod\u00edaco iniciou em 10948 AEC. A diferen\u00e7a entre 10897 AEC e o in\u00edcio da Idade de Le\u00e3o [10948 AEC] \u00e9 de 51 anos. Em outras palavras, em 48 AEC, o calend\u00e1rio eg\u00edpcio antigo estava a 1\/3 do ciclo de um per\u00edodo de 157 anos.<\/p>\n<p>O ano de 10948 AEC, sendo o in\u00edcio da Idade de Le\u00e3o, \u00e9 consistente com as declara\u00e7\u00f5es de todos os escritores gregos e romanos primitivos, tais como Plat\u00e3o, cujas Cole\u00e7\u00f5es de Di\u00e1logos indicam que o c\u00e2none eg\u00edpcio antigo de propor\u00e7\u00e3o \u2013 para artes e arquitetura \u2013 n\u00e3o havia mudado nos \u00faltimos 10 mil anos antes do tempo de Plat\u00e3o [428 \u2013 347 AEC]. Plat\u00e3o declarou:<\/p>\n<p style=\"padding-left: 30px;\"><strong><em>Que as coisas pintadas ou esculpidas l\u00e1 h\u00e1 dez mil anos n\u00e3o s\u00e3o nem melhores nem piores que as produ\u00e7\u00f5es de hoje.<\/em><\/strong><\/p>\n<p>Desde a ocupa\u00e7\u00e3o isl\u00e2mica\/\u00e1rabe no Egito [641 EC], o antigo calend\u00e1rio eg\u00edpcio tornou-se conhecido como o calend\u00e1rio \u201ccopta\u201d, apesar de ter sido desenvolvido milhares de anos antes do Cristianismo. Os eg\u00edpcios de hoje ainda seguem o calend\u00e1rio eg\u00edpcio antigo para praticamente todos os in\u00fameros festivais anuais, a agricultura, o clima e outros assuntos (com poucas exce\u00e7\u00f5es). \u00c9, de longe, o calend\u00e1rio mais pr\u00e1tico e preciso em uso no mundo.<\/p>\n<p>&nbsp;<\/p>\n<p><strong><span style=\"color: #ff0000;\">[Um trecho <span style=\"color: #0000ff;\">A Cultura do Antigo Egito Revelada,\u00a0Segunda Edi\u00e7\u00e3o<\/span><\/span><span style=\"color: #ff0000;\"> por Moustafa Gadalla]<\/span><\/strong><\/p>\n<div dir=\"auto\">\n<div class=\"entry-content\">\n<p><span style=\"color: #0000ff;\"><strong>https:\/\/egyptianwisdomcenter.org\/product\/a-cultura-do-antigo-egito-revelada\/<\/strong><\/span><\/p>\n<p><img decoding=\"async\" class=\"aligncenter\" src=\"https:\/\/egypt-tehuti.org\/wp-content\/uploads\/2017\/11\/4-e1514402417574-225x338.jpg\" \/><\/p>\n<p style=\"text-align: center;\"><span style=\"color: #0000ff;\"><strong>https:\/\/egyptianwisdomcenter.org\/product\/a-cultura-do-antigo-egito-revelada\/<\/strong><\/span><\/p>\n<\/div>\n<footer class=\"entry-footer\"><\/footer>\n<\/div>","protected":false},"excerpt":{"rendered":"<p>O Calend\u00e1rio Eg\u00edpcio Perfeito &nbsp; Agora, voltamos nossa aten\u00e7\u00e3o para descobrir a idade da antiguidade eg\u00edpcia, revendo seu antigo calend\u00e1rio. O conhecimento [&hellip;]<\/p>","protected":false},"author":3,"featured_media":0,"parent":0,"menu_order":0,"comment_status":"closed","ping_status":"closed","template":"","meta":{"footnotes":""},"class_list":["post-31448","page","type-page","status-publish","hentry"],"aioseo_notices":[],"_links":{"self":[{"href":"https:\/\/egyptianwisdomcenter.org\/ja\/wp-json\/wp\/v2\/pages\/31448","targetHints":{"allow":["GET"]}}],"collection":[{"href":"https:\/\/egyptianwisdomcenter.org\/ja\/wp-json\/wp\/v2\/pages"}],"about":[{"href":"https:\/\/egyptianwisdomcenter.org\/ja\/wp-json\/wp\/v2\/types\/page"}],"author":[{"embeddable":true,"href":"https:\/\/egyptianwisdomcenter.org\/ja\/wp-json\/wp\/v2\/users\/3"}],"replies":[{"embeddable":true,"href":"https:\/\/egyptianwisdomcenter.org\/ja\/wp-json\/wp\/v2\/comments?post=31448"}],"version-history":[{"count":0,"href":"https:\/\/egyptianwisdomcenter.org\/ja\/wp-json\/wp\/v2\/pages\/31448\/revisions"}],"wp:attachment":[{"href":"https:\/\/egyptianwisdomcenter.org\/ja\/wp-json\/wp\/v2\/media?parent=31448"}],"curies":[{"name":"wp","href":"https:\/\/api.w.org\/{rel}","templated":true}]}}