{"id":32395,"date":"2019-03-26T10:49:06","date_gmt":"2019-03-26T14:49:06","guid":{"rendered":"https:\/\/egyptianwisdomcenter.org\/la-proporzione-cosmica-della-figura-umana\/"},"modified":"2023-01-23T08:59:18","modified_gmt":"2023-01-23T13:59:18","slug":"la-proporzione-cosmica-della-figura-umana","status":"publish","type":"page","link":"https:\/\/egyptianwisdomcenter.org\/ja\/la-proporzione-cosmica-della-figura-umana\/","title":{"rendered":"La proporzione cosmica della figura umana"},"content":{"rendered":"<h1 style=\"text-align: center;\"><strong>La proporzione cosmica della figura umana<\/strong><\/h1>\n<p>&nbsp;<\/p>\n<p>La proporzione \u00e8 la commensurazione delle varie parti costituenti con il tutto. Il corpo umano \u00e8 un primo esempio di tale proporzione armonica, dove la cornice umana \u00e8 stata formata con una tale correttezza che i diversi membri sono commensurati con il tutto.<\/p>\n<p>L&#8217;antico canone egizio per la proporzione armonica di figure umane differ\u00ec solo tra bambini e adulti. Le differenze riflettevano le effettive differenze fisiche in queste due fasi. Alla nascita, \u00e8 l&#8217;ombelico che divide l&#8217;altezza del bambino in due met\u00e0. Dopo la maturazione (raggiungendo la pubert\u00e0), la giunzione di entrambe le gambe (organi riproduttivi) \u00e8 a met\u00e0 altezza della figura adulta. La posizione dell&#8217;ombelico ora divide l&#8217;altezza in parti disuguali che rendono le parti e il tutto in conformit\u00e0 con la proporzione NEB (Aurea).<\/p>\n<p>I pi\u00f9 antichi record scoperti dalla 5a dinastia mostrano che il punto pi\u00f9 alto definito lungo l&#8217;asse verticale \u00e8 la linea di capelli della testa della persona, quando presentato nel regno terrestre.<\/p>\n<p>Le figurine egiziane segnano con attenzione \u2014 con una fascia, una corona, un diadema o una giunzione \u2014 una linea di demarcazione per la sommit\u00e0 del cranio dell&#8217;uomo terrestre, separando cos\u00ec la corona del cranio. L&#8217;altezza del corpo \u00e8 stata misurata in esclusiva della corona, come mostrato qui in questa griglia antico egiziano recuperato.<\/p>\n<p><a href=\"https:\/\/egyptianwisdomcenter.org\/wp-content\/uploads\/2019\/02\/proportion.png\"><img loading=\"lazy\" decoding=\"async\" class=\"size-full wp-image-312 aligncenter\" src=\"https:\/\/egyptianwisdomcenter.org\/wp-content\/uploads\/2019\/02\/proportion.png\" alt=\"\" width=\"445\" height=\"333\"><\/a><\/p>\n<p>La rappresentazione della Neteru (divinit\u00e0\/divinit\u00e0) e\/o degli esseri umani nell&#8217;aldil\u00e0 \u00e8 mostrata su una griglia di 18 quadrati, per l&#8217;intera altezza fino alla sommit\u00e0 della testa (cio\u00e8 inclusa la corona della testa).<\/p>\n<p>La differenza nell&#8217;altezza tra i due regni riflette la profonda comprensione dell&#8217;antico egizio della fisiologia e del ruolo degli esseri umani sulla terra.<\/p>\n<p>La rimozione di questa parte del cervello umano (la corona della testa) lascia l&#8217;uomo vivo ma senza discernimento, quindi senza alcun giudizio personale. La persona \u00e8 in uno stato vegetativo, vivendo e agendo solo come esecutore di un impulso che riceve, senza scelta effettiva. \u00c8 come una persona in coma.<\/p>\n<p>L&#8217;ombelico si trova circa 11,1 quadrati di griglia dal fondo del tallone sul sistema di griglia 18-quadrato (o lo stesso rapporto equivalente 0,618 per sistemi di rete o non-Grid). Tale divisione segue le leggi di armonia tra le due parti stesse, e le parti al tutto, come per le seguenti due relazioni:<\/p>\n<p style=\"padding-left: 30px;\">1. il rapporto tra le due (superiore e inferiore) parti dell&#8217;altezza divina (18 quadrati di griglia) sono armoniche.<\/p>\n<p style=\"padding-left: 60px;\">Parte superiore: inferiore \u00e8 0,618<br \/>\nInferiore: la parte superiore \u00e8 1,618<\/p>\n<p><a href=\"https:\/\/egyptianwisdomcenter.org\/wp-content\/uploads\/2019\/02\/human-figuration.png\"><img loading=\"lazy\" decoding=\"async\" class=\" wp-image-313 aligncenter\" src=\"https:\/\/egyptianwisdomcenter.org\/wp-content\/uploads\/2019\/02\/human-figuration.png\" alt=\"\" width=\"377\" height=\"493\"><\/a><\/p>\n<p style=\"padding-left: 30px;\">2. tra le due parti a tutta l&#8217;unit\u00e0 (altezza divina) \u2014 prendendo l&#8217;intera altezza (per la linea dei capelli della testa dell&#8217;uomo terrestre) come 1 \u2014 il corpo dai piedi all&#8217;ombelico, nel canone egiziano, \u00e8 uguale al reciproco della proporzione NEB (d&#8217;oro) (1\/N) , cio\u00e8 0,618. La porzione dall&#8217;ombelico alla linea sottile della testa equivale alla potenza 2 del reciproco della proporzione NEB (d&#8217;oro) (1\/N2), o 0,382.<\/p>\n<p style=\"text-align: left; padding-left: 60px;\">1\/N + 1\/N<sup>2<\/sup> = 1<br \/>\n0,618 + 0,382 = 1<br \/>\ndove N = proporzione NEB (oro) (1,618)<\/p>\n<p style=\"padding-left: 30px;\">A causa dell&#8217;intima relazione tra la serie sommatoria e la proporzione di Neb (aurea), troviamo che anche le diverse parti della figura seguono la serie sommatoria [as depicted in the above original grid from KV22 of Amenhotep III].<\/p>\n<p><strong>Maggiori informazioni sulla matematica nell&#8217;antico Egitto nella sezione delle appendici di questo libro.<\/strong><\/p>\n<p><span style=\"color: #ff0000;\"><strong>[An excerpt from The Ancient Egyptian Metaphysical Architecture by Moustafa Gadalla]<\/strong><\/span><\/p>\n<p><img decoding=\"async\" class=\"aligncenter\" src=\"https:\/\/egyptianwisdomcenter.org\/wp-content\/uploads\/2019\/02\/cover-ema-225x338-225x338.jpg\" alt=\"L'antica architettura metafisica egizia\"><\/p>\n<p style=\"text-align: center;\"><span style=\"color: #0000ff;\"><strong>Visualizza contenuto libro athttps:\/\/egyptianwisdomcenter.org\/product\/ancient-egyptian-architecture\/<\/strong><\/span><\/p>\n<p>&#8212;&#8212;&#8212;&#8212;&#8212;&#8212;&#8212;&#8212;&#8212;&#8212;&#8212;&#8212;&#8212;&#8212;&#8212;&#8212;&#8212;&#8212;&#8212;&#8212;&#8212;&#8212;&#8212;&#8212;&#8212;&#8212;&#8212;&#8212;&#8212;&#8212;&#8212;&#8212;&#8212;&#8212;&#8212;&#8212;&#8212;&#8212;-<\/p>\n<p><span style=\"color: #ff0000;\"><strong>Prenota Outlet acquisti:<\/strong><\/span><\/p>\n<p>I libri cartacei <strong>stampati<\/strong> sono disponibili su Amazon.<\/p>\n<p>&#8212;&#8212;&#8212;&#8212;&#8212;<br \/>\nB-il formato <strong>PDF<\/strong> \u00e8 disponibile in&#8230;<br \/>\ni-il nostro sito Web<br \/>\nII-Google Libri e Google Play<br \/>\n&#8212;&#8211;<br \/>\nC-il formato <strong>mobi<\/strong> \u00e8 disponibile in&#8230;<br \/>\ni-il nostro sito Web<br \/>\nII-Amazon<br \/>\n&#8212;&#8211;<br \/>\nD-il formato <strong>EPUB<\/strong> \u00e8 disponibile in&#8230;<br \/>\ni-il nostro sito Web<br \/>\nII-Google Libri e Google Play<br \/>\nIII-iBooks, Kobo, B &amp; N (Nook) e Smashwords.com<\/p>\n","protected":false},"excerpt":{"rendered":"<p>La proporzione cosmica della figura umana &nbsp; La proporzione \u00e8 la commensurazione delle varie parti costituenti con il tutto. Il corpo umano [&hellip;]<\/p>\n","protected":false},"author":3,"featured_media":0,"parent":0,"menu_order":0,"comment_status":"closed","ping_status":"closed","template":"","meta":{"_monsterinsights_skip_tracking":false,"_monsterinsights_sitenote_active":false,"_monsterinsights_sitenote_note":"","_monsterinsights_sitenote_category":0,"footnotes":""},"class_list":["post-32395","page","type-page","status-publish","hentry"],"aioseo_notices":[],"_links":{"self":[{"href":"https:\/\/egyptianwisdomcenter.org\/ja\/wp-json\/wp\/v2\/pages\/32395","targetHints":{"allow":["GET"]}}],"collection":[{"href":"https:\/\/egyptianwisdomcenter.org\/ja\/wp-json\/wp\/v2\/pages"}],"about":[{"href":"https:\/\/egyptianwisdomcenter.org\/ja\/wp-json\/wp\/v2\/types\/page"}],"author":[{"embeddable":true,"href":"https:\/\/egyptianwisdomcenter.org\/ja\/wp-json\/wp\/v2\/users\/3"}],"replies":[{"embeddable":true,"href":"https:\/\/egyptianwisdomcenter.org\/ja\/wp-json\/wp\/v2\/comments?post=32395"}],"version-history":[{"count":0,"href":"https:\/\/egyptianwisdomcenter.org\/ja\/wp-json\/wp\/v2\/pages\/32395\/revisions"}],"wp:attachment":[{"href":"https:\/\/egyptianwisdomcenter.org\/ja\/wp-json\/wp\/v2\/media?parent=32395"}],"curies":[{"name":"wp","href":"https:\/\/api.w.org\/{rel}","templated":true}]}}