{"id":586,"date":"2019-02-26T14:18:42","date_gmt":"2019-02-26T19:18:42","guid":{"rendered":"http:\/\/egyptianwisdomcenter.org\/ein-uberblick-uber-das-agyptische-musical-erbe\/"},"modified":"2022-12-22T15:27:43","modified_gmt":"2022-12-22T20:27:43","slug":"ein-uberblick-uber-das-agyptische-musical-erbe","status":"publish","type":"page","link":"https:\/\/egyptianwisdomcenter.org\/ja\/ein-uberblick-uber-das-agyptische-musical-erbe\/","title":{"rendered":"Ein \u00dcberblick \u00fcber das \u00e4gyptische musikalische Erbe"},"content":{"rendered":"<h2 style=\"text-align: center;\"><span style=\"color: #ff0000;\">Ein \u00dcberblick \u00dcber Das \u00c4gyptische Musikalische Erbe<\/span><\/h2>\n<p>&nbsp;<\/p>\n<p>Die arch\u00e4ologische und traditionelle \u00e4gyptische Musikgeschichte ist viel mehr als in jedem anderen Land. Die Wandreliefs der alt\u00e4gyptischen Tempel und Gr\u00e4ber zeigen zahlreiche Arten und Formen von Musikinstrumenten, die Techniken, in denen diese Instrumente gespielt und gestimmt werden sollten, Ensemblespiel und vieles mehr.<\/p>\n<p>Diese musikalischen Szenen zeigen sichtbar die H\u00e4nde des Harfenspielers, der bestimmte Saiten trifft,<\/p>\n<p><a href=\"https:\/\/egyptianwisdomcenter.org\/wp-content\/uploads\/2019\/02\/emus-ch1-photo1-96c.jpg\"><img decoding=\"async\" class=\"size-full wp-image-1381 aligncenter\" src=\"https:\/\/egyptianwisdomcenter.org\/wp-content\/uploads\/2019\/02\/emus-ch1-photo1-96c.jpg\" alt=\"\" width=\"192\" height=\"216\" \/><\/a><\/p>\n<p>Und die Blasmusiker spielen bestimmte Akkorde zusammen.<\/p>\n<p><a href=\"https:\/\/egyptianwisdomcenter.org\/wp-content\/uploads\/2019\/02\/emus-ch1-photo2-96c.jpg\"><img decoding=\"async\" class=\"size-full wp-image-1390 aligncenter\" src=\"https:\/\/egyptianwisdomcenter.org\/wp-content\/uploads\/2019\/02\/emus-ch1-photo2-96c.jpg\" alt=\"\" width=\"192\" height=\"152\" \/><\/a><\/p>\n<p>Die Abst\u00e4nde der Lautenfresser zeigen deutlich, dass die entsprechenden Intervalle und Skalen gemessen und berechnet werden k\u00f6nnen. [Detaillierte Analyse ist in einem sp\u00e4teren Kapitel in diesem Buch zu sehen.]<\/p>\n<p><a href=\"https:\/\/egyptianwisdomcenter.org\/wp-content\/uploads\/2019\/02\/emus-ch1-photo3-96c.jpg\"><img decoding=\"async\" class=\"size-full wp-image-1391 aligncenter\" src=\"https:\/\/egyptianwisdomcenter.org\/wp-content\/uploads\/2019\/02\/emus-ch1-photo3-96c.jpg\" alt=\"\" width=\"240\" height=\"157\" \/><\/a><\/p>\n<p>Die Positionen der H\u00e4nde der Harfenisten auf den Streichern zeigen deutlich Verh\u00e4ltnisse wie die Vierte, die F\u00fcnfte und die Oktave und enth\u00fcllen ein unbestreitbares Wissen \u00fcber die Gesetze, die die musikalische Harmonie regeln.<\/p>\n<p>Das Spiel der Musikinstrumente wird auch durch die Handbewegungen der Dirigenten gesteuert, die uns auch dabei helfen, bestimmte T\u00f6ne, Intervalle und Klangfunktionen zu erkennen, wie links in der Abbildung unten gezeigt.<\/p>\n<p><a href=\"https:\/\/egyptianwisdomcenter.org\/wp-content\/uploads\/2019\/02\/emus-ch1-photo4-96c.jpg\"><img loading=\"lazy\" decoding=\"async\" class=\"size-full wp-image-1392 aligncenter\" src=\"https:\/\/egyptianwisdomcenter.org\/wp-content\/uploads\/2019\/02\/emus-ch1-photo4-96c.jpg\" alt=\"\" width=\"240\" height=\"167\" \/><\/a><\/p>\n<p>Die Intervalle von Vierte, F\u00fcnfte und Oktave waren die h\u00e4ufigsten in den alt\u00e4gyptischen Repr\u00e4sentationen. Curt Sachs [in seinem Buch &#8221; <em>Geschichte der Musikinstrumente<\/em>&#8220;] fand heraus, dass von 17 Harpisten, die in \u00e4gyptischen Kunstwerken vertreten sind (mit ausreichendem Realismus und Unterscheidungskraft, um verl\u00e4ssliche Aufzeichnungen zu sein), sieben einen vierten Akkord, f\u00fcnf einen f\u00fcnften Akkord und f\u00fcnf ein Oktave Akkord.<\/p>\n<p>Die achtm\u00e4ndige Oktave wurde Harmonia oder die harmonische Oktachord-Skala genannt und wurde in fr\u00fchen griechischen Schriften als der Dorian-Oktachord beschrieben, der auf der Grundlage der Oktave, Vierte und F\u00fcnfte \u2014 den drei konsonanten Intervallen strukturiert wurde. Diese drei konsonanten Intervalle beziehen sich auf die drei Jahreszeiten des alt\u00e4gyptischen Kalenders, wie wir sp\u00e4ter im Buch sehen werden.<\/p>\n<p>Die am h\u00e4ufigsten abgebildeten Harfen hatten sieben Saiten, und laut Curt Sachs &#8216; Studie \u00fcber die \u00e4gyptischen Instrumente stimmten die \u00c4gypter ihre Harfen in der gleichen diatonischen Intervallserie.<\/p>\n<p>&gt;&gt; Eine der beiden Harfen, die im Grab Ramses III abgebildet ist, hat 13 Saiten, wo wenn die l\u00e4ngste Saite Pros-lambanomenos oder D darstellte, lieferten die restlichen 12 Saiten mehr als<span style=\"text-decoration: underline;\"><strong> alle T\u00f6ne, Halbt\u00f6ne und Viertelt\u00f6ne, der diatonischen, chromatischen und enharmonischen Gattungen innerhalb des Umpfanges einer Oktave.<\/strong><\/span><\/p>\n<p><a href=\"https:\/\/egyptianwisdomcenter.org\/wp-content\/uploads\/2019\/02\/harp.png\" rel=\"attachment wp-att-308\"><img loading=\"lazy\" decoding=\"async\" class=\"size-full wp-image-308 aligncenter\" src=\"https:\/\/egyptianwisdomcenter.org\/wp-content\/uploads\/2019\/02\/harp.png\" alt=\"Harfe\" width=\"188\" height=\"185\" \/><\/a><\/p>\n<p>Neben den zahlreichen Darstellungen von musikalischen Szenen, die in Tempeln und Gr\u00e4bern aus allen Epochen der dynastischen Geschichte \u00c4gyptens abgebildet sind, haben wir auch Zugang zu Hunderten von verschiedenen alt\u00e4gyptischen Musikinstrumenten, die von ihren Gr\u00e4ber. Diese \u00e4gyptischen Instrumente sind heute in Museen und Privatsammlungen in der ganzen Welt verbreitet.<\/p>\n<p>Die dargestellten musikalischen Szenen in den alt\u00e4gyptischen Gr\u00e4bern sowie Instrumente aus dem Alten und Mittleren K\u00f6nigreich zeigen Verh\u00e4ltnisse zwischen den offenen Saiten der Harfe und den dicht bestellten B\u00e4ndern auf den langen H\u00e4lsen von Streichinstrumenten sowie die Messungen. Zwischen den Fingerl\u00f6chern in Blasinstrumenten, die offenbaren, dass:<\/p>\n<p style=\"padding-left: 30px;\">Eine. Es wurden verschiedene Arten von musikalischen Skalen verwendet.<\/p>\n<p style=\"padding-left: 30px;\">b. Schmalstufenwaagen waren aus der fr\u00fchesten bekannten \u00e4gyptischen Geschichte (vor mehr als 5.000 Jahren) verbreitet.<\/p>\n<p style=\"padding-left: 30px;\">c. Spiel-und Stimmtechniken von Streichinstrumenten sorgten f\u00fcr Solo-und Akkordspiel der Instrumente.<\/p>\n<p style=\"padding-left: 30px;\">D. Spieltechniken von Blasinstrumenten sorgten f\u00fcr kleine Zuschl\u00e4ge und den Orgeleffekt.<\/p>\n<p style=\"padding-left: 30px;\">E. Sowohl die zyklische (Auf-und Abw\u00e4rts-) Methode als auch die Spaltmethode waren im Einsatz.<\/p>\n<p>Die alten \u00c4gypter were\/sind weltweit bekannt f\u00fcr ihre Beherrschung der Spieltechniken ihrer Musikinstrumente. Die Geschicklichkeit der \u00c4gypter, bei der Verwendung dieser Instrumente, wurde von Athenaeus best\u00e4tigt, der (in seinen Texten [iv, 25]) erkl\u00e4rte, dass &#8220;<strong><em>Sowohl die Griechen als auch die &#8220;Barbaren&#8221; wurden von \u00e4gyptischen Ureinwohnern Musik gelehrt.<\/em><\/strong>.&#8221;<\/p>\n<p>Nach dem Untergang der alt\u00e4gyptischen Pharaonen war \u00c4gypten weiterhin das Lernzentrum f\u00fcr Musik, f\u00fcr die arabisch-islamisierten L\u00e4nder.<\/p>\n<p><a href=\"https:\/\/egyptianwisdomcenter.org\/wp-content\/uploads\/2019\/02\/emus-ch1-photo6-96c.jpg\"><img loading=\"lazy\" decoding=\"async\" class=\"size-full wp-image-1393 aligncenter\" src=\"https:\/\/egyptianwisdomcenter.org\/wp-content\/uploads\/2019\/02\/emus-ch1-photo6-96c.jpg\" alt=\"\" width=\"240\" height=\"167\" \/><\/a><\/p>\n<p>All diese Befunde, zusammen mit den fr\u00fchen Historiker-Schriften des \u00e4gyptischen Musikerbes, sowie die Traditionen der modernen Nil-Bewohner, best\u00e4tigen, dass der authentischste Fall der Musikgeschichte des alten \u00c4gypten.<\/p>\n<p>Leider wurde ein Gro\u00dfteil dieser EINDEUTIG \u00c4GYPTISCHEN Beweise im Laufe der Geschichte immer wieder von der westlichen akademischen Universit\u00e4t verzerrt. Was das alte \u00c4gypten betrifft, so haben praktisch alle westlichen Akademiker Verachtung und Neid auf diese gro\u00dfe Zivilisation. Der typische westliche Akademiker wird gleichzeitig beschreiben: 1) die \u00c4gypter als sehr konservativ bezeichnen, die sich nicht ver\u00e4ndert haben oder sich entwickelt haben und die keine Vorstellungskraft hatten, usw.; Und 2) beschreiben die Errungenschaften im alten \u00c4gypten als borrowed\/stolen\/von Nicht-\u00c4gyptern kopiert. Es ist irrational, dass jemand diese widerspr\u00fcchlichen Argumente gleichzeitig anwendet.<\/p>\n<p>Tatsache ist, dass die \u00c4gypter (Alte und Baladi) bemerkenswert traditionalistisch sind, wie alle fr\u00fchen Historiker, wie Herodot, bezeugt haben, der in &#8220;Die Geschichte&#8221; in <em>&#8220;Buch <\/em>Zwei, 79&#8243; sagt:<\/p>\n<p style=\"padding-left: 30px;\"><strong><em>&#8220;Die \u00c4gypter halten sich an ihre einheimischen Br\u00e4uche und nehmen niemals aus dem Ausland an<\/em><\/strong>.&#8221;<\/p>\n<p>Herodot, in <em>\u6b74\u53f2<\/em>, Buch Zwei, 91, hei\u00dft es auch:<\/p>\n<p style=\"padding-left: 30px;\">&#8220;<strong><em>Die \u00c4gypter sind nicht bereit, griechische Br\u00e4uche anzunehmen, oder, um im Allgemeinen, die eines anderen Landes.<\/em><\/strong>.&#8221;<\/p>\n<p>&nbsp;<\/p>\n<p><span style=\"color: #ff0000;\"><strong>[Ein Auszug aus dem Buch<\/strong> <strong>&#8220;<\/strong><span style=\"color: #ff0000;\"><b>\u00c4gyptische Musikinstrumente&#8221; von<\/b><\/span><b style=\"color: #ff0000;\">\u00a0Moustafa Gadalla]<\/b><\/span><\/p>\n<p><img decoding=\"async\" class=\"aligncenter\" src=\"https:\/\/books2read-prod.s3.amazonaws.com\/CACHE\/images\/ubl_book_images\/book_display_image_0oof5e7\/6b4734cba34b68c11fd9b1a5d3afd47a\" \/><\/p>\n<p>&nbsp;<\/p>\n<p style=\"text-align: center;\">\n<p>&#8212;&#8212;&#8212;&#8212;&#8212;&#8212;&#8212;&#8212;&#8212;&#8212;&#8212;&#8212;&#8212;&#8212;&#8212;&#8212;&#8212;&#8212;&#8212;&#8212;&#8212;&#8212;&#8212;&#8212;&#8212;&#8212;&#8212;&#8212;&#8212;&#8212;&#8212;&#8212;&#8212;&#8212;&#8212;&#8212;&#8212;&#8212;&#8212;-<\/p>\n<div>\n<div><b>B\u00fccher kaufen:<\/b><\/div>\n<\/div>\n<div>\n<div><b>A &#8211; Taschenb\u00fccher sind bei\u00a0<a tabindex=\"0\" role=\"link\" href=\"https:\/\/www.amazon.com\/%C3%84gyptische-Musikinstrumente-German-Moustafa-Gadalla\/dp\/1521935173\/ref=tmm_pap_swatch_0?_encoding=UTF8&amp;qid=1628526081&amp;sr=8-1\" target=\"_blank\" rel=\"noopener noreferrer\" data-auth=\"NotApplicable\" data-linkindex=\"0\">Amazon.com<\/a>\u00a0erh\u00e4ltlich.<\/b><\/div>\n<\/div>\n<div>\n<div><b>B &#8211; Das PDF-Format ist auf <a tabindex=\"0\" role=\"link\" href=\"https:\/\/www.smashwords.com\/books\/view\/738172\" target=\"_blank\" rel=\"noopener noreferrer\" data-auth=\"NotApplicable\" data-linkindex=\"3\">Smashwords.com<\/a>\u00a0verf\u00fcgbar.<\/b><\/div>\n<\/div>\n<div>\n<div><b>C &#8211; Das Epub-Format ist verf\u00fcgbar bei <a tabindex=\"0\" role=\"link\" href=\"https:\/\/www.kobo.com\/us\/en\/ebook\/agyptische-musikinstrumente-1\" target=\"_blank\" rel=\"noopener noreferrer\" data-auth=\"NotApplicable\" data-linkindex=\"4\">Kobo.com<\/a>, Apple bei\u00a0<a tabindex=\"0\" role=\"link\" href=\"https:\/\/books.apple.com\/us\/book\/%C3%A4gyptische-musikinstrumente\/id1572007718\" target=\"_blank\" rel=\"noopener noreferrer\" data-auth=\"NotApplicable\" data-linkindex=\"5\">https:\/\/books.apple.com\/us\/author\/moustafa-gadalla\/id578894528<\/a>\u00a0und\u00a0<a tabindex=\"0\" role=\"link\" href=\"https:\/\/www.smashwords.com\/books\/view\/738172\" target=\"_blank\" rel=\"noopener noreferrer\" data-auth=\"NotApplicable\" data-linkindex=\"6\">Smashwords.com<\/a><\/b><\/div>\n<\/div>\n<div>\n<div><b>D &#8211; Das Mobi-Format ist bei <a tabindex=\"0\" role=\"link\" href=\"https:\/\/www.amazon.com\/%C3%84gyptische-Musikinstrumente-German-Moustafa-Gadalla-ebook\/dp\/B0747QTXPT\/ref=tmm_kin_swatch_0?_encoding=UTF8&amp;qid=1628526081&amp;sr=8-1\" target=\"_blank\" rel=\"noopener noreferrer\" data-auth=\"NotApplicable\" data-linkindex=\"7\">Amazon.com<\/a>\u00a0und\u00a0<a tabindex=\"0\" role=\"link\" href=\"https:\/\/www.smashwords.com\/books\/view\/738172\" target=\"_blank\" rel=\"noopener noreferrer\" data-auth=\"NotApplicable\" data-linkindex=\"8\">Smashwords.com<\/a>\u00a0erh\u00e4ltlich.<\/b><\/div>\n<\/div>\n<p>&nbsp;<\/p>","protected":false},"excerpt":{"rendered":"<p>Ein \u00dcberblick \u00dcber Das \u00c4gyptische Musikalische Erbe &nbsp; Die arch\u00e4ologische und traditionelle \u00e4gyptische Musikgeschichte ist viel mehr als in jedem anderen Land. [&hellip;]<\/p>","protected":false},"author":3,"featured_media":0,"parent":0,"menu_order":0,"comment_status":"closed","ping_status":"closed","template":"","meta":{"footnotes":""},"class_list":["post-586","page","type-page","status-publish","hentry"],"aioseo_notices":[],"_links":{"self":[{"href":"https:\/\/egyptianwisdomcenter.org\/ja\/wp-json\/wp\/v2\/pages\/586","targetHints":{"allow":["GET"]}}],"collection":[{"href":"https:\/\/egyptianwisdomcenter.org\/ja\/wp-json\/wp\/v2\/pages"}],"about":[{"href":"https:\/\/egyptianwisdomcenter.org\/ja\/wp-json\/wp\/v2\/types\/page"}],"author":[{"embeddable":true,"href":"https:\/\/egyptianwisdomcenter.org\/ja\/wp-json\/wp\/v2\/users\/3"}],"replies":[{"embeddable":true,"href":"https:\/\/egyptianwisdomcenter.org\/ja\/wp-json\/wp\/v2\/comments?post=586"}],"version-history":[{"count":0,"href":"https:\/\/egyptianwisdomcenter.org\/ja\/wp-json\/wp\/v2\/pages\/586\/revisions"}],"wp:attachment":[{"href":"https:\/\/egyptianwisdomcenter.org\/ja\/wp-json\/wp\/v2\/media?parent=586"}],"curies":[{"name":"wp","href":"https:\/\/api.w.org\/{rel}","templated":true}]}}