{"id":819,"date":"2019-02-28T13:41:25","date_gmt":"2019-02-28T18:41:25","guid":{"rendered":"http:\/\/egyptianwisdomcenter.org\/sobre\/"},"modified":"2023-01-10T13:08:55","modified_gmt":"2023-01-10T18:08:55","slug":"sobre","status":"publish","type":"page","link":"https:\/\/egyptianwisdomcenter.org\/ja\/sobre\/","title":{"rendered":"Sobre"},"content":{"rendered":"<h2>Qui\u00e9nes somos<\/h2>\r\n<p>El centro de sabidur\u00eda egipcia se ha establecido como una extensi\u00f3n de los objetivos de la organizaci\u00f3n sin fines de lucro Tehuti Research Foundation por su fundador, <strong>\u30e0\u30b9\u30bf\u30d5\u30a1\u30fb\u30ac\u30c0\u30e9<\/strong>.<\/p>\r\n\r\n\r\n\r\n<p>Egyptian Wisdom Center es un servicio de Internet que proporciona informaci\u00f3n amplia, completa, valiosa y \u00fatil sobre la sabidur\u00eda y el conocimiento del antiguo Egipto. Esta instalaci\u00f3n de Internet est\u00e1 disponible en unos diez idiomas para proporcionar dicha informaci\u00f3n en todo el mundo.<\/p>\r\n<h2 style=\"text-align: left;\">Conozca al autor y fundador<\/h2>\r\n<h2 style=\"text-align: left;\"><img fetchpriority=\"high\" decoding=\"async\" class=\"alignnone  wp-image-60114 alignright\" src=\"https:\/\/egyptianwisdomcenter.org\/wp-content\/uploads\/2022\/12\/q2vhvh7gbhgi9oghtb9hfrtk2l._SX450_-200x300.jpg\" alt=\"Author Moustafa Gadalla headshot\" width=\"293\" height=\"440\" \/><\/h2>\r\n<p dir=\"ltr\"><strong>\u30e0\u30b9\u30bf\u30d5\u30a1\u30fb\u30ac\u30c0\u30e9<\/strong> es un egipt\u00f3logo independiente egipcio-estadounidense nacido en El Cairo (Egipto) en 1944. Es licenciado en Ingenier\u00eda Civil por la Universidad de El Cairo.<\/p>\r\n<p dir=\"ltr\">Desde su m\u00e1s tierna infancia, Gadalla persigui\u00f3 con pasi\u00f3n sus ra\u00edces del Antiguo Egipto, a trav\u00e9s del estudio y la investigaci\u00f3n continuos. Desde 1990, dedica y concentra todo su tiempo a investigar y escribir.<\/p>\r\n<p dir=\"ltr\">Gadalla es autor de veintid\u00f3s libros publicados, aclamados internacionalmente, sobre los diversos aspectos de la historia y la civilizaci\u00f3n del Antiguo Egipto y sus influencias en todo el mundo. Adem\u00e1s, dirige un centro de recursos multimedia para estudios precisos y educativos sobre el Antiguo Egipto, presentados de forma atractiva, pr\u00e1ctica e interesante para el p\u00fablico en general.<\/p>\r\n<p>Fue el fundador de la Fundaci\u00f3n de Investigaci\u00f3n Tehuti, que m\u00e1s tarde se incorpor\u00f3 al multiling\u00fce Egyptian Wisdom Center<a href=\"https:\/\/egyptianwisdomcenter.org\/ja\/\" target=\"_blank\" rel=\"noopener\" data-saferedirecturl=\"https:\/\/www.google.com\/url?q=https:\/\/www.egyptianwisdomcenter.org&amp;source=gmail&amp;ust=1672148455839000&amp;usg=AOvVaw1Ll6Q5CwXb6IWIJZCWCzjj\">(https:\/\/www.<wbr \/>egyptianwisdomcenter.org<\/a>) en m\u00e1s de diez idiomas. Tambi\u00e9n es fundador y director de la<a href=\"https:\/\/www.egyptianmysticaluniversity.org\/\" target=\"_blank\" rel=\"noopener\" data-saferedirecturl=\"https:\/\/www.google.com\/url?q=https:\/\/www.egyptianmysticaluniversity.org&amp;source=gmail&amp;ust=1672148455839000&amp;usg=AOvVaw11uI7fxM9mFRN7qrhhPcQz\">Egyptian<\/a> Mystical University en l\u00ednea<a href=\"https:\/\/www.egyptianmysticaluniversity.org\/\" target=\"_blank\" rel=\"noopener\" data-saferedirecturl=\"https:\/\/www.google.com\/url?q=https:\/\/www.egyptianmysticaluniversity.org&amp;source=gmail&amp;ust=1672148455839000&amp;usg=AOvVaw11uI7fxM9mFRN7qrhhPcQz\">(https:\/\/www.<wbr \/>EgyptianMysticalUniversity.org<\/a><wbr \/>). Otra actividad continua ha sido la creaci\u00f3n y producci\u00f3n de proyectos de artes esc\u00e9nicas, como la opereta Isis Rises <a href=\"https:\/\/www.isisrisesoperetta.com\/\" target=\"_blank\" rel=\"noopener\" data-saferedirecturl=\"https:\/\/www.google.com\/url?q=https:\/\/www.isisrisesoperetta.com&amp;source=gmail&amp;ust=1672148455839000&amp;usg=AOvVaw3rtxvLh-X_xgSrUxzhit8n\">(https:\/\/www.<wbr \/>isisrisesoperetta.com<\/a>), a la que pronto seguir\u00e1 la opereta Horus The Initiate, as\u00ed como otras producciones.<\/p>","protected":false},"excerpt":{"rendered":"<p>Qui\u00e9nes somos El centro de sabidur\u00eda egipcia se ha establecido como una extensi\u00f3n de los objetivos de la organizaci\u00f3n sin fines de [&hellip;]<\/p>","protected":false},"author":3,"featured_media":60125,"parent":0,"menu_order":0,"comment_status":"closed","ping_status":"closed","template":"page-templates\/page_fullwidth.php","meta":{"footnotes":""},"class_list":["post-819","page","type-page","status-publish","has-post-thumbnail","hentry"],"aioseo_notices":[],"_links":{"self":[{"href":"https:\/\/egyptianwisdomcenter.org\/ja\/wp-json\/wp\/v2\/pages\/819","targetHints":{"allow":["GET"]}}],"collection":[{"href":"https:\/\/egyptianwisdomcenter.org\/ja\/wp-json\/wp\/v2\/pages"}],"about":[{"href":"https:\/\/egyptianwisdomcenter.org\/ja\/wp-json\/wp\/v2\/types\/page"}],"author":[{"embeddable":true,"href":"https:\/\/egyptianwisdomcenter.org\/ja\/wp-json\/wp\/v2\/users\/3"}],"replies":[{"embeddable":true,"href":"https:\/\/egyptianwisdomcenter.org\/ja\/wp-json\/wp\/v2\/comments?post=819"}],"version-history":[{"count":0,"href":"https:\/\/egyptianwisdomcenter.org\/ja\/wp-json\/wp\/v2\/pages\/819\/revisions"}],"wp:featuredmedia":[{"embeddable":true,"href":"https:\/\/egyptianwisdomcenter.org\/ja\/wp-json\/wp\/v2\/media\/60125"}],"wp:attachment":[{"href":"https:\/\/egyptianwisdomcenter.org\/ja\/wp-json\/wp\/v2\/media?parent=819"}],"curies":[{"name":"wp","href":"https:\/\/api.w.org\/{rel}","templated":true}]}}