{"id":61686,"date":"2023-01-05T15:15:09","date_gmt":"2023-01-05T20:15:09","guid":{"rendered":"https:\/\/egyptianwisdomcenter.org\/?post_type=product&#038;p=61686"},"modified":"2024-06-01T04:54:26","modified_gmt":"2024-06-01T08:54:26","slug":"isis-femme-divine","status":"publish","type":"product","link":"https:\/\/egyptianwisdomcenter.org\/ja\/product\/isis-femme-divine\/","title":{"rendered":"Isis Femme Divine"},"content":{"rendered":"<p><strong>R\u00e9sum\u00e9 Complet<\/strong><\/p>\n<p>Cette \u00c9dition Augment\u00e9e du livre est divis\u00e9e en huit chapitres et trois appendices.<\/p>\n<p>Chapitre1: la M\u00e8re de la Cr\u00e9ation comprend le r\u00f4le d\u2019Isis lors de la s\u00e9quence de cr\u00e9ation, comme un reflet de la totalit\u00e9 de la cr\u00e9ation, sa relation \u00e0 R\u00ea et Osiris.<\/p>\n<p>Chapitre 2: La Dualit\u00e9 d\u2019Isis comprend sa double nature de base en tant qu\u2019Intellect Divin de m\u00eame que dans le cycle de cr\u00e9ation et en tant que matrice universelle.<\/p>\n<p>Chapitre 3: Isis &amp; Osiris\u2014Le Duo Dynamique comprend les r\u00f4les combin\u00e9s d\u2019Isis et Osiris lors du d\u00e9veloppement et de la g\u00e9n\u00e9ration de toutes les cr\u00e9ations de l\u2019univers.<\/p>\n<p>Chapitre 4: Isis: la Vierge M\u00e8re de \u2018\u2018Dieu\u2019\u2019 comprend son r\u00f4le dans la Divine et Immacul\u00e9e Conception de son fils Horus, le concept de Virginit\u00e9, sa fuite et sa mise \u00e0 l\u2019abri\u2014avec son nouveau-n\u00e9\u2014des menaces des forces du Mal, et le sacrifice de la vie de son fils.<\/p>\n<p>Chapitre 5: La Num\u00e9rologie d\u2019Isis &amp; Osiris comprend les nombres d\u2019Isis et Osiris 2 et 3\u2014\u00e9tant les nombres Premiers de la cr\u00e9ation et de la croissance; et comment ces deux nombres g\u00e9n\u00e8rent toutes formes et volumes, l\u2019harmonie musicale et les rythmes de l\u2019univers.<\/p>\n<p>Chapitre 6: Isis et la Multitude de Ses Attributs comprend seize divinit\u00e9s f\u00e9minines\u2014comme la manifestation d\u2019Isis en tant que principe f\u00e9minin de l\u2019univers cr\u00e9\u00e9.<\/p>\n<p>Chapitre 7: L\u2019Aim\u00e9e dans tous les Pays comprend la diffusion \u00e0 travers le monde de la religion \u00e9gyptienne; comment de telles croyances survivent dans le christianisme ; et comment les f\u00eates religieuses de l\u2019ancienne \u00c9gypte en rapport avec Isis furent adopt\u00e9es par le christianisme pour Marie exactement aux m\u00eames dates que celles du calendrier \u00e9gyptien.<\/p>\n<p>Chapitre 8: Le Pouvoir du C\u0153ur comprend l\u2019\u00e9ternel et puissant impact d\u2019Isis sur une humanit\u00e9 \u00e0 la recherche de r\u00e9confort et du rem\u00e8de universel.<\/p>\n<p>Appendice 1: Cosmologie \u00c9gyptienne et All\u00e9gories comprend comment des all\u00e9gories habilement compos\u00e9es sont le meilleur \u2013 sinon le seul \u2013 moyen de transmettre des sujets complexes de sorte que l\u2019information soit accessible \u00e0 tous.<\/p>\n<p>Appendice 2: L\u2019All\u00e9gorie \u00c9gyptienne Universelle \u2013 Isis et Osiris comprend une version abr\u00e9g\u00e9e de l\u2019histoire de l\u2019all\u00e9gorie \u00e9gyptienne d\u2019Isis et Osiris, avec un accent mis sur le r\u00f4le d\u2019Isis, en tant que principe f\u00e9minin du divin, manifestations and applications. Le r\u00e9cit est effectu\u00e9 en parties s\u00e9par\u00e9es, et chaque partie est suivie par une br\u00e8ve \u00e9valuation m\u00e9taphysique de cette partie.<\/p>\n<p>Appendice 3: C\u0153ur et \u00c2me : R\u00e9flexions M\u00e9taphysiques comprend les aspects m\u00e9taphysiques du c\u0153ur (Isis) et de l\u2019\u00e2me (Osiris) et comment un \u00eatre humain est capable de r\u00e9aliser l\u2019int\u00e9gration du c\u0153ur et de l\u2019\u00e2me en dedans de soi.<\/p>","protected":false},"excerpt":{"rendered":"<p>\u30d1\u30fc <a class=\"contributor-name\" translate=\"no\" href=\"https:\/\/egyptianwisdomcenter.org\/fr\/a-propos\/\" data-force-track=\"\" data-track-info=\"{&quot;description&quot;:&quot;authorSearch&quot;,&quot;author&quot;:&quot;Moustafa Gadalla&quot;}\">\u30e0\u30b9\u30bf\u30d5\u30a1\u30fb\u30ac\u30c0\u30e9<\/a><\/p>\n<hr \/>\n<p><strong>R\u00e9sum\u00e9<\/strong><\/p>\n<p>Cette \u00e9dition augment\u00e9e traduite en fran\u00e7ais explique le principe divin f\u00e9minin comme source de la cr\u00e9ation \u00e0 la fois physique et m\u00e9taphysique, la double nature f\u00e9minine d\u2019Isis avec Nephtys, la relation (et l\u2019une-it\u00e9) des principes f\u00e9minin et masculin, la num\u00e9rologie d\u2019Isis et d\u2019Osiris, le r\u00f4le d\u2019Isis en tant que M\u00e8re Vierge, l\u2019explication d\u2019une vingtaine de divinit\u00e9s f\u00e9minines en tant que manifestations des attributs f\u00e9minins, le r\u00f4le du culte d\u2019Isis \u00e0 travers le monde, l\u2019all\u00e9gorie d\u2019Isis, Osiris et Horus, et bien plus encore. Ce livre vous remplira l\u2019esprit d\u2019informations d\u00e9taill\u00e9es mais aussi le c\u0153ur \u2013 englobant ainsi tout le champ des \u00e9motions.<\/p>\n<p><a href=\"https:\/\/egyptianwisdomcenter.org\/wp-content\/uploads\/2023\/01\/Isis-Femme-Divine-1479635591.pdf\">Aper\u00e7u avant impression (PDF)<\/a><\/p>\n<hr \/>\n<p><center><br \/>\n<a class=\"button minimal\" href=\"https:\/\/books2read.com\/u\/b6JK7p\" target=\"_blank\" rel=\"noopener\">VOIR LES OPTIONS D\u2019ACHAT<\/a><\/center><\/p>","protected":false},"featured_media":61687,"comment_status":"open","ping_status":"closed","template":"","meta":{"_monsterinsights_skip_tracking":false,"_monsterinsights_sitenote_active":false,"_monsterinsights_sitenote_note":"","_monsterinsights_sitenote_category":0},"product_brand":[],"product_cat":[98,102],"product_tag":[],"class_list":{"0":"post-61686","1":"product","2":"type-product","3":"status-publish","4":"has-post-thumbnail","6":"product_cat-edition-francaise","7":"product_cat-edition-francaise-2","9":"first","10":"instock","11":"shipping-taxable","12":"product-type-simple"},"aioseo_notices":[],"_links":{"self":[{"href":"https:\/\/egyptianwisdomcenter.org\/ja\/wp-json\/wp\/v2\/product\/61686","targetHints":{"allow":["GET"]}}],"collection":[{"href":"https:\/\/egyptianwisdomcenter.org\/ja\/wp-json\/wp\/v2\/product"}],"about":[{"href":"https:\/\/egyptianwisdomcenter.org\/ja\/wp-json\/wp\/v2\/types\/product"}],"replies":[{"embeddable":true,"href":"https:\/\/egyptianwisdomcenter.org\/ja\/wp-json\/wp\/v2\/comments?post=61686"}],"wp:featuredmedia":[{"embeddable":true,"href":"https:\/\/egyptianwisdomcenter.org\/ja\/wp-json\/wp\/v2\/media\/61687"}],"wp:attachment":[{"href":"https:\/\/egyptianwisdomcenter.org\/ja\/wp-json\/wp\/v2\/media?parent=61686"}],"wp:term":[{"taxonomy":"product_brand","embeddable":true,"href":"https:\/\/egyptianwisdomcenter.org\/ja\/wp-json\/wp\/v2\/product_brand?post=61686"},{"taxonomy":"product_cat","embeddable":true,"href":"https:\/\/egyptianwisdomcenter.org\/ja\/wp-json\/wp\/v2\/product_cat?post=61686"},{"taxonomy":"product_tag","embeddable":true,"href":"https:\/\/egyptianwisdomcenter.org\/ja\/wp-json\/wp\/v2\/product_tag?post=61686"}],"curies":[{"name":"wp","href":"https:\/\/api.w.org\/{rel}","templated":true}]}}