{"id":61871,"date":"2023-01-06T13:34:50","date_gmt":"2023-01-06T18:34:50","guid":{"rendered":"https:\/\/egyptianwisdomcenter.org\/?post_type=product&#038;p=61871"},"modified":"2024-06-01T05:00:12","modified_gmt":"2024-06-01T09:00:12","slug":"agyptische-mystiker-sucher-des-weges","status":"publish","type":"product","link":"https:\/\/egyptianwisdomcenter.org\/ja\/product\/agyptische-mystiker-sucher-des-weges\/","title":{"rendered":"\u00c4gyptische Mystiker : Sucher des Weges"},"content":{"rendered":"<p><strong>LANGE BESCHREIBUNG<\/strong><\/p>\n<p>Diese erweiterte Version des Buches ist unterteilt in in vier Teile mit insgesamt 11 Kapiteln und ein Anhang:<\/p>\n<p>Teil I: Der verborgene Schatz besteht aus zwei Kapiteln:<\/p>\n<p>Kapitel 1: \u00c4gyptische Mystik und islamisierter Sufismus wird die Unterschiede zwischen den dogmatischen und mystischen Wegen erkl\u00e4ren und wieso das alte \u00c4gypten die Quelle des Sufismus und der Alchemie ist.<\/p>\n<p>Kapitel 2: Der Schatz im Inneren wird die Beschr\u00e4nktheit der menschlichen Wahrnehmungsorgans besprechen und wie man mit solchen Einschr\u00e4nkungen die Realit\u00e4ten findet.<\/p>\n<p>Teil II: Umwandlung von Staub zu Gold besteht aus vier Kapiteln (3 bis 6):<\/p>\n<p>Kapitel 3: Der alchemistische Weg behandelt die Quelle der Alchemie, die im alten \u00c4gypten liegt, das Fortschreiten auf dem alchemistischen Weg und die Rolle eines F\u00fchrers w\u00e4hrend des Prozesses.<\/p>\n<p>Kapitel 4: Der Reinigungsprozess umfasst sowohl die \u00e4u\u00dfere als auch die innere Reinigung w\u00e4hrend des irdischen Lebens<\/p>\n<p>Kapitel 5: Der Weg zur Offenbarung deckt die Methoden ab, mit denen ein magischer Anw\u00e4rter durch Offenbarungen Wissen erlangen kann.<\/p>\n<p>Kapitel 6: Die Himmlischen Helfer umfasst die Rolle und Pflichten derjenigen, die \u00fcbernat\u00fcrliche Kr\u00e4fte erlangt haben, um anderen auf der Erde zu helfen.<\/p>\n<p>Teil III: Die \u00f6ffentlichen Volksfeste besteht aus vier Kapiteln (7 bis 10):<\/p>\n<p>Kapitel 7: Die zyklischen Erneuerungsfeste erkl\u00e4ren die Bedeutung des Abhaltens und Teilnehmens an den j\u00e4hrlichen Festen.<\/p>\n<p>Kapitel 8: Beispiele von Festivals der Antike und Gegenwart erl\u00e4utert etwa ein Dutzend der j\u00e4hrlichen alt\u00e4gyptischen Feste und wie viele von ihnen in der westlichen Welt bekannt waren und beobachtet wurden.<\/p>\n<p>Kapitel 9: Die \u00e4gyptischen Jahrm\u00e4rkte (Mouleds) behandelt die Hauptelemente eines typischen Festes.<\/p>\n<p>Kapitel 10: \u00c4gyptische Themen der traditionellen Santa Claus Festes bietet einen Vergleich zwischen den allgemein bekannten Nikolaus-Weihnachtsbr\u00e4uchen und dem typisch alt\u00e4gyptischen Festes eines Volksheiligen.<\/p>\n<p>Teil IV: Kommt alle herbei hat ein Kapitel-11.<\/p>\n<p>Kapitel 11: Die Bildung von Gemeinschaften umfasst die allgemeine Struktur und Praktiken zur Gestaltung\/Teilnahme an einer mystischen Gemeinschaft.<\/p>","protected":false},"excerpt":{"rendered":"<p>von <a href=\"https:\/\/egyptianwisdomcenter.org\/de\/uber-mich\/\">\u30e0\u30b9\u30bf\u30d5\u30a1\u30fb\u30ac\u30c0\u30e9<\/a><\/p>\n<hr \/>\n<p><strong>Zusammenfassung<\/strong><\/p>\n<p>Dieses Buch erkl\u00e4rt, wieso das alte \u00c4gypten der Ursprung der Alchemie und des heutigen Sufismus ist und wie die Mystiker \u00c4gyptens ihre Praktiken unter einer d\u00fcnnen Schicht des Islam tarnen. Das Buch erkl\u00e4rt auch den Verlauf des mystischen Weges bis hin zur Erleuchtung, mit einer verst\u00e4ndlichen Erkl\u00e4rung seiner Grundlagen und Praktiken. Es zeigt die \u00dcbereinstimmung zwischen dem alt\u00e4gyptischen Veranstaltungskalender und den kosmischen Zyklen des Universums.<\/p>\n<p>&nbsp;<\/p>\n<hr \/>\n<p><center><br \/>\n<a class=\"button minimal\" href=\"https:\/\/books2read.com\/u\/47JlGj\" target=\"_blank\" rel=\"noopener\">Kaufoptionen anzeigen<\/a><\/center><center><\/center><center><\/p>\n<div id='wpsr-reviews-slider-69133' class='wpsr-reviews-69133  wpsr-reviews-wrapper wpsr-feed-wrap wpsr_content  wpsr-reviews-slider-wrapper   wpsr-reviews-template-grid2 wpsr-reviews-layout-slider wpsr-header-enable' data-column='4' data-platforms='amazon' data-slider_settings='{&quot;autoplay&quot;:&quot;false&quot;,&quot;autoplay_speed&quot;:3000,&quot;slides_to_show&quot;:3,&quot;spaceBetween&quot;:20,&quot;responsive_slides_to_show&quot;:{&quot;desktop&quot;:2,&quot;tablet&quot;:2,&quot;mobile&quot;:1},&quot;slides_to_scroll&quot;:3,&quot;responsive_slides_to_scroll&quot;:{&quot;desktop&quot;:5,&quot;tablet&quot;:2,&quot;mobile&quot;:1},&quot;navigation&quot;:&quot;dot&quot;}'>\n<div class=\"wpsr-container wpsr-fixed-height\" style=\"\" >\n<div class=\"wpsr-business-info-wrapper\">\n<div class=\"wpsr-row\">\n<div class=\"wpsr-business-info  amazon\">\n<div class=\"wpsr-business-info-left\">\n<div class=\"wpsr-business-info-paltforms\"><img decoding=\"async\" src=\"https:\/\/egyptianwisdomcenter.org\/wp-content\/plugins\/wp-social-reviews\/assets\/images\/icon\/icon-amazon.png\" alt=\"amazon\"><\/div>\n<div class=\"wpsr-rating-and-count\"><span class=\"wpsr-total-rating\">4.1<\/span><span class=\"wpsr-rating\"><\/p>\n<div class=\"wpsr-star-container wpsr-star-background-filled\" style=\"--wpsr-review-star-fill: 100%;\">\n<div class=\"wpsr-star-empty\"><\/div>\n<div class=\"wpsr-star-filled\"><\/div>\n<\/p><\/div>\n<div class=\"wpsr-star-container wpsr-star-background-filled\" style=\"--wpsr-review-star-fill: 100%;\">\n<div class=\"wpsr-star-empty\"><\/div>\n<div class=\"wpsr-star-filled\"><\/div>\n<\/p><\/div>\n<div class=\"wpsr-star-container wpsr-star-background-filled\" style=\"--wpsr-review-star-fill: 100%;\">\n<div class=\"wpsr-star-empty\"><\/div>\n<div class=\"wpsr-star-filled\"><\/div>\n<\/p><\/div>\n<div class=\"wpsr-star-container wpsr-star-background-filled\" style=\"--wpsr-review-star-fill: 100%;\">\n<div class=\"wpsr-star-empty\"><\/div>\n<div class=\"wpsr-star-filled\"><\/div>\n<\/p><\/div>\n<div class=\"wpsr-star-container wpsr-star-background-filled\" style=\"--wpsr-review-star-fill: 10%;\">\n<div class=\"wpsr-star-empty\"><\/div>\n<div class=\"wpsr-star-filled\"><\/div>\n<\/p><\/div>\n<p><\/span><\/p>\n<div class=\"wpsr-total-reviews\">Based on <span>5<\/span> Reviews<\/div>\n<\/div>\n<\/div>\n<div class=\"wpsr-business-info-right\">\n<div class=\"wpsr-write-review-modal-wrapper\"><\/div>\n<\/div>\n<\/div>\n<\/div>\n<\/div>\n<div class=\"wpsr-row\" style=\"\">\n<div class=\"wpsr-reviews-slider-wrapper-inner\">\n<div class=\"wpsr-reviews-slider swiper-container wpsr-ai-summary-enabled-slider\" tabindex=\"0\">\n<div class=\"swiper-wrapper\">\n<div class=\"swiper-slide\" role=\"group\">\n<div class=\"wpsr-review-template wpsr-review-template-two wpsr-review-template-amazon\"\n                 style=\"\"\n                 data-index=\"0\"\n                 data-source_id=\"1983379204\"\n                 data-media_id=\"\"\n                 data-review_platform=\"amazon\"\n                 data-product_thumbnail=\"\"\n                 data-product_name=\"\"\n                 data-image_resize=\"full\"\n            ><\/p>\n<div class=\"wpsr-review-platform\">\n                <img decoding=\"async\" class=\"wpsr-review-platform-icon\" width=\"20\" height=\"20\" src=\"https:\/\/egyptianwisdomcenter.org\/wp-content\/plugins\/wp-social-reviews\/assets\/images\/icon\/icon-amazon-small.png\" alt=\"amazon\">\n    <\/div>\n<div class=\"wpsr-reviewer-image\">\n    <a class=\"wpsr-reviewer-image-url\" target=\"_blank\" rel=\"noopener noreferrer nofollow\" href=\"https:\/\/www.amazon.com\/%C3%84gyptische-Mystiker-Sucher-Weges-German\/dp\/1983379204\"><br \/>\n                                    <img decoding=\"async\" class=\"wpsr-reviewer-avatar\" src=\"https:\/\/images-na.ssl-images-amazon.com\/images\/S\/amazon-avatars-global\/default._CR0,0,1024,1024_SX48_.png\" alt=\"Lola\"\/><br \/>\n                        <\/a>\n<\/div>\n<div class=\"wpsr-review-info\">\n                        <a class=\"wpsr-reviewer-name-url\" target=\"_blank\" rel=\"noopener noreferrer nofollow\" href=\"https:\/\/www.amazon.com\/%C3%84gyptische-Mystiker-Sucher-Weges-German\/dp\/1983379204\"><br \/>\n    <span class=\"wpsr-reviewer-name\">Lola<\/span><br \/>\n    <\/a><\/p>\n<div data-rating=\"3\" class=\"wpsr-rating-wrapper wpsr-rating\">\n<div class=\"wpsr-star-container wpsr-star-background-filled\" style=\"--wpsr-review-star-fill: 100%;\">\n<div class=\"wpsr-star-empty\"><\/div>\n<div class=\"wpsr-star-filled\"><\/div>\n<\/p><\/div>\n<div class=\"wpsr-star-container wpsr-star-background-filled\" style=\"--wpsr-review-star-fill: 100%;\">\n<div class=\"wpsr-star-empty\"><\/div>\n<div class=\"wpsr-star-filled\"><\/div>\n<\/p><\/div>\n<div class=\"wpsr-star-container wpsr-star-background-filled\" style=\"--wpsr-review-star-fill: 100%;\">\n<div class=\"wpsr-star-empty\"><\/div>\n<div class=\"wpsr-star-filled\"><\/div>\n<\/p><\/div>\n<div class=\"wpsr-star-container wpsr-star-background-empty\" style=\"--wpsr-review-star-fill: 0%;\">\n<div class=\"wpsr-star-empty\"><\/div>\n<div class=\"wpsr-star-filled\"><\/div>\n<\/p><\/div>\n<div class=\"wpsr-star-container wpsr-star-background-empty\" style=\"--wpsr-review-star-fill: 0%;\">\n<div class=\"wpsr-star-empty\"><\/div>\n<div class=\"wpsr-star-filled\"><\/div>\n<\/p><\/div>\n<\/p><\/div>\n<p><span data-time=\"4\u5e74 ago\" class=\"wpsr-review-date\"><br \/>\n     9\u6708 18, 2022<\/span>                        <\/p><\/div>\n<div class=\"wpsr-reviews-content-footer\">\n<h3 class=\"wpsr-review-title\">\n    Interessant; doch subjektiv<\/h3>\n<div class=\"wpsr-review-content\" tabindex=\"0\">\n<p class=\"wpsr_add_read_more wpsr_show_less_content\" data-num-words-trim=\"10\">Da ich mich mit Hermetik besch\u00e4ftige, war dieses Buch durchaus aufschlussreich (bzgl \u00e4gyptischer Einfl\u00fcsse in der europ\u00e4ischen Mystik und Alchemie und was urspr\u00fcnglich mit diesen Symbolen assoziiert wurde).<br \/>\nLeider ist das Buch an einigen Stellen sehr subjektiv gepr\u00e4gt und stellt z.B. den Islam als Ganzes \u00fcberzogen schlecht dar. Die detaillierten Ausf\u00fchrungen \u00fcber die Implementierung einer Art religi\u00f6sen Gemeinschaft ergibt auch keinen objektiven Sinn. Sowas hat immer einen \u00e4rgerlichen Beigeschmack und weckt Zweifel an den vorstehenden Informationen, auch wenn es seri\u00f6se Informationen sein sollten.<br \/>\nVorsichtshalber werde ich pers\u00f6nlich also ein weiteres Buch zu dem Thema anschaffen und versuchen diesmal was zu finden, was einfach nur Fakten und anerkannte Hypothesen vorstellt (wie schwer kann das eigentlich sein?).<br \/>\nIm Vergleich mit anderen Werken innerhalb des \u00dcberthemas Mystik scheint es mir immerhin ehrlich und verh\u00e4ltnism\u00e4\u00dfig moderat und damit f\u00fcr das Genre also vertretbar. <\/p>\n<\/p><\/div>\n<\/p><\/div>\n<\/p><\/div>\n<\/p><\/div>\n<div class=\"swiper-slide\" role=\"group\">\n<div class=\"wpsr-review-template wpsr-review-template-two wpsr-review-template-amazon\"\n                 style=\"\"\n                 data-index=\"1\"\n                 data-source_id=\"1983379204\"\n                 data-media_id=\"\"\n                 data-review_platform=\"amazon\"\n                 data-product_thumbnail=\"\"\n                 data-product_name=\"\"\n                 data-image_resize=\"full\"\n            ><\/p>\n<div class=\"wpsr-review-platform\">\n                <img decoding=\"async\" class=\"wpsr-review-platform-icon\" width=\"20\" height=\"20\" src=\"https:\/\/egyptianwisdomcenter.org\/wp-content\/plugins\/wp-social-reviews\/assets\/images\/icon\/icon-amazon-small.png\" alt=\"amazon\">\n    <\/div>\n<div class=\"wpsr-reviewer-image\">\n    <a class=\"wpsr-reviewer-image-url\" target=\"_blank\" rel=\"noopener noreferrer nofollow\" href=\"https:\/\/www.amazon.com\/%C3%84gyptische-Mystiker-Sucher-Weges-German\/dp\/1983379204\"><br \/>\n                                    <img decoding=\"async\" class=\"wpsr-reviewer-avatar\" src=\"https:\/\/images-eu.ssl-images-amazon.com\/images\/S\/amazon-avatars-global\/default._CR0,0,1024,1024_SX48_.png\" alt=\"k.stiller\"\/><br \/>\n                        <\/a>\n<\/div>\n<div class=\"wpsr-review-info\">\n                        <a class=\"wpsr-reviewer-name-url\" target=\"_blank\" rel=\"noopener noreferrer nofollow\" href=\"https:\/\/www.amazon.com\/%C3%84gyptische-Mystiker-Sucher-Weges-German\/dp\/1983379204\"><br \/>\n    <span class=\"wpsr-reviewer-name\">k.stiller<\/span><br \/>\n    <\/a><\/p>\n<div data-rating=\"5\" class=\"wpsr-rating-wrapper wpsr-rating\">\n<div class=\"wpsr-star-container wpsr-star-background-filled\" style=\"--wpsr-review-star-fill: 100%;\">\n<div class=\"wpsr-star-empty\"><\/div>\n<div class=\"wpsr-star-filled\"><\/div>\n<\/p><\/div>\n<div class=\"wpsr-star-container wpsr-star-background-filled\" style=\"--wpsr-review-star-fill: 100%;\">\n<div class=\"wpsr-star-empty\"><\/div>\n<div class=\"wpsr-star-filled\"><\/div>\n<\/p><\/div>\n<div class=\"wpsr-star-container wpsr-star-background-filled\" style=\"--wpsr-review-star-fill: 100%;\">\n<div class=\"wpsr-star-empty\"><\/div>\n<div class=\"wpsr-star-filled\"><\/div>\n<\/p><\/div>\n<div class=\"wpsr-star-container wpsr-star-background-filled\" style=\"--wpsr-review-star-fill: 100%;\">\n<div class=\"wpsr-star-empty\"><\/div>\n<div class=\"wpsr-star-filled\"><\/div>\n<\/p><\/div>\n<div class=\"wpsr-star-container wpsr-star-background-filled\" style=\"--wpsr-review-star-fill: 100%;\">\n<div class=\"wpsr-star-empty\"><\/div>\n<div class=\"wpsr-star-filled\"><\/div>\n<\/p><\/div>\n<\/p><\/div>\n<p><span data-time=\"7\u5e74 ago\" class=\"wpsr-review-date\"><br \/>\n     6\u6708 3, 2019<\/span>                        <\/p><\/div>\n<div class=\"wpsr-reviews-content-footer\">\n<h3 class=\"wpsr-review-title\">\n    hochinteressant<\/h3>\n<div class=\"wpsr-review-content\" tabindex=\"0\">\n<p class=\"wpsr_add_read_more wpsr_show_less_content\" data-num-words-trim=\"10\">gut zu lesen, interessant geschrieben &#8211; werde noch weitere B\u00fccher von ihm kaufen! <\/p>\n<\/p><\/div>\n<\/p><\/div>\n<\/p><\/div>\n<\/p><\/div>\n<\/div>\n<\/div>\n<div class=\"wpsr-swiper-carousel-wrapper\">\n<div class=\"wpsr-swiper-pagination swiper-pagination\"><\/div>\n<\/div>\n<\/div>\n<\/div>\n<\/div>\n<\/div>\n<p><\/center><\/p>","protected":false},"featured_media":61887,"comment_status":"open","ping_status":"closed","template":"","meta":[],"product_brand":[],"product_cat":[104,105],"product_tag":[],"class_list":{"0":"post-61871","1":"product","2":"type-product","3":"status-publish","4":"has-post-thumbnail","6":"product_cat-deutsch","7":"product_cat-deutsche-ausgabe","9":"first","10":"instock","11":"shipping-taxable","12":"product-type-simple"},"aioseo_notices":[],"_links":{"self":[{"href":"https:\/\/egyptianwisdomcenter.org\/ja\/wp-json\/wp\/v2\/product\/61871","targetHints":{"allow":["GET"]}}],"collection":[{"href":"https:\/\/egyptianwisdomcenter.org\/ja\/wp-json\/wp\/v2\/product"}],"about":[{"href":"https:\/\/egyptianwisdomcenter.org\/ja\/wp-json\/wp\/v2\/types\/product"}],"replies":[{"embeddable":true,"href":"https:\/\/egyptianwisdomcenter.org\/ja\/wp-json\/wp\/v2\/comments?post=61871"}],"wp:featuredmedia":[{"embeddable":true,"href":"https:\/\/egyptianwisdomcenter.org\/ja\/wp-json\/wp\/v2\/media\/61887"}],"wp:attachment":[{"href":"https:\/\/egyptianwisdomcenter.org\/ja\/wp-json\/wp\/v2\/media?parent=61871"}],"wp:term":[{"taxonomy":"product_brand","embeddable":true,"href":"https:\/\/egyptianwisdomcenter.org\/ja\/wp-json\/wp\/v2\/product_brand?post=61871"},{"taxonomy":"product_cat","embeddable":true,"href":"https:\/\/egyptianwisdomcenter.org\/ja\/wp-json\/wp\/v2\/product_cat?post=61871"},{"taxonomy":"product_tag","embeddable":true,"href":"https:\/\/egyptianwisdomcenter.org\/ja\/wp-json\/wp\/v2\/product_tag?post=61871"}],"curies":[{"name":"wp","href":"https:\/\/api.w.org\/{rel}","templated":true}]}}