{"id":62872,"date":"2023-01-10T12:55:50","date_gmt":"2023-01-10T17:55:50","guid":{"rendered":"https:\/\/egyptianwisdomcenter.org\/?post_type=product&#038;p=62872"},"modified":"2024-06-01T04:43:08","modified_gmt":"2024-06-01T08:43:08","slug":"cosmologia-egipcia-el-universo-animado-tercera-edicion","status":"publish","type":"product","link":"https:\/\/egyptianwisdomcenter.org\/ja\/product\/cosmologia-egipcia-el-universo-animado-tercera-edicion\/","title":{"rendered":"Cosmolog\u00eda Egipcia : El Universo Animado \u2013 Tercera Edici\u00f3n"},"content":{"rendered":"<p><strong>DESCRIPCI\u00d3N LARGA<\/strong><\/p>\n<p>Este libro consta de cinco partes con un total de 17 cap\u00edtulos.<\/p>\n<p>Parte I: El Monote\u00edsmo M\u00edstico Egipcio consta de un cap\u00edtulo:<\/p>\n<p>Cap\u00edtulo 1: Los M\u00e1s Religiosos abarcar\u00e1 el significado m\u00edstico profundo del monote\u00edsmo para los egipcios profundamente religiosos, as\u00ed como una visi\u00f3n global de su consciencia c\u00f3smica.<\/p>\n<p>Parte II: Los Principios de la Creaci\u00f3n consta de dos cap\u00edtulos, el 2 y el 3:<\/p>\n<p>Cap\u00edtulo 2: Las Energ\u00edas Animadas del Universo abarcar\u00e1 el conocimiento cient\u00edfico que ten\u00edan los egipcios del estado del mundo antes de la creaci\u00f3n y de las energ\u00edas animadas divinas del ciclo de la creaci\u00f3n.<\/p>\n<p>Cap\u00edtulo 3: Relatos Egipcios del Proceso de la Creaci\u00f3n abarcar\u00e1 una visi\u00f3n global de las tres fases principales del ciclo de la Creaci\u00f3n.<\/p>\n<p>Parte III: Los C\u00f3digos Num\u00e9ricos de la Creaci\u00f3n consta de diez cap\u00edtulos, cap\u00edtulos 4 al 13:<\/p>\n<p>Cap\u00edtulo 4: Numerolog\u00eda del Proceso de la Creaci\u00f3n abarcar\u00e1 el misticismo num\u00e9rico en el Antiguo Egipto y el an\u00e1lisis de los n\u00fameros dos, tres y cinco.<\/p>\n<p>Cap\u00edtulo 5: La Naturaleza Dual\u00edstica abarcar\u00e1 la naturaleza dual\u00edstica de la creaci\u00f3n y el an\u00e1lisis de cuatorce diferentes aplicaciones en el sistema del Antiguo Egipto.<\/p>\n<p>Cap\u00edtulo 6: Tres \u2013 La Trinidad Unificada abarcar\u00e1 este primer n\u00famero impar [uno no es un n\u00famero], el significado de los poderes triples de una trinidad en el universo; y algunas aplicaciones de tal principio en el sistema del Antiguo Egipto.<\/p>\n<p>Los Cap\u00edtulos 7 al 13 abarcar\u00e1n los aspectos m\u00edsticos de los n\u00fameros cuatro al diez.<\/p>\n<p>Parte IV: As\u00ed como es Arriba es Abajo consta de dos cap\u00edtulos, el 14 y el 15:<\/p>\n<p>Cap\u00edtulo 14: El Ser Humano \u2013 La R\u00e9plica Universal abarcar\u00e1 c\u00f3mo los componentes f\u00edsicos y metaf\u00edsicos del hombre son una imagen de toda la creaci\u00f3n.<\/p>\n<p>Cap\u00edtulo 15: Consciencia Astron\u00f3mica abarcar\u00e1 el conocimiento avanzado de la astronom\u00eda y el tiempo en el Antiguo Egipto, el Zodiaco y los Ciclos S\u00f3ticos; as\u00ed como la naturaleza de la armon\u00eda de las (siete) esferas y la participaci\u00f3n de la poblaci\u00f3n en su mantenimiento.<\/p>\n<p>Parte V: De Mortales a Inmortales consta de dos cap\u00edtulos, el 16 y el 17:<\/p>\n<p>Cap\u00edtulo 16: Nuestro Viaje Terrenal abarca las v\u00edas disponibles de un individuo para lograr la reuni\u00f3n con la Fuente Divina, incluyendo el Sufismo, la Alquimia, etc.<\/p>\n<p>Cap\u00edtulo 17: Ascendiendo por la Escalera Celestial abarca la vida despu\u00e9s de la tierra, la transmigraci\u00f3n del alma, la progresi\u00f3n a lo largo de varios reinos hacia la reunificaci\u00f3n y la deificaci\u00f3n.<\/p>\n","protected":false},"excerpt":{"rendered":"<p>por <a href=\"https:\/\/egyptianwisdomcenter.org\/es\/sobre\/\">\u30e0\u30b9\u30bf\u30d5\u30a1\u30fb\u30ac\u30c0\u30e9<\/a><\/p>\n<hr \/>\n<p><strong>Resumen<\/strong><\/p>\n<p>Esta edici\u00f3n examina la aplicabilidad de los conceptos cosmol\u00f3gicos egipcios para nuestra comprensi\u00f3n moderna de la naturaleza del universo, creaci\u00f3n, ciencia y filosof\u00eda. La cosmolog\u00eda egipcia es humanista, coherente, integral, coherente, l\u00f3gica, anal\u00edtica y racional. Descubre el concepto egipcio de la matriz energ\u00e9tica universal y las explicaci\u00f3n del proceso de creaci\u00f3n. Lea acerca de la numerolog\u00eda, dualidades, trinidades, etc.; c\u00f3mo el ser humano se relaciona con el universo; la conciencia astron\u00f3mica egipcia; el viaje terrenal; la subida por la escalera celestial para reunirse con la Fuente; etc.<\/p>\n<hr \/>\n<p><center><br \/>\n<a class=\"button minimal\" href=\"https:\/\/books2read.com\/u\/boMD1L\" target=\"_blank\" rel=\"noopener\">Ver opciones de compra<\/a><\/center><\/p>","protected":false},"featured_media":62875,"comment_status":"open","ping_status":"closed","template":"","meta":{"_monsterinsights_skip_tracking":false,"_monsterinsights_sitenote_active":false,"_monsterinsights_sitenote_note":"","_monsterinsights_sitenote_category":0},"product_brand":[],"product_cat":[112,111],"product_tag":[],"class_list":{"0":"post-62872","1":"product","2":"type-product","3":"status-publish","4":"has-post-thumbnail","6":"product_cat-edicion-espanola","7":"product_cat-espanol","9":"first","10":"instock","11":"shipping-taxable","12":"product-type-simple"},"aioseo_notices":[],"_links":{"self":[{"href":"https:\/\/egyptianwisdomcenter.org\/ja\/wp-json\/wp\/v2\/product\/62872","targetHints":{"allow":["GET"]}}],"collection":[{"href":"https:\/\/egyptianwisdomcenter.org\/ja\/wp-json\/wp\/v2\/product"}],"about":[{"href":"https:\/\/egyptianwisdomcenter.org\/ja\/wp-json\/wp\/v2\/types\/product"}],"replies":[{"embeddable":true,"href":"https:\/\/egyptianwisdomcenter.org\/ja\/wp-json\/wp\/v2\/comments?post=62872"}],"wp:featuredmedia":[{"embeddable":true,"href":"https:\/\/egyptianwisdomcenter.org\/ja\/wp-json\/wp\/v2\/media\/62875"}],"wp:attachment":[{"href":"https:\/\/egyptianwisdomcenter.org\/ja\/wp-json\/wp\/v2\/media?parent=62872"}],"wp:term":[{"taxonomy":"product_brand","embeddable":true,"href":"https:\/\/egyptianwisdomcenter.org\/ja\/wp-json\/wp\/v2\/product_brand?post=62872"},{"taxonomy":"product_cat","embeddable":true,"href":"https:\/\/egyptianwisdomcenter.org\/ja\/wp-json\/wp\/v2\/product_cat?post=62872"},{"taxonomy":"product_tag","embeddable":true,"href":"https:\/\/egyptianwisdomcenter.org\/ja\/wp-json\/wp\/v2\/product_tag?post=62872"}],"curies":[{"name":"wp","href":"https:\/\/api.w.org\/{rel}","templated":true}]}}