{"id":62998,"date":"2023-01-10T16:37:22","date_gmt":"2023-01-10T21:37:22","guid":{"rendered":"https:\/\/egyptianwisdomcenter.org\/?post_type=product&#038;p=62998"},"modified":"2024-06-01T04:46:14","modified_gmt":"2024-06-01T08:46:14","slug":"la-cultura-revelada-del-antiguo-egipto","status":"publish","type":"product","link":"https:\/\/egyptianwisdomcenter.org\/ja\/product\/la-cultura-revelada-del-antiguo-egipto\/","title":{"rendered":"La Cultura Revelada Del Antiguo Egipto"},"content":{"rendered":"<p><strong>DESCRIPCI\u00d3N LARGA<\/strong><\/p>\n<p>Este libro revela varios aspectos de la cultura del Antiguo Egipto. Esta edici\u00f3n ampliada del libro consta de cuatro partes con un total de 16 cap\u00edtulos y tres anexos.<\/p>\n<p>Parte I: Los pueblos de Egipto que consta de 4 cap\u00edtulos, del 1 al 4, de la siguiente manera:<\/p>\n<p>Cap\u00edtulo 1: El origen que abarca la edad de las antig\u00fcedades egipcias, es decir de al menos 39.000 a\u00f1os, de conformidad con la evidencia arqueol\u00f3gica, hist\u00f3rica y f\u00edsica; la Era de Leo y la Esfinge; y la era del calendario s\u00f3tico egipcio que es con diferencia el calendario m\u00e1s preciso de todos los tiempos.<\/p>\n<p>Cap\u00edtulo 2: El pueblo egipcio que abarca las ra\u00edces y las caracter\u00edsticas del pueblo egipcio [Antiguo] y sus asentamientos en todo el mundo.<\/p>\n<p>Cap\u00edtulo 3: Los m\u00e1s religiosos que ofrece una descripci\u00f3n general muy breve de la cosmolog\u00eda egipcia; monote\u00edsmo y polite\u00edsmo; simbolismo animal, creaci\u00f3n del universo, etc.<\/p>\n<p>Cap\u00edtulo 4: El orden social y pol\u00edtico que abarca los fundamentos y las aplicaciones de los principios de matrilineal\/matriarcal; las comunidades matrilocales; el sistema de rep\u00fablica comunitaria egipcia; el sistema de gobierno dual de supervisi\u00f3n\/administraci\u00f3n; y el orden de documentaci\u00f3n de todas las materias en la sociedad egipcia.<\/p>\n<p>Parte II: Las correlaciones c\u00f3smicas que consta de tres cap\u00edtulos, del 5 al 7, de la siguiente manera:<\/p>\n<p>Cap\u00edtulo 5: Como es arriba, es abajo que abarca los principios y aplicaciones de la consciencia c\u00f3smica en la vida de los egipcios; y las Festividades de Renovaci\u00f3n C\u00edclica como una forma de dichos principios.<\/p>\n<p>Cap\u00edtulo 6: El fara\u00f3n, el v\u00ednculo c\u00f3smico que abarca la regla verdadera del fara\u00f3n egipcio como un Amo Siervo; c\u00f3mo gobern\u00f3 el pueblo; y mucho m\u00e1s.<\/p>\n<p>Cap\u00edtulo 7: Los templos egipcios que ofrece una r\u00e1pida visi\u00f3n general de la funci\u00f3n y objetivo verdaderos del templo egipcio; los par\u00e1metros de dise\u00f1o arm\u00f3nico; y mucho m\u00e1s.<\/p>\n<p>Parte III: Los egipcios eruditos que consta de cinco cap\u00edtulos, del 8 al 12, de la siguiente manera:<\/p>\n<p>Cap\u00edtulo 8: El lenguaje divino que ofrece una r\u00e1pida visi\u00f3n general de los modos de escritura en el Antiguo Egipto, la forma de escritura alfab\u00e9tica y la imaginer\u00eda s\u00edmbolos\/caligraf\u00eda metaf\u00edsica pict\u00f3rica; as\u00ed como los aspectos sofisticados del lenguaje alfab\u00e9tico egipcio.<\/p>\n<p>Cap\u00edtulo 9: El patrimonio musical egipcio que ofrece una r\u00e1pida visi\u00f3n general de su patrimonio musical; las orquestas musicales; la amplia variedad de instrumentos musicales; as\u00ed como el baile y el ballet en el Antiguo Egipto.<\/p>\n<p>Cap\u00edtulo 10: La salud y la medicina que ofrece una r\u00e1pida visi\u00f3n general sobre el gran prestigio internacional de la medicina egipcia; su colectivo m\u00e9dico; los contenidos de algunos papiros m\u00e9dicos egipcios sobre diagn\u00f3stico, curas y tratamientos de diferentes enfermedades, cirug\u00edas; y una amplia variedad de prescripciones.<\/p>\n<p>Cap\u00edtulo 11: La astronom\u00eda que abarca los sorprendentes y precisos conocimientos y pr\u00e1cticas astron\u00f3micos como las observaciones y registros astron\u00f3micos, el ciclo zodiacal, etc.<\/p>\n<p>Cap\u00edtulo 12: La geometr\u00eda y las matem\u00e1ticas que ofrece una r\u00e1pida visi\u00f3n general de los temas de la geometr\u00eda sagrada y la ciencia natural, geodesia, matem\u00e1ticas y numerolog\u00eda; as\u00ed como sus conocimientos y aplicaciones de los \u201cratios\u201d sagrados de Pi y Phi.<\/p>\n<p>Parte IV: La econom\u00eda din\u00e1mica que consta de cuatro cap\u00edtulos, del 13 al 16, de la siguiente manera:<\/p>\n<p>Cap\u00edtulo 13: La cultura del cultivo que abarca la destacada aplicaci\u00f3n de las t\u00e9cnicas agr\u00edcolas de clima seco; la divisi\u00f3n social del trabajo; y la comunidad agr\u00edcola.<\/p>\n<p>Cap\u00edtulo 14: Las industrias de fabricaci\u00f3n que abarca el conocimiento egipcio de metalurgia y siderurgia; sus productos de una aleaci\u00f3n de plata y oro ..<\/p>","protected":false},"excerpt":{"rendered":"<p>por <a href=\"https:\/\/egyptianwisdomcenter.org\/es\/sobre\/\">\u30e0\u30b9\u30bf\u30d5\u30a1\u30fb\u30ac\u30c0\u30e9<\/a><\/p>\n<hr \/>\n<p><strong>Resumen<\/strong><\/p>\n<p dir=\"ltr\" data-test-bidi=\"\">Revelaci\u00f3n de varios aspectos como sus antig\u00fcedades remotas, creencias y pr\u00e1cticas religiosas; orden social y pol\u00edtico; edificios; lenguaje; m\u00fasica, ciencias integrales; astronom\u00eda, medicina; econom\u00eda, etc.<\/p>\n<p dir=\"ltr\" data-test-bidi=\"\">Este libro revela varios aspectos de la cultura del antiguo Egipto, como las antig\u00fcedades muy remotas de Egipto; las caracter\u00edsticas y las creencias y pr\u00e1cticas religiosas egipcias; el sistema social y pol\u00edtico; los templos c\u00f3smicos; la riqueza de la lengua; el patrimonio musical y las ciencias integradas; la medicina avanzada; la econom\u00eda din\u00e1mica; los excelentes productos y manufacturados agr\u00edcolas; el sistema de transporte, y mucho m\u00e1s.<\/p>\n<p>&nbsp;<\/p>\n<hr \/>\n<p><center><br \/>\n<a class=\"button minimal\" href=\"https:\/\/books2read.com\/u\/bMEXvA\" target=\"_blank\" rel=\"noopener\">Ver opciones de compra<\/a><\/center><center><\/center><center><a href=\"https:\/\/www.amazon.fr\/Cultura-Revelada-Del-Antiguo-Egipto\/dp\/1522021671\" target=\"_blank\" rel=\"noopener\"><img decoding=\"async\" class=\"alignnone size-full wp-image-69090\" src=\"https:\/\/egyptianwisdomcenter.org\/wp-content\/uploads\/2023\/01\/Capture-5.png\" alt=\"\" width=\"141\" height=\"26\" srcset=\"https:\/\/egyptianwisdomcenter.org\/wp-content\/uploads\/2023\/01\/Capture-5.png 141w, https:\/\/egyptianwisdomcenter.org\/wp-content\/uploads\/2023\/01\/Capture-5-18x3.png 18w\" sizes=\"(max-width: 141px) 100vw, 141px\" \/><\/a><\/center><\/p>","protected":false},"featured_media":62999,"comment_status":"open","ping_status":"closed","template":"","meta":[],"product_brand":[],"product_cat":[112,111],"product_tag":[],"class_list":{"0":"post-62998","1":"product","2":"type-product","3":"status-publish","4":"has-post-thumbnail","6":"product_cat-edicion-espanola","7":"product_cat-espanol","9":"first","10":"instock","11":"shipping-taxable","12":"product-type-simple"},"aioseo_notices":[],"_links":{"self":[{"href":"https:\/\/egyptianwisdomcenter.org\/ja\/wp-json\/wp\/v2\/product\/62998","targetHints":{"allow":["GET"]}}],"collection":[{"href":"https:\/\/egyptianwisdomcenter.org\/ja\/wp-json\/wp\/v2\/product"}],"about":[{"href":"https:\/\/egyptianwisdomcenter.org\/ja\/wp-json\/wp\/v2\/types\/product"}],"replies":[{"embeddable":true,"href":"https:\/\/egyptianwisdomcenter.org\/ja\/wp-json\/wp\/v2\/comments?post=62998"}],"wp:featuredmedia":[{"embeddable":true,"href":"https:\/\/egyptianwisdomcenter.org\/ja\/wp-json\/wp\/v2\/media\/62999"}],"wp:attachment":[{"href":"https:\/\/egyptianwisdomcenter.org\/ja\/wp-json\/wp\/v2\/media?parent=62998"}],"wp:term":[{"taxonomy":"product_brand","embeddable":true,"href":"https:\/\/egyptianwisdomcenter.org\/ja\/wp-json\/wp\/v2\/product_brand?post=62998"},{"taxonomy":"product_cat","embeddable":true,"href":"https:\/\/egyptianwisdomcenter.org\/ja\/wp-json\/wp\/v2\/product_cat?post=62998"},{"taxonomy":"product_tag","embeddable":true,"href":"https:\/\/egyptianwisdomcenter.org\/ja\/wp-json\/wp\/v2\/product_tag?post=62998"}],"curies":[{"name":"wp","href":"https:\/\/api.w.org\/{rel}","templated":true}]}}