{"id":69809,"date":"2025-12-22T14:25:35","date_gmt":"2025-12-22T19:25:35","guid":{"rendered":"https:\/\/egyptianwisdomcenter.org\/?post_type=product&#038;p=69809"},"modified":"2025-12-22T14:27:52","modified_gmt":"2025-12-22T19:27:52","slug":"cosmologia-egipteana-universul-animat-editia-treia","status":"publish","type":"product","link":"https:\/\/egyptianwisdomcenter.org\/ja\/product\/cosmologia-egipteana-universul-animat-editia-treia\/","title":{"rendered":"Cosmologia Egiptean\u0103, Universul Animat, Edi\u021bia a Treia"},"content":{"rendered":"<div class=\"collapsible-synopsis gizmo-collapsible-with-header show-teaser open\" data-kobo-gizmo=\"Collapsible.Synopsis\" data-kobo-gizmo-config=\"{ &quot;isOpen&quot;: {&quot;small&quot;: false, &quot;medium&quot;: false, &quot;large&quot;: false, &quot;jumbo&quot;: false}, &quot;name&quot;: &quot;AboutItem&quot;, &quot;toggleClass&quot; : &quot;toggle-button-hitbox&quot; }\" data-gid=\"g_20\">\n<div class=\"synopsis-description\" translate=\"no\">\n<p>Descriere Detaliat\u0103<\/p>\n<p>&nbsp;<\/p>\n<\/div>\n<\/div>","protected":false},"excerpt":{"rendered":"<div class=\"fb-page\" data-href=\"https:\/\/www.facebook.com\/UntaintedEgyptianOriginOfAllThingsThatMatter\" data-width=\"380\" data-hide-cover=\"false\" data-show-facepile=\"false\"><\/div>\n<p><span class=\"contributor-name-prefix\"><br \/>\nDe Moustafa Gadalla<br \/>\n<\/span><\/p>\n<hr \/>\n<p><strong>SCURTA DESCRIERE<\/strong><\/p>\n<p dir=\"ltr\">Studiaz\u0103 \u0219i exploreaz\u0103 aplicabilitatea conceptelor cosmologice egiptene \u00een \u00een\u021belegerea modern\u0103 a naturii universului, a procesului de crea\u021bie, \u0219tiin\u021bei \u0219i filosofiei.<\/p>\n<p dir=\"ltr\">Aceast\u0103 carte studiaz\u0103 aplicabilitatea conceptelor cosmologice egiptene asupra \u00een\u021belegerii noastre moderne a naturii universului, a crea\u021biei, a \u0219tiin\u021bei \u0219i a filosofiei. Cosmologia egiptean\u0103 se distinge prin caracterul s\u0103u umanist, coerent, cuprinz\u0103tor, consecvent, logic, analitic \u0219i ra\u021bional. Descoper\u0103 conceptul egiptean al matricei energetice universale \u0219i relat\u0103rile detaliate despre procesul crea\u021biei. Cite\u0219te despre numerologie, dualit\u0103\u021bi, trinit\u0103\u021bi \u0219i semnifica\u021bia numeric\u0103 a fiec\u0103rui num\u0103r p\u00e2n\u0103 la zece. Afl\u0103 cum este omul legat de univers, despre con\u0219tiin\u021ba astronomic\u0103 egiptean\u0103, c\u0103l\u0103toria p\u0103m\u00e2nteasc\u0103 \u0219i urcarea sc\u0103rii cere\u0219ti pentru a se reuni cu Sursa, \u0219i multe altele.<\/p>\n<p>&nbsp;<\/p>\n<hr \/>\n<p>&nbsp;<\/p>\n<p>Vezi Op\u021biuni de Cump\u0103rare<\/p>","protected":false},"featured_media":69810,"comment_status":"open","ping_status":"closed","template":"","meta":[],"product_brand":[],"product_cat":[140],"product_tag":[],"class_list":{"0":"post-69809","1":"product","2":"type-product","3":"status-publish","4":"has-post-thumbnail","6":"product_cat-editii-romana","8":"first","9":"instock","10":"shipping-taxable","11":"product-type-simple"},"aioseo_notices":[],"_links":{"self":[{"href":"https:\/\/egyptianwisdomcenter.org\/ja\/wp-json\/wp\/v2\/product\/69809","targetHints":{"allow":["GET"]}}],"collection":[{"href":"https:\/\/egyptianwisdomcenter.org\/ja\/wp-json\/wp\/v2\/product"}],"about":[{"href":"https:\/\/egyptianwisdomcenter.org\/ja\/wp-json\/wp\/v2\/types\/product"}],"replies":[{"embeddable":true,"href":"https:\/\/egyptianwisdomcenter.org\/ja\/wp-json\/wp\/v2\/comments?post=69809"}],"wp:featuredmedia":[{"embeddable":true,"href":"https:\/\/egyptianwisdomcenter.org\/ja\/wp-json\/wp\/v2\/media\/69810"}],"wp:attachment":[{"href":"https:\/\/egyptianwisdomcenter.org\/ja\/wp-json\/wp\/v2\/media?parent=69809"}],"wp:term":[{"taxonomy":"product_brand","embeddable":true,"href":"https:\/\/egyptianwisdomcenter.org\/ja\/wp-json\/wp\/v2\/product_brand?post=69809"},{"taxonomy":"product_cat","embeddable":true,"href":"https:\/\/egyptianwisdomcenter.org\/ja\/wp-json\/wp\/v2\/product_cat?post=69809"},{"taxonomy":"product_tag","embeddable":true,"href":"https:\/\/egyptianwisdomcenter.org\/ja\/wp-json\/wp\/v2\/product_tag?post=69809"}],"curies":[{"name":"wp","href":"https:\/\/api.w.org\/{rel}","templated":true}]}}