{"id":69811,"date":"2025-12-22T14:30:51","date_gmt":"2025-12-22T19:30:51","guid":{"rendered":"https:\/\/egyptianwisdomcenter.org\/?post_type=product&#038;p=69811"},"modified":"2025-12-22T14:39:15","modified_gmt":"2025-12-22T19:39:15","slug":"det-obeflackade-egyptiska-ursprunget","status":"publish","type":"product","link":"https:\/\/egyptianwisdomcenter.org\/ja\/product\/det-obeflackade-egyptiska-ursprunget\/","title":{"rendered":"Det obefl\u00e4ckade egyptiska ursprunget \u2013 Varf\u00f6r det forntida Egypten \u00e4r viktigt"},"content":{"rendered":"<div class=\"collapsible-synopsis gizmo-collapsible-with-header show-teaser open\" data-kobo-gizmo=\"Collapsible.Synopsis\" data-kobo-gizmo-config=\"{ &quot;isOpen&quot;: {&quot;small&quot;: false, &quot;medium&quot;: false, &quot;large&quot;: false, &quot;jumbo&quot;: false}, &quot;name&quot;: &quot;AboutItem&quot;, &quot;toggleClass&quot; : &quot;toggle-button-hitbox&quot; }\" data-gid=\"g_20\">\n<div class=\"synopsis-description\" translate=\"no\">\n<p dir=\"ltr\">L\u00e5ng beskrivning<\/p>\n<p>&nbsp;<\/p>\n<\/div>\n<\/div>","protected":false},"excerpt":{"rendered":"<div class=\"fb-page\" data-href=\"https:\/\/www.facebook.com\/UntaintedEgyptianOriginOfAllThingsThatMatter\" data-width=\"380\" data-hide-cover=\"false\" data-show-facepile=\"false\"><\/div>\n<p><span class=\"contributor-name-prefix\"><br \/>\nAv Moustafa Gadalla<br \/>\n<\/span><\/p>\n<hr \/>\n<p dir=\"ltr\">KORT BESKRIVNING<\/p>\n<p dir=\"ltr\">En kortfattad \u00f6verblick av n\u00e5gra aspekter av den fornegyptiska civilisationen som kan vara till stor nytta f\u00f6r oss i idag i v\u00e5rt dagliga liv, oavsett var vi befinner oss i v\u00e4rlden.<\/p>\n<p dir=\"ltr\">Denna bok \u00e4r avsedd att tillhandah\u00e5lla en kortfattad \u00f6verblick \u00f6ver vissa aspekter av den fornegyptiska civilisationen som kan vara till stor nytta f\u00f6r oss idag i v\u00e5rt dagliga liv, oavsett var vi befinner oss i v\u00e4rlden. Boken behandlar fr\u00e5gor s\u00e5som sj\u00e4lvf\u00f6rverkligande, f\u00f6rb\u00e4ttringar av nuvarande politiska, sociala, ekonomiska och milj\u00f6m\u00e4ssiga problem, insikten om och genomf\u00f6randet av harmoniska principer i v\u00e5ra arbeten och handlingar etc.<\/p>\n<hr \/>\n<p>&nbsp;<\/p>\n<p>Se k\u00f6palternativ<\/p>","protected":false},"featured_media":69815,"comment_status":"open","ping_status":"closed","template":"","meta":[],"product_brand":[],"product_cat":[150],"product_tag":[],"class_list":{"0":"post-69811","1":"product","2":"type-product","3":"status-publish","4":"has-post-thumbnail","6":"product_cat-svenska-utgavor","8":"first","9":"instock","10":"shipping-taxable","11":"product-type-simple"},"aioseo_notices":[],"_links":{"self":[{"href":"https:\/\/egyptianwisdomcenter.org\/ja\/wp-json\/wp\/v2\/product\/69811","targetHints":{"allow":["GET"]}}],"collection":[{"href":"https:\/\/egyptianwisdomcenter.org\/ja\/wp-json\/wp\/v2\/product"}],"about":[{"href":"https:\/\/egyptianwisdomcenter.org\/ja\/wp-json\/wp\/v2\/types\/product"}],"replies":[{"embeddable":true,"href":"https:\/\/egyptianwisdomcenter.org\/ja\/wp-json\/wp\/v2\/comments?post=69811"}],"wp:featuredmedia":[{"embeddable":true,"href":"https:\/\/egyptianwisdomcenter.org\/ja\/wp-json\/wp\/v2\/media\/69815"}],"wp:attachment":[{"href":"https:\/\/egyptianwisdomcenter.org\/ja\/wp-json\/wp\/v2\/media?parent=69811"}],"wp:term":[{"taxonomy":"product_brand","embeddable":true,"href":"https:\/\/egyptianwisdomcenter.org\/ja\/wp-json\/wp\/v2\/product_brand?post=69811"},{"taxonomy":"product_cat","embeddable":true,"href":"https:\/\/egyptianwisdomcenter.org\/ja\/wp-json\/wp\/v2\/product_cat?post=69811"},{"taxonomy":"product_tag","embeddable":true,"href":"https:\/\/egyptianwisdomcenter.org\/ja\/wp-json\/wp\/v2\/product_tag?post=69811"}],"curies":[{"name":"wp","href":"https:\/\/api.w.org\/{rel}","templated":true}]}}