{"id":69818,"date":"2025-12-22T14:42:26","date_gmt":"2025-12-22T19:42:26","guid":{"rendered":"https:\/\/egyptianwisdomcenter.org\/?post_type=product&#038;p=69818"},"modified":"2025-12-22T14:42:26","modified_gmt":"2025-12-22T19:42:26","slug":"den-fornegyptiska-kulturen-avslojad-andra-utgavan","status":"publish","type":"product","link":"https:\/\/egyptianwisdomcenter.org\/ja\/product\/den-fornegyptiska-kulturen-avslojad-andra-utgavan\/","title":{"rendered":"Den fornegyptiska kulturen avsl\u00f6jad, andra utg\u00e5van"},"content":{"rendered":"<div class=\"collapsible-synopsis gizmo-collapsible-with-header show-teaser open\" data-kobo-gizmo=\"Collapsible.Synopsis\" data-kobo-gizmo-config=\"{ &quot;isOpen&quot;: {&quot;small&quot;: false, &quot;medium&quot;: false, &quot;large&quot;: false, &quot;jumbo&quot;: false}, &quot;name&quot;: &quot;AboutItem&quot;, &quot;toggleClass&quot; : &quot;toggle-button-hitbox&quot; }\" data-gid=\"g_20\">\n<div class=\"synopsis-description\" translate=\"no\">\n<p dir=\"ltr\">L\u00e5ng beskrivning<\/p>\n<p>&nbsp;<\/p>\n<\/div>\n<\/div>","protected":false},"excerpt":{"rendered":"<div class=\"fb-page\" data-href=\"https:\/\/www.facebook.com\/UntaintedEgyptianOriginOfAllThingsThatMatter\" data-width=\"380\" data-hide-cover=\"false\" data-show-facepile=\"false\"><\/div>\n<p><span class=\"contributor-name-prefix\"><br \/>\nAv Moustafa Gadalla<br \/>\n<\/span><\/p>\n<hr \/>\n<p dir=\"ltr\">KORT BESKRIVNING<\/p>\n<p dir=\"ltr\">Avsl\u00f6jar flertalet aspekter, s\u00e5som forntida klenoder, religi\u00f6s tro och praxis, sociala\/politiska system, byggnader, spr\u00e5k, musik, omfattande vetenskap, astronomi, medicin, ekonomi etc.<\/p>\n<p dir=\"ltr\">Den h\u00e4r boken avsl\u00f6jar flertalet aspekter om den fornegyptiska kulturen, s\u00e5som fornegyptiska klenoder, egyptiska egenskaper och religi\u00f6s tro och praxis, deras sociala\/politiska system, kosmiska tempel, deras v\u00e4lutvecklade spr\u00e5k, musikaliska arv och omfattande vetenskap, deras avancerade medicin, blomstrande ekonomi, utm\u00e4rkta jordbruks- och tillverkade produkter, deras transportsystem och mycket mer.<\/p>\n<hr \/>\n<p>&nbsp;<\/p>\n<p>Se k\u00f6palternativ<\/p>","protected":false},"featured_media":69814,"comment_status":"open","ping_status":"closed","template":"","meta":[],"product_brand":[],"product_cat":[150],"product_tag":[],"class_list":{"0":"post-69818","1":"product","2":"type-product","3":"status-publish","4":"has-post-thumbnail","6":"product_cat-svenska-utgavor","8":"first","9":"instock","10":"shipping-taxable","11":"product-type-simple"},"aioseo_notices":[],"_links":{"self":[{"href":"https:\/\/egyptianwisdomcenter.org\/ja\/wp-json\/wp\/v2\/product\/69818","targetHints":{"allow":["GET"]}}],"collection":[{"href":"https:\/\/egyptianwisdomcenter.org\/ja\/wp-json\/wp\/v2\/product"}],"about":[{"href":"https:\/\/egyptianwisdomcenter.org\/ja\/wp-json\/wp\/v2\/types\/product"}],"replies":[{"embeddable":true,"href":"https:\/\/egyptianwisdomcenter.org\/ja\/wp-json\/wp\/v2\/comments?post=69818"}],"wp:featuredmedia":[{"embeddable":true,"href":"https:\/\/egyptianwisdomcenter.org\/ja\/wp-json\/wp\/v2\/media\/69814"}],"wp:attachment":[{"href":"https:\/\/egyptianwisdomcenter.org\/ja\/wp-json\/wp\/v2\/media?parent=69818"}],"wp:term":[{"taxonomy":"product_brand","embeddable":true,"href":"https:\/\/egyptianwisdomcenter.org\/ja\/wp-json\/wp\/v2\/product_brand?post=69818"},{"taxonomy":"product_cat","embeddable":true,"href":"https:\/\/egyptianwisdomcenter.org\/ja\/wp-json\/wp\/v2\/product_cat?post=69818"},{"taxonomy":"product_tag","embeddable":true,"href":"https:\/\/egyptianwisdomcenter.org\/ja\/wp-json\/wp\/v2\/product_tag?post=69818"}],"curies":[{"name":"wp","href":"https:\/\/api.w.org\/{rel}","templated":true}]}}