{"id":1079,"date":"2019-03-01T11:54:18","date_gmt":"2019-03-01T16:54:18","guid":{"rendered":"http:\/\/egyptianwisdomcenter.org\/asentamientos-del-antiguo-egipto-en-todo-el-mundo\/"},"modified":"2023-01-12T11:51:33","modified_gmt":"2023-01-12T16:51:33","slug":"asentamientos-del-antiguo-egipto-en-todo-el-mundo","status":"publish","type":"page","link":"https:\/\/egyptianwisdomcenter.org\/nl\/asentamientos-del-antiguo-egipto-en-todo-el-mundo\/","title":{"rendered":"Asentamientos Del Antiguo Egipto En Todo El Mundo"},"content":{"rendered":"<h2 style=\"text-align: center;\"><span style=\"color: #ff0000;\"><strong>Asentamientos Del Antiguo Egipto En Todo El Mundo<\/strong><\/span><\/h2>\n<p>&nbsp;<\/p>\n<p>Egipto fue el pa\u00eds m\u00e1s dominante, populoso y famoso del mundo antiguo, como afirm\u00f3 Diodoro, <em>Libro I<\/em>, [31, 6-9],<\/p>\n<p style=\"padding-left: 30px;\"><strong><em><span style=\"text-decoration: underline;\">En dencidad de poblaci\u00f3n, Egipto super\u00f3 con creces a todas las antiguas regiones conocidas del mundo habitado, e incluso en nuestro d\u00eda presente se piensa que es segunda a ninguna otra\u2026<\/span><\/em><\/strong><br \/>\n<strong><em>\u00a0\u2026<span lang=\"es\" tabindex=\"0\">La poblaci\u00f3n total, dicen, era de unos siete millones de personas y la cifra no ha disminuido hasta nuestro d\u00eda presente.<\/span><\/em><\/strong><\/p>\n<p>Her\u00f3doto afirm\u00f3 que 20.000 ciudades populosas exist\u00edan en Egipto durante el reinado de Amasis. Diodoro report\u00f3 que hab\u00eda 18.000 pueblos y ciudades grandes y declar\u00f3 que, bajo Ptolomeo Lagos, llegaron a m\u00e1s de 30.000 personas. Josefo estim\u00f3 que la poblaci\u00f3n durante el reinado de Vespasiano, alcanz\u00f3 7,5 millones en el valle del Nilo, adem\u00e1s de la poblaci\u00f3n de Alejandr\u00eda (que era de aproximadamente 800.000).<\/p>\n<p>Superficialmente, el Antiguo Egipto parece aislado y distinto del resto del mundo, aislado por los desiertos del estrecho valle del Nilo. Sin embargo, los egipcios estaban en contacto constante con otros pa\u00edses. Escritores cl\u00e1sicos como Plutarco, Her\u00f3doto y Diodoro contaron c\u00f3mo el Antiguo Egipto ten\u00eda colonias pac\u00edficas por todo el mundo. Diodoro de Sicilia, <em>Libro I<\/em>, [29, 5], afirma:<\/p>\n<p style=\"padding-left: 30px;\"><strong><em>En general, los egipcios dicen que sus antepasados enviaron numerosas colonias a muchas partes del mundo habitado, por la <span class=\"megaexamples-highlight\">raz\u00f3n <\/span>de la preeminencia de sus antiguos reyes y su poblaci\u00f3n excesiva.<\/em><\/strong><\/p>\n<p>Diodoro, <em>Libro I<\/em>, [28, 1-4], tambi\u00e9n habla de algunas colonias egipcias pac\u00edficas que le fueron reportadas en Asia y Europa:<\/p>\n<p style=\"padding-left: 30px;\"><strong><em><span style=\"text-decoration: underline;\">\u2026un gran n\u00famero de colonias se extendieron desde Egipto sobre todo el mundo habitado.<\/span> A Babilonia, por ejemplo, los colonos fueron dirigidos por Belus, quien fue considerado ser hijo de Poseid\u00f3n y Libia&#8230;<br \/>\n..<span style=\"text-decoration: underline;\">.Tambi\u00e9n dicen que los que emigraron con Danaus, tambien de Egipto, fundaron lo que es pr\u00e1cticamente la ciudad m\u00e1s antigua de Grecia<\/span>, Argos, y el pueblo de los colchi en el Pontus y el de los jud\u00edos, que se encuentra entre Arabia y Siria, fueron fundadas como colonias por algunos emigrados de su pa\u00eds&#8230;<\/em><\/strong><\/p>\n<p>Los colonos egipcios en Asia y Europa, por la virtud de su eminencia, jugaron un papel enorme en el pa\u00eds de sus nuevos asentamientos. Diodoro, <em>Libro I<\/em>, [28,6-7], discute el papel significante de los colonos egipcios como gobernantes de estas nuevas colonias:<\/p>\n<p style=\"padding-left: 30px;\"><em><strong>Adem\u00e1s, dicen que algunos de los gobernantes de Atenas eran originalmente egipcios. Petes, [llamado P\u00e9teo en la Il\u00edada 2. 552.] por ejemplo, el padre de ese Menesteo que particip\u00f3 en la expedici\u00f3n contra Troya, siendo claramente un egipcio, m\u00e1s tarde obtuvo la ciudadan\u00eda de Atenas y la <span class=\"tran_main\">monarqu\u00eda<\/span>.<\/strong><\/em><\/p>\n<p>Diodoro, <em>Libro I<\/em>, [29, 1-5], tambi\u00e9n expres\u00f3:<\/p>\n<p style=\"padding-left: 30px;\"><em><strong>De la misma manera, ellos contin\u00faan,<\/strong><\/em> <em><strong><span style=\"text-decoration: underline;\">Erecteo tambi\u00e9n, quien era un egipcio de nacimiento, lleg\u00f3 a ser rey de Atenas<\/span>\u2026 Erecteo, a trav\u00e9s de su conexi\u00f3n racial con Egipto, trajo de all\u00ed a Atenas una gran provisi\u00f3n de grano, y a cambio aquellos que hab\u00edan disfrutado de esta ayuda hicieron su benefactor rey.<\/strong><\/em> <strong><em>Despu\u00e9s <\/em><em>de <\/em><\/strong><span style=\"text-decoration: underline;\"><em><strong>haber asegurado el trono el instituy\u00f3 los ritos inici\u00e1ticos de Dem\u00e9ter en Eleusis y estableci\u00f3 los misterios, transfiriendo su ritual de Egipto\u2026Y sus sacrificios, asi como sus ceremonias antiguas son observados por los atenienses de la misma manera que eran por los egipcios\u2026<\/strong><\/em><\/span><\/p>\n<p style=\"padding-left: 30px;\"><em><strong>&#8230;a cargo de las ceremonias m\u00e1s importantes religiosas de \u00c1tica; los pastophoroi eran aquellos sacerdotes egipcios que llevaban en las procesiones a los peque\u00f1os santuarios de los dioses. Adem\u00e1s son los \u00fanicos griegos que juran por Isis, y se parecen mucho a los egipcios tanto en su apariencia como en sus maneras.<\/strong><\/em><\/p>\n<p>Her\u00f3doto [500 a.e.c.] declar\u00f3 que ven\u00eda de Halicarnaso, una ciudad de Dorian. El declar\u00f3 claramente la conexi\u00f3n entre los dorios y Egipto, en <em>La historias, libro VI<\/em>, [secciones 53-55]:<\/p>\n<p style=\"padding-left: 30px;\"><em><strong>[53] &#8230;si uno fuera a rastrear, generaci\u00f3n por generaci\u00f3n, el linaje de D\u00e1nae, la hija de Acrisio, los jefes de los dorios resultarian en ser verdedaramente nacido egipcios.<\/strong><\/em><\/p>\n<p style=\"padding-left: 30px;\"><em><strong>[55] Ya se ha dicho bastante sobre todo esto. Otros han explicado c\u00f3mo y atrav\u00e9s qu\u00e9 logros se convirtieron en reyes de los dorios, a pesar de ser egipcios, y pues no voy a entrar en eso. Documentar\u00e9 cosas que otros no han notado.<\/strong><\/em><\/p>\n<p>Her\u00f3doto, en [55] m\u00e1s arriba, declar\u00f3 que tal hecho era un conocimiento <span lang=\"es\" tabindex=\"0\">com\u00fan<\/span> en su \u00e9poca [500 a.e.c.] y no necesitaba m\u00e1s elaboraci\u00f3n. Her\u00f3doto hizo referencia varias veces a otras conexiones entre los dorios y los egipcios, como en <em>La historia, libro II<\/em>, [secci\u00f3n 91].<\/p>\n<p>Por \u00faltimo, debe tenerse en cuenta que los registros del Antiguo Egipto (as\u00ed como los registros en otras \u00e1reas) tienen innumerable nombres de lugares en el mundo que no son reconocibles en nuestro tiempo presente. Los nombres de lugares, grupos \u00e9tnicos, y pa\u00edses siguen cambiando. Los nombres de los pa\u00edses europeos hace s\u00f3lo 100 a\u00f1os atras, por ejemplo, son ireconocibles para la mayor\u00eda de los europeos del d\u00eda presente. Eventualmente, cuando estos registros desaparezcan en algunos siglos, los nombres de tales pa\u00edses ser\u00e1n totalmente irreconocibles.<\/p>\n<p>En numerosos lugares del mundo, hay referencias a personas bronceadas\/morenas que proporcionaron la iluminaci\u00f3n a regions por todo el mundo. Se describen como:<\/p>\n<p style=\"padding-left: 40px;\">1. De origen y caracter\u00edsticas \u201corientales\u201d.<br \/>\n2. Personas poco belicosas que se establecieron pac\u00edficamente entre la poblaci\u00f3n local.<br \/>\n3. Altamente avanzados en la metalurgia, y que fabricaron grandes cantidades de productos met\u00e1licos.<br \/>\n4. Altamente organizados y con mucho talento para la gesti\u00f3n.<br \/>\n5. Muy avanzados en agricultura de clima seca, <span lang=\"es\" tabindex=\"0\">irrigaci\u00f3<\/span>, enz.<br \/>\n6. Constructores y artesanos expertos que han construido tumbas megal\u00edticas, etc.<br \/>\n7. Personas muy religiosas que ten\u00edan creencias animistas.<\/p>\n<p>Las descripciones anteriores s\u00f3lo se pueden aplicar a un pa\u00eds: Egipto. Al combinar las tradiciones orales, la etnohistoria, y la evidencia arqueol\u00f3gica (dataci\u00f3n de los\u00a0 asentamientos principales, tumbas, actividades mineras, etc.) de todos los pueblos de la cuenca mediterr\u00e1nea, uno puede observar que los reci\u00e9n llegados civilizados pod\u00edan venir solo del Valle del Nilo.<\/p>\n<p>La inmigraci\u00f3n de Egipto ocurri\u00f3 en varias ondas. Estaba cercanamente relacionado con eventos del Antiguo Egipto. Algunos se fueron en tiempos de prosperidad para buscar contactos comerciales. La mayor\u00eda se fueron en momentos de tensi\u00f3n.<\/p>\n<p><span style=\"color: #ff0000;\">Para obtener m\u00e1s informaci\u00f3n acerca de las ondas de inmigraci\u00f3n egipcias al sub-Sahara y al interior de \u00c1frica, lea <em>Exiled Egyptians: The Heart of Africa (Egipcios exiliados: el coraz\u00f3n de \u00c1frica), <\/em>por Moustafa Gadalla.<\/span><\/p>\n<p><span style=\"color: #ff0000;\">Para m\u00e1s informaci\u00f3n sobre las ondas egipcias de inmigraci\u00f3n a la Pen\u00ednsula Ib\u00e9rica, lea <em>Roman\u00edes egipcios: la esencia de Hispania,<\/em><\/span> <span style=\"color: #ff0000;\">por Moustafa Gadalla.<\/span><\/p>\n<p>&nbsp;<\/p>\n<p><strong><span style=\"color: #ff0000;\">[Un extracto de <em>La cultura revelada del Antiguo Egipto<\/em><\/span><span style=\"color: #ff0000;\">, 2\u00aa edici\u00f3n por Moustafa Gadalla]<\/span><\/strong><\/p>\n<p><span style=\"color: #0000ff;\"><strong>https:\/\/egyptianwisdomcenter.org\/product\/la-cultura-revelada-del-antiguo-egipto\/<\/strong><\/span><\/p>\n<p><img decoding=\"async\" class=\"aligncenter\" src=\"https:\/\/egypt-tehuti.org\/wp-content\/uploads\/2017\/11\/spanish-2-e1514402470988-225x338.jpg\" \/><\/p>\n<p style=\"text-align: center;\"><span style=\"color: #0000ff;\"><strong>https:\/\/egyptianwisdomcenter.org\/product\/la-cultura-revelada-del-antiguo-egipto\/<\/strong><\/span><\/p>\n<p>&nbsp;<\/p>\n<p><strong><span style=\"color: #000000;\">Egyptische Roma: de essentie van Hispania, 2e editie door Moustafa Gadalla<\/span><\/strong><br \/>\n<a href=\"https:\/\/egyptianwisdomcenter.org\/nl\/product\/egyptian-romany-the-essence-of-hispania-2nd-edition\/\"><span style=\"color: #0000ff;\"><strong>https:\/\/egyptianwisdomcenter.org\/product\/egyptian-romany-the-essence-of-hispania-2nd-edition\/<\/strong><\/span><\/a><\/p>\n<p><img decoding=\"async\" class=\"aligncenter\" src=\"https:\/\/books2read-prod.s3.amazonaws.com\/CACHE\/images\/ubl_book_images\/book_display_image_qaPDJrL\/0f50e50083bd15df18e00383d25e0605\" \/><\/p>\n<div dir=\"auto\">\n<div dir=\"auto\">\n<p style=\"text-align: center;\"><a href=\"https:\/\/egyptianwisdomcenter.org\/nl\/product\/egyptian-romany-the-essence-of-hispania-2nd-edition\/\"><span style=\"color: #0000ff;\"><strong>https:\/\/egyptianwisdomcenter.org\/product\/egyptian-romany-the-essence-of-hispania-2nd-edition\/<\/strong><\/span><\/a><\/p>\n<\/div>\n<\/div>\n<div><\/div>\n<div dir=\"auto\">\n<div>\n<div dir=\"auto\"><\/div>\n<\/div>\n<\/div>","protected":false},"excerpt":{"rendered":"<p>Asentamientos Del Antiguo Egipto En Todo El Mundo &nbsp; Egipto fue el pa\u00eds m\u00e1s dominante, populoso y famoso del mundo antiguo, como [&hellip;]<\/p>","protected":false},"author":3,"featured_media":0,"parent":0,"menu_order":0,"comment_status":"closed","ping_status":"closed","template":"","meta":{"footnotes":""},"class_list":["post-1079","page","type-page","status-publish","hentry"],"aioseo_notices":[],"_links":{"self":[{"href":"https:\/\/egyptianwisdomcenter.org\/nl\/wp-json\/wp\/v2\/pages\/1079","targetHints":{"allow":["GET"]}}],"collection":[{"href":"https:\/\/egyptianwisdomcenter.org\/nl\/wp-json\/wp\/v2\/pages"}],"about":[{"href":"https:\/\/egyptianwisdomcenter.org\/nl\/wp-json\/wp\/v2\/types\/page"}],"author":[{"embeddable":true,"href":"https:\/\/egyptianwisdomcenter.org\/nl\/wp-json\/wp\/v2\/users\/3"}],"replies":[{"embeddable":true,"href":"https:\/\/egyptianwisdomcenter.org\/nl\/wp-json\/wp\/v2\/comments?post=1079"}],"version-history":[{"count":0,"href":"https:\/\/egyptianwisdomcenter.org\/nl\/wp-json\/wp\/v2\/pages\/1079\/revisions"}],"wp:attachment":[{"href":"https:\/\/egyptianwisdomcenter.org\/nl\/wp-json\/wp\/v2\/media?parent=1079"}],"curies":[{"name":"wp","href":"https:\/\/api.w.org\/{rel}","templated":true}]}}