{"id":122,"date":"2018-10-30T00:00:00","date_gmt":"2018-10-30T04:00:00","guid":{"rendered":"http:\/\/egyptianwisdomcenter.org\/ancient-egyptian-settlements-throughout-the-world\/"},"modified":"2023-01-02T01:15:20","modified_gmt":"2023-01-02T06:15:20","slug":"ancient-egyptian-settlements-throughout-the-world-2","status":"publish","type":"page","link":"https:\/\/egyptianwisdomcenter.org\/nl\/oude-egyptische-nederzettingen-over-de-hele-wereld-2\/","title":{"rendered":"Oude Egyptische nederzettingen over de hele wereld"},"content":{"rendered":"<h2 style=\"text-align: center;\"><span style=\"color: #ff0000;\"><strong>Oude Egyptische nederzettingen over de hele wereld<\/strong><\/span><\/h2>\n<p>&nbsp;<\/p>\n<p>Egypte was het meest dominante, bevolkte en beroemde land in de antieke wereld, zoals bevestigd door Diodorus: <em>Boek I<\/em>, [31, 6-9]:<\/p>\n<p style=\"padding-left: 30px;\"><strong><em><span style=\"text-decoration: underline;\">Wat de bevolkingsdichtheid betreft, overtrof Egypte alle bekende gebieden van de bewoonde wereld veruit, en zelfs in onze tijd wordt gedacht dat het onge\u00ebvenaard is.<\/span> . . .<\/em><\/strong><br \/>\n<strong><em>. . De totale bevolking, zo zeggen zij, bedroeg vroeger ongeveer zeven miljoen en dat aantal is tot op de dag van vandaag niet minder gebleven.<\/em><\/strong><\/p>\n<p>Herodotus bevestigde dat er tijdens het bewind van Amasis 20.000 dichtbevolkte steden in Egypte bestonden. Diodorus rapporteerde dat er 18.000 grote dorpen en steden waren en verklaarde dat er onder Ptolemaeus Lagus meer dan 30.000 mensen woonden. Josephus schatte de bevolking. tijdens het bewind van Vespasianus, op 7,5 miljoen in de vallei van de Nijl, naast de bevolking van Alexandri\u00eb (die ongeveer 800.000 bedroeg).<\/p>\n<p>Oppervlakkig gezien lijkt het oude Egypte ge\u00efsoleerd en verschillend van de rest van de wereld; ge\u00efsoleerd door de woestijnen die de smalle vallei van de Nijl omsluiten. Toch stonden de Egyptenaren voortdurend in contact met andere landen. Klassieke schrijvers als Plutarchus, Herodotus en Diodorus vertelden hoe het oude Egypte over de hele wereld vreedzame koloni\u00ebn had. Diodorus van Sicili\u00eb, <em>Boek I<\/em>, [29, 5], stelt:<\/p>\n<p style=\"padding-left: 30px;\"><strong><em>In het algemeen zeggen de Egyptenaren dat hun voorouders talloze koloni\u00ebn naar vele delen van de bewoonde wereld hebben gestuurd, vanwege de superioriteit van hun voormalige koningen en hun buitensporige bevolking;<\/em><\/strong><\/p>\n<p>Diodorus, <em>Boek I<\/em>, [28, 1-4], vertelt ook over enkele vreedzame Egyptische koloni\u00ebn die hem in Azi\u00eb en Europa werden gerapporteerd:<\/p>\n<p style=\"padding-left: 30px;\"><strong><em>. . . <span style=\"text-decoration: underline;\">een groot aantal koloni\u00ebn werd vanuit Egypte over de hele bewoonde wereld verspreid<\/span>. Naar Babylon werden de kolonisten bijvoorbeeld geleid door Belus, die werd beschouwd als de zoon van Poseidon en Libi\u00eb. . . . .<\/em><\/strong><br \/>\n<strong><em>. . . . . Ze zeggen ook dat degenen die met Danaus vertrokken, hetzelfde deden <span style=\"text-decoration: underline;\">uit Egypte, vestigden zich in wat praktisch de oudste stad van Griekenland is, Argos<\/span>, en dat de natie van de Colchi in Pontus en die van de Joden, die tussen Arabi\u00eb en Syri\u00eb ligt, als koloni\u00ebn werden gesticht door bepaalde emigranten uit hun land. . . . .<\/em><\/strong><\/p>\n<p>De Egyptische kolonisten in Azi\u00eb en Europa speelden vanwege hun eminentie een belangrijke rol in het land van hun nieuwe nederzettingen. Diodorus, <em>Boek I<\/em>, [28,6-7], bespreekt de belangrijke rol van de Egyptische kolonisten als heersers van deze nieuwe koloni\u00ebn:<\/p>\n<p style=\"padding-left: 30px;\"><strong><em>Bovendien waren bepaalde heersers van Athene oorspronkelijk Egyptenaren, zeggen ze. Petes, [Peteus genoemd in Ilias 2. 552.] bijvoorbeeld, de vader van Menestheus die deelnam aan de expeditie tegen Troje, nadat hij duidelijk een Egyptenaar was geweest, verkreeg later het staatsburgerschap van Athene en het koningschap.<\/em><\/strong><\/p>\n<p>Diodorus, <em>Boek I<\/em>, [29, 1-5], vermeldt ook:<\/p>\n<p style=\"padding-left: 30px;\"><strong><em>Op dezelfde manier gaan ze verder, <span style=\"text-decoration: underline;\">Ook Erechtheus, die van geboorte een Egyptenaar was, werd koning van Athene<\/span>. . . . Erechtheus bracht, door zijn raciale connectie met Egypte, van daar een grote voorraad graan naar Athene, en in ruil daarvoor maakten degenen die deze hulp hadden genoten hun weldoener tot koning.<span style=\"text-decoration: underline;\"> Nadat hij de troon had veroverd, stelde hij de inwijdingsrituelen van Demeter in Eleusis in en vestigde hij de mysteries, waarbij hij hun ritueel uit Egypte overbracht. . . . . En zowel hun offers als hun oude ceremonies worden door de Atheners op dezelfde manier nageleefd als door de Egyptenaren<\/span>. . . . .<\/em><\/strong><br \/>\n<strong><em>. . . . . verantwoordelijk voor de belangrijkste religieuze ceremonies van Attica; de pastophoroi waren de Egyptische priesters die kleine heiligdommen van de goden in processies droegen. Zij zijn ook de enige Grieken die bij Isis zweren, en qua uiterlijk en manieren lijken ze sterk op de Egyptenaren.<\/em><\/strong><\/p>\n<p>Herodotus [500 v.Chr.] verklaarde dat hij uit Halicarnassus, een Dorische stad, kwam. Hij legde duidelijk de connectie tussen de Dori\u00ebrs en Egypte uit <em>De geschiedenissen, boek 6<\/em>, [Artikelen 53-55]:<\/p>\n<p style=\"padding-left: 30px;\"><strong><em>[53] . . . als men generatie voor generatie de afstamming van Dana\u00eb, de dochter van Acrisius, zou herleiden, zouden de leiders van de Dori\u00ebrs echte geboren Egyptenaren blijken te zijn.<\/em><\/strong><\/p>\n<p style=\"padding-left: 30px;\"><strong><em>[55] Er is over dit alles genoeg gezegd. Anderen hebben uitgelegd hoe en door welke prestaties zij koningen over de Dori\u00ebrs werden, ondanks dat ze Egyptenaren waren, en dus zal ik daar niet op ingaan. Ik zal dingen opnemen die anderen niet hebben opgepikt.<\/em><\/strong><\/p>\n<p>Herodotus verklaarde in [55] hierboven dat een dergelijk feit in zijn tijd [500 v.Chr.] algemeen bekend was en geen verdere uitwerking behoefde. Andere verbindingen tussen de Dori\u00ebrs en Egyptenaren werden door Herodotus verschillende keren genoemd, zoals in <em>De geschiedenissen, boek 2<\/em>, [Sectie 91].<\/p>\n<p>Ten slotte moet worden opgemerkt dat oude Egyptische archieven (evenals archieven in andere gebieden) talloze namen bevatten van plaatsen in de wereld die in onze huidige tijd niet herkenbaar zijn. Namen van plaatsen, etnische groepen en landen blijven veranderen. De namen van Europese landen van nog maar 100 jaar geleden zijn bijvoorbeeld voor de meeste hedendaagse Europeanen onherkenbaar. Uiteindelijk, als deze gegevens over een paar eeuwen verdwijnen, zullen de namen van dergelijke landen totaal onherkenbaar zijn.<\/p>\n<p>Op talloze locaties in de wereld zijn er verwijzingen naar mensen met een gebruinde\/bruine huid die verlichting boden aan regio&#039;s over de hele wereld. Ze worden beschreven als:<\/p>\n<ol>\n<li>Van \u201coosterse\u201d oorsprong en kenmerken.<\/li>\n<li>Niet-oorlogszuchtige mensen die zich vreedzaam onder de lokale bevolking vestigden.<\/li>\n<li>Zeer geavanceerd in de metallurgie en vervaardigde grote hoeveelheden metaalproducten.<\/li>\n<li>Zeer georganiseerd en zeer getalenteerd in management.<\/li>\n<li>Zeer geavanceerd in landbouw bij droog weer, irrigatie, enz.<\/li>\n<li>Ervaren bouwers en ambachtslieden die megalithische graven hebben gebouwd, enz.<\/li>\n<li>Zeer religieuze mensen met animistische overtuigingen.<\/li>\n<\/ol>\n<p>De bovenstaande beschrijvingen kunnen slechts op \u00e9\u00e9n land van toepassing zijn: Egypte. Door mondelinge tradities, etnogeschiedenis en archeologisch bewijs (daterend van grote nederzettingen, graven, mijnactiviteiten, enz.) van alle mensen in het Middellandse Zeegebied te combineren, kan men zien dat de beschaafde nieuwkomers alleen uit de Nijlvallei konden komen.<\/p>\n<p>De immigratie uit Egypte vond plaats in verschillende golven. Het was nauw verwant aan de gebeurtenissen in het oude Egypte. Sommigen vertrokken in welvarende tijden om zakelijke contacten te leggen. De meerderheid vertrok in stressvolle tijden.<\/p>\n<p>&nbsp;<\/p>\n<p><strong><span style=\"color: #ff0000;\">[Een uittreksel uit <\/span>Oud-Egyptisch: cultuur onthuld, tweede editie door Moustafa Gadalla<span style=\"color: #ff0000;\">]<br \/>\n<a href=\"https:\/\/egyptianwisdomcenter.org\/nl\/product\/ancient-egyptian-culture-revealed-second-edition\/\"><span style=\"color: #0000ff;\">https:\/\/egyptianwisdomcenter.org\/product\/de-oude-egyptisch-cultuur-onthuld\/<\/span><\/a><\/span><\/strong><\/p>\n<p style=\"text-align: center;\"><img decoding=\"async\" class=\"aligncenter\" src=\"https:\/\/egyptianwisdomcenter.org\/wp-content\/uploads\/2023\/01\/De-Oude-Egyptisch-Cultuur-Onthuld.jpg\" \/><\/p>\n<p style=\"text-align: center;\"><a href=\"https:\/\/egyptianwisdomcenter.org\/nl\/product\/ancient-egyptian-culture-revealed-second-edition\/\"><strong><span style=\"color: #ff0000;\"><span style=\"color: #0000ff;\">https:\/\/egyptianwisdomcenter.org\/product\/de-oude-egyptisch-cultuur-onthuld\/<\/span><\/span><\/strong><\/a><\/p>\n<hr \/>\n<p><strong><span style=\"color: #000000;\">Egyptische Roma: de essentie van Hispania, 2e editie door Moustafa Gadalla<\/span><\/strong><br \/>\n<a href=\"https:\/\/egyptianwisdomcenter.org\/nl\/product\/egyptian-romany-the-essence-of-hispania-2nd-edition\/\"><span style=\"color: #0000ff;\"><strong>https:\/\/egyptianwisdomcenter.org\/product\/egyptian-romany-the-essence-of-hispania-2nd-edition\/<\/strong><\/span><\/a><\/p>\n<p><img decoding=\"async\" class=\"aligncenter\" src=\"https:\/\/books2read-prod.s3.amazonaws.com\/CACHE\/images\/ubl_book_images\/book_display_image_qaPDJrL\/0f50e50083bd15df18e00383d25e0605\" \/><\/p>\n<div dir=\"auto\">\n<div dir=\"auto\">\n<p style=\"text-align: center;\"><a href=\"https:\/\/egyptianwisdomcenter.org\/nl\/product\/egyptian-romany-the-essence-of-hispania-2nd-edition\/\"><span style=\"color: #0000ff;\"><strong>https:\/\/egyptianwisdomcenter.org\/product\/egyptian-romany-the-essence-of-hispania-2nd-edition\/<\/strong><\/span><\/a><\/p>\n<\/div>\n<\/div>","protected":false},"excerpt":{"rendered":"<p>Ancient Egyptian Settlements Throughout The World &nbsp; Egypt was the most dominant, populous, and famed country in the ancient world, as affirmed [&hellip;]<\/p>","protected":false},"author":3,"featured_media":0,"parent":0,"menu_order":0,"comment_status":"closed","ping_status":"closed","template":"","meta":{"footnotes":""},"class_list":["post-122","page","type-page","status-publish","hentry"],"aioseo_notices":[],"_links":{"self":[{"href":"https:\/\/egyptianwisdomcenter.org\/nl\/wp-json\/wp\/v2\/pages\/122","targetHints":{"allow":["GET"]}}],"collection":[{"href":"https:\/\/egyptianwisdomcenter.org\/nl\/wp-json\/wp\/v2\/pages"}],"about":[{"href":"https:\/\/egyptianwisdomcenter.org\/nl\/wp-json\/wp\/v2\/types\/page"}],"author":[{"embeddable":true,"href":"https:\/\/egyptianwisdomcenter.org\/nl\/wp-json\/wp\/v2\/users\/3"}],"replies":[{"embeddable":true,"href":"https:\/\/egyptianwisdomcenter.org\/nl\/wp-json\/wp\/v2\/comments?post=122"}],"version-history":[{"count":0,"href":"https:\/\/egyptianwisdomcenter.org\/nl\/wp-json\/wp\/v2\/pages\/122\/revisions"}],"wp:attachment":[{"href":"https:\/\/egyptianwisdomcenter.org\/nl\/wp-json\/wp\/v2\/media?parent=122"}],"curies":[{"name":"wp","href":"https:\/\/api.w.org\/{rel}","templated":true}]}}