{"id":1309,"date":"2019-03-01T14:22:35","date_gmt":"2019-03-01T19:22:35","guid":{"rendered":"https:\/\/egyptianwisdomcenter.org\/cuadratura-del-circulo\/"},"modified":"2023-01-12T12:22:17","modified_gmt":"2023-01-12T17:22:17","slug":"cuadratura-del-circulo","status":"publish","type":"page","link":"https:\/\/egyptianwisdomcenter.org\/nl\/cuadratura-del-circulo\/","title":{"rendered":"Encuadrar El C\u00edrculo"},"content":{"rendered":"<h2 style=\"text-align: center;\"><span style=\"color: #ff0000;\"><strong>Encuadrar El C<b>\u00edrculo<\/b>: <\/strong><\/span><\/h2>\n<h3 style=\"text-align: center;\"><span style=\"color: #0000ff;\"><strong>La Manifestaci\u00f3n De La Creaci\u00f3n<\/strong><\/span><\/h3>\n<p>&nbsp;<\/p>\n<p>&#8220;Encuadrar el c\u00edrculo&#8221; para los Antiguos Egipcios representaba la realizaci\u00f3n de la creaci\u00f3n, el proceso de transformaci\u00f3n del concepto de creaci\u00f3n en su manifestaci\u00f3n real.<\/p>\n<p>El n\u00famero 9, como di\u00e1metro, representa una En\u00e9ada, el grupo de 9 neteru (dioses, diosas) que produjo los ingredientes de la creaci\u00f3n. Los 9 son todos los aspectos de Re, la fuerza creativa c\u00f3smica primigenia cuyo s\u00edmbolo es\/era el c\u00edrculo.<\/p>\n<p><img loading=\"lazy\" decoding=\"async\" class=\"size-full wp-image-248 aligncenter\" src=\"https:\/\/pressbooks.com\/app\/uploads\/sites\/63088\/2018\/05\/square-circle.jpg\" alt=\"\" width=\"242\" height=\"245\" \/><\/p>\n<p>8 corresponde al mundo f\u00edsico tal como lo experimentamos. 8 es el n\u00famero de Thoth, y en Khmunu (Herm\u00f3polis), Thoth es conocido como el Maestro de la Ciudad de los Ocho.<\/p>\n<p>Musicalmente, la relaci\u00f3n 8: 9 es el tono perfecto. La proporci\u00f3n de 8: 9 est\u00e1 presente en las obras del Antiguo Egipto, como la proporci\u00f3n de la c\u00e1mara interior del santuario superior en el Templo de Luxor.<\/p>\n<p>Los patrones metaf\u00edsicos subyacentes del universo manifestado se representan en la relaci\u00f3n de cuadratura del c\u00edrculo (Re y Thoth-concebido y manifestado).<\/p>\n<p>Thoth transform\u00f3 el concepto de creaci\u00f3n (simbolizado en un c\u00edrculo) en una realidad f\u00edsica y metaf\u00edsica. Tal transformaci\u00f3n se refleja en el proceso del Antiguo Egipto de &#8220;encuadrar el c\u00edrculo&#8221;.<\/p>\n<p>El \u00e1rea de un c\u00edrculo con 9 codos como su di\u00e1metro = 63.61725.<\/p>\n<p>El \u00e1rea del c\u00edrculo cuadrado con 8 codos como su lado = 64.<\/p>\n<p>La diferencia = 64 &#8211; 63.61725 = 0.38.<\/p>\n<p>Tal diferencia = 0.6%, que refleja la consideraci\u00f3n del Antiguo Egipto de una ligera desviaci\u00f3n de la perfecci\u00f3n en el mundo manifestado.<\/p>\n<p>Un buen ejemplo de esta leve imperfecci\u00f3n es la \u00f3rbita de la Tierra alrededor del sol, que sigue una forma el\u00edptica y no un c\u00edrculo perfecto.<\/p>\n<p>Musicalmente, la relaci\u00f3n 8: 9 es el tono perfecto.<\/p>\n<p>La relaci\u00f3n 8: 9 = 2 a su 3\u00aa potencia y 3 a su 2\u00aa potencia. Esta es la relaci\u00f3n perfecta entre los rec\u00edprocos de 2 y 3 con sus poderes rec\u00edprocos de 3 y 2. Los n\u00fameros 2 y 3 son los dos n\u00fameros c\u00f3smicos primarios, como veremos en el cap\u00edtulo 9 de este libro.<\/p>\n<p>Las paredes del templo egipcio estaban cubiertas con im\u00e1genes animadas, incluidos jerogl\u00edficos, para facilitar la comunicaci\u00f3n entre el arriba y el abajo.<\/p>\n<p>La estructura del Antiguo Egipto era generalmente un cuadrado, representando el mundo manifestado (cuadratura del c\u00edrculo). Adem\u00e1s, la cuadr\u00edcula misma ten\u00eda un significado simb\u00f3lico para el mundo manifestado, lo que tambi\u00e9n facilitaba la construcci\u00f3n de los rect\u00e1ngulos de ra\u00edz de 2, 3 y 5, en\/por el fondo del cuadrado(s).<\/p>\n<p>Las esquinas de los cuadrados y los rect\u00e1ngulos ra\u00edz se definieron mediante muescas a lo largo del per\u00edmetro o se definieron cuidadosamente mediante l\u00edneas incisas.<\/p>\n<p>&nbsp;<\/p>\n<p><span style=\"color: #ff0000;\"><strong>[Un fragmento de La arquitectura metaf\u00edsica del Antiguo Egipto, por Moustafa Gadalla]<\/strong><\/span><\/p>\n<div dir=\"auto\">\n<p><span style=\"color: #0000ff;\"><strong>https:\/\/egyptianwisdomcenter.org\/product\/la-arquitectura-metafisica-del-antiguo-egipto\/<\/strong><\/span><\/p>\n<p><img decoding=\"async\" class=\"aligncenter\" src=\"https:\/\/egypt-tehuti.org\/wp-content\/uploads\/2019\/02\/Ancient-Spanish-2-225x338.gif\" \/><\/p>\n<p style=\"text-align: center;\"><span style=\"color: #0000ff;\"><strong>https:\/\/egyptianwisdomcenter.org\/product\/la-arquitectura-metafisica-del-antiguo-egipto\/<\/strong><\/span><\/p>\n<div dir=\"auto\"><\/div>\n<\/div>\n","protected":false},"excerpt":{"rendered":"<p>Encuadrar El C\u00edrculo: La Manifestaci\u00f3n De La Creaci\u00f3n &nbsp; &#8220;Encuadrar el c\u00edrculo&#8221; para los Antiguos Egipcios representaba la realizaci\u00f3n de la creaci\u00f3n, [&hellip;]<\/p>\n","protected":false},"author":3,"featured_media":0,"parent":0,"menu_order":0,"comment_status":"closed","ping_status":"closed","template":"","meta":{"_monsterinsights_skip_tracking":false,"_monsterinsights_sitenote_active":false,"_monsterinsights_sitenote_note":"","_monsterinsights_sitenote_category":0,"footnotes":""},"class_list":["post-1309","page","type-page","status-publish","hentry"],"aioseo_notices":[],"_links":{"self":[{"href":"https:\/\/egyptianwisdomcenter.org\/nl\/wp-json\/wp\/v2\/pages\/1309","targetHints":{"allow":["GET"]}}],"collection":[{"href":"https:\/\/egyptianwisdomcenter.org\/nl\/wp-json\/wp\/v2\/pages"}],"about":[{"href":"https:\/\/egyptianwisdomcenter.org\/nl\/wp-json\/wp\/v2\/types\/page"}],"author":[{"embeddable":true,"href":"https:\/\/egyptianwisdomcenter.org\/nl\/wp-json\/wp\/v2\/users\/3"}],"replies":[{"embeddable":true,"href":"https:\/\/egyptianwisdomcenter.org\/nl\/wp-json\/wp\/v2\/comments?post=1309"}],"version-history":[{"count":0,"href":"https:\/\/egyptianwisdomcenter.org\/nl\/wp-json\/wp\/v2\/pages\/1309\/revisions"}],"wp:attachment":[{"href":"https:\/\/egyptianwisdomcenter.org\/nl\/wp-json\/wp\/v2\/media?parent=1309"}],"curies":[{"name":"wp","href":"https:\/\/api.w.org\/{rel}","templated":true}]}}