{"id":139,"date":"2018-10-30T00:00:00","date_gmt":"2018-10-30T04:00:00","guid":{"rendered":"http:\/\/egyptianwisdomcenter.org\/neteru-the-divine-energies\/"},"modified":"2023-01-02T01:18:18","modified_gmt":"2023-01-02T06:18:18","slug":"neteru-the-divine-energies-2","status":"publish","type":"page","link":"https:\/\/egyptianwisdomcenter.org\/nl\/neteru-de-goddelijke-energieen-2\/","title":{"rendered":"Neteru \u2013 De goddelijke energie\u00ebn"},"content":{"rendered":"<h2 style=\"text-align: center;\"><span style=\"color: #0000ff;\"><strong>Neteru \u2013 De goddelijke energie\u00ebn<\/strong><\/span><\/h2>\n<h1><\/h1>\n<h3><span style=\"color: #ff0000;\"><strong>1. In het begin v\u00f3\u00f3r de schepping \u2013 Non \u2013 Niets<\/strong><\/span><\/h3>\n<div>\n<p>Elke Egyptische scheppingstekst begint met hetzelfde fundamentele geloof: dat er v\u00f3\u00f3r het begin der dingen een vloeibare oerafgrond bestond \u2013 overal, eindeloos en zonder grenzen of richtingen. Egyptenaren noemden deze kosmische oceaan\/waterige chaos Nu\/Ny\/Nun \u2013 de niet-gepolariseerde toestand van de materie. Water is vormloos en neemt van zichzelf geen enkele vorm aan; het verzet zich ook niet tegen vormgeven.<\/p>\n<p>Wetenschappers zijn het eens met de Oud-Egyptische beschrijving van de oorsprong van het universum als een afgrond. Wetenschappers noemen deze afgrond &#039;neutronensoep&#039;, waar zich geen elektronen of protonen bevinden; alleen neutronen die \u00e9\u00e9n enorme, extreem dichte kern vormen.<\/p>\n<p>Een dergelijke chaos werd in de toestand v\u00f3\u00f3r de schepping veroorzaakt door de compressie van materie; Dat wil zeggen dat atomen niet in hun normale toestand bestonden, maar zo dicht bij elkaar waren geperst dat veel atoomkernen opeengepakt zaten in een ruimte die voorheen werd ingenomen door een enkel normaal atoom. Onder dergelijke omstandigheden werden de elektronen van deze atomen uit hun banen geperst en konden ze zich vrij bewegen, dat wil zeggen in een chaotische, gedegenereerde toestand.<\/p>\n<\/div>\n<p>Nu\/Ny\/Nun is het \u2018subjectieve wezen\u2019; het symbool van de ongevormde, ongedefinieerde, ongedifferentieerde energie\/materie, inert of inactief; de ongeschapen staat v\u00f3\u00f3r de schepping \u2013 het kan niet de oorzaak zijn van zijn transformatie.<\/p>\n<p>De term \u2018oneindig\u2019 is uiteraard synoniem met \u2018niet eindig\u2019, ongedefinieerd, onbeperkt, vormloos, ongedifferentieerd, enzovoort. Dit betekent dat de energie\/materie waaruit alle dingen zijn gevormd, in zijn essenti\u00eble staat, ongevormd, ongedefinieerd, ongedifferentieerd, enz. moet zijn. Als de materi\u00eble basis van de wereld enige essenti\u00eble definities (formaties) zou hebben, zouden deze als beperkend werken. factoren die bepalend zijn voor zijn vermogen om oneindig te transformeren. Het essenti\u00eble gebrek aan definitie ervan is een absolute vereiste voor Gods creatieve almacht.<\/p>\n<p>&nbsp;<\/p>\n<h3><span style=\"color: #ff0000;\"><strong>2. Laat de schepping beginnen<\/strong><\/span><\/h3>\n<p>De gecondenseerde energie in de neutronensoep v\u00f3\u00f3r de schepping bouwde zich voortdurend op. Deze gecondenseerde energie bereikte ongeveer 15 miljard jaar geleden de optimale concentratie van opgebouwde energie die leidde tot de explosie en expansie naar buiten.<\/p>\n<p>Het luide geluid van deze explosie veroorzaakte het uiteenvallen van de samenstellende delen van het universum.<\/p>\n<p>De Oud-Egyptische teksten benadrukten eveneens herhaaldelijk dat de goddelijke bevelende stem \u2013 wat betekent dat het goddelijke geluid de oorzaak van de schepping was.<\/p>\n<p>De vroegst teruggevonden Oud-Egyptische teksten van 5000 jaar geleden tonen het geloof aan dat het Woord de schepping van de wereld veroorzaakte. De Egyptenaar <em>Boek van het voortkomen door licht <\/em>(verkeerd en vaak vertaald als de <em>Boek van de\u00a0<\/em><em>Dood<\/em>), de oudste geschreven tekst ter wereld, luidt:<\/p>\n<p style=\"padding-left: 30px;\"><em><strong>\u201cIk ben de Eeuwige \u2026 ik ben degene die het Woord heeft geschapen \u2026 ik ben het Woord \u2026\u201d<\/strong><\/em><\/p>\n<p>We vinden ook in het Boek van de Goddelijke Koe (gevonden in de heiligdommen van Tut-Ankh-Amen) dat de hemelen en hun scharen tot stand kwamen door louter woorden uit te spreken waarvan het geluid alleen al dingen oproept. Zoals de naam wordt uitgesproken, zo ontstaat het ding.<\/p>\n<p>Want de naam is een realiteit; het ding zelf. Met andere woorden: elk specifiek geluid heeft\/is zijn overeenkomstige vorm. De moderne wetenschap heeft een directe relatie tussen de frequentie van geluidsgolven en de vorm bevestigd.<\/p>\n<p>Het woord (elk woord) is, wetenschappelijk gezien, een vibrerend complex element dat een golffenomeen is dat wordt gekenmerkt door bewegingen met variabele frequentie en intensiteit. Met andere woorden: geluid wordt veroorzaakt door het samendrukken van luchtdeeltjes \u2013 door het herschikken van de afstand en beweging van luchtdeeltjes, dwz door het cre\u00ebren van vormen. Elke geluidsgolffrequentie heeft zijn eigen geometrische overeenkomstige vorm.<\/p>\n<p>Het goddelijke geluid transformeerde de potenti\u00eble inerte energie\/materie in Nun in de delen van het universum als gedifferentieerde, geordende, gestructureerde kinetische energie\u00ebn in de vorm van objecten, gedachten, krachten, fysieke verschijnselen, enz.<\/p>\n<p>Door het ene type energie (potentieel) te transformeren in een ander type (kinetisch) kwam het universum tot leven, zowel in zijn geheel als in zijn samenstellende delen.<\/p>\n<p>Het is allemaal een kwestie van energie.<\/p>\n<p>&nbsp;<\/p>\n<h3><span style=\"color: #ff0000;\"><strong>3. Atam \u2013 de gemanifesteerde kosmische energie<\/strong><\/span><\/h3>\n<p>Zoals we hebben gezien, kwam de schepping voort uit de staat van niet-creatie. De Egyptenaren noemden het Nun. Geen of nul vertegenwoordigt ook de toestand v\u00f3\u00f3r de schepping van het universum. Er is GEEN universum: GEEN NUL NUL. Zo\u2019n toestand van het universum vertegenwoordigt het Subjectieve Wezen \u2013 ongevormde, ongedefinieerde en ongedifferentieerde energie\/materie. Zijn inerte energie is inactief.<\/p>\n<p>Aan de andere kant is de scheppingsstaat ordelijk, gevormd, gedefinieerd en gedifferentieerd. Het geheel van de goddelijke energie tijdens de scheppingsstaat wordt door de Egyptenaren Atam genoemd.<\/p>\n<p>Schepping is het uitzoeken (definitie geven\/orde brengen aan) alle chaos (de ongedifferentieerde energie\/materie en bewustzijn) van de oerstaat. Alle oud-Egyptische scheppingsverslagen lieten dit zien met goed gedefinieerde, duidelijk afgebakende stadia.<\/p>\n<p>Het eerste stadium van de schepping was de zelfschepping van het Opperwezen als schepper en Zijn, dat wil zeggen de overgang van het Subjectieve Zijn (Nu\/Ny\/Nun) naar het Objectieve Zijn (Atam). In eenvoudige menselijke termen komt dit overeen met het moment waarop iemand overgaat van slapen (onbewuste toestand, subjectief zijn) naar bewust zijn van zichzelf (bewustzijn verwerven, objectief zijn). Het is alsof je op vaste grond staat.<\/p>\n<p>Dit stadium van de schepping werd door de Egyptische wijzen voorgesteld als Atam\/Atum, opkomend uit Nu\/Ny\/Nun. In de Unas-teksten (zogenaamde piramide-teksten) staat de volgende aanroep:<\/p>\n<p style=\"padding-left: 30px;\"><em><strong>Gegroet aan jou, Atam,<\/strong><\/em><br \/>\n<em><strong> Gegroet aan u, hij die uit zichzelf tot stand komt!<\/strong><\/em><br \/>\n<em><strong> Gij zijt hoog in deze hoge heuvel van uw naam,<\/strong><\/em><br \/>\n<em><strong> U komt tot stand in uw naam Khepri<\/strong><\/em> (E\u00e9n worden). [\u00a71587]<\/p>\n<p>Atam betekent de <em>Eenheid van alles<\/em>; het complete. Atam is verbonden met de wortel, &#039;tam&#039; of &#039;tamam&#039;, wat &#039;<em>compleet zijn<\/em>&quot; of &quot;<em>een einde aan maken<\/em>\u201d.<\/p>\n<p>In oud-Egyptische teksten betekent Atam dit: \u2018die voltooit of perfectioneert\u2019, en in de Litanie van Re wordt Atam erkend als <em>de Volledige Ene, het ALLES<\/em><\/p>\n<p>De Oud-Egyptische teksten benadrukken dat de Complete Ene alles bevat. De Oud-Egyptische tekst luidt:<\/p>\n<p style=\"padding-left: 30px;\"><em><strong>\u201cIk heb veel namen en veel vormen, en mijn Wezen bestaat in elke neter\u201d.<\/strong><\/em><\/p>\n<p>Numeriek gezien is \u00e9\u00e9n geen getal, maar de essentie van het onderliggende principe van getal; alle andere nummers zijn ervan gemaakt. E\u00e9n vertegenwoordigt Eenheid: het Absolute als ongepolariseerde energie. Atam als nummer E\u00e9n is noch oneven noch even, maar beide. Atam is noch vrouwelijk noch mannelijk, maar beide.<\/p>\n<p>Atam is de totaliteit van de geordende energiematrix tijdens de scheppingsfase, terwijl Nun de wanordelijke energieverbinding is: het subjectieve wezen. De totale goddelijke energie binnen het universum wordt Nun genoemd in zijn chaotische staat en Atam in zijn ordelijke schepping en zijn punt van staat\/proces.<\/p>\n<p>Atam vertegenwoordigt het vrijkomen, in een ordelijke volgorde, van de bestaande energie in Nun, dwz het tot leven brengen ervan. Dit vertegenwoordigt het objectieve wezen.<\/p>\n<p>Nun en Atam zijn afbeeldingen van elkaar, net als de getallen 0 en 1. 0 is niets, nul; en 1 betekent \u201chet geheel\u201d.<\/p>\n<p>&nbsp;<\/p>\n<h3><span style=\"color: #ff0000;\"><strong>4. Het bestaan van het Al \u2013 Het E\u00e9n Worden<\/strong><\/span><\/h3>\n<p>Schepping is het uitzoeken (definitie geven\/orde brengen aan) alle chaos (de ongedifferentieerde energie\/materie en bewustzijn) van de oerstaat. Alle oud-Egyptische scheppingsverslagen lieten dit zien met goed gedefinieerde, duidelijk afgebakende stadia.<\/p>\n<p>Het zaad van de schepping waaruit alles voortkwam is Atam. En net zoals de plant in het zaad zit; dus alles wat in het universum wordt geschapen, is ook Atam.<\/p>\n<p>Atam, de Ene die het Al is, als de Meester van het Universum, verklaart in de Oud-Egyptische papyrus, algemeen bekend als de Bremner-Rhind Papyrus:<\/p>\n<p style=\"padding-left: 30px;\"><em><strong>\u201cToen ik mezelf manifesteerde in het bestaan, bestond het bestaan.<\/strong><\/em><br \/>\n<em><strong>Ik ontstond in de vorm van het Bestaande, dat in de Eerste Keer ontstond.<\/strong><\/em><br \/>\n<em><strong>Omdat ik tot bestaan kwam volgens de bestaanswijze van het Bestaan, bestond ik daarom.<\/strong><\/em><br \/>\n<em><strong>En zo ontstond het Bestaande\u201d.<\/strong><\/em><\/p>\n<p>Met andere woorden: toen de Meester van het Universum ontstond, ontstond de hele schepping, omdat de Volledige Ene het alles bevat.<\/p>\n<p>&nbsp;<\/p>\n<h3><span style=\"color: #ff0000;\"><strong>5. Neteru \u2013 De goddelijke energie\u00ebn<\/strong><\/span><\/h3>\n<p>We zagen zojuist dat toen de Meester van het Universum ontstond, de hele schepping ontstond, omdat de Complete Ene het alles bevat.<\/p>\n<p>De scheppingscyclus wordt veroorzaakt en in stand gehouden door goddelijke krachten of energie\u00ebn. Deze energie\u00ebn gaan, net als de eeuwige cyclus van de schepping, door een proces van transformatie van geboorte-leven-verouderen-sterven-dood naar wedergeboorte. Wij als mensen hebben soortgelijke levenskrachten die gedurende ons leven veranderen. Onze menselijke lichamen bestaan uit talloze cycli die ons levensbestaan beheersen. Alle krachten sterven uit als wij sterven.<\/p>\n<p>De Egyptenaren noemden deze goddelijke krachten neteru. Het hoofdthema van het universum is zijn cyclische aard. De NeteRu zijn de krachten van de NaTuRe, die de wereld draaiende houden \u2013 om zo te zeggen. Door ze eenvoudigweg goden en godinnen te noemen, ontstaat een verkeerde indruk.<\/p>\n<p>De goddelijke energie die zich manifesteert in de scheppingscyclus wordt gedefinieerd door de samenstellende energieaspecten, die door de oude Egyptenaren neteru werden genoemd. Om de schepping te laten bestaan en in stand te houden, moet deze goddelijke energie worden gezien in termen van mannelijke en vrouwelijke principes.<\/p>\n<p>Daarom drukten de oude Egyptenaren de kosmische energiekrachten uit in de termen van netert (vrouwelijk principe) en neter (mannelijk principe).<\/p>\n<p>Het Egyptische woord &#039;neter&#039; (of natuur of &#039;netjer&#039;) betekent <em>een kracht die in staat is leven te genereren en het in stand te houden wanneer het wordt gegenereerd<\/em>. Zoals alle delen van de schepping de cyclus van geboorte-leven-dood-wedergeboorte doorlopen, zo ook de drijvende energie\u00ebn tijdens de stadia van deze cyclus. Het is daarom dat de oude Egyptische neteru, die goddelijke energie\u00ebn zijn, dezelfde cyclus van geboorte-groei-dood en vernieuwing doormaakten (en nog steeds gaan). Een dergelijk begrip was voor iedereen hetzelfde, zoals opgemerkt door Plutarchus; dat de vele natuurkrachten (bekend als neteru) worden geboren of gecre\u00eberd, onderhevig zijn aan voortdurende veranderingen, verouderen en sterven, en herboren worden.<\/p>\n<p>We kunnen het voorbeeld geven van de rups die wordt geboren, leeft, vervolgens zijn eigen cocon bouwt, waar hij sterft \u2013 of beter nog, verandert in een vlinder die eieren legt, enzovoort. Wat we hier hebben is de cyclische transformatie van de ene vorm\/staat van energie naar de andere.<\/p>\n<p>Een ander voorbeeld is de watercyclus: het water dat verdampt en wolken vormt die terug naar de aarde regenen. Het is allemaal een ordelijke cyclische transformatie van energie\u00ebn in verschillende vormen.<\/p>\n<p>Als je aan neteru denkt, niet zo <em>goden <\/em>En <em>godinnen<\/em> maar als kosmische energiekrachten kan men het oude Egyptische systeem zien als een briljante representatie van het universum. Filosofisch gezien is deze cyclische, natuurlijke transformatie vergelijkbaar met onze uitspraak:<\/p>\n<p style=\"padding-left: 30px;\"><em><strong>\u201cHoe meer dingen veranderen, hoe meer ze hetzelfde blijven.\u201d<\/strong><\/em><\/p>\n<p>In wetenschappelijke kringen heet dit <strong>de natuurwet van behoud van energie<\/strong>, dat wordt beschreven als het principe dat <em>energie wordt nooit verbruikt, maar verandert alleen van vorm, en de totale energie in een fysiek systeem, zoals het universum, kan niet worden verhoogd of verlaagd.<\/em><\/p>\n<p>&nbsp;<\/p>\n<h3><span style=\"color: #ff0000;\"><strong>6. De universele energiematrix en Einstein<\/strong><\/span><\/h3>\n<p>Deze matrix van energie\u00ebn kwam voort uit de initi\u00eble scheppingsdaad en de daaropvolgende effecten die het universum cre\u00eberden. Deze matrix bestaat uit een georganiseerde hi\u00ebrarchie. Elk niveau van de bestaanshi\u00ebrarchie is een theofanie \u2013 een creatie door het bewustzijn van het niveau van zijn erboven. De zelfcontemplatie in elk stadium van het bestaan brengt elk lager stadium tot stand. Als zodanig is de hi\u00ebrarchie van energie\u00ebn met elkaar verbonden, en wordt elk niveau ondersteund door het niveau eronder. Deze hi\u00ebrarchie van energie\u00ebn is netjes geplaatst in een enorme matrix van diep met elkaar verbonden natuurwetten. Het is zowel fysiek als metafysisch.<\/p>\n<p>De Egyptenaren uit de oudheid en Baladi maakten\/maken geen onderscheid tussen een metafysische staat van zijn en een staat met een materieel lichaam. Een dergelijk onderscheid is een mentale illusie. We bestaan op een aantal verschillende niveaus tegelijk, van het meest fysieke tot het meest metafysische. Einstein was het met dezelfde principes eens.<\/p>\n<p>Sinds de relativiteitstheorie van Einstein is het bekend en geaccepteerd dat materie een vorm van energie is; een coagulatie of condensatie van energie. Als gevolg hiervan stelt de natuurwet voor het behoud van materie of massa op soortgelijke wijze dat materie noch wordt gecre\u00eberd, noch vernietigd tijdens enige fysieke of chemische verandering.<\/p>\n<p>Energie bestaat uit moleculen die met verschillende snelheden roteren of trillen. In de \u2018fysieke\u2019 wereld roteren moleculen met een zeer langzame en constante snelheid. Dat is de reden waarom dingen voor onze aardse zintuigen solide lijken: hoe langzamer de snelheid, hoe dichter of steviger het ding. In de metafysische (geestelijke) wereld trillen de moleculen veel sneller of in een etherische dimensie waar de dingen vrijer en minder compact zijn.<\/p>\n<p>In dit licht is het universum feitelijk een hi\u00ebrarchie van energie\u00ebn met verschillende dichtheidsorden. Onze zintuigen hebben tot op zekere hoogte toegang tot de dichtste vorm van energie, namelijk materie. De hi\u00ebrarchie van energie\u00ebn is met elkaar verbonden, en elk niveau wordt ondersteund door het niveau eronder. Deze hi\u00ebrarchie van energie\u00ebn is netjes geplaatst in een enorme matrix van diep met elkaar verbonden natuurwetten. Het is zowel fysiek als metafysisch.<\/p>\n<p>De universele energiematrix omvat de wereld als het product van een complex systeem van relaties tussen mensen (levend en dood), dieren, planten en natuurlijke en bovennatuurlijke verschijnselen. Deze redenering wordt vaak animisme genoemd vanwege het centrale uitgangspunt dat alle dingen worden bezield (geactiveerd) door levenskrachten. Elk klein deeltje van alles is voortdurend in beweging \u2013 dat wil zeggen onder energie, zoals erkend in de kinetische theorie. Met andere woorden: alles is bezield (energetisch) \u2013 dieren, bomen, rotsen, vogels \u2013 zelfs de lucht, de zon en de maan.<\/p>\n<p>De snellere vorm van energie \u2013 deze onzichtbare energie\u00ebn in het universum \u2013 wordt door velen geesten genoemd. Geesten\/energie\u00ebn zijn georganiseerd in verschillende ordes van dichtheid, wat verband houdt met de verschillende snelheden van moleculen. Deze snellere (onzichtbare) energie\u00ebn bevolken bepaalde gebieden, of worden geassocieerd met bepaalde natuurverschijnselen. Geesten (energie\u00ebn) bestaan in familieachtige groepen (dat wil zeggen, met elkaar verbonden).<\/p>\n<p>Energie\u00ebn kunnen naar believen een meer gecondenseerde energie (materie) bezetten, zoals die van mensen, dieren, planten of welke vorm dan ook. De geest bezielt het menselijk lichaam bij de geboorte en verlaat het bij de dood. Soms komt er meer dan \u00e9\u00e9n energiegeest in een lichaam.<\/p>\n<p>We horen vaak dat iemand &#039;zichzelf niet voelt&#039;, of &#039;tijdelijk krankzinnig&#039;, &#039;bezeten&#039;, &#039;buiten zichzelf&#039; is, of we horen van een persoon met meerdere persoonlijkheden. De energie\u00ebn (geesten) hebben in meer of mindere mate een effect op ons allemaal.<\/p>\n<p>De aanwezigheid van energie in alles werd al lang erkend door de oude en Baladi-Egyptenaren. Dat er kosmische energie\u00ebn (neteru) in elke steen, mineraal, hout, etc. zitten, wordt duidelijk vermeld in de Shabaka Stele (8e eeuw v.Chr.):<\/p>\n<p style=\"padding-left: 30px;\"><em><strong>&#039;En dus de neteru <\/strong><\/em>(goden, godinnen)<em><strong> kwam in hun lichaam terecht, in de vorm van elke soort hout, van elke soort mineraal, als elke soort klei, als alles wat erop groeit (wat aarde betekent)\u201d.<\/strong><\/em><\/p>\n<p>&nbsp;<\/p>\n<h3><span style=\"color: #ff0000;\"><strong>7. Neteru en engelen<\/strong><\/span><\/h3>\n<p>De neteru (goden, godinnen) zijn de goddelijke energie\u00ebn\/krachten\/krachten die, door hun acties en interacties, het universum hebben gecre\u00eberd en in stand gehouden (en nog steeds in stand houden).<\/p>\n<p>De neteru (goden, godinnen) en hun functies werden later door anderen erkend als <em>engelen<\/em>. Het Hooglied van Mozes in Deuteronomium (32:43), zoals gevonden in een grot in Qumran bij de Dode Zee, vermeldt het woord <em>goden <\/em>in de <em>meervoud<\/em>:<\/p>\n<p style=\"padding-left: 30px;\"><em><strong>\u2018Verheug u, o hemel, met hem; en breng hem eer, gij goden\u201d.<\/strong><\/em><\/p>\n<p>Wanneer de passage in het Nieuwe Testament wordt aangehaald (Hebree\u00ebn 1:6), wordt het woord &#039;goden&#039; vervangen door &#039;engelen van God&#039;.<\/p>\n<p>De sferen van Neteru (in het christendom ook bekend als engelen en aartsengelen) zijn hi\u00ebrarchisch onder de niveaus\/rijken van het universum.<\/p>\n<p>&nbsp;<\/p>\n<h3><span style=\"color: #ff0000;\"><strong>8. De scheppingscyclus<\/strong><\/span><\/h3>\n<p>Het scheppingssysteem is een systeem van noodzakelijke emanatie, processie of bestraling, vergezeld van noodzakelijke aspiratie of terugkeer naar de bron. Alle vormen en fasen van het bestaan vloeien voort uit de goddelijkheid, en ze streven er allemaal naar om daarheen terug te keren en daar te blijven.<\/p>\n<p>Als gevolg van de oerknal worden de uitstotende krachten, die ervoor zorgen dat alle sterrenstelsels naar buiten bewegen, tegengewerkt door de zwaartekracht\/samentrekkingskrachten die de sterrenstelsels naar elkaar toe trekken. Op dit moment overtreffen de uitwendige krachten de samentrekkende krachten; en daarom breiden de grenzen van het universum zich nog steeds uit.<\/p>\n<p>Wetenschappers vertellen ons dat het heelal op een bepaald moment in de toekomst zal stoppen met uitdijen en kleiner zal worden. De microgolfstraling van de Big Bang-vuurbal (die nog steeds rond raast) zal beginnen te verpletteren, opwarmen en weer van kleur veranderen totdat hij weer zichtbaar wordt. De lucht zal rood worden, en dan oranje, geel, wit\u2026 en eindigen in de Big Crunch; dat wil zeggen dat alle materie en alle straling in het universum samen zullen vallen tot \u00e9\u00e9n eenheid.<\/p>\n<p>De Big Crunch is niet het doel op zichzelf; want het herenigde, vermalen universum (neutronensoep) zal het potentieel hebben voor een nieuwe creatie, die de Big Bounce wordt genoemd.<\/p>\n<p>Het is dus niet verrassend dat de Oud-Egyptische teksten ook, in hun gebruikelijke Egyptische symbolische termen, The Big Crunch en the Big Bounce beschrijven.<\/p>\n<p>De Egyptische doodskistteksten, Spell 130, vertellen ons dat:<\/p>\n<p style=\"padding-left: 30px;\"><em><strong>\u201cNa de miljoenen jaren van gedifferentieerde schepping zal de chaos v\u00f3\u00f3r de schepping terugkeren. Alleen de Complete One [Atam] en Aus-Ra zullen overblijven. . . niet langer gescheiden in ruimte en tijd\u201d.<\/strong><\/em><\/p>\n<p>De oud-Egyptische tekst vertelt ons twee punten. De eerste is de terugkeer van het geschapen universum naar chaos aan het einde van de scheppingscyclus, wat de Big Crunch betekent. Het tweede punt is het potentieel voor een nieuwe cyclische wedergeboorte van het universum, zoals gesymboliseerd door de aanwezigheid van Aus-Ra.<\/p>\n<p><strong>Laten we hier een paar minuten pauzeren om meer te weten te komen over wat er in Egypte als \u2018namen\u2019 van goden wordt geadverteerd.<\/strong><\/p>\n<p>Aus-Ra bestaat uit twee woorden. Het woord <strong>Aus <\/strong>middelen <strong><em>de kracht van<\/em><\/strong><em>, <\/em>of <strong><em>de wortel van<\/em><\/strong>. Als zodanig betekent Aus-Ra <em>de kracht van Ra<\/em>; betekenis: de <strong><em>wedergeboorte van Ra<\/em><\/strong>.<\/p>\n<p>Het principe dat ervoor zorgt dat het leven voortkomt uit de schijnbare dood werd\/wordt Aus-Ra genoemd, wat de kracht van vernieuwing symboliseert. Het hoofdthema van de Oud-Egyptische teksten is de cyclische aard van de schepping: geboren worden, leven, sterven en weer regenereren.<\/p>\n<p>&nbsp;<\/p>\n<p><span style=\"color: #ff0000;\"><strong>[Een fragment uit Egyptian Cosmology: The Animated Universe, Third Edition door Moustafa Gadalla]<br \/>\n<a href=\"https:\/\/egyptianwisdomcenter.org\/nl\/product\/egyptian-cosmology-the-animated-universe-third-edition\/\"><span style=\"color: #0000ff;\">https:\/\/egyptianwisdomcenter.org\/product\/egyptische-kosmologie\/<\/span><\/a><\/strong><\/span><\/p>\n<p><img decoding=\"async\" class=\"aligncenter\" src=\"https:\/\/egyptianwisdomcenter.org\/wp-content\/uploads\/2023\/01\/egyptische-kosmologie.jpg\" \/><\/p>\n<p style=\"text-align: center;\"><a href=\"https:\/\/egyptianwisdomcenter.org\/nl\/product\/egyptian-cosmology-the-animated-universe-third-edition\/\"><strong><span style=\"color: #3366ff;\">https:\/\/egyptianwisdomcenter.org\/product\/egyptische-kosmologie\/<\/span><\/strong><\/a><\/p>\n<div dir=\"auto\"><\/div>","protected":false},"excerpt":{"rendered":"<p>Neteru\u2014The Divine Energies 1. In The Pre-Creation Beginning\u2014Nun\u2014Nothingness Every Egyptian creation text begins with the same basic belief: that before the beginning [&hellip;]<\/p>","protected":false},"author":3,"featured_media":0,"parent":0,"menu_order":0,"comment_status":"closed","ping_status":"closed","template":"","meta":{"footnotes":""},"class_list":["post-139","page","type-page","status-publish","hentry"],"aioseo_notices":[],"_links":{"self":[{"href":"https:\/\/egyptianwisdomcenter.org\/nl\/wp-json\/wp\/v2\/pages\/139","targetHints":{"allow":["GET"]}}],"collection":[{"href":"https:\/\/egyptianwisdomcenter.org\/nl\/wp-json\/wp\/v2\/pages"}],"about":[{"href":"https:\/\/egyptianwisdomcenter.org\/nl\/wp-json\/wp\/v2\/types\/page"}],"author":[{"embeddable":true,"href":"https:\/\/egyptianwisdomcenter.org\/nl\/wp-json\/wp\/v2\/users\/3"}],"replies":[{"embeddable":true,"href":"https:\/\/egyptianwisdomcenter.org\/nl\/wp-json\/wp\/v2\/comments?post=139"}],"version-history":[{"count":0,"href":"https:\/\/egyptianwisdomcenter.org\/nl\/wp-json\/wp\/v2\/pages\/139\/revisions"}],"wp:attachment":[{"href":"https:\/\/egyptianwisdomcenter.org\/nl\/wp-json\/wp\/v2\/media?parent=139"}],"curies":[{"name":"wp","href":"https:\/\/api.w.org\/{rel}","templated":true}]}}