{"id":140,"date":"2018-10-30T00:00:00","date_gmt":"2018-10-30T04:00:00","guid":{"rendered":"http:\/\/egyptianwisdomcenter.org\/the-archetypal-synergies\/"},"modified":"2023-01-02T01:19:27","modified_gmt":"2023-01-02T06:19:27","slug":"the-archetypal-synergies-2","status":"publish","type":"page","link":"https:\/\/egyptianwisdomcenter.org\/nl\/de-archetypische-synergieen-2\/","title":{"rendered":"De archetypische synergie\u00ebn"},"content":{"rendered":"<h2 style=\"text-align: center;\"><span style=\"color: #0000ff;\">De archetypische synergie\u00ebn<\/span><\/h2>\n<p>&nbsp;<\/p>\n<h3><span style=\"color: #ff0000;\"><strong>1. Associaties en manifestaties<\/strong><\/span><\/h3>\n<p>De energie\u00ebn die worden vertegenwoordigd door de verschillende neteru (goden\/godinnen) functioneren zelden individueel, maar zijn vaak verbonden of versmolten met andere neteru (goden\/godinnen). De vereniging van bepaalde paren complementaire energie\u00ebn\/eigenschappen (mannelijke en vrouwelijke vormen) resulteert in een derde energie\/attribuut. Drie-eenheden worden soms samen afgebeeld als \u00e9\u00e9n samengestelde entiteit; soms afzonderlijk en soms in binaire vorm.<\/p>\n<p>In menselijke termen bestaat een gezin uit een man, een vrouw en een kind. De drie vormen \u00e9\u00e9n eenheid: een gezin. Er zijn ook binaire relaties zoals: man-vrouw (huwelijk), vader-kind (vaderschap) en moeder-kind (moederschap).<\/p>\n<p>Egyptische goden zijn verbonden in een complex en wisselend scala aan relaties. De verbindingen en interacties van een neter met andere goden helpen zijn karakter te bepalen. Dergelijke relaties vormden het basismateriaal waaruit Egyptische allegorie\u00ebn werden gevormd.<\/p>\n<p>Er moet onderscheid worden gemaakt tussen associaties van goden en manifestaties van een neter-principe in de principes\/vormen van andere neteru. Het is bijvoorbeeld verkeerd om aan te nemen dat Re-Sebek een associatie is van twee goden. Wanneer we ons realiseren wat Re VERTEGENWOORDIGT, kunnen we erachter komen dat Re-Sebek de manifestatie is van de scheppingskracht [zijnde Re] in de Sebek-vorm\/aspect. Zoals eerder vermeld, de <em>Litanie van Re <\/em>toont zijn manifestatie in 75 vormen\/aspecten.<\/p>\n<p>Synergetische combinaties waren niet permanent. Een neter\/netert die bij \u00e9\u00e9n combinatie betrokken was, bleef afzonderlijk verschijnen en vormde nieuwe combinaties met andere goden.<\/p>\n<p>De gecombineerde synergie\u00ebn zijn in principe te vinden in dubbele, drievoudige, octade- en enneadecombinaties, die als volgt kunnen worden gedetailleerd:<\/p>\n<p>&nbsp;<\/p>\n<h3><span style=\"color: #ff0000;\"><strong>2. Dualiteiten<\/strong><\/span><\/h3>\n<p>De universele dubbele aard van de schepping manifesteert zich in verschillende toepassingen, zoals ge\u00efdentificeerd in het oude Egypte. Elk dualiserend aspect van het scheppingsproces wordt vertegenwoordigd door twee goddelijke eigenschappen: neteru. Afhankelijk van elk specifiek aspect kan de dualiserende neteru [maar altijd een zonne- en maancombinatie] zijn:<\/p>\n<p style=\"padding-left: 30px;\">\u2013 Een vrouwtje en een mannetje<br \/>\n\u2013 2 vrouwtjes<br \/>\n\u2013 2 mannetjes<br \/>\n\u2013 2 helften unisex<\/p>\n<p>In dit boek worden enkele dualiteiten besproken. Voor gedetailleerde informatie, lees <em>Egyptische kosmologie: het geanimeerde universum <\/em>[Derde editie] door Moustafa Gadalla, waar je een gedetailleerde bespreking van verschillende dualiteiten zult vinden; de drie onderscheidende gebieden zijn:<\/p>\n<p style=\"padding-left: 30px;\"><strong>A. Schepping \u2013 Vormende aspecten<\/strong><br \/>\n\u2013 Tweeling-geslachtsdualiteiten v\u00f3\u00f3r de schepping<br \/>\n\u2013 Shu en Tefnut \u2013 de bellenmakers<br \/>\n\u2013 Isis en Nephthys \u2013 tweelingzussen<br \/>\n\u2013 Maati<br \/>\n\u2013 Re &amp; Thoth<br \/>\n\u2013 Isis &amp; Osiris \u2013 De dynamische dualiteit<br \/>\n\u2013 Seth \u2013 inclusief met Maat met Horus met Osiris met Ptah<\/p>\n<p style=\"padding-left: 30px;\"><strong>B. Eenwordingsaspecten<\/strong><br \/>\n\u2013 De \u201cTwee Planten\u201d<br \/>\n\u2013 Horus &amp; Thot<br \/>\n\u2013 Twee Hapi&#039;s [Unisex]<br \/>\n\u2013 Qareens van de twee landen<\/p>\n<p style=\"padding-left: 30px;\"><strong>C. Cyclische aspecten<\/strong><br \/>\n\u2013Osiris &amp; Horus<br \/>\n\u2013 Re &amp; Osiris<br \/>\n\u2013 Aker \u2013 Tweelingleeuwen<\/p>\n<p>&nbsp;<\/p>\n<h3><span style=\"color: #ff0000;\"><strong>3. Drie\u00ebenheden<\/strong><\/span><\/h3>\n<p>De oude Egyptenaren erkenden de betekenis van de drie-eenheid in het scheppingsproces. Als zodanig gaven oude Egyptische teksten de drie-eenheid weer als een eenheid, uitgedrukt door het enkelvoudige voornaamwoord: het zijn de Drie die Twee zijn die E\u00e9n zijn.<\/p>\n<p>De principes van de schepping zijn eenheid, dualiteit en drie-eenheid. Dit wordt duidelijk gemaakt in de Oud-Egyptische papyrus, bekend als de <em>Bremner-Rhind-papyrus<\/em>:<\/p>\n<p style=\"padding-left: 30px;\">&#8220;<strong><em>Na \u00e9\u00e9n neter te zijn geworden <\/em><\/strong>(god)<strong><em>, waren er [nu] drie neteru <\/em><\/strong>(goden, godinnen)<strong> <em>in mij \u2026&quot;<\/em><\/strong>-verwijzend naar de triade van Atum en de dubbele Shu- en Tefnut.<\/p>\n<p>De verschillende drie\u00ebenheden houden verband met de verschillende aard van de dualiteit binnen elke drie\u00ebenheid.<\/p>\n<p>In dit boek worden enkele drie\u00ebenheden besproken. Voor meer gedetailleerde voorbeelden, lees <em>Egyptische kosmologie: het geanimeerde universum <\/em>[Derde editie] door Moustafa Gadalla.<\/p>\n<p>&nbsp;<\/p>\n<h3><span style=\"color: #ff0000;\"><strong>4. Ogdoaden<\/strong><\/span><\/h3>\n<p>Op nummer 8 vinden we de mens geschapen naar het beeld van God, het Eerste Principe. Ons aardse bestaan in het 8e rijk is een replicatie en geen duplicatie \u2013 een octaaf. Een octaaf is de toekomstige toestand van het verleden. De voortzetting van de schepping is een reeks herhalingen \u2013 octaven. Acht komt dus overeen met de gemanifesteerde fysieke wereld zoals wij die ervaren.<\/p>\n<p>In Egypte de bekende tekst <em>Doodskist van Petamon <\/em>[Ca\u00efro Museum artikelnr. 1160] luidt:<\/p>\n<p style=\"padding-left: 30px;\"><strong><em>Ik ben E\u00e9n die Twee wordt,<\/em><\/strong><br \/>\n<strong><em>wie wordt Vier,<\/em><\/strong><br \/>\n<strong><em>wie acht wordt,<\/em><\/strong><br \/>\n<strong><em>en dan ben ik weer E\u00e9n.<\/em><\/strong><\/p>\n<p>Deze nieuwe eenheid (opnieuw E\u00e9n) is niet identiek aan, maar analoog aan de eerste eenheid (Ik ben E\u00e9n). De oude eenheid bestaat niet meer, er is een nieuwe eenheid voor in de plaats gekomen: De Koning is Dood, lang leve de Koning. Het is een vernieuwing of zelfreplicatie. En om het principe van zelfreplicatie te verklaren zijn acht termen nodig.<\/p>\n<p>Acht is het getal van Thoth en bij Khmunu (Hermopolis). Thoth (ook bekend als Hermes\/Mercury) wordt de genoemd <em><strong>Meester van de Stad van Acht<\/strong><\/em>.<\/p>\n<p>Thoth was de boodschapper van de neteru (goden, godinnen) van het schrift, de taal en van de kennis. Thoth gaf de mens toegang tot de mysteries van de gemanifesteerde wereld, die werden gesymboliseerd door het getal Acht.<\/p>\n<p>Stanza 80 van de oude Egyptenaar <em>Leidse Papyrus J350 <\/em>vertelt de schepping zoals verteld in Khmunu (Hermopolis), die handelt over de Ogdoad \u2013 de Primordiale Acht die de eerste metamorfose omvatte van Amon-Re, de mysterieuze, verborgene die wordt herkend als Ta-Tenen in Men-Nefer (Memphis); daarna Ka-Mut-f in Ta-Apet (Thebe) \u2013 en toch E\u00e9n blijvend.<\/p>\n<p>Daarom is de manifestatie van de schepping in 8 termen aanwezig in alle vier de oud-Egyptische kosmologische centra:<\/p>\n<ul>\n<li>In Memphis cre\u00eberde Ptah, in zijn 8 vormen, het universum.<\/li>\n<li>In Heliopolis cre\u00eberde Atam de 8 goddelijke wezens.<\/li>\n<li>In Khmunu (Hermopolis) hebben 8 oorspronkelijke neteru \u2013 de Ogdoad \u2013 het universum geschapen. Ze waren de representatie van de oertoestand van het universum.<\/li>\n<li>In Luxor (Thebe) cre\u00eberde Amun \/ Amen, nadat hij zichzelf in het geheim had gecre\u00eberd, de Ogdoad.<\/li>\n<\/ul>\n<p>De manifestatie van de schepping door middel van 8 termen wordt ook weerspiegeld in het mystieke proces van het kwadrateren van de cirkel. [Zie de details in een eerder hoofdstuk met betrekking tot de dualiteit van Re &amp; Thoth].<\/p>\n<p><span style=\"text-decoration: underline;\"><em>Tweeling-geslachtsdualiteiten v\u00f3\u00f3r de schepping<\/em><\/span><\/p>\n<p>Egyptische teksten stellen dat Nun \u2013 de chaos v\u00f3\u00f3r de schepping \u2013 kenmerken bezat die werden ge\u00efdentificeerd met vier paren oorspronkelijke machten\/krachten. Elk paar vertegenwoordigt de oorspronkelijke tweeling van twee geslachten: de mannelijke\/vrouwelijke aspecten.<\/p>\n<p>De vier mannetjes van de paren worden weergegeven als kikkers. De vier vrouwtjes van de paren worden weergegeven als slangen. De acht wezens worden afgebeeld met hun benen vastgebonden, wat duidt op hun essenti\u00eble aard als actie; maar zolang ze zich in het subjectieve rijk bevinden (v\u00f3\u00f3r de schepping), zijn ze inert. Het hebben van hun benen vastgebonden vertegenwoordigt hun potenti\u00eble energie\u00ebn.<\/p>\n<p>&nbsp;<\/p>\n<h3><span style=\"color: #ff0000;\"><strong>5. Enneaden<\/strong><\/span><\/h3>\n<p>Nummer negen markeert het einde van de zwangerschap en het einde van elke reeks getallen. Als het wordt vermenigvuldigd met een ander getal, reproduceert het zichzelf altijd (3 x 9 = 27 en 2 + 7 = 9 of 6 x 9 = 54 en 5 + 4 = 9 enzovoort).<\/p>\n<p>Negen markeert de overgang van de ene schaal (de cijfers van 1 tot en met 9) naar een hogere schaal (beginnend met 10), en dus is het het nummer van de initiatie, dat weer vergelijkbaar is met de geboorte van een baby na negen maanden.<\/p>\n<p>Een mensenkind wordt normaal gesproken binnen negen maanden verwekt, gevormd en geboren; een feit dat veel te maken heeft met de rol en het belang dat in het oude Egypte aan het getal negen werd gehecht.<\/p>\n<p>Dienovereenkomstig verwijst de Oude Egyptenaar naar een groep van negen godheden als \u00e9\u00e9n eenheid: een Enneade. Zoals eerder vermeld, ontdekken we dat de Piramideteksten al minstens 5000 jaar geleden het bestaan van drie groepen goden onthullen, en elke groep bestond uit 9 neteru (goden, godinnen).<\/p>\n<p>De Egyptische teksten spreken over drie Enneaden \u2013 die elk een fase in de scheppingscyclus vertegenwoordigen.<\/p>\n<p>De negen aspecten van een Enneade zijn geen opeenvolging, maar een eenheid: ze doordringen elkaar, interageren en zijn met elkaar verbonden.<\/p>\n<p>[Lees voor meer informatie over getallenmystiek in Egypte <span style=\"color: #ff0000;\"><em>Egyptische kosmologie: het geanimeerde universum <\/em>van Moustafa Gadalla<\/span>.]<\/p>\n<p>&nbsp;<\/p>\n<p><strong><span style=\"color: #ff0000;\">[Een uittreksel uit <\/span>Egyptische godheden: allen die de ENE zijn, 2e editie<span style=\"color: #ff0000;\"> door Moustafa Gadalla]<br \/>\n<a href=\"https:\/\/egyptianwisdomcenter.org\/nl\/product\/egyptian-divinities-the-all-who-are-the-one-2nd-edition\/\"><span style=\"color: #0000ff;\">https:\/\/egyptianwisdomcenter.org\/product\/egyptian-divinities-the-all-who-are-the-one-2nd-edition\/<\/span><\/a><br \/>\n<\/span><\/strong><\/p>\n<p><img decoding=\"async\" class=\"aligncenter\" src=\"https:\/\/books2read-prod.s3.amazonaws.com\/CACHE\/images\/ubl_book_images\/book_display_image_qOuT56H\/40d95446cc17340ec7b02939eaa44c10\" \/><\/p>\n<div dir=\"auto\">\n<div dir=\"auto\">\n<p style=\"text-align: center;\"><a href=\"https:\/\/egyptianwisdomcenter.org\/nl\/product\/egyptian-divinities-the-all-who-are-the-one-2nd-edition\/\"><span style=\"color: #ff0000;\"><strong><span style=\"color: #0000ff;\">https:\/\/egyptianwisdomcenter.org\/product\/egyptian-divinities-the-all-who-are-the-one-2nd-edition\/<\/span><\/strong><\/span><\/a><\/p>\n<\/div>\n<\/div>","protected":false},"excerpt":{"rendered":"<p>The Archetypal Synergies &nbsp; 1. Associations And Manifestations The energies represented by the various neteru (gods\/ goddesses) rarely function individually, but are [&hellip;]<\/p>","protected":false},"author":3,"featured_media":0,"parent":0,"menu_order":0,"comment_status":"closed","ping_status":"closed","template":"","meta":{"footnotes":""},"class_list":["post-140","page","type-page","status-publish","hentry"],"aioseo_notices":[],"_links":{"self":[{"href":"https:\/\/egyptianwisdomcenter.org\/nl\/wp-json\/wp\/v2\/pages\/140","targetHints":{"allow":["GET"]}}],"collection":[{"href":"https:\/\/egyptianwisdomcenter.org\/nl\/wp-json\/wp\/v2\/pages"}],"about":[{"href":"https:\/\/egyptianwisdomcenter.org\/nl\/wp-json\/wp\/v2\/types\/page"}],"author":[{"embeddable":true,"href":"https:\/\/egyptianwisdomcenter.org\/nl\/wp-json\/wp\/v2\/users\/3"}],"replies":[{"embeddable":true,"href":"https:\/\/egyptianwisdomcenter.org\/nl\/wp-json\/wp\/v2\/comments?post=140"}],"version-history":[{"count":0,"href":"https:\/\/egyptianwisdomcenter.org\/nl\/wp-json\/wp\/v2\/pages\/140\/revisions"}],"wp:attachment":[{"href":"https:\/\/egyptianwisdomcenter.org\/nl\/wp-json\/wp\/v2\/media?parent=140"}],"curies":[{"name":"wp","href":"https:\/\/api.w.org\/{rel}","templated":true}]}}