{"id":142,"date":"2018-10-30T00:00:00","date_gmt":"2018-10-30T04:00:00","guid":{"rendered":"http:\/\/egyptianwisdomcenter.org\/numerology-of-the-creation-process\/"},"modified":"2023-01-02T01:21:50","modified_gmt":"2023-01-02T06:21:50","slug":"numerology-of-the-creation-process-2","status":"publish","type":"page","link":"https:\/\/egyptianwisdomcenter.org\/nl\/numerologie-van-het-creatieproces-2\/","title":{"rendered":"Numerologie van het scheppingsproces"},"content":{"rendered":"<h2 style=\"text-align: center;\"><span style=\"color: #0000ff;\"><strong>Numerologie van het scheppingsproces<\/strong><\/span><\/h2>\n<p>&nbsp;<\/p>\n<h3><span style=\"color: #ff0000;\"><strong>1. Alles is getal \u2013 getalmystiek<\/strong><\/span><\/h3>\n<p>De oude Egyptenaren hadden een wetenschappelijk en organisch systeem voor het observeren van de werkelijkheid. De moderne wetenschap is gebaseerd op het observeren van alles wat dood (levenloos) is. Moderne natuurkundige formules in onze wetenschappelijke studies sluiten vrijwel altijd de vitale verschijnselen uit in statistische analyses. Voor de oude Egyptenaren en de Baladi-Egyptenaren is het universum \u2013 geheel en gedeeltelijk \u2013 bezield.<\/p>\n<p>In de geanimeerde wereld van het oude Egypte duidden getallen niet alleen maar hoeveelheden aan; maar werden in plaats daarvan beschouwd als concrete definities van energetische vormende principes van de natuur. De Egyptenaren noemden deze energetische principes neteru (goden, godinnen).<\/p>\n<p>Voor Egyptenaren waren de getallen niet alleen oneven en even; ze waren mannelijk en vrouwelijk. Elk deel van het universum was\/is een man of een vrouw. Er is geen <em>neutrale <\/em>(een ding). Anders dan in het Engels, waar altijd iets is <em>Hij<\/em>, <em>zij<\/em>, of <em>Het<\/em>; in Egypte was er alleen <em>Hij <\/em>of <em>zij<\/em>.<\/p>\n<p>Egyptenaren manifesteerden hun kennis van getalmystiek in alle aspecten van hun leven. Het bewijs dat Egypte deze kennis bezat, is concreet. Een paar voorbeelden:<\/p>\n<p>1 \u2013 Het concept van geanimeerde getallen in het oude Egypte werd welsprekend genoemd door Plutarchus, in <em>Moralia Vol. V<\/em>, die de 3:4:5-driehoek beschrijft:<\/p>\n<p style=\"padding-left: 30px;\"><em><strong>De rechtopstaande kan daarom worden vergeleken met de mannelijke, de basis met de vrouwelijke, en de hypotenusa met het kind van beide, en dus kan Osiris worden beschouwd als de oorsprong, Isis als de ontvanger, en Horus als het volmaakte resultaat. Drie is het eerste perfecte oneven getal: vier is een vierkant waarvan de zijde het even getal twee is; maar vijf lijkt in sommige opzichten op zijn vader, en in sommige opzichten op zijn moeder, omdat het uit drie en twee bestaat. En panta [alles] is een afgeleide van pente [vijf], en ze spreken over tellen als \u201cnummeren met vijven\u201d.<\/strong><\/em><\/p>\n<p style=\"padding-left: 30px;\"><em><strong>Vijf maakt een vierkant van zichzelf.<\/strong><\/em><\/p>\n<p><a href=\"http:\/\/egyptianwisdomcenter.org\/wp-content\/uploads\/2019\/02\/345-triangle.png\"><img fetchpriority=\"high\" decoding=\"async\" class=\"wp-image-362 aligncenter\" src=\"http:\/\/egyptianwisdomcenter.org\/wp-content\/uploads\/2019\/02\/345-triangle.png\" alt=\"\" width=\"283\" height=\"341\" \/><\/a><\/p>\n<p>De vitaliteit en de interacties tussen deze getallen laten zien hoe ze mannelijk en vrouwelijk zijn, actief en passief, verticaal en horizontaal, enz.<\/p>\n<p>2 \u2013 Plutarchus merkte op dat E\u00e9n voor de Egyptenaren geen (vreemd) getal was toen hij schreef: <strong><em>drie is het eerste perfecte oneven getal<\/em><\/strong>. Voor de Egyptenaren was \u00e9\u00e9n geen getal, maar de essentie van het onderliggende principe van getal; alle andere nummers zijn ervan gemaakt. E\u00e9n vertegenwoordigt Eenheid: het Absolute als ongepolariseerde energie. E\u00e9n is noch oneven noch even, maar beide; omdat, als het wordt opgeteld bij een oneven getal, het een even getal wordt, en omgekeerd. Het combineert dus de tegenstellingen van oneven en even, en alle andere tegenstellingen in het universum. Eenheid is een volmaakt, eeuwig, ongedifferentieerd bewustzijn.<\/p>\n<p>3 \u2013 De kop van de oud-Egyptische papyrus, bekend als de <em>Rhind<\/em> (de zogenaamde \u201cwiskundige\u201d) <em>Papyrus<\/em> (1848-1801 v.Chr.) luidt:<\/p>\n<p style=\"padding-left: 30px;\"><b><\/b><em><b>Regels voor het onderzoeken van de natuur en voor het kennen van alles wat bestaat, elk mysterie, elk geheim.<\/b><\/em><\/p>\n<p>De bedoeling is heel duidelijk: dat de oude Egyptenaren geloofden in en de regels voor getallen en hun interacties (de zogenaamde wiskunde) opstelden als basis voor <strong><em>\u201calles wat bestaat\u201d.<\/em><\/strong><\/p>\n<p>4 \u2013 De Oud-Egyptische manier van berekenen had een directe relatie met zowel natuurlijke als metafysische processen. Zelfs de taal die in de Egyptische papyri wordt gebruikt, bevordert dit gevoel van vitaliteit; van levende interacties. We zien dit begrip als een voorbeeld in item nr. 38 van de Egyptische papyrus, bekend als de <em>Rhind <\/em>(zogenaamd \u201cwiskundig\u201d) <em>Papyrus<\/em>, die luidt:<\/p>\n<p style=\"padding-left: 30px;\"><em><strong>Ik ga drie keer de hekat in <\/strong><\/em>(een schepel, volume-eenheid)<em><strong>, er wordt een zevende van mij aan toegevoegd en ik kom volledig tevreden terug.<\/strong><\/em><\/p>\n<p>5 \u2013 De beroemde Oud-Egyptische hymne van de Leidse Papyrus J350 bevestigt dat getallensymboliek in Egypte al sinds het Oude Rijk (2575-2150 v.Chr.) werd beoefend. De Leidse Papyrus bestaat uit een uitgebreide compositie die de belangrijkste aspecten van de oude scheppingsverhalen beschrijft. Het systeem van opsomming in de Papyrus identificeert het principe\/aspect van de schepping en koppelt elk ervan aan het symbolische getal.<\/p>\n<p>Deze Egyptische papyrus bestaat uit 27 strofen genummerd van 1 tot en met 9; vervolgens van 10 naar 90 in tientallen; vervolgens van 100 tot 900 in honderden. Er zijn er slechts 21 bewaard gebleven. Het eerste woord van elk woord is een soort woordspeling op het betreffende nummer.<\/p>\n<p>Sommige delen van de Leidse Papyrus zullen in de volgende hoofdstukken worden besproken in samenhang met getalmystiek\/evaluatie. Een volledige analyse is echter te vinden in <em>Egyptische alfabetische letters van de scheppingscyclus <\/em>van Moustafa Gadalla.<\/p>\n<p>6 \u2013 De Oud-Egyptische naam voor de grootste tempel in Egypte, namelijk het Karnak-tempelcomplex, is <strong>Apet-sut<\/strong>, wat betekent <strong>Teller van de plaatsen<\/strong>. De naam van de tempel spreekt voor zich. Deze tempel begon in het Middenrijk in Ca. 1971 BCE, en werd gedurende de volgende 1500 jaar voortdurend toegevoegd. Het ontwerp en de opsomming in deze tempel komen overeen met de numerieke codes van de schepping.<\/p>\n<p>Het Egyptische concept van getalsymboliek werd vervolgens in het Westen gepopulariseerd door en via de in Egypte opgeleide Pythagoras (ca. 580\u2013500 v.Chr.). Het is een bekend feit dat Pythagoras ongeveer twintig jaar in Egypte heeft gestudeerd.<\/p>\n<p>Pythagoras en zijn directe volgelingen hebben niets van hun eigen geschriften nagelaten. Toch heeft de westerse academische wereld aan Pythagoras de zogenaamde \u2018wetenschap\u2019 toegeschreven <em>Pythagoree\u00ebrs<\/em>, een open lijst van belangrijke prestaties. Ze kregen een blanco cheque van de westerse academische wereld.<\/p>\n<p>Van Pythagoras en zijn volgelingen wordt gezegd dat ze getallen zien als goddelijke concepten \u2013 idee\u00ebn van de God die een universum van oneindige verscheidenheid en bevredigende orde schiep, volgens een numeriek patroon.<\/p>\n<p>Dezelfde principes werden meer dan dertien eeuwen v\u00f3\u00f3r de geboorte van Pythagoras vermeld in de rubriek van de Egyptenaren <em>Rhind-papyrus<\/em>, die belooft:<\/p>\n<p style=\"padding-left: 30px;\"><b><\/b><em><b>Regels voor het onderzoeken van de natuur en voor het kennen van alles wat bestaat, elk mysterie, elk geheim.<\/b><\/em><\/p>\n<p>Enkele getallen en hun symbolische betekenis zullen in de volgende hoofdstukken kort worden beschreven.<\/p>\n<p>&nbsp;<\/p>\n<h3><span style=\"color: #ff0000;\"><strong>2. Natuurlijke vooruitgang \u2013 de ordelijke volgorde van de scheppingscyclus<\/strong><\/span><\/h3>\n<p>Schepping is het uitzoeken (definitie geven\/orde brengen aan) alle chaos (de ongedifferentieerde energie\/materie en bewustzijn) van de oerstaat. <strong>Alle oud-Egyptische scheppingsverslagen lieten dit zien met ordelijke, goed gedefinieerde en duidelijk afgebakende stadia. <\/strong>Het eerste stadium van de schepping werd door de Egyptenaren voorgesteld als Atam\/Atum\/Atem, voortkomend uit Nu\/Ny\/Nun \u2013 de neutronensoep.<\/p>\n<p>In de Oud-Egyptische teksten zien we consequent hoe de ene staat van zijn zich ontwikkelt (of beter nog: naar voren komt) in de volgende staat van zijn. En we ontdekken altijd dat twee opeenvolgende toestanden afbeeldingen van elkaar zijn. Dat is niet alleen wetenschappelijk correct; maar het is ordelijk, natuurlijk en po\u00ebtisch. De Egyptenaren stonden bekend om het schrijven van deze wetenschappelijke en filosofische onderwerpen in po\u00ebtische vormen.<\/p>\n<p><strong>Getallen conformeren zich aan de rangschikking van natuurlijke dingen; want de meeste natuurlijke dingen werden door de Schepper in orden ingesteld. <\/strong>Getallen zijn op zichzelf geen abstracties, noch entiteiten. <strong>Getallen zijn namen die worden toegepast op de functies en principes waarop het universum wordt gecre\u00eberd en onderhouden.<\/strong><\/p>\n<p>&nbsp;<\/p>\n<h3><span style=\"color: #ff0000;\"><strong>3. De universele nummer twee: Isis, het vrouwelijke principe<\/strong><\/span><\/h3>\n<p>We hebben gezien hoe een ordelijke schepping in de vorm van Atam, de Volkomen Ene, voortkwam uit de chaotische staat van de Nun v\u00f3\u00f3r de schepping \u2013 het niets.<\/p>\n<p>We hebben ook gezien hoe de ene staat van zijn zich ontwikkelt of uitmondt in de volgende staat van zijn, en hoe elke twee opeenvolgende fasen beelden van elkaar zijn. Nun en Atam zijn afbeeldingen van elkaar, zoals de getallen 0 en 1: 0 is niets, nul, en 1 betekent alles.<\/p>\n<p>Het eerste dat zich ontwikkelde vanuit het licht van de eenheid van de Volkomen Ene was de kracht van de Actieve Rede, zoals Hij door herhaling twee uit \u00e9\u00e9n liet voortkomen.<\/p>\n<p>Deze goddelijke actieve rede-gedachte is het eerste &#039;ding&#039; waarvan het bestaan kan voortgaan als de handeling, het nageslacht en het beeld van het eerste: Atam. Het vermogen om zwanger te worden \u2013 zowel mentaal als fysiek \u2013 werd op natuurlijke wijze vertegenwoordigd door het vrouwelijke principe Isis, de vrouwelijke kant van Atams eenheid. Dit werd duidelijk bevestigd in de geschriften van Plutarchus, waar hij ook in de zijne schreef <em>Moralia Vol. V<\/em>:<\/p>\n<p style=\"padding-left: 30px;\"><em><strong>\u201c. . ., sindsdien, vanwege de kracht van de Rede. Isis wendt zich tot dit of dat en is ontvankelijk voor allerlei soorten vormen.\u201d<\/strong><\/em><\/p>\n<p>Het is Isis, die deze goddelijke geest (of goddelijke intelligentie, of goddelijk-intellectueel beginsel) is, die het bestaan van pluraliteit, complexiteit of veelheid begint.<\/p>\n<p>De relatie tussen de meester van het universum \u2013 The Complete One \u2013 en de moeder van de schepping kan het beste worden beschreven in muzikale termen. De relatie tussen Atam \u2013 de Complete Ene \u2013 en zijn vrouwelijke beeld (Isis) is als de relatie tussen de klank van een noot en de octaaftoon ervan. Beschouw een string van een bepaalde lengte als eenheid. Zet het trillend; het produceert een geluid. Stop de snaar in het midden en laat hem trillen. De frequentie van de geproduceerde trillingen is het dubbele van die van de hele snaar, en de toon wordt met \u00e9\u00e9n octaaf verhoogd. De snaarlengte is door twee gedeeld; en het aantal trillingen per seconde is vermenigvuldigd met twee: de ene helft (1:2) zoals de spiegel er tegenover cre\u00eberde (2:1), 2\/1. Deze harmonische relatie wordt vertegenwoordigd door Atam en Isis.<\/p>\n<p>Het getal van Isis is twee, wat de kracht van veelheid symboliseert, waarbij het vrouwelijke veranderlijke, vergaarbak, horizontale, de basis van alles vertegenwoordigt.<\/p>\n<p>In het oude Egyptische denken is Isis als nummer twee het beeld van het eerste principe: het goddelijke intellect.<\/p>\n<p>De relatie van het intellect tot de Volkomen Ene, Atam, is als de relatie van het licht van de zon dat uit de zon straalt. De oude Egyptische teksten beschrijven Isis als de goddelijke zonneschijn, want zij wordt genoemd:<\/p>\n<p style=\"padding-left: 30px;\"><em><b>\u2013 De dochter van de universele Heer.<\/b><\/em><br \/>\n<em><b>\u2013 De vrouwelijke Re.<\/b><\/em><br \/>\n<em><b>\u2013 De Lichtgever in de hemel met Re.<\/b><\/em><\/p>\n<p>Isis is dus de uitgestraalde energie van de Volledige Ene. Als vrouwelijk principe in het universum kan alleen zij het geschapen universum bedenken en verwezenlijken.<\/p>\n<p>Met andere woorden, Isis is het beeld van de kosmische creatieve impuls zoals herkend door de term Re. Wanneer er dus over Re gesproken wordt, zegt de oud-Egyptische tekst:<\/p>\n<p style=\"padding-left: 30px;\"><em><strong>\u2018Jullie zijn de lichamen van Isis.\u2019<\/strong><\/em><\/p>\n<p>Dit impliceert dat Re, de creatieve energie, ook voorkomt in de verschillende aspecten van het kosmische vrouwelijke principe Isis. Als zodanig wordt Isis erkend als:<\/p>\n<p style=\"padding-left: 30px;\"><em><strong>-De vrouwelijke Re.<\/strong><\/em><br \/>\n<em><strong>-De Dame van het begin der tijden.<\/strong><\/em><br \/>\n<em><strong>-Het prototype van alle wezens.<\/strong><\/em><br \/>\n<em><strong>-De grootste van de neteru-<\/strong><\/em>[wat de goddelijke krachten betekent]<em><strong>.<\/strong><\/em><br \/>\n<em><strong>-De koningin van alle neteru.<\/strong><\/em><\/p>\n<p>Isis wordt in de oude Egyptische teksten erkend als de God-Moeder.<\/p>\n<p>Hoe liefdevol is Isis \u2013 onze God-Moeder. Zij \u2013 het vrouwelijke principe \u2013 is de matrix van het geschapen universum \u2013 \u2018matrix\u2019 is een moederlijke term, mater-x.<\/p>\n<p>Op intellectueel niveau is de eerste gedachte het bedenken van een ordelijk plan. De oude Egyptenaren benadrukten de ordelijke en harmonische aard van het scheppingsproces, waarbij Maat de goddelijke orde en harmonie vertegenwoordigde. Maat is een van de manifestaties van het vrouwelijke principe Isis.<\/p>\n<p>Dus de oude Egyptische papyrus, bekend als de Bremner-<\/p>\n<p>Rhind Papyrus, legt ons uit wat het plan is:<\/p>\n<p style=\"padding-left: 30px;\"><em><strong>\u201cIk werd zwanger in mijn eigen hart; er ontstond een groot aantal vormen van goddelijke wezens, zoals de vormen van kinderen en de vormen van hun kinderen.\u201d<\/strong><\/em><\/p>\n<p>De eerste stap om met de schepping te beginnen was het concept van de veelheid (goddelijke wezens) uit de Ene te bedenken. De Peetmoeder Isis vatte het plan \u2013 metafysisch of intellectueel \u2013 op in haar liefdevolle hart. Dit is zowel welsprekend als po\u00ebtisch, omdat het hart werd\/wordt beschouwd als een symbool van intellectuele percepties, bewustzijn en morele moed. Isis wordt als zodanig ook erkend als de <strong>Machtig hart.<\/strong><\/p>\n<p>Hoe welsprekend is het dat de Goddelijke Moeder Isis, die de schoot van het universum is, ook degene is die het scheppingsplan heeft bedacht en vervolgens de delen ervan heeft afgeleverd; wezen <em>haar kinderen en hun kinderen.<\/em><\/p>\n<p>De Oud-Egyptische teksten leggen de nadruk op een ordelijke scheppingsvolgorde, die in wezen een systeem is van noodzakelijke emanatie, processie of bestraling, vergezeld van noodzakelijke aspiratie of terugkeer naar de bron. Alle vormen en fasen van het bestaan vloeien voort uit de goddelijkheid, en ze streven er allemaal naar om daarheen terug te keren en daar te blijven.<\/p>\n<p>&nbsp;<\/p>\n<h3><span style=\"color: #ff0000;\"><strong>4. Het universele nummer drie \u2013 Osiris, het mannelijke principe<\/strong><\/span><\/h3>\n<p>Nu het scheppingsplan in de Goddelijke Rede is bedacht, is de volgende logische stap het tot leven brengen ervan. Daarom brengt Isis \u2013 het Goddelijke Denken \u2013 een kracht voort die geschikt is voor de realisatie van zijn Gedachte. Het tot leven brengen of bezielen van het scheppingsplan wordt teweeggebracht door de Alziel, of Universele Ziel van het Al. De universele ziel werd in het oude Egypte vertegenwoordigd door Osiris, de derde in de scheppingsvolgorde, en het getal 3 werd via hem gecommuniceerd. Osiris is de eeuwige emanatie en het beeld van de Tweede Hypostasis, het Intellectuele Principe.<\/p>\n<p>Elke fase van de schepping heeft de neiging een beeld van zichzelf te cre\u00ebren. Het heeft ook de neiging zich weer aan te sluiten bij de volgende hoogste, waarvan het zelf een schaduw of lagere manifestatie is \u2013 want Isis is een beeld van het eerste beginsel, en haar schaduw is Osiris. Hoe verhelderend!<\/p>\n<p>In de ordelijke volgorde van de schepping was het het vrouwelijke principe Isis die, nadat ze het plan had bedacht, er leven aan gaf. Als zodanig wordt Isis genoemd:<\/p>\n<p style=\"padding-left: 30px;\"><em><strong>\u2013 Isis, de Schenker van het leven.<\/strong><\/em><br \/>\n<em><strong>\u2013 Isis, de Vrouwe van het Leven.<\/strong><\/em><br \/>\n<em><strong>\u2013 Isis, de Gever van Leven.<\/strong><\/em><br \/>\n<em><strong>\u2013 Isis, de bewoner van Neteru.<\/strong><\/em><\/p>\n<p>&nbsp;<\/p>\n<h3><span style=\"color: #ff0000;\"><strong>5. De Universele Drie-eenheid en Dualiteit<\/strong><\/span><\/h3>\n<p>Zoals we hebben gezien zijn er drie componenten nodig om iets te cre\u00ebren en tot leven te brengen. Het prototype van generaties omvat dus drie elementen van de Schepper-Triniteit, die in de kortste beschrijving worden weergegeven.<\/p>\n<p>De eerste is De Ene, of Eerste Bestaande \u2013 door de Egyptenaren Atam genoemd; De Complete Ene \u2013 de Ene die het alles is.<\/p>\n<p>Het tweede is het vrouwelijke principe dat Isis wordt genoemd en dat de goddelijke geest of de eerste denker en gedachte bevat \u2013 de plaats van metafysische en fysieke conceptie \u2013 de baarmoeder, de kamer, het hele universum.<\/p>\n<p>De derde is het mannelijke, bezielde, levendige, dynamische, energetische principe genaamd Osiris, bekend als de Universele Ziel.<\/p>\n<p>De oude Egyptenaren erkenden de betekenis van de drie-eenheid in het scheppingsproces. Als zodanig gaven oude Egyptische teksten de drie-eenheid weer als een eenheid, uitgedrukt door het enkelvoudige voornaamwoord: het zijn de Drie die Twee zijn die E\u00e9n zijn.<\/p>\n<p>De Triade is de Goddelijkheid, en is Goddelijk. Het is de uitdrukking van de uitgaande energie van de Goddelijkheid. Dit wordt welsprekend uitgedrukt in de oud-Egyptische tekst, bekend als de <em>Bremner-Rhind-papyrus<\/em>:<\/p>\n<p style=\"padding-left: 30px;\"><em><strong>Ik was v\u00f3\u00f3r de twee anteriors die ik maakte,<\/strong><\/em><br \/>\n<em><strong>want ik had voorrang op de Twee Anterieures die ik maakte,<\/strong><\/em><br \/>\n<em><strong>want mijn naam was ouder dan die van hen,<\/strong><\/em><br \/>\n<em><strong>want ik heb ze v\u00f3\u00f3r de Twee Anterieures gemaakt...<\/strong><\/em><\/p>\n<p>De Egyptische tekst laat ons zien dat Eenheid, die zich bewust wordt van zichzelf, gepolariseerde energie cre\u00ebert \u2013 twee nieuwe elementen, die elk de aard van het Ene en van het Ander delen. Met andere woorden, elk van de vrouwelijke en mannelijke principes heeft deel aan de ander.<\/p>\n<p>Op intellectueel niveau is het vrouwelijke principe zowel passief als actief, want Isis bedenkt het plan op een passieve manier en geeft het plan vervolgens leven; waardoor haar activiteit wordt weerspiegeld als een verlengstuk van haar passiviteit; dwz het intellect en de wereldziel staan in relatie tot het actieve en passieve intellect.<\/p>\n<p>Intellect is zoals het is: altijd hetzelfde, rustend in een statische activiteit. Dit is een vrouwelijk kenmerk. De beweging ernaartoe en eromheen is het werk van de Ziel, voortkomend van Intellect naar Ziel en de Ziel intellectueel makend; geen andere natuur cre\u00ebren tussen intellect en ziel.<\/p>\n<p>En op zielsniveau is Isis de passieve en Osiris de actieve ziel.<\/p>\n<p>Keer op keer ontdekken we dat de volgorde van de schepping gebaseerd is op het feit dat \u00e9\u00e9n fase de natuurlijke voortgang is, evenals het beeld van de volgende fase \u2013 en omgekeerd. Van actief-passief naar passief-actief is de kettingreactie (om zo te zeggen) van de schepping.<\/p>\n<p>Tijd wordt gepresenteerd als het &#039;leven&#039; van de ziel, in tegenstelling tot de eeuwigheid, wat de bestaanswijze van het intellect is. De Ziel is echter een entiteit die verschillende niveaus van de werkelijkheid omvat, en we ontdekken dat, bij gelegenheid, het hoogste aspect van de Ziel, tenminste, grotendeels wordt gelijkgesteld met het intellect.<\/p>\n<p>De relatie van de ziel tot het intellect is als de relatie van het licht van de maan tot het licht van de zon. Net zoals wanneer de maan vol wordt door het licht van de zon, wordt haar licht een imitatie van het licht van de zon, op dezelfde manier waarop de ziel de uitstroming van het intellect ontvangt, wanneer haar deugden volmaakt worden en haar daden de daden imiteren. van het intellect. Wanneer zijn deugden volmaakt worden, kent hij zijn essentie of zelf en de realiteit van zijn substantie.<\/p>\n<p>De gecombineerde krachten van de goddelijke geest en goddelijke ziel maken de schepping van de natuurlijke wereld mogelijk. Isis als het goddelijk-intellectuele beginsel kent twee handelingen: die van opwaartse contemplatie van het Ene en die van &#039;generatie&#039; naar de lagere Alziel. Op dezelfde manier heeft de Alziel twee handelingen: zij contempleert tegelijkertijd het Intellectuele Principe en \u2018genereert\u2019 (in de overvloed van haar eigen perfectie) de Naar de Natuur Kijkende en Generatieve Ziel, wiens werking het is om de lagere, materi\u00eble ziel voort te brengen of te vormen. Universum naar het model van de goddelijke gedachten; de &#039;idee\u00ebn&#039; die in de goddelijke geest zijn opgeslagen. De Alziel is zowel de mobiele oorzaak van beweging als van Vorm (of het materi\u00eble of door de zintuigen begrepen Universum), wat de handeling en emanatie, het beeld en de &#039;schaduw&#039; van de Ziel is.<\/p>\n<p>Met de gecombineerde krachten van vrouwelijke en mannelijke energie\u00ebn kan het creatieplan tot leven komen.<\/p>\n<p>&nbsp;<\/p>\n<h3><span style=\"color: #ff0000;\"><strong>6. Het universele getal vijf \u2013 Horus, het fenomeen<\/strong><\/span><\/h3>\n<p>Twee symboliseert de kracht van veelheid \u2013 de vrouwelijke, veranderlijke houder \u2013 terwijl Drie het mannelijke symboliseert. Dit was de muziek van de sferen \u2013 de universele harmonie\u00ebn die zich afspeelden tussen deze twee oorspronkelijke mannelijke en vrouwelijke universele symbolen van Osiris en Isis, wier hemelse huwelijk het kind Horus (nummer 5) voortbracht.<\/p>\n<p>Alle verschijnselen zijn zonder uitzondering polair van aard en in principe drievoudig. Daarom zijn vijf de sleutel tot het begrijpen van het gemanifesteerde universum, zoals Plutarchus in de Egyptische context uitlegde:<\/p>\n<p style=\"padding-left: 30px;\"><em><strong>\u2026En panta (alles) is een afgeleide van pente (vijf)\u2026<\/strong><\/em><\/p>\n<p>De betekenis en functie van nummer vijf in het oude Egypte wordt aangegeven door de manier waarop het is geschreven. Het getal vijf werd in het oude Egypte geschreven als &#039;twee&#039;. boven de drie? ? ?, (of soms als een vijfpuntige ster). Met andere woorden: nummer vijf (de zoon \u2013 Horus) is het resultaat van de relatie tussen nummer twee (de moeder \u2013 Isis) en nummer drie (de vader \u2013 Osiris).<\/p>\n<p>&nbsp;<\/p>\n<h3><span style=\"color: #ff0000;\"><strong>7. De numerieke volgorde van de schepping 2,3,5 \u2026 De sommatiereeks<\/strong><\/span><\/h3>\n<p>De volgorde van de numerieke creatie van Isis gevolgd door Osiris gevolgd door Horus is 2,3,5, enz.<\/p>\n<p>Het is een progressieve reeks, waarbij je begint met de twee primaire getallen in het Oud-Egyptische systeem, namelijk 2 en 3. Vervolgens tel je hun totaal op bij het voorgaande getal, enzovoort. Elk cijfer is de som van de twee voorgaande. De serie zou daarom zijn:<\/p>\n<p style=\"padding-left: 30px;\">2<br \/>\n3<br \/>\n5 (3+2)<br \/>\n8 (5+3)<br \/>\n13 (8+5)<br \/>\n21 (13+8)<br \/>\n34 (21+13)<br \/>\n55 (34+21)<br \/>\n89, 144, 233, 377, 610, . . .<\/p>\n<p>De Summation Series wordt weerspiegeld in de natuur. Het aantal zaden in een zonnebloem, de bloemblaadjes van welke bloem dan ook, de opstelling van de dennenappels, de groei van een nautilusschelp, \u2013 ze volgen allemaal hetzelfde patroon van deze series.<\/p>\n<p>[Zie meer informatie over deze sommatiereeks en het gebruik ervan in het oude Egypte gedurende minstens 4500 jaar <span style=\"color: #ff0000;\"><strong>De oude Egyptische metafysische architectuur door Moustafa Gadalla<\/strong><\/span>]<\/p>\n<p>&nbsp;<\/p>\n<p><span style=\"color: #ff0000;\"><strong>[Een uittreksel uit <span style=\"color: #000000;\">Egyptische kosmologie: het geanimeerde universum, derde editie door Moustafa Gadalla<\/span>]<br \/>\n<a href=\"https:\/\/egyptianwisdomcenter.org\/nl\/product\/egyptian-cosmology-the-animated-universe-third-edition\/\"><span style=\"color: #0000ff;\">https:\/\/egyptianwisdomcenter.org\/product\/egyptische-kosmologie\/<\/span><\/a><\/strong><\/span><\/p>\n<p><img decoding=\"async\" class=\"aligncenter\" src=\"https:\/\/egyptianwisdomcenter.org\/wp-content\/uploads\/2023\/01\/egyptische-kosmologie.jpg\" \/><\/p>\n<div dir=\"auto\">\n<p style=\"text-align: center;\"><a href=\"https:\/\/egyptianwisdomcenter.org\/nl\/product\/egyptian-cosmology-the-animated-universe-third-edition\/\"><strong><span style=\"color: #ff0000;\"><span style=\"color: #0000ff;\">https:\/\/egyptianwisdomcenter.org\/product\/egyptische-kosmologie\/<\/span><\/span><\/strong><\/a><\/p>\n<\/div>","protected":false},"excerpt":{"rendered":"<p>Numerology Of The Creation Process &nbsp; 1. All Is Number\u2014Number Mysticism The Ancient Egyptians had a scientific and organic system of observing [&hellip;]<\/p>","protected":false},"author":3,"featured_media":0,"parent":0,"menu_order":0,"comment_status":"closed","ping_status":"closed","template":"","meta":{"footnotes":""},"class_list":["post-142","page","type-page","status-publish","hentry"],"aioseo_notices":[],"_links":{"self":[{"href":"https:\/\/egyptianwisdomcenter.org\/nl\/wp-json\/wp\/v2\/pages\/142","targetHints":{"allow":["GET"]}}],"collection":[{"href":"https:\/\/egyptianwisdomcenter.org\/nl\/wp-json\/wp\/v2\/pages"}],"about":[{"href":"https:\/\/egyptianwisdomcenter.org\/nl\/wp-json\/wp\/v2\/types\/page"}],"author":[{"embeddable":true,"href":"https:\/\/egyptianwisdomcenter.org\/nl\/wp-json\/wp\/v2\/users\/3"}],"replies":[{"embeddable":true,"href":"https:\/\/egyptianwisdomcenter.org\/nl\/wp-json\/wp\/v2\/comments?post=142"}],"version-history":[{"count":0,"href":"https:\/\/egyptianwisdomcenter.org\/nl\/wp-json\/wp\/v2\/pages\/142\/revisions"}],"wp:attachment":[{"href":"https:\/\/egyptianwisdomcenter.org\/nl\/wp-json\/wp\/v2\/media?parent=142"}],"curies":[{"name":"wp","href":"https:\/\/api.w.org\/{rel}","templated":true}]}}