{"id":233,"date":"2018-10-30T00:00:00","date_gmt":"2018-10-30T04:00:00","guid":{"rendered":"http:\/\/egyptianwisdomcenter.org\/the-spread-of-the-egyptian-religion\/"},"modified":"2023-01-02T12:10:23","modified_gmt":"2023-01-02T17:10:23","slug":"the-spread-of-the-egyptian-religion","status":"publish","type":"page","link":"https:\/\/egyptianwisdomcenter.org\/nl\/de-verspreiding-van-de-egyptische-religie\/","title":{"rendered":"De verspreiding van de Egyptische religie"},"content":{"rendered":"<h2 style=\"text-align: center;\"><span style=\"color: #ff0000;\"><strong>De verspreiding van de Egyptische religie<\/strong><\/span><\/h2>\n<p>&nbsp;<\/p>\n<p>De oude Egyptische neteru werden in het hele Middellandse Zeegebied en daarbuiten als goden aangenomen. De bas-reli\u00ebfs, munten en andere oudheden die zijn gevonden in Thessali\u00eb, Epirus, Megara, Korinthe, Argos, Malta en vele andere plaatsen beelden bijvoorbeeld het oude Egyptische Neteru uit. Herodotus, in de <em>Geschiedenissen, Boek 2 <\/em>[2-8], schreef:<\/p>\n<p style=\"padding-left: 30px;\"><strong><em>De namen van bijna alle goden kwamen vanuit Egypte naar Griekenland.<\/em><\/strong><\/p>\n<p>Dit is logisch als we eenmaal inzien dat het vervangen van letters (geluidsverschuiving) wereldwijd een veel voorkomend fenomeen is. Vanaf de vroegste dagen van de vergelijkende filologie werd opgemerkt dat de klanken van verwante talen op ogenschijnlijk systematische wijze met elkaar correspondeerden. Als voorbeeld van het fenomeen klankverschuiving kan de naam van een persoon nog steeds worden herkend in zeer verschillende klanken, zoals Santiago\/San Diego\/San Jacob en Saint James. Jacob\/Jack\/Jaques\/James zijn \u00e9\u00e9n en dezelfde naam, wat een voorbeeld is van het fenomeen klankverschuiving.<\/p>\n<p>Opgemerkt moet worden dat wat wij gewoonlijk als namen van goden beschouwen, in werkelijkheid de \u2018attributen\u2019 (namen) van dergelijke goden zijn. De echte namen van de goden (goden, godinnen) werden geheim gehouden. De echte naam was\/is doordrenkt met magische krachten en eigenschappen. Het kennen en uitspreken van de echte naam van een neter\/netert (god\/godin) betekent dat je er macht over uitoefent. Om de kosmische macht van de godheid te bewaken, gebruikten de oude Egyptenaren (en later anderen in het hele Middellandse Zeegebied en daarbuiten) vaak \u2018namen\u2019 met religieuze connotaties. Baal betekent eenvoudigweg Heer of heerser; en zo horen we over de Baal of de Baalat (Vrouwe) van die en die stad. Op dezelfde manier zal een godheid Melek worden genoemd, wat Koning betekent. Dat geldt ook voor Adon, wat Heer of Meester betekent. Melqart betekende Koning van de Stad. Andere &#039;namen&#039; die &#039;begunstigd door de goden&#039; of &#039;door de goden verleend&#039; betekenen, werden in het Latijn vertaald als Fortunatus, Felix, Donatus, Concessus, enzovoort.<\/p>\n<p>Om de verslagen van Herodotus over de Griekse adoptie van Egyptische goden te bevestigen, blijkt uit archeologisch bewijs uit de 4e eeuw v. die periode.<\/p>\n<p>In Magna Graecia laten de monumenten gevonden in Catania op Sicili\u00eb zien dat deze stad een centrum was van de aanbidding van Egyptische goden. Zuid-Itali\u00eb bevatte veel tempels van Isis, en de overblijfselen van beelden, enz., gevonden in Reggio, Puteoli, Pompeii en Herculaneum bewijzen dat de aanbidding van Egyptische goden gebruikelijk moet zijn geweest.<\/p>\n<p>De oude Egyptische religieuze praktijken werden bijvoorbeeld in Griekenland weerspiegeld, zoals bevestigd door de Griekse vader van de geschiedenis, Herodotus, in de <em>Geschiedenissen, Boek 2<\/em>, [107]:<\/p>\n<p style=\"padding-left: 30px;\"><strong><em>Het waren ook de Egyptenaren die hun oorsprong vonden en de Grieken leerden ceremoni\u00eble bijeenkomsten, processies en processieoffers te gebruiken: een feit dat kan worden afgeleid uit de duidelijke ouderdom van dergelijke ceremonies in Egypte, vergeleken met Griekenland, waar ze pas onlangs zijn ge\u00efntroduceerd. . De Egyptenaren komen niet \u00e9\u00e9n keer per jaar in een plechtige vergadering bijeen, maar meerdere malen.<\/em><\/strong><\/p>\n<p>Plutarchus bevestigt de verklaring van Herodotus <em>Moralia, Isis en Osiris<\/em>, [378-9, 69],<\/p>\n<p style=\"padding-left: 30px;\"><strong><em>Onder de Grieken worden ook veel dingen gedaan die lijken op de Egyptische ceremonies in de heiligdommen van Isis, en ze doen ze ongeveer tegelijkertijd.<\/em><\/strong><\/p>\n<p>In Rome werd Isis in de 1e eeuw voor Christus beschouwd als de belangrijkste netert (godin) van de stad. Ter ere van haar werden grote gebouwen en tempels opgericht, gevuld met Egyptische voorwerpen, obelisken, altaren, beelden, enz. die uit Egypte werden meegebracht om de heiligdommen van Auset (Isis) te laten lijken op die van haar geboorteland. Priesteressen die beweerden goed op de hoogte te zijn van de \u2018mysteries\u2019 van Auset, woonden in of nabij deze tempels en hielpen bij het uitvoeren van diensten en ceremonies waaraan grote gemeenten deelnamen. Vanuit Rome verspreidde de eerbied voor Auset zich natuurlijk naar de provincies en daarbuiten.<\/p>\n<p>In de oud-Egyptische kosmologie vertegenwoordigt Isis de kracht die verantwoordelijk is voor de schepping van alle levende wezens. Dienovereenkomstig noemden de oude Egyptenaren haar <em>Isis met de 10.000 namen\/kenmerken<\/em>. Plutarchus nam daar nota van en schreef in zijn: <em>Moralia Vol. V<\/em>:<\/p>\n<p style=\"padding-left: 30px;\"><strong><em>Isis is in feite het vrouwelijke beginsel van de natuur en is ontvankelijk voor elke vorm van voortplanting, in overeenstemming waarmee zij door Plato de zachtaardige verpleegster en de alles-ontvankelijke wordt genoemd, en door de meeste mensen met talloze namen wordt genoemd. sindsdien, vanwege de kracht van de Rede. ze wendt zich tot dit of dat en is ontvankelijk voor allerlei vormen en vormen.<\/em><\/strong><\/p>\n<p>De \u2018vele namen\u2019 van Isis werden in heel Griekenland, Itali\u00eb en daarbuiten overgenomen. Zo identificeerden de Grieken en Romeinen haar vaak als Selene, Demeter, Ceres, en met verschillende godinnen van de gewassen en van de oogst in het algemeen. Ze werd ook beschouwd als een aardgodin; en als zodanig was zij de moeder van alle vruchtbaarheid en overvloed. Sommige van haar eigenschappen zorgden ervoor dat ze werd ge\u00efdentificeerd als Aphrodite, Juno, Nemesis, Fortuna en Panthea.<\/p>\n<p>De oude Egyptische religieuze praktijken die verband hielden met Isis en Osiris hadden grote vooruitgang geboekt in Itali\u00eb. In Campani\u00eb werd een inscriptie, gedateerd op 105 vGT, gevonden in een tempel van de oude Egyptische Sarapis (Sar-Apis) in Puteoli, een bewijs dat de tempel v\u00f3\u00f3r die datum bestond. Omstreeks 80 vGT (in de tijd van Sulla) werd in Rome een college van de dienaren van Isis (of Pastophori) gesticht, en werd er in de stad een tempel gebouwd. In 44 vGT werd in Rome een tempel gebouwd ter ere van Isis en Osiris; en een paar decennia later werd het feest van deze Egyptische goden erkend op de publieke kalender.<\/p>\n<p>Het belangrijkste festival in Itali\u00eb kwam precies overeen met het Oud-Egyptische festival dat de moord op Osiris en de vondst van zijn lichaam door Isis herdacht. Net als in het oude Egypte werd het in november geopend met het zingen van klaagzangen en hartverscheurende klaagzangen over de dood van Osiris, die ongetwijfeld gebaseerd waren op de composities die rond dezelfde tijd in Egypte werden gezongen. Toen, op de tweede dag, werden sc\u00e8nes opgevoerd die het hectische verdriet en de angst vertegenwoordigden van degenen die rondgingen op zoek naar het lichaam van Osiris. Op de derde dag vond Isis het lichaam van haar man, en er was grote vreugde in de tempel. Verdriet maakte plaats voor blijdschap en tranen voor gelach, allerlei soorten muzikanten kwamen bijeen en bespeelden hun instrumenten, mannen en vrouwen dansten, en iedereen vierde feest.<\/p>\n<p>De oude Egyptische religieuze praktijken, zoals ze verband houden met het modelverhaal van Isis en Osiris, verspreidden zich over heel Zuid-Europa en naar vele delen van Noord-Afrika, en bleven in deze regio&#039;s een religieuze macht tot het einde van de 4e eeuw na Christus. Deze oud-Egyptische idee\u00ebn en overtuigingen overleefden in het christendom, waarbij Maria de Maagd de attributen van Isis, de Eeuwige Moeder, aannam en het Kindje Jezus die van Horus aannam.<\/p>\n<p>[Lees het boek voor meer informatie over de oud-Egyptische wortels van het christendom <span style=\"color: #ff0000;\"><strong>Oude Egyptische wortels van het christendom<\/strong><\/span> door Moustafa Gadalla]<\/p>\n<p>&nbsp;<\/p>\n<p><strong><span style=\"color: #ff0000;\">[Een uittreksel uit\u00a0<\/span><\/strong><strong>Oud-Egyptisch: cultuur onthuld, tweede editie<span style=\"color: #ff0000;\"> door Moustafa Gadalla]<br \/>\n<a href=\"https:\/\/egyptianwisdomcenter.org\/nl\/product\/ancient-egyptian-culture-revealed-second-edition\/\"><span style=\"color: #0000ff;\">https:\/\/egyptianwisdomcenter.org\/product\/de-oude-egyptisch-cultuur-onthuld\/<\/span><\/a><br \/>\n<\/span><\/strong><\/p>\n<p><img decoding=\"async\" class=\"aligncenter\" src=\"https:\/\/egyptianwisdomcenter.org\/wp-content\/uploads\/2023\/01\/De-Oude-Egyptisch-Cultuur-Onthuld.jpg\" \/><\/p>\n<div dir=\"auto\" style=\"text-align: center;\"><a href=\"https:\/\/egyptianwisdomcenter.org\/nl\/product\/ancient-egyptian-culture-revealed-second-edition\/\"><span style=\"color: #0000ff;\"><strong>https:\/\/egyptianwisdomcenter.org\/product\/de-oude-egyptisch-cultuur-onthuld\/<\/strong><\/span><\/a><\/div>\n<hr \/>\n<p>&nbsp;<\/p>\n<div dir=\"auto\">\n<div dir=\"auto\">\n<p><strong><span style=\"color: #ff0000;\">[Een uittreksel uit <\/span>Oude Egyptische wortels van het christendom, 2e editie<span style=\"color: #ff0000;\"> door Moustafa Gadalla]<br \/>\n<a href=\"https:\/\/egyptianwisdomcenter.org\/nl\/product\/the-ancient-egyptian-roots-of-christianity-2nd-edition\/\"><span style=\"color: #0000ff;\">https:\/\/egyptianwisdomcenter.org\/product\/de-oude-egyptische-wortels-van-het-christendom\/<\/span><\/a><br \/>\n<\/span><\/strong><\/p>\n<p><img decoding=\"async\" class=\"aligncenter\" src=\"https:\/\/egyptianwisdomcenter.org\/wp-content\/uploads\/2023\/01\/de-oude-egyptische-wortels-van-het-christendom-2.jpg\" \/><\/p>\n<p style=\"text-align: center;\"><a href=\"https:\/\/egyptianwisdomcenter.org\/nl\/product\/the-ancient-egyptian-roots-of-christianity-2nd-edition\/\"><strong><span style=\"color: #ff0000;\"><span style=\"color: #0000ff;\">https:\/\/egyptianwisdomcenter.org\/product\/de-oude-egyptische-wortels-van-het-christendom\/<\/span><\/span><\/strong><\/a><\/p>\n<div dir=\"auto\"><\/div>\n<\/div>\n<\/div>","protected":false},"excerpt":{"rendered":"<p>The Spread Of The Egyptian Religion &nbsp; The Ancient Egyptian neteru were adopted as deities throughout the Mediterranean Basin and beyond. For [&hellip;]<\/p>","protected":false},"author":3,"featured_media":0,"parent":0,"menu_order":0,"comment_status":"closed","ping_status":"closed","template":"","meta":{"footnotes":""},"class_list":["post-233","page","type-page","status-publish","hentry"],"aioseo_notices":[],"_links":{"self":[{"href":"https:\/\/egyptianwisdomcenter.org\/nl\/wp-json\/wp\/v2\/pages\/233","targetHints":{"allow":["GET"]}}],"collection":[{"href":"https:\/\/egyptianwisdomcenter.org\/nl\/wp-json\/wp\/v2\/pages"}],"about":[{"href":"https:\/\/egyptianwisdomcenter.org\/nl\/wp-json\/wp\/v2\/types\/page"}],"author":[{"embeddable":true,"href":"https:\/\/egyptianwisdomcenter.org\/nl\/wp-json\/wp\/v2\/users\/3"}],"replies":[{"embeddable":true,"href":"https:\/\/egyptianwisdomcenter.org\/nl\/wp-json\/wp\/v2\/comments?post=233"}],"version-history":[{"count":0,"href":"https:\/\/egyptianwisdomcenter.org\/nl\/wp-json\/wp\/v2\/pages\/233\/revisions"}],"wp:attachment":[{"href":"https:\/\/egyptianwisdomcenter.org\/nl\/wp-json\/wp\/v2\/media?parent=233"}],"curies":[{"name":"wp","href":"https:\/\/api.w.org\/{rel}","templated":true}]}}