{"id":28041,"date":"2019-03-25T14:07:12","date_gmt":"2019-03-25T18:07:12","guid":{"rendered":"http:\/\/egyptianwisdomcenter.org\/il-monoteismo-egiziano-lunico-e-il-politeismo-il-tutto\/"},"modified":"2023-01-10T06:03:19","modified_gmt":"2023-01-10T11:03:19","slug":"il-monoteismo-egiziano-lunico-e-il-politeismo-il-tutto","status":"publish","type":"page","link":"https:\/\/egyptianwisdomcenter.org\/nl\/il-monoteismo-egiziano-lunico-e-il-politeismo-il-tutto\/","title":{"rendered":"Il Monoteismo Egiziano (l&#8217;UNICO) E Il Politeismo (Il TUTTO)"},"content":{"rendered":"<h2 style=\"text-align: center;\"><span style=\"color: #0000ff;\"><strong>Il Monoteismo Egiziano (L&#8217;unico) E Il Politeismo (Il Tutto)<\/strong><\/span><\/h2>\n<h3><\/h3>\n<h3><span style=\"color: #ff0000;\">L&#8217;uno \u00e8 Tutto<\/span><\/h3>\n<p>Gli antichi egizi credevano in un Dio che era autoprodotto, autoesistente, immortale, invisibile, eterno, onnisciente, onnipotente, ecc. Questo Dio unico non \u00e8 mai stato rappresentato. Sono le funzioni e gli attributi del suo dominio che erano rappresentati. Questi attributi sono stati chiamati <em><strong>Neteru<\/strong><\/em> (pronunciato <em>net-er-u<\/em>, singolare: <em><strong>NETER<\/strong><\/em> nella forma maschile e <em><strong>netert<\/strong><\/em> nella forma femminile). Il termine, <em>d\u00e8i<\/em>, \u00e8 una rappresentazione errata del termine egiziano, <em><strong>Neteru<\/strong><\/em>.<\/p>\n<p>Quando chiediamo, &#8220;chi \u00e8 Dio?&#8221;, chiediamo davvero, &#8220;che cos&#8217;\u00e8 Dio?&#8221;. Il mero nome o sostantivo non ci dice nulla. Si pu\u00f2 solo definire <em>Dio<\/em> attraverso la moltitudine dei suoi attributi\/qualit\u00e0\/poteri\/azioni. Questo \u00e8 l&#8217;unico modo logico, perch\u00e9 se ci riferiamo a, diciamo, una persona come Mr. X, non significa niente per noi. Tuttavia, una volta che descriviamo i suoi attributi e le sue qualit\u00e0, iniziamo a conoscerlo. Una persona che \u00e8 un ingegnere, un padre, un marito,&#8230; ecc. non ha poli-personalit\u00e0, ma piuttosto una mono-personalit\u00e0 con molteplici funzioni\/attributi. Per gli egiziani antichi e <em>Baladi<\/em> , il concetto di Dio \u00e8 simile.<\/p>\n<p>Conoscere &#8220;Dio&#8221; \u00e8 conoscere le numerose qualit\u00e0 di &#8220;Dio&#8221;. Pi\u00f9 impariamo queste qualit\u00e0 (conosciute come <strong><em>di Neteru<\/em><\/strong>), pi\u00f9 ci stiamo avvicinando alla nostra origine divina. Lungi dall&#8217;essere una forma primitiva e politeista, questa \u00e8 la pi\u00f9 alta espressione del misticismo monoteista.<\/p>\n<h3><span style=\"color: #ff0000;\">L&#8217;uno Unito Insieme<\/span><\/h3>\n<p>Nelle antiche tradizioni egizie, <em><strong>Ra<\/strong><\/em> rappresenta la forza primordiale, cosmica e creativa. La <em>litania<\/em> descrive <em><strong>ra<\/strong><\/em> come quella <em>che si un\u00ec insieme, che esce dai suoi membri<\/em>. L&#8217;antica definizione egizia di ra \u00e8 la perfetta rappresentazione dell&#8217;unit\u00e0 che comprende la messa insieme delle tante diverse entit\u00e0, cio\u00e8 colui <em>che \u00e8 il tutto<\/em>. La <em>litania di ra<\/em> descrive gli aspetti del principio creativo: essere riconosciuti come i <em>Neteru<\/em> (d\u00e8i) le cui azioni e interazioni a loro volta hanno creato l&#8217;universo. Come tale, tutti i <em><strong>Neteru<\/strong><\/em> egiziani che hanno preso parte al processo di creazione sono aspetti di <em><strong>ra<\/strong><\/em>. Ci sono 75 forme o aspetti di <em><strong>ra<\/strong><\/em>.<\/p>\n<p>L&#8217;energia solare \u00e8 solo una delle numerose manifestazioni di <em><strong>ra<\/strong><\/em>. Che <em><strong>ra<\/strong><\/em> non \u00e8 solo il sole (solo una forma singolare), \u00e8 stato confermato anche nel versetto seguente dalla <em>storia di <strong>ra<\/strong> e <strong>Auset<\/strong><\/em> (ISIS), in cui <em><strong>ra<\/strong><\/em> Stati,<\/p>\n<blockquote><p><strong><em>Ho una moltitudine di nomi, e una moltitudine di forme.<\/em><\/strong><\/p><\/blockquote>\n<hr \/>\n<p><!-- ED Egyptian Divinities --><strong><span style=\"color: #ff0000;\">Per ulteriori informazioni sui ruoli e le funzioni di <strong><em>Neteru<\/em><\/strong> nell&#8217;universo, simbolismo animale, e spiegazioni delle divinit\u00e0 prominenti nel sistema egiziano, leggere:<\/span><\/strong><\/p>\n<ul>\n<li><span style=\"color: #ff0000;\"><strong><em>Cosmologia egizia: l\u2019universo animato, terza edizione<\/em><\/strong><\/span><\/li>\n<li><span style=\"color: #ff0000;\"><strong><em>Egyptian Divinities: The All Who Are THE ONE, <\/em><\/strong><em>2<\/em><em><sup>nl<\/sup> ed.<\/em><\/span><\/li>\n<\/ul>\n<p><strong><span style=\"color: #0000ff;\">https:\/\/egyptianwisdomcenter.org\/product\/cosmologia-egizia-luniverso-animato-terza-edizione\/<\/span><\/strong><\/p>\n<p><img decoding=\"async\" class=\"aligncenter\" src=\"https:\/\/egypt-tehuti.org\/wp-content\/uploads\/2016\/10\/cover-italian-3-e1514411507492-225x338.jpg\" \/><\/p>\n<div dir=\"auto\" style=\"text-align: center;\"><span style=\"color: #0000ff;\"><strong>https:\/\/egyptianwisdomcenter.org\/product\/cosmologia-egizia-luniverso-animato-terza-edizione\/<\/strong><\/span><\/div>\n<p>&nbsp;<\/p>\n<hr \/>\n<p><img decoding=\"async\" class=\"aligncenter\" src=\"https:\/\/it.egyptianwisdomcenter.org\/wp-content\/uploads\/\/2019\/02\/cover-ed-225x338-225x338.jpg\" alt=\"Divinit\u00e0 egizie: il tutti coloro che sono l'uno, 2 \u00b0 ed.\" \/><\/p>\n<div dir=\"auto\">\n<div dir=\"auto\"><\/div>\n<\/div>","protected":false},"excerpt":{"rendered":"<p>Il Monoteismo Egiziano (L&#8217;unico) E Il Politeismo (Il Tutto) L&#8217;uno \u00e8 Tutto Gli antichi egizi credevano in un Dio che era autoprodotto, [&hellip;]<\/p>","protected":false},"author":3,"featured_media":0,"parent":0,"menu_order":0,"comment_status":"closed","ping_status":"closed","template":"","meta":{"footnotes":""},"class_list":["post-28041","page","type-page","status-publish","hentry"],"aioseo_notices":[],"_links":{"self":[{"href":"https:\/\/egyptianwisdomcenter.org\/nl\/wp-json\/wp\/v2\/pages\/28041","targetHints":{"allow":["GET"]}}],"collection":[{"href":"https:\/\/egyptianwisdomcenter.org\/nl\/wp-json\/wp\/v2\/pages"}],"about":[{"href":"https:\/\/egyptianwisdomcenter.org\/nl\/wp-json\/wp\/v2\/types\/page"}],"author":[{"embeddable":true,"href":"https:\/\/egyptianwisdomcenter.org\/nl\/wp-json\/wp\/v2\/users\/3"}],"replies":[{"embeddable":true,"href":"https:\/\/egyptianwisdomcenter.org\/nl\/wp-json\/wp\/v2\/comments?post=28041"}],"version-history":[{"count":0,"href":"https:\/\/egyptianwisdomcenter.org\/nl\/wp-json\/wp\/v2\/pages\/28041\/revisions"}],"wp:attachment":[{"href":"https:\/\/egyptianwisdomcenter.org\/nl\/wp-json\/wp\/v2\/media?parent=28041"}],"curies":[{"name":"wp","href":"https:\/\/api.w.org\/{rel}","templated":true}]}}