{"id":29572,"date":"2019-03-25T14:36:34","date_gmt":"2019-03-25T18:36:34","guid":{"rendered":"https:\/\/egyptianwisdomcenter.org\/la-signora-dellamore-hathor-venere\/"},"modified":"2023-01-10T14:26:50","modified_gmt":"2023-01-10T19:26:50","slug":"la-signora-dellamore-hathor-venere","status":"publish","type":"page","link":"https:\/\/egyptianwisdomcenter.org\/nl\/la-signora-dellamore-hathor-venere\/","title":{"rendered":"La Signora Dell&#8217;Amore: Hathor-Venere"},"content":{"rendered":"<h2 style=\"text-align: center;\"><span style=\"color: #ff0000;\"><strong>La Signora Dell&#8217;Amore: Hathor \u2014 Venere<\/strong><\/span><\/h2>\n<h1><\/h1>\n<p>Iside nel suo ruolo di nutrice \u00e8 identificata come Hathor. Hathor si compone in realt\u00e0 di due parole, cio\u00e8 Het e Hor, comunemente tradotte come \u201c<strong><em>casa di Horus<\/em><\/strong>\u201d.<\/p>\n<p>La prima parte della parola, <strong>Het<\/strong>, tradotta come \u201ccasa\u201d, significa pi\u00f9 di una semplice casa. In realt\u00e0 significa <em>il<\/em> <em>grembo<\/em> <em>come <\/em><em>matrice<\/em> \u2013 il luogo da cui qualcosa trae origine, prende forma e si sviluppa fino alla maturit\u00e0.<\/p>\n<p>Il grembo materno fornisce nutrimento e protezione. Come tale, Het-hor fornisce entrambi. Horus simboleggia il principio divino realizzato e viene identificato con vari nomi\/attributi poich\u00e9 si sviluppa dall\u2019infanzia alla maturit\u00e0 all\u2019interno del grembo cosmico.<\/p>\n<p>Hathor rappresenta la matrice del principio spirituale metafisico, e fornisce nutrimento spirituale, guarigione, gioia, amore, musica e allegria.<\/p>\n<p><img loading=\"lazy\" decoding=\"async\" class=\"size-full wp-image-390 aligncenter\" src=\"https:\/\/pressbooks.com\/app\/uploads\/sites\/51916\/2016\/10\/isis-ch6-photo-36-96c.jpg\" alt=\"\" width=\"164\" height=\"250\" \/><\/p>\n<p>Tra i 10.000 nomi attribuiti a Iside, i testi dell\u2019Antico Egitto la descrivono nel suo ruolo di Het-Heru come:<\/p>\n<p style=\"padding-left: 30px;\"><strong><em>La vacca Heru-sekha che produce tutte le cose. <\/em><\/strong><br \/>\n<strong><em>Che nutriva il bambino Horus con il suo latte. <\/em><\/strong><br \/>\n<strong><em>Signora della gioia e dell\u2019allegria.<\/em><\/strong><br \/>\n<strong><em>Dea dell\u2019amore.<\/em><\/strong><\/p>\n<p>Come esempio del nutrimento cosmico di ogni tipo, Hathor viene associata a diverse funzioni correlate. Eccone alcune:<\/p>\n<p style=\"padding-left: 30px;\">A. Dea dell\u2019amore \u2013 Venere<br \/>\nB.\u00a0Nutrice cosmica<br \/>\nC.\u00a0Le sette fanciulle cosmiche\/I 7 regni celesti<br \/>\nD.\u00a0Terapeuta<br \/>\nE.\u00a0Il suo Albero della vita<br \/>\nF.\u00a0Il Tempio Supremo \u2013 La casa di Horus\/Ra-<em>Harakhti<\/em><br \/>\nG.\u00a0Accompagnatrice dei viaggiatori \u2013 Astarte<\/p>\n<h3><strong>A. La dea dell\u2019amore \u2013 Venere<\/strong><\/h3>\n<p>Secondo il dizionario, l\u2019origine del nome o della parola Venere \u00e8 WENOS. Wenos o Wanas \u00e8 in realt\u00e0 una parola egizia che significa vivace compagnia, geniale, socievole, solare e piacevole.<\/p>\n<p>La forma nominale di we-nos \u00e8 A-nesa [Aa-NES-sa], che significa fanciulla, con tutto ci\u00f2 che \u00e8 correlato a questo concetto.<\/p>\n<p>La Venere egizia, nel suo nome onnicomprensivo Hathor, rappresenta la matrice del principio spirituale metafisico, che fornisce nutrimento spirituale, guarigione, gioia, amore, musica e allegria.<\/p>\n<p>&nbsp;<\/p>\n<p><span style=\"color: #ff0000;\"><strong>[Un brano di Iside: La divinit\u00e0 femminile<\/strong><\/span><span style=\"color: #ff0000;\"><strong> di Moustafa Gadalla]<\/strong><\/span><\/p>\n<p><span style=\"color: #0000ff;\"><strong>https:\/\/egyptianwisdomcenter.org\/product\/iside-la-divinita-femminile\/<\/strong><\/span><\/p>\n<p><img decoding=\"async\" class=\"aligncenter\" src=\"https:\/\/egypt-tehuti.org\/wp-content\/uploads\/2016\/10\/cover-italian-225x338.jpg\" \/><\/p>\n<div dir=\"auto\" style=\"text-align: center;\"><span style=\"color: #0000ff;\"><strong>https:\/\/egyptianwisdomcenter.org\/product\/iside-la-divinita-femminile\/<\/strong><\/span><\/div>\n<p>&nbsp;<\/p>\n<div dir=\"auto\"><\/div>\n","protected":false},"excerpt":{"rendered":"<p>La Signora Dell&#8217;Amore: Hathor \u2014 Venere Iside nel suo ruolo di nutrice \u00e8 identificata come Hathor. Hathor si compone in realt\u00e0 di [&hellip;]<\/p>\n","protected":false},"author":3,"featured_media":0,"parent":0,"menu_order":0,"comment_status":"closed","ping_status":"closed","template":"","meta":{"_monsterinsights_skip_tracking":false,"_monsterinsights_sitenote_active":false,"_monsterinsights_sitenote_note":"","_monsterinsights_sitenote_category":0,"footnotes":""},"class_list":["post-29572","page","type-page","status-publish","hentry"],"aioseo_notices":[],"_links":{"self":[{"href":"https:\/\/egyptianwisdomcenter.org\/nl\/wp-json\/wp\/v2\/pages\/29572","targetHints":{"allow":["GET"]}}],"collection":[{"href":"https:\/\/egyptianwisdomcenter.org\/nl\/wp-json\/wp\/v2\/pages"}],"about":[{"href":"https:\/\/egyptianwisdomcenter.org\/nl\/wp-json\/wp\/v2\/types\/page"}],"author":[{"embeddable":true,"href":"https:\/\/egyptianwisdomcenter.org\/nl\/wp-json\/wp\/v2\/users\/3"}],"replies":[{"embeddable":true,"href":"https:\/\/egyptianwisdomcenter.org\/nl\/wp-json\/wp\/v2\/comments?post=29572"}],"version-history":[{"count":0,"href":"https:\/\/egyptianwisdomcenter.org\/nl\/wp-json\/wp\/v2\/pages\/29572\/revisions"}],"wp:attachment":[{"href":"https:\/\/egyptianwisdomcenter.org\/nl\/wp-json\/wp\/v2\/media?parent=29572"}],"curies":[{"name":"wp","href":"https:\/\/api.w.org\/{rel}","templated":true}]}}