{"id":30980,"date":"2019-03-26T05:07:03","date_gmt":"2019-03-26T09:07:03","guid":{"rendered":"https:\/\/egyptianwisdomcenter.org\/ornamenti-e-decorazioni-stilistiche\/"},"modified":"2023-01-10T05:48:36","modified_gmt":"2023-01-10T10:48:36","slug":"ornamenti-e-decorazioni-stilistiche","status":"publish","type":"page","link":"https:\/\/egyptianwisdomcenter.org\/nl\/ornamenti-e-decorazioni-stilistiche\/","title":{"rendered":"Ornamenti E Decorazioni Stilistiche"},"content":{"rendered":"<h2 style=\"text-align: center;\"><span style=\"color: #ff0000;\"><strong>Dettagli Architettonici Egiziani Stilistici<\/strong><\/span><\/h2>\n<p>&nbsp;<\/p>\n<p>Nell\u2019Antico Egitto si usavano varie caratteristiche stilistiche architettoniche, come ad esempio:<\/p>\n<p><span style=\"text-decoration: underline;\"><strong>Architrave<\/strong><\/span><strong> \u2013 <\/strong>In Egitto l\u2019architrave si ricavava dalla trave di pietra, che andava da pilastro a pilastro, sia nelle tombe che nei templi.<\/p>\n<p><img decoding=\"async\" class=\"aligncenter\" src=\"https:\/\/pressbooks.com\/app\/uploads\/sites\/42617\/2015\/11\/ema-ch6-photo6372c-1.jpg\" \/><\/p>\n<p>Sin dalla I dinastia, la pi\u00f9 piccola tomba a mastaba privata presenta un tipico architrave sopra la porta d\u2019ingresso.<\/p>\n<p>L\u2019architrave in pietra veniva utilizzato per aumentare le dimensioni e aggiungere un portico ai templi.<\/p>\n<p><img decoding=\"async\" class=\"aligncenter\" src=\"https:\/\/pressbooks.com\/app\/uploads\/sites\/42617\/2015\/11\/ema-ch6-photo33-72c-1.jpg\" \/><\/p>\n<p>Sin dall\u2019inizio della storia d\u2019Egitto erano usati anche i dentelli quadrati su un architrave. Si possono vedere sulla facciata di una tomba a Beni Hasan e sul soffitto di una delle tombe di roccia delle piramidi, a imitazione dei tronchi della palma.<\/p>\n<p>Qui \u00e8 possibile vederli con splendidi dettagli nel complesso templare di Karnak a Luxor:<\/p>\n<p><img decoding=\"async\" class=\"aligncenter\" src=\"https:\/\/pressbooks.com\/app\/uploads\/sites\/42617\/2015\/11\/ema-ch6-photo6672c-1.jpg\" \/><\/p>\n<p><span style=\"text-decoration: underline;\"><strong>Cornice<\/strong><\/span> \u2013 Rappresentava sempre un dettaglio significativo nella progettazione delle cosiddette \u201cfalse porte\u201d, che si trovano in ogni tomba e tempio dell\u2019Antico Egitto. Da notare anche altre caratteristiche.<\/p>\n<p>Di seguito \u00e8 riportato un esempio completamente dipinto da una tomba di Saqqara risalente a circa 45 secoli fa.<\/p>\n<p><img decoding=\"async\" class=\"aligncenter\" src=\"https:\/\/pressbooks.com\/app\/uploads\/sites\/42617\/2015\/11\/ema-ch6-photo4-72c-1.jpg\" \/><\/p>\n<p>Per le loro opere, gli Egizi sceglievano spesso oggetti come il loto e altri fiori, cos\u00ec come vari animali o teste di animali, che si adattavano per formare una cornice, in particolare nelle loro case e tombe, o per decorare eleganti oggetti di arredamento e abiti.<\/p>\n<p><span style=\"text-decoration: underline;\"><strong>Toro<\/strong> <\/span>\u2013 Il toro \u00e8 stato usato in Egitto sin dall\u2019inizio della sua storia, oltre 5.000 anni fa. In questa immagine \u00e8 presentato come un significativo dettaglio della cosiddetta falsa porta, in tutte le tombe e i templi egizi.<\/p>\n<p><img decoding=\"async\" class=\"aligncenter\" src=\"https:\/\/pressbooks.com\/app\/uploads\/sites\/42617\/2015\/11\/ema-ch6-photo1-72c-1.jpg\" \/><\/p>\n<h3><span style=\"color: #ff0000;\"><strong>Ornamento E Decorazione Stilistica<\/strong><\/span><\/h3>\n<p>Molte persone non capiscono il talento artistico dell\u2019Antico Egitto poich\u00e9 si concentrano solo sulle rappresentazioni figurative negli edifici egiziani.<\/p>\n<p>C\u2019\u00e8 chi nota alcune varianti artistiche, ma anche in questo caso ci sentiamo dire che gli Egizi <em>non avevano immaginazione<\/em>, e quindi potevano solo imitare la natura, come i capitelli palmiformi riprodotti di seguito, simili alle palme rigogliose in Egitto.<\/p>\n<p><img decoding=\"async\" class=\"aligncenter\" src=\"https:\/\/pressbooks.com\/app\/uploads\/sites\/42617\/2017\/10\/ema-ch6bw-48-200c-1.jpg\" width=\"217\" height=\"198\" \/><\/p>\n<p>Gli schemi di progettazione in Egitto possono essere generalmente classificati in motivi floreali, geometrici, figurativi, o combinazioni di due o di tutti e tre.<\/p>\n<p>Gli <span style=\"text-decoration: underline;\"><strong>schemi figurativi<\/strong><\/span> naturalmente dominano i templi e le tombe; ma abbondano anche i motivi floreali e geometrici.<\/p>\n<p>La mentalit\u00e0 occidentale \u00e8 ossessionata dal dare un nome a ciascuna variante di questi modelli e dall\u2019assegnare a ognuno di essi un aggettivo greco\/romano, nonostante la sua preesistenza in Egitto.<\/p>\n<p>Il genere <span style=\"text-decoration: underline;\"><strong>floreale<\/strong><\/span> \u00e8 raffigurato in una gamma che riflette la maturit\u00e0 delle piante, dal bocciolo chiuso al fiore aperto.<\/p>\n<p>Le colonne nei templi in Egitto erano pi\u00f9 che semplici strutture di supporto. Le colonne facevano parte del tempio animato organico e vivente.<\/p>\n<p>Appaiono con boccioli chiusi:<\/p>\n<p><img decoding=\"async\" class=\"aligncenter\" src=\"https:\/\/pressbooks.com\/app\/uploads\/sites\/42617\/2015\/11\/ema-ch6-photo6672c-1.jpg\" \/><\/p>\n<p><img decoding=\"async\" class=\"aligncenter\" src=\"https:\/\/pressbooks.com\/app\/uploads\/sites\/42617\/2015\/11\/ema-ch6-photo6772c-1.jpg\" \/><\/p>\n<p>e a fiore aperto:<\/p>\n<p><img decoding=\"async\" class=\"aligncenter\" src=\"https:\/\/pressbooks.com\/app\/uploads\/sites\/42617\/2015\/11\/ema-ch6-photo6872c-1.jpg\" \/><\/p>\n<p><span style=\"text-decoration: underline;\"><strong>I motivi geometrici<\/strong><\/span> si trovano dappertutto, a partire dai soffitti stellati<\/p>\n<p><img decoding=\"async\" class=\"aligncenter\" src=\"https:\/\/pressbooks.com\/app\/uploads\/sites\/42617\/2015\/11\/ema-ch6-photo6972c-1.jpg\" \/><\/p>\n<p>fino a modelli di tutti i tipi nelle tombe e templi ovunque in Egitto \u2013 molto prima che si diffondessero in Europa.<\/p>\n<p><img decoding=\"async\" class=\"aligncenter\" src=\"https:\/\/pressbooks.com\/app\/uploads\/sites\/42617\/2015\/11\/ema-ch6-photo7672c-1.jpg\" \/><\/p>\n<p><img decoding=\"async\" class=\"aligncenter\" src=\"https:\/\/pressbooks.com\/app\/uploads\/sites\/42617\/2017\/10\/ema-ch6bw-53-200c-1.jpg\" width=\"255\" height=\"169\" \/><\/p>\n<p><img decoding=\"async\" class=\"aligncenter\" src=\"https:\/\/pressbooks.com\/app\/uploads\/sites\/42617\/2015\/11\/ema-ch6-photo7172c-1.jpg\" \/><\/p>\n<p><img decoding=\"async\" class=\"aligncenter\" src=\"https:\/\/pressbooks.com\/app\/uploads\/sites\/42617\/2017\/10\/ema-ch6bw-55a-200c-1.jpg\" width=\"252\" height=\"124\" \/><\/p>\n<p><img loading=\"lazy\" decoding=\"async\" class=\"aligncenter\" src=\"https:\/\/pressbooks.com\/app\/uploads\/sites\/42617\/2017\/10\/ema-ch6bw-55c-200c-1.jpg\" width=\"254\" height=\"226\" \/><\/p>\n<p><img loading=\"lazy\" decoding=\"async\" class=\"aligncenter\" src=\"https:\/\/pressbooks.com\/app\/uploads\/sites\/42617\/2017\/10\/ema-ch6bw-55b-200c-1.jpg\" width=\"253\" height=\"129\" \/><\/p>\n<p><img loading=\"lazy\" decoding=\"async\" class=\"aligncenter\" src=\"https:\/\/pressbooks.com\/app\/uploads\/sites\/42617\/2017\/10\/ema-ch6bw-55d-200c-1.jpg\" width=\"253\" height=\"241\" \/><\/p>\n<p>Le <span style=\"text-decoration: underline;\"><strong>decorazioni figurative<\/strong><\/span> si trovano in moltissimi posti.<\/p>\n<p>L\u2019avvoltoio:<\/p>\n<p><img decoding=\"async\" class=\"aligncenter\" src=\"https:\/\/pressbooks.com\/app\/uploads\/sites\/42617\/2015\/11\/ema-ch6-photo72c-1.jpg\" \/><\/p>\n<p>Hathor, la cui testa \u00e8 sormontata da un sistro:<\/p>\n<p><img decoding=\"async\" class=\"aligncenter\" src=\"https:\/\/pressbooks.com\/app\/uploads\/sites\/42617\/2015\/11\/ema-ch6-photo78-72c-1.jpg\" \/><\/p>\n<p>Il cobra:<\/p>\n<p><img decoding=\"async\" class=\"aligncenter\" src=\"https:\/\/pressbooks.com\/app\/uploads\/sites\/42617\/2015\/11\/ema-ch6-photo7972c-1.jpg\" \/><\/p>\n<p><span style=\"text-decoration: underline;\"><strong>Una combinazione di due o di tutte e tre le forme<\/strong> <\/span>decorative: floreale, geometrica e figurativa.<\/p>\n<p><img decoding=\"async\" class=\"aligncenter\" src=\"https:\/\/pressbooks.com\/app\/uploads\/sites\/42617\/2015\/11\/ema-ch6-photo8072c-1.jpg\" \/><\/p>\n<p>Gli Egizi non si sono sempre limitati a imitare meramente oggetti naturali per le decorazioni.<\/p>\n<p>I loro soffitti e cornici presentano numerosi ed eleganti accessori di fantasia, tra cui il motivo guilloch\u00e9 (erroneamente chiamato bordo toscano), lo chevron e il motivo a volute.<\/p>\n<p>Si possono vedere questi elementi in una tomba risalente alla VI dinastia; erano quindi conosciuti in Egitto molto tempo prima che venissero adottati dai Greci e dai Romani.<\/p>\n<p><img decoding=\"async\" class=\"aligncenter\" src=\"https:\/\/pressbooks.com\/app\/uploads\/sites\/42617\/2015\/11\/ema-ch6-photo76a-72c-1.jpg\" \/><\/p>\n<p><span style=\"text-decoration: underline;\"><strong>Guilloch\u00e9<\/strong> <\/span>\u2013 La forma pi\u00f9 complessa di guilloch\u00e9 copriva un intero soffitto egiziano pi\u00f9 di mille anni prima che fosse rappresentato su quegli oggetti, relativamente recenti, trovati a Ninive.<\/p>\n<p><img decoding=\"async\" class=\"aligncenter\" src=\"https:\/\/pressbooks.com\/app\/uploads\/sites\/42617\/2015\/11\/ema-ch6-photo7472c-1.jpg\" \/><\/p>\n<p><img decoding=\"async\" class=\"aligncenter\" src=\"https:\/\/pressbooks.com\/app\/uploads\/sites\/42617\/2015\/11\/ema-ch6-photo8072c-1.jpg\" \/><\/p>\n<p>Anche lo <strong>chevron<\/strong> \u00e8 un tipo di ornamento che si trova normalmente nell\u2019Antico Egitto.<\/p>\n<p><img decoding=\"async\" class=\"aligncenter\" src=\"https:\/\/pressbooks.com\/app\/uploads\/sites\/42617\/2015\/11\/ema-ch6-photo7272c-1.jpg\" \/><\/p>\n<p><img decoding=\"async\" class=\"aligncenter\" src=\"https:\/\/pressbooks.com\/app\/uploads\/sites\/42617\/2015\/11\/ema-ch6-photo7172c-1.jpg\" \/><\/p>\n<p><img decoding=\"async\" class=\"aligncenter\" src=\"https:\/\/pressbooks.com\/app\/uploads\/sites\/42617\/2015\/11\/ema-ch6-photo8172c-1.jpg\" \/><\/p>\n<p>Nell\u2019Antico Egitto si trova anche il motivo <strong>a <span style=\"text-decoration: underline;\">volute<\/span>.<\/strong><\/p>\n<p><img decoding=\"async\" class=\"aligncenter\" src=\"https:\/\/pressbooks.com\/app\/uploads\/sites\/42617\/2015\/11\/ema-ch6-photo6872c-1.jpg\" \/><\/p>\n<p><span style=\"text-decoration: underline;\"><strong>Colori<\/strong><\/span><\/p>\n<p>Il colore era una componente essenziale dell\u2019architettura egiziana.<\/p>\n<p>Chiunque comprende l\u2019armonia dei colori ammetter\u00e0 che gli antichi Egizi capivano perfettamente la loro distribuzione e le loro appropriate combinazioni.<\/p>\n<p><img decoding=\"async\" class=\"aligncenter\" src=\"https:\/\/pressbooks.com\/app\/uploads\/sites\/42617\/2015\/11\/ema-ch6-photo60-72c-1.jpg\" \/><\/p>\n<p><img decoding=\"async\" class=\"aligncenter\" src=\"https:\/\/pressbooks.com\/app\/uploads\/sites\/42617\/2015\/11\/ema-ch6-photo8272c-1.jpg\" \/><\/p>\n<p>Ma la scelta dei colori \u2013 proprio come tutto il resto \u2013 riflette la profonda comprensione metafisica degli Egizi del significato e dell\u2019energia di ogni colore, e il fatto che ogni colore deriva da una combinazione di colori primari.<\/p>\n<p><img decoding=\"async\" class=\"aligncenter\" src=\"https:\/\/pressbooks.com\/app\/uploads\/sites\/42617\/2015\/11\/ema-ch6-photo8372c-1.jpg\" \/><\/p>\n<p>I soffitti dei templi egizi erano dipinti di blu e tempestati di stelle per rappresentare il firmamento (come nelle prime chiese europee); e sulla parte sopra il passaggio centrale (attraverso il quale passavano il re e le processioni religiose) erano rappresentati avvoltoi e altri emblemi; con il globo alato sempre posto sopra le entrate. L\u2019intero edificio, cos\u00ec come le sfingi e altri accessori, era dipinto riccamente.<\/p>\n<p>&nbsp;<\/p>\n<p><span style=\"color: #ff0000;\"><strong>[Un brano dell&#8217; L\u2019architettura metafisica dell\u2019Antico Egitto<\/strong><\/span><span style=\"color: #ff0000;\"><strong> di Moustafa Gadalla]<\/strong><\/span><\/p>\n<p><span style=\"color: #0000ff;\"><strong>https:\/\/egyptianwisdomcenter.org\/product\/larchitettura-metafisica-dellantico-egitto\/<\/strong><\/span><\/p>\n<p><a href=\"https:\/\/egyptianwisdomcenter.org\/product\/larchitettura-metafisica-dellantico-egitto\/\"><img decoding=\"async\" class=\"aligncenter\" src=\"https:\/\/egypt-tehuti.org\/wp-content\/uploads\/2019\/02\/cover-italian-2-225x338.jpg\" \/><\/a><\/p>\n<p style=\"text-align: center;\"><span style=\"color: #0000ff;\"><strong>https:\/\/egyptianwisdomcenter.org\/product\/larchitettura-metafisica-dellantico-egitto\/<\/strong><\/span><\/p>\n<p>&nbsp;<\/p>\n<div dir=\"auto\"><\/div>\n","protected":false},"excerpt":{"rendered":"<p>Dettagli Architettonici Egiziani Stilistici &nbsp; Nell\u2019Antico Egitto si usavano varie caratteristiche stilistiche architettoniche, come ad esempio: Architrave \u2013 In Egitto l\u2019architrave si [&hellip;]<\/p>\n","protected":false},"author":3,"featured_media":0,"parent":0,"menu_order":0,"comment_status":"closed","ping_status":"closed","template":"","meta":{"_monsterinsights_skip_tracking":false,"_monsterinsights_sitenote_active":false,"_monsterinsights_sitenote_note":"","_monsterinsights_sitenote_category":0,"footnotes":""},"class_list":["post-30980","page","type-page","status-publish","hentry"],"aioseo_notices":[],"_links":{"self":[{"href":"https:\/\/egyptianwisdomcenter.org\/nl\/wp-json\/wp\/v2\/pages\/30980","targetHints":{"allow":["GET"]}}],"collection":[{"href":"https:\/\/egyptianwisdomcenter.org\/nl\/wp-json\/wp\/v2\/pages"}],"about":[{"href":"https:\/\/egyptianwisdomcenter.org\/nl\/wp-json\/wp\/v2\/types\/page"}],"author":[{"embeddable":true,"href":"https:\/\/egyptianwisdomcenter.org\/nl\/wp-json\/wp\/v2\/users\/3"}],"replies":[{"embeddable":true,"href":"https:\/\/egyptianwisdomcenter.org\/nl\/wp-json\/wp\/v2\/comments?post=30980"}],"version-history":[{"count":0,"href":"https:\/\/egyptianwisdomcenter.org\/nl\/wp-json\/wp\/v2\/pages\/30980\/revisions"}],"wp:attachment":[{"href":"https:\/\/egyptianwisdomcenter.org\/nl\/wp-json\/wp\/v2\/media?parent=30980"}],"curies":[{"name":"wp","href":"https:\/\/api.w.org\/{rel}","templated":true}]}}