{"id":3645,"date":"2019-03-02T15:36:57","date_gmt":"2019-03-02T20:36:57","guid":{"rendered":"http:\/\/egyptianwisdomcenter.org\/la-erronea-teoria-de-la-construccion-comun-de-las-piramides\/"},"modified":"2023-01-12T12:36:44","modified_gmt":"2023-01-12T17:36:44","slug":"la-erronea-teoria-de-la-construccion-comun-de-las-piramides","status":"publish","type":"page","link":"https:\/\/egyptianwisdomcenter.org\/nl\/la-erronea-teoria-de-la-construccion-comun-de-las-piramides\/","title":{"rendered":"La Err\u00f3nea &#8220;Teor\u00eda De La Construcci\u00f3n Com\u00fan&#8221; De Las Pir\u00e1mides"},"content":{"rendered":"<h2 style=\"text-align: center;\"><span style=\"color: #0000ff;\">La Err\u00f3nea &#8220;Teor\u00eda De La Construcci\u00f3n Com\u00fan&#8221; De Las Pir\u00e1mides<\/span><\/h2>\n<p>&nbsp;<\/p>\n<h3><span style=\"color: #ff0000;\"><strong>1. La &#8220;Teor\u00eda&#8221; Com\u00fan<\/strong><\/span><\/h3>\n<p>Muchos egipt\u00f3logos acad\u00e9micos afirman que no hay registros egipcios antiguos de cualquier per\u00edodo que describe c\u00f3mo se construyeron las pir\u00e1mides. Su error es que han pre-determinado el m\u00e9todo de construcci\u00f3n, y s\u00f3lo est\u00e1n buscando los registros para afirmar su teor\u00eda preconcebida. Por lo tanto, inventaron una teor\u00eda. Su teor\u00eda &#8220;inventada&#8221; es que:<\/p>\n<p style=\"padding-left: 30px;\">A. Los bloques de la pir\u00e1mide constan de dos tipos:<\/p>\n<p style=\"padding-left: 60px;\">i. Los bloques de la base que fueron construidos sobre todo de los bloques locales de la piedra caliza y cementados por una capa papel-delgada del mortero.<\/p>\n<p style=\"padding-left: 60px;\">ii. Piedras de la cubierta exterior hechas de piedra caliza de grano fino, que fueron extra\u00eddas de Tura en la orilla este del Nilo y transportados a trav\u00e9s del Nilo hasta el sitio.<\/p>\n<p><a href=\"https:\/\/es.egyptianwisdomcenter.org\/wp-content\/uploads\/\/2019\/02\/epr-ph-49bot-72c.jpg\"><img decoding=\"async\" class=\"size-full wp-image-1527 aligncenter\" src=\"https:\/\/es.egyptianwisdomcenter.org\/wp-content\/uploads\/\/2019\/02\/epr-ph-49bot-72c.jpg\" alt=\"\" width=\"216\" height=\"112\" \/><\/a><\/p>\n<p>&nbsp;<\/p>\n<p style=\"padding-left: 30px;\">B. Para cortar y moldear los bloques de piedra, los egipcios usaron lo siguiente,<\/p>\n<p style=\"padding-left: 60px;\">i. cinceles de cobre y posiblemente herramientas de hierro<\/p>\n<p style=\"padding-left: 60px;\">ii. libras del pedernal, del cuarzo y del Diorita<\/p>\n<p style=\"padding-left: 60px;\">iii. barras de madera grandes del cuervo<\/p>\n<p style=\"padding-left: 30px;\">C. Para transportar los bloques de piedra, utilizaron trineos y rodillos de madera. A continuaci\u00f3n, las piedras &#8220;extra\u00eddas&#8221; fueron transportadas por rampas temporales, que aumentaron tanto en altura como en longitud a medida que se elevaban a los niveles sucesivos de la pir\u00e1mide.<\/p>\n<h3><strong>A. La &#8220;Fuente&#8221; No Identificada De Bloques De Canteras<\/strong><\/h3>\n<p>Consideremos los siguientes hechos indiscutibles sobre la pir\u00e1mide Khufu (Cheops) de Giza. [Los hechos similares a los mencionados aqu\u00ed tambi\u00e9n son aplicables a todas las pir\u00e1mides de mamposter\u00eda.]<\/p>\n<p class=\"hanging-indent\" style=\"padding-left: 30px;\">1. la gran pir\u00e1mide contiene aproximadamente 2,6 millones bloques de construcci\u00f3n, pesando de dos a 70 toneladas cada uno.<\/p>\n<p class=\"hanging-indent\" style=\"padding-left: 30px;\">2. casi ninguno de los bloques de pir\u00e1mide coincide con la roca de Giza, ya sea qu\u00edmicamente o mineralicamente.<\/p>\n<p class=\"hanging-indent\" style=\"padding-left: 30px;\">3. el lecho rocoso de la Giza Palteau est\u00e1 hecho de estratos, mientras que los bloques de la pir\u00e1mide no contienen estratos.<\/p>\n<p class=\"hanging-indent\" style=\"padding-left: 30px;\">4. los estratos y los defectos hacen imposible cortar la piedra a las dimensiones perfectamente uniformes.<\/p>\n<p class=\"hanging-indent\" style=\"padding-left: 30px;\">5. los ge\u00f3logos y los geoqu\u00edmicos no pueden ponerse de acuerdo sobre el origen de los bloques piramidales. Esto solo rompe la teor\u00eda com\u00fan de que la mamposter\u00eda central de la pir\u00e1mide fue extra\u00edda del lecho rocoso local.<\/p>\n<p class=\"hanging-indent\" style=\"padding-left: 30px;\">6. la piedra natural consiste en conchas f\u00f3siles que se encuentran horizontales o planas en el lecho rocoso como resultado de la formaci\u00f3n de capas sedimentarias de lecho rocoso durante millones de a\u00f1os. Los bloques de las pir\u00e1mides de alba\u00f1iler\u00eda de Egipto muestran conchas mezcladas, que es indicativo de la piedra artificial, de fundici\u00f3n. En cualquier hormig\u00f3n, los agregados est\u00e1n mezclados y, como resultado, el hormig\u00f3n fundido carece de capas sedimentarias. Estas pir\u00e1mides esencialmente consistieron en piedra caliza de concha f\u00f3sil, un material heterog\u00e9neo muy dif\u00edcil de cortar con precisi\u00f3n.<\/p>\n<p class=\"hanging-indent\" style=\"padding-left: 30px;\">7. los cient\u00edficos franceses descubrieron que la densidad aparente de los bloques piramidales es 20 m\u00e1s ligera que la caliza de roca local. Los bloques de fundici\u00f3n son siempre 20-25 m\u00e1s ligeros que la roca natural, porque est\u00e1n llenos de burbujas de aire.<\/p>\n<h3><strong>B. Imposibilidades De Corte y Modelado<\/strong><\/h3>\n<p class=\"hanging-indent\" style=\"padding-left: 30px;\">1. las herramientas de piedra o de cobre (que son un metal suave), usadas por los egipcios en aquel momento, no pueden cortar el granito grande o millones de bloques de la piedra caliza con precisi\u00f3n papel-fina, y nunca dentro de los tiempos asignados para construir estas pir\u00e1mides.<\/p>\n<p class=\"hanging-indent\" style=\"padding-left: 30px;\">2. la piedra caliza se divide con frecuencia durante el corte. Las fallas y los estratos en el lecho rocoso aseguran que por cada bloque cortado a la norma, al menos uno se agrieta o se dimenja incorrectamente durante la extracci\u00f3n.<\/p>\n<p style=\"padding-left: 60px;\"><strong>&gt;&gt; Dados los muchos millones de bloques de todas estas pir\u00e1mides, debe haber millones de bloques agrietados en las cercan\u00edas o en alg\u00fan lugar de Egipto; pero no se encuentran en ninguna parte.<\/strong><\/p>\n<p style=\"padding-left: 60px;\">En Resumen: ninguna basura de bloques agrietados significa que no hay canteras. Los historiadores antiguos que documentaron sus visitas a Egipto no han mencionado montones de bloques rotos.<\/p>\n<p style=\"padding-left: 30px;\">3. a las piedras de la cantera, algunos sugirieron que los egipcios pudieron haber calentado la superficie de la piedra a una temperatura muy alta con el fuego, despu\u00e9s rociaron en el agua para hacerla fractura. Esta sugerencia no es v\u00e1lida, porque:<\/p>\n<p style=\"padding-left: 60px;\">En <strong>primer lugar<\/strong>, este m\u00e9todo resulta en la provisi\u00f3n de superficies irregulares y no en la fabricaci\u00f3n de bloques de forma regular. Este m\u00e9todo s\u00f3lo se puede utilizar para reducir grandes trozos de piedra arenisca, granito o basalto en agregados peque\u00f1os, irregulares y fragmentados.<\/p>\n<p style=\"padding-left: 60px;\">En <strong>segundo lugar<\/strong>, la calefacci\u00f3n con fuego transfiere la piedra caliza a la cal a 704<sup>O<\/sup> (1.300<sup>O<\/sup> F). En otras palabras, ya no tenemos piezas s\u00f3lidas de roca. Como tal, la producci\u00f3n de bloques piramidales por calentamiento de piedra caliza es imposible.<\/p>\n<p class=\"hanging-indent\" style=\"padding-left: 30px;\">4. hay aproximadamente diez longitudes de bloque est\u00e1ndar en toda la pir\u00e1mide. Del mismo modo, tambi\u00e9n se aplican n\u00fameros limitados de tama\u00f1os est\u00e1ndar en otras pir\u00e1mides. Es imposible tallar dimensiones tan uniformes. Sin embargo, tener moldes de encofrado de hormig\u00f3n estandarizado es una conclusi\u00f3n m\u00e1s l\u00f3gica.<\/p>\n<p><a href=\"https:\/\/egyptianwisdomcenter.org\/wp-content\/uploads\/2021\/10\/epr-ch7-photo1-96c.jpg\"><img fetchpriority=\"high\" decoding=\"async\" class=\"aligncenter wp-image-57414 size-full\" src=\"https:\/\/egyptianwisdomcenter.org\/wp-content\/uploads\/2021\/10\/epr-ch7-photo1-96c.jpg\" alt=\"\" width=\"288\" height=\"215\" \/><\/a><\/p>\n<p class=\"hanging-indent\" style=\"padding-left: 30px;\">5. otro hecho de afirmaci\u00f3n es cu\u00e1nto tiempo algunos bloques son. Se ha observado que los bloques m\u00e1s largos en las pir\u00e1mides siempre tienen la misma longitud. Esta es una evidencia extremadamente fuerte a favor del uso de moldes de fundici\u00f3n.<\/p>\n<p><a href=\"https:\/\/es.egyptianwisdomcenter.org\/wp-content\/uploads\/\/2019\/02\/epr-ch7-photo2-96c.jpg\"><img decoding=\"async\" class=\"size-full wp-image-1412 aligncenter\" src=\"https:\/\/es.egyptianwisdomcenter.org\/wp-content\/uploads\/\/2019\/02\/epr-ch7-photo2-96c.jpg\" alt=\"\" width=\"288\" height=\"192\" \/><\/a><\/p>\n<h3><strong>C. La Log\u00edstica De La Teor\u00eda De Las Rampas Fabricadas<\/strong><\/h3>\n<p class=\"hanging-indent\">\u0394 esto es una invenci\u00f3n total, pero se ha repetido tantas veces que se convirti\u00f3 en un <em>hecho<\/em>, en la mayor\u00eda de las mentes de las personas.<\/p>\n<p class=\"hanging-indent\">\u0394 Herodoto nunca mencion\u00f3 tales rampas. Su relato hist\u00f3rico describ\u00eda la t\u00edpica calzada de piedra entre la base de la pir\u00e1mide y el templo del valle. Esta calzada era una caracter\u00edstica permanente que era, como Herodoto describi\u00f3, 3300 &#8216; (1006 m) de largo, 60 &#8216; (18 m) de ancho y 48 &#8216; (15 m) de alto, y no utilizado para transportar bloques.<\/p>\n<p class=\"hanging-indent\">\u0394 muchos acad\u00e9micos quieren creer que la \u00fanica manera de construir la pir\u00e1mide es aumentando tanto la altura y la longitud de una rampa temporal como se elev\u00f3 a los niveles sucesivos de la pir\u00e1mide.<\/p>\n<p class=\"hanging-indent\">\u0394 la gente que est\u00e1 atascada en la teor\u00eda de las rampas hace referencia a lo que parece ser una rampa de barro, encontrada en el complejo de Sekhemket en Saqqara. Incluso si se trataba de una rampa, que era s\u00f3lo 23 &#8216; (7 m) de altura. Las pir\u00e1mides construidas son mucho m\u00e1s altas que eso.<\/p>\n<p class=\"hanging-indent\">\u0394 el ingeniero civil dan\u00e9s P. Garde-Hanson calcul\u00f3 que para construir una rampa hasta la cima de la pir\u00e1mide de Khufu requerir\u00eda 17,5 millones yardas c\u00fabicas (13,4 millones metros c\u00fabicos) de material (7 veces la cantidad necesaria para la propia pir\u00e1mide). Una fuerza de trabajo de 240.000 habr\u00eda sido necesaria para construir tal rampa, dentro del reinado de Khufu de 23 a\u00f1os.<\/p>\n<p class=\"hanging-indent\">\u0394 para desmontar la rampa en la terminaci\u00f3n de la pir\u00e1mide de Khufu habr\u00eda requerido una fuerza de trabajo de 300.000 y otros ocho a\u00f1os. Una gran cantidad de basura no es visible en cualquier lugar de la vecindad y nunca fue mencionado por los historiadores anteriores.<\/p>\n<p class=\"hanging-indent\">\u0394 despu\u00e9s de llegar a figuras tan incre\u00edbles, Garde-Hanson teoriz\u00f3 una combinaci\u00f3n de una rampa y un dispositivo de elevaci\u00f3n. Teoriz\u00f3 una rampa que alcanzar\u00eda la mitad de la pir\u00e1mide. A tal nivel, se habr\u00edan utilizado alrededor del 90 por ciento del material necesario para la pir\u00e1mide. El segundo elemento de su teor\u00eda modificada, es decir, el misterioso dispositivo de levantamiento de alg\u00fan tipo, fue y sigue siendo una pregunta sin resolver.<\/p>\n<p class=\"hanging-indent\" style=\"padding-left: 30px;\">Hipot\u00e9ticamente, vamos a estar de acuerdo con las teor\u00edas de Garde-Hanson y tratar de visualizar las cifras sorprendentes: 4.000 canteros durante todo el a\u00f1o produciendo 330 bloques por d\u00eda. Durante la temporada de inundaci\u00f3n, 4.000 bloques por d\u00eda se transportan al Nilo, se trasladan a trav\u00e9s de la rampa hasta la meseta de Giza y se colocan en el centro, \u00a1<span style=\"text-decoration: underline;\">a un ritmo de 6,67 bloques por minuto<\/span>! Imagine 6,67 bloques cada 60 segundos!<\/p>\n<p class=\"hanging-indent\" style=\"padding-left: 30px;\">Esta tasa es imposible de lograr. Esta es otra raz\u00f3n para ignorar la validez de las teor\u00edas sobre canteras y rampas.<\/p>\n<p class=\"hanging-indent\">\u0394 <span style=\"text-decoration: underline;\">la construcci\u00f3n y la eliminaci\u00f3n de tales rampas habr\u00eda sido una tarea mucho mayor que la construcci\u00f3n de cualquiera de las pir\u00e1mides ellos mismos<\/span>. Por lo tanto, a medida que los acad\u00e9micos sue\u00f1an con &#8220;medios primitivos&#8221; para los antiguos egipcios, complican sus propias teor\u00edas infundadas.<\/p>\n<p style=\"text-align: center;\">\u0394 \u0394 \u0394<\/p>\n<h3><span style=\"color: #ff0000;\"><strong>2. Las Tres Pir\u00e1mides Olvidadas De Snefru<\/strong><\/span><\/h3>\n<p>Snefru, durante su reinado de 24 a\u00f1os, fue capaz de construir las dos pir\u00e1mides principales en Dahshur, as\u00ed como una tercera pir\u00e1mide en Meidum. Esto significa que \u00e9l, en el transcurso de su reinado de 24 a\u00f1os, fue responsable de la producci\u00f3n de unas 9 millones toneladas de piedra, varias veces la cantidad de la gran pir\u00e1mide de Giza. Incluso tratar de calcular la log\u00edstica de este tipo de trabajo utilizando t\u00e9rminos modernos es abrumador.<\/p>\n<p style=\"text-align: center;\">\u0394 \u0394 \u0394<\/p>\n<h3><span style=\"color: #ff0000;\"><strong>3. Preguntas De Sumaci\u00f3n Refutando La &#8220;Teor\u00eda Com\u00fan&#8221; Hecha Por Occidente<\/strong><\/span><\/h3>\n<p>Al no tener una mente abierta, estos acad\u00e9micos hicieron dif\u00edcil llegar a respuestas a muchas preguntas.<\/p>\n<p>Sobre la base de los elementos de la &#8220;teor\u00eda com\u00fan&#8221; del corte, acarreo y levantamiento de piedras, \u00bfc\u00f3mo podemos responder l\u00f3gicamente a las siguientes preguntas:<\/p>\n<p class=\"hanging-indent\" style=\"padding-left: 30px;\">1. \u00bfde d\u00f3nde sacaste la enorme cantidad de materiales necesarios para construir esta y otras pir\u00e1mides? \u00bfNo hay evidencia f\u00edsica de tal fuente, en absoluto?<\/p>\n<p class=\"hanging-indent\" style=\"padding-left: 30px;\">2. \u00bfc\u00f3mo logran hacer que los lados inclinados de las pir\u00e1mides sean absolutamente planos?<\/p>\n<p class=\"hanging-indent\" style=\"padding-left: 30px;\">3. \u00bfC\u00f3mo hicieron que los cuatro lados inclinados se reunieran en un punto perfecto en la Cumbre?<\/p>\n<p class=\"hanging-indent\" style=\"padding-left: 30px;\">4. \u00bfC\u00f3mo han hecho que los niveles sean tan nivelantes?<\/p>\n<p class=\"hanging-indent\" style=\"padding-left: 30px;\">5. \u00bfC\u00f3mo cortaron las piedras para que encajen juntas tan precisamente?<\/p>\n<p class=\"hanging-indent\" style=\"padding-left: 30px;\">6. \u00bfQu\u00e9 herramientas utilizan?<\/p>\n<p class=\"hanging-indent\" style=\"padding-left: 30px;\">7. \u00bfC\u00f3mo podr\u00eda el n\u00famero requerido de trabajadores (estimados en 240-300000 personas) maniobrar en el sitio de construcci\u00f3n confinado?<\/p>\n<p class=\"hanging-indent\" style=\"padding-left: 30px;\">8. \u00bfC\u00f3mo cortaron los bloques tan uniformemente?<\/p>\n<p class=\"hanging-indent\" style=\"padding-left: 30px;\">9. \u00bfC\u00f3mo colocan algunos de los bloques m\u00e1s pesados en la pir\u00e1mide, a tan grandes alturas?<\/p>\n<p class=\"hanging-indent\" style=\"padding-left: 30px;\">10. \u00bfc\u00f3mo se 115.000 los bloques de la carcasa para ajustarse a la amplitud de un cabello y m\u00e1s cerca, como fue el caso en la pir\u00e1mide de Khufu?<\/p>\n<p class=\"hanging-indent\" style=\"padding-left: 30px;\">11. \u00bfc\u00f3mo se hizo todo el trabajo en unos 20 a\u00f1os?<\/p>\n<p>Todas estas preguntas invalidan la &#8220;teor\u00eda com\u00fan&#8221;. El sentido com\u00fan, junto con la evidencia f\u00edsica, conducen a la conclusi\u00f3n de que los bloques fueron hechos por el hombre, como se explicar\u00e1 m\u00e1s adelante.<\/p>\n<p>&nbsp;<\/p>\n<p><span style=\"color: #ff0000;\"><strong>[Un fragmento de Redescubriendo las pir\u00e1mides egipcias<\/strong><\/span><span style=\"color: #ff0000;\"><strong> por Moustafa Gadalla]<\/strong><\/span><\/p>\n<div dir=\"auto\">\n<p><span style=\"color: #0000ff;\"><strong>https:\/\/egyptianwisdomcenter.org\/product\/redescubriendo-las-piramides-egipcias\/<\/strong><\/span><\/p>\n<p><img decoding=\"async\" class=\"aligncenter\" src=\"https:\/\/egypt-tehuti.org\/wp-content\/uploads\/2018\/06\/Redescubriendo-las-pira%CC%81mides-egipcias-225x338.jpg\" \/><\/p>\n<p style=\"text-align: center;\"><span style=\"color: #0000ff;\"><strong>https:\/\/egyptianwisdomcenter.org\/product\/redescubriendo-las-piramides-egipcias\/<\/strong><\/span><\/p>\n<\/div>","protected":false},"excerpt":{"rendered":"<p>La Err\u00f3nea &#8220;Teor\u00eda De La Construcci\u00f3n Com\u00fan&#8221; De Las Pir\u00e1mides &nbsp; 1. La &#8220;Teor\u00eda&#8221; Com\u00fan Muchos egipt\u00f3logos acad\u00e9micos afirman que no hay [&hellip;]<\/p>","protected":false},"author":3,"featured_media":0,"parent":0,"menu_order":0,"comment_status":"closed","ping_status":"closed","template":"","meta":{"footnotes":""},"class_list":["post-3645","page","type-page","status-publish","hentry"],"aioseo_notices":[],"_links":{"self":[{"href":"https:\/\/egyptianwisdomcenter.org\/nl\/wp-json\/wp\/v2\/pages\/3645","targetHints":{"allow":["GET"]}}],"collection":[{"href":"https:\/\/egyptianwisdomcenter.org\/nl\/wp-json\/wp\/v2\/pages"}],"about":[{"href":"https:\/\/egyptianwisdomcenter.org\/nl\/wp-json\/wp\/v2\/types\/page"}],"author":[{"embeddable":true,"href":"https:\/\/egyptianwisdomcenter.org\/nl\/wp-json\/wp\/v2\/users\/3"}],"replies":[{"embeddable":true,"href":"https:\/\/egyptianwisdomcenter.org\/nl\/wp-json\/wp\/v2\/comments?post=3645"}],"version-history":[{"count":0,"href":"https:\/\/egyptianwisdomcenter.org\/nl\/wp-json\/wp\/v2\/pages\/3645\/revisions"}],"wp:attachment":[{"href":"https:\/\/egyptianwisdomcenter.org\/nl\/wp-json\/wp\/v2\/media?parent=3645"}],"curies":[{"name":"wp","href":"https:\/\/api.w.org\/{rel}","templated":true}]}}