{"id":365,"date":"2018-11-04T00:00:00","date_gmt":"2018-11-04T04:00:00","guid":{"rendered":"http:\/\/egyptianwisdomcenter.org\/the-egyptian-pictorial-metaphysical-images-script\/"},"modified":"2023-01-03T00:35:12","modified_gmt":"2023-01-03T05:35:12","slug":"the-egyptian-pictorial-metaphysical-images-script-2","status":"publish","type":"page","link":"https:\/\/egyptianwisdomcenter.org\/nl\/het-egyptische-picturale-metafysische-beeldenscript-2\/","title":{"rendered":"De Egyptische picturale metafysische afbeeldingen\/script"},"content":{"rendered":"<h2 style=\"text-align: center;\"><span style=\"color: #ff0000;\"><strong>De Egyptische picturale metafysische afbeeldingen\/script<\/strong><\/span><\/h2>\n<p>&nbsp;<\/p>\n<p>Het beeldsysteem van de oude Egyptenaren wordt gewoonlijk &#039;hi\u00ebrogliefen&#039; genoemd, dat een groot aantal beeldsymbolen omvat. Het woord hi\u00ebroglief betekent &#039;heilig schrift&#039; (<em>hieros <\/em>= heilig, <em>glyfe\u00efne <\/em>= indruk maken). Hi\u00ebrogliefenschrift werd tot ongeveer 400 n.Chr. in Egyptische tempels gebruikt.<\/p>\n<p>Elk picturaal beeld zegt meer dan duizend woorden en vertegenwoordigt die functie of dat principe op alle niveaus tegelijk, van de eenvoudigste, meest voor de hand liggende fysieke manifestatie van die functie tot de meest abstracte en metafysische. Deze symbolische taal vertegenwoordigt een schat aan fysieke, fysiologische, psychologische en spirituele idee\u00ebn in de gepresenteerde symbolen.<\/p>\n<p>Het metaforische en symbolische concept van de Egyptische hi\u00ebrogliefen werd unaniem erkend door alle vroege schrijvers over dit onderwerp, zoals Plutarchus, Diodorus, Clemens, enz.<\/p>\n<ul>\n<li>In zijn verhandeling over Isis en Osiris, een van de meest leerzame bronnen voor ons begrip van Egyptische religieuze idee\u00ebn, vermeldt Plutarchus op verschillende plaatsen de hi\u00ebrogliefen en hun metaforische en allegorische betekenis. In zijn <em>Moralia, vol. V<\/em>, Plutarchus zegt:<\/li>\n<\/ul>\n<p style=\"padding-left: 30px;\"><strong><em>&quot;De <span style=\"text-decoration: underline;\">schat<\/span> is het symbool van het in de wereld komen en de <span style=\"text-decoration: underline;\">bejaarde man<\/span> het symbool om ervan af te wijken, en door a <span style=\"text-decoration: underline;\">havik<\/span> zij duiden God aan, door de <span style=\"text-decoration: underline;\">vis<\/span> haat, en door de <span style=\"text-decoration: underline;\">nijlpaard<\/span> schaamteloosheid.\u201d<\/em><\/strong><\/p>\n<p>Plutarchus benadrukte, net als ALLE klassieke schrijvers van zijn tijd, de metafysische bedoeling als het enige principe van het hi\u00ebrogliefenschrift, dat een beeldende uitdrukking is van goddelijke idee\u00ebn en heilige kennis.<\/p>\n<p>Plutarchus maakte een lijst van een groot aantal vooraanstaande Grieken die Egypte op verschillende tijdstippen bezochten. Onder hen noemde hij Pythagoras, wiens bewondering en afhankelijkheid van \u2018de symbolische en occulte leringen van de Egyptenaren\u2019 wordt benadrukt en ge\u00efllustreerd door een vergelijking van de allegorische methode die wordt gebruikt in de zogenaamde Pythagoras-voorschriften en \u2018<strong><em>de geschriften die hi\u00ebrogliefen worden genoemd<\/em><\/strong>&#039;.<\/p>\n<ul>\n<li>Chairemon woonde in Alexandri\u00eb voordat hij naar Rome ging, waar hij vanaf 49 CE de leraar van Nero was. Chairemon beschreef 19 hi\u00ebroglifische tekens in zijn boeken, gevolgd door een uitleg van de allegorische betekenis van elk.<\/li>\n<li>Diodorus van Sicili\u00eb, in zijn\u00a0<em>Boek I<\/em>, verklaarde:<\/li>\n<\/ul>\n<p style=\"padding-left: 30px;\"><strong><em>\u201cHun schrift \u2013 dat van de Egyptenaren \u2013 drukt het beoogde concept niet uit door middel van lettergrepen die met elkaar zijn verbonden, maar door middel van de betekenis van de objecten die zijn gekopieerd, en door de figuurlijke betekenis ervan die in het geheugen is geprent door oefening. Ze tekenen bijvoorbeeld een afbeelding van een havik, een krokodil \u2026 en dergelijke. Nu <span style=\"text-decoration: underline;\">de havik betekent voor hen alles wat snel gebeurt, aangezien dit dier praktisch het snelste van alle gevleugelde wezens is<\/span>. En het afgebeelde concept wordt vervolgens, door de juiste metaforische overdracht, overgedragen op alle snelle dingen en op alles waarnaar <span style=\"text-decoration: underline;\">snelheid<\/span> is toepasselijk, net alsof ze een naam hadden gekregen. En de <span style=\"text-decoration: underline;\">krokodil is een symbool van alles wat kwaad is<\/span>.&#8221;<\/em><\/strong><\/p>\n<ul>\n<li>Clemens van Alexandri\u00eb gaf rond 200 CE een verslag van de hi\u00ebrogliefen. De metaforische en allegorische eigenschappen van de hi\u00ebrogliefen worden tegelijkertijd expliciet vermeld, en zijn voorbeelden worden op dezelfde symbolische manier uiteengezet als die van eerdere schrijvers.<\/li>\n<li>De beste beschrijving kwam van Plotinus, die schreef\u00a0<em>De Enneaden <\/em>[Vol. V-VI]:<\/li>\n<\/ul>\n<p style=\"padding-left: 30px;\"><strong><em>&#8220;<span style=\"text-decoration: underline;\">De wijze mannen van Egypte, hetzij door wetenschappelijke of aangeboren kennis<\/span>, en wanneer ze iets wijselijks wilden betekenen, gebruikten ze niet de lettervormen die de volgorde van woorden en zinnen volgen en geluiden en de uitspraken van filosofische uitspraken imiteren, maar door afbeeldingen te tekenen en in hun tempels een bepaald beeld van elk specifiek beeld te graveren. In dit opzicht manifesteerden ze de niet-discursiviteit van de begrijpelijke wereld, dat wil zeggen dat elk beeld een soort kennis en wijsheid is en een onderwerp is van uitspraken, allemaal samen in \u00e9\u00e9n, en niet van discours of overleg. Maar [pas] daarna ontdekten [anderen], uitgaande van het in zijn geconcentreerde eenheid, een representatie in iets anders, al ontvouwd en het discursief gesproken en de redenen gegeven waarom de dingen zo zijn, zodat, omdat wat tot stand is gekomen is zo mooi van aard, als iemand het weet te bewonderen, drukt hij zijn bewondering uit voor de manier waarop deze wijsheid, die zelf niet de redenen bezit waarom de substantie is zoals ze is, deze geeft aan de dingen die overeenkomstig haar zijn gemaakt.<\/em><\/strong><\/p>\n<p>Egyptische hi\u00ebrogliefen lijken misschien een onnodige last die de Egyptische priesters hebben \u2018uitgevonden\u2019 om geheimen voor andere mensen verborgen te houden. Het feit is dat dergelijke percepties in alle opzichten verre van de waarheid zijn. Verklaringen zullen zich ontvouwen om aan te tonen dat het concept van afbeeldingen in de Egyptische hi\u00ebrogliefen de gemeenschappelijke noemer is tussen alle menselijke wezens overal ter wereld en de goddelijke krachten van het universum.<\/p>\n<p>&nbsp;<\/p>\n<div dir=\"auto\">\n<p><span style=\"color: #ff0000;\"><strong>[Een uittreksel uit <\/strong><\/span><strong>De Egyptische hi\u00ebroglief: metafysische taal door Moustafa Gadalla<\/strong><span style=\"color: #ff0000;\"><strong>]<br \/>\n<a href=\"https:\/\/egyptianwisdomcenter.org\/nl\/product\/the-egyptian-hieroglyph-metaphysical-language\/\"><span style=\"color: #0000ff;\">https:\/\/egyptianwisdomcenter.org\/product\/the-egyptian-hieroglyph-metaphysical-language\/<\/span><\/a><br \/>\n<\/strong><\/span><\/p>\n<p><img decoding=\"async\" class=\"aligncenter\" src=\"https:\/\/books2read-prod.s3.amazonaws.com\/CACHE\/images\/ubl_book_images\/book_display_image_HdDDHlu\/8bf5efaff503f1ace8ddab1942515082\" \/><\/p>\n<div dir=\"auto\" style=\"text-align: center;\"><a href=\"https:\/\/egyptianwisdomcenter.org\/nl\/product\/the-egyptian-hieroglyph-metaphysical-language\/\"><span style=\"color: #ff0000;\"><strong><span style=\"color: #0000ff;\">https:\/\/egyptianwisdomcenter.org\/product\/the-egyptian-hieroglyph-metaphysical-language\/<\/span><\/strong><\/span><\/a><\/div>\n<\/div>","protected":false},"excerpt":{"rendered":"<p>The Egyptian Pictorial Metaphysical Images\/Script &nbsp; The Ancient Egyptians\u2019 pictorial system is commonly called &#8216;hieroglyphs&#8217;, which comprises a large number of pictorial [&hellip;]<\/p>","protected":false},"author":3,"featured_media":0,"parent":0,"menu_order":0,"comment_status":"closed","ping_status":"closed","template":"","meta":{"footnotes":""},"class_list":["post-365","page","type-page","status-publish","hentry"],"aioseo_notices":[],"_links":{"self":[{"href":"https:\/\/egyptianwisdomcenter.org\/nl\/wp-json\/wp\/v2\/pages\/365","targetHints":{"allow":["GET"]}}],"collection":[{"href":"https:\/\/egyptianwisdomcenter.org\/nl\/wp-json\/wp\/v2\/pages"}],"about":[{"href":"https:\/\/egyptianwisdomcenter.org\/nl\/wp-json\/wp\/v2\/types\/page"}],"author":[{"embeddable":true,"href":"https:\/\/egyptianwisdomcenter.org\/nl\/wp-json\/wp\/v2\/users\/3"}],"replies":[{"embeddable":true,"href":"https:\/\/egyptianwisdomcenter.org\/nl\/wp-json\/wp\/v2\/comments?post=365"}],"version-history":[{"count":0,"href":"https:\/\/egyptianwisdomcenter.org\/nl\/wp-json\/wp\/v2\/pages\/365\/revisions"}],"wp:attachment":[{"href":"https:\/\/egyptianwisdomcenter.org\/nl\/wp-json\/wp\/v2\/media?parent=365"}],"curies":[{"name":"wp","href":"https:\/\/api.w.org\/{rel}","templated":true}]}}