{"id":366,"date":"2018-11-04T00:00:00","date_gmt":"2018-11-04T04:00:00","guid":{"rendered":"http:\/\/egyptianwisdomcenter.org\/the-three-roles-of-each-egyptian-hieroglyphic-image\/"},"modified":"2023-01-03T00:36:24","modified_gmt":"2023-01-03T05:36:24","slug":"the-three-roles-of-each-egyptian-hieroglyphic-image-2","status":"publish","type":"page","link":"https:\/\/egyptianwisdomcenter.org\/nl\/de-drie-rollen-van-elk-egyptisch-hierogliefenbeeld-2\/","title":{"rendered":"De drie rollen van elk Egyptisch hi\u00ebrogliefenbeeld"},"content":{"rendered":"<h2 style=\"text-align: center;\"><span style=\"color: #ff0000;\"><strong>De drie rollen van elk Egyptisch hi\u00ebrogliefenbeeld<\/strong><\/span><\/h2>\n<p>&nbsp;<\/p>\n<p>De &#039;hi\u00ebrogliefen&#039; van Horapollo zijn de enige echte hi\u00ebrogliefenverhandeling die uit de klassieke oudheid bewaard is gebleven. Het bestaat uit twee boeken, \u00e9\u00e9n met 70 hoofdstukken en de andere 119; elk gaat over een bepaalde hi\u00ebroglief.<\/p>\n<p>De relaties tussen teken en betekenis waren volgens Horapollo altijd van allegorische aard, en kwamen altijd tot stand door middel van &#039;filosofische&#039; redenering.<\/p>\n<p>Dienovereenkomstig heeft elke Egyptische hi\u00ebroglief een korte kop die ofwel de hi\u00ebroglief zelf in eenvoudige bewoordingen beschrijft (zoals bijvoorbeeld &#039;de uitleg van de afbeelding van een valk&#039;), ofwel de aard vermeldt van het allegorische onderwerp dat moet worden uitgelegd, zoals &#039;hoe de eeuwigheid te betekenen&#039; of &#039;hoe het universum te betekenen&#039;.<\/p>\n<p>Hetzelfde geldt voor Clemens van Alexandri\u00eb, in <em>Stromata Boek V, <\/em>hoofdstuk IV vertelt ons de twee belangrijkste rollen (letterlijk en symbolisch) van de Egyptische hi\u00ebrogliefen, en hoe de latere (<strong>Symbolisch<\/strong>) bevat twee rollen: zijn <strong>figuurlijk <\/strong>En <strong>allegorisch [mystiek]<\/strong>:<\/p>\n<p style=\"padding-left: 30px;\"><strong><em>\u201cDe Egyptische hi\u00ebrogliefen, waarvan \u00e9\u00e9n aspect door de eerste elementen letterlijk is, en het andere symbolisch.<\/em><\/strong><\/p>\n<p style=\"padding-left: 30px;\"><strong><em>Van het symbolische spreekt de ene soort letterlijk door imitatie, en de andere schrijft als het ware figuurlijk; en een andere is geheel allegorisch en gebruikt bepaalde raadsels.\u201d<\/em><\/strong><\/p>\n<p><strong>[I]<\/strong>\u00a0Over de eerste rol\/onderwerp \u2013 letterlijk, door imitatie \u2013 die van Clement <em>Stromata Boek V, <\/em>hoofdstuk IV vervolgt:<\/p>\n<p style=\"padding-left: 30px;\"><strong><em>\u201cOmdat ze Sun schriftelijk willen uitdrukken, maken ze een cirkel; en Maan, een figuur zoals de Maan, zoals zijn juiste vorm\u201d.<\/em><\/strong><\/p>\n<p><strong>[II]<\/strong>\u00a0Op de seconde<strong>\u00a0<\/strong>rol\/onderwerp\u2014<strong>figuurlijk\u2014<\/strong>Clemens <em>Stromata Boek V, <\/em>Hoofdstuk IV vervolgt:<\/p>\n<p style=\"padding-left: 30px;\"><strong><em>\u201cMaar door de figuratieve stijl te gebruiken, door te transponeren en over te dragen,<\/em><\/strong><br \/>\n<strong><em>door te veranderen en op vele manieren te transformeren zoals bij hen past, tekenen ze karakters\u201d.<\/em><\/strong><\/p>\n<p><strong>[III]<\/strong>\u00a0Over de derde rol\/onderwerp\u2014<strong>allegorisch<\/strong>\u2014Clement&#039;s <em>Stromata Boek V, <\/em>Hoofdstuk IV vervolgt:<\/p>\n<p style=\"padding-left: 30px;\"><strong><em>\u2018Laat het volgende een voorbeeld zijn van de derde soort: de Raadselachtige. Voor de rest van de sterren hebben ze vanwege hun schuine loop de vorm van slangenlichamen; maar de zon lijkt op die van een kever, omdat hij een rond figuur maakt van ossenmest en die voor zijn gezicht rolt. En ze zeggen dat dit wezen zes maanden onder de grond leeft, en het andere deel van het jaar boven de grond, en zijn zaad in de bal uitstoot en voortbrengt; en dat er geen vrouwelijke kever is.\u201d<\/em><\/strong><\/p>\n<p>Clemens beweerde, net als ALLE klassieke schrijvers uit de oudheid, dat de Egyptische hi\u00ebrogliefen ware beelden van de goddelijke wet vertegenwoordigen. De relaties tussen teken en betekenis waren altijd van allegorische aard en kwamen altijd tot stand door middel van &#039;filosofische&#039; redenering.<\/p>\n<p>Samenvattend is het symbolische hi\u00ebrogliefenschrift in principe verdeeld in drie rollen:<\/p>\n<p style=\"padding-left: 30px;\">1) het imitatieve (een object vertegenwoordigt zichzelf)<br \/>\n2) het figuratieve (een object staat voor een van zijn kwaliteiten); En<br \/>\n3) het allegorische (een object is verbonden via enigmatische conceptuele processen)<\/p>\n<p>In feite beschrijven deze categorie\u00ebn relaties tussen visuele vormen en hun betekenissen. Een visuele vorm kan mimetisch of imitatief zijn en rechtstreeks kenmerken kopi\u00ebren van het object dat het vertegenwoordigt; het kan associatief zijn en attributen suggereren die niet visueel aanwezig zijn, zoals abstracte eigenschappen die niet letterlijk kunnen worden weergegeven; en ten slotte kan het symbolisch zijn, alleen betekenisvol als het wordt gedecodeerd volgens conventies of kennissystemen die, hoewel niet inherent visueel, via visuele middelen worden gecommuniceerd.<\/p>\n<p>Elke specifieke hi\u00ebroglief kan worden uiteengezet<\/p>\n<p style=\"padding-left: 30px;\">\u2013 voor de hand liggende\/directe betekenis van het teken, of<br \/>\n\u2013 door ieders specifieke werkzaamheden in de verschillende contexten.<\/p>\n<p>De regels die de conceptie van allegorie\u00ebn en symbolen beheersen, met hun subtiele onderscheid tussen cyriologische, tropologische metaforische, anaglyfische en enigmatische vergelijkingen, maakten dergelijke symbolische interpretaties mogelijk.<\/p>\n<p><strong>Dergelijke hi\u00ebroglifische uiteenzettingen combineren de totale religieuze, filosofische en wetenschappelijke kennis tot een grootse visie op een levende kosmologie.<\/strong><\/p>\n<p>Alle oude schrijvers uit de oudheid zijn het erover eens, zoals de neoplatonistische filosoof Lamblichus, die in zijn <em>De mysteries<\/em>: <strong>\u201c<em>De Egyptische hi\u00ebrogliefentekens zijn niet toevallig of dwaas gemaakt, maar met grote vindingrijkheid, naar het voorbeeld van de natuur. Diverse Hebreeuwse en Arabische auteurs waren het daarmee eens. Ze bevatten &#039;geen geschiedenis of lofzangen van koningen, maar de hoogste mysteries van de goddelijkheid.&#039;<\/em><\/strong><\/p>\n<p>De drielaagse aspecten van Egyptische hi\u00ebrogliefenbeelden zijn consistent met het algemene Egyptische denken over het transcendentalistische bewustzijn \u2013 de correspondentie tussen bewustzijn en bewustzijn \u2013 en dat geldt ook voor elk mogelijk bewustzijn; en dus de wereld. In de Egyptische teksten bestaat er geen kunstmatig onderscheid tussen &#039;heilig&#039; en &#039;alledaags&#039;.<\/p>\n<p>Dit is de basis van de &#039;theorie van correspondenties&#039;, en inderdaad van alle traditionele symboliek waarin een waar symbool doordrenkt is met een deel van de kracht van zijn origineel. In tegenstelling tot de antropologische visie op de oorsprong van symbolen in louter overeenkomsten, beschouwt deze doctrine ze als primaire realiteiten waarvan de werkelijke relatie wordt waargenomen door het hogere intellect van de mens.<\/p>\n<p>Er moet iets identieks zijn in een afbeelding en in wat het afbeeldt \u2013 een identiteit van de &#039;latente structuur&#039;.<\/p>\n<p>Het ideogram is een nauwkeurige manier om de werkelijkheid weer te geven. De traditionele interpretatie van communicatie beweert het materi\u00eble teken te behandelen als louter de verschijning van een onderliggende ideale realiteit.<\/p>\n<p>Afbeelding is niet synoniem met het kopi\u00ebren van de natuur; ideogrammisch schrijven is alleen mimetisch in de zin dat het natuurlijke processen probeert uit te voeren.<\/p>\n<p>Het verschil tussen beelden en de wereld is dat de wereld &#039;de som van de werkelijkheid&#039; is, maar dat een beeld slechts &#039;een situatie in de logische ruimte representeert&#039;.<\/p>\n<p>Ideogrammen kunnen worden gedefinieerd als afbeeldingen die bedoeld zijn om dingen of gedachten weer te geven. Er zijn twee soorten ideogrammen:<\/p>\n<p style=\"padding-left: 30px;\">1) Afbeeldingen of daadwerkelijke afbeeldingen van objecten;<br \/>\n2) Beeldsymbolen, die worden gebruikt om abstracte idee\u00ebn te suggereren.<\/p>\n<p>&nbsp;<\/p>\n<div dir=\"auto\">\n<p><span style=\"color: #ff0000;\"><strong>[Een uittreksel uit <\/strong><\/span><strong>De Egyptische hi\u00ebroglief: metafysische taal door Moustafa Gadalla<\/strong><span style=\"color: #ff0000;\"><strong>]<br \/>\n<a href=\"https:\/\/egyptianwisdomcenter.org\/nl\/product\/the-egyptian-hieroglyph-metaphysical-language\/\"><span style=\"color: #0000ff;\">https:\/\/egyptianwisdomcenter.org\/product\/the-egyptian-hieroglyph-metaphysical-language\/<\/span><\/a><br \/>\n<\/strong><\/span><\/p>\n<p><img decoding=\"async\" class=\"aligncenter\" src=\"https:\/\/books2read-prod.s3.amazonaws.com\/CACHE\/images\/ubl_book_images\/book_display_image_HdDDHlu\/8bf5efaff503f1ace8ddab1942515082\" \/><\/p>\n<div dir=\"auto\" style=\"text-align: center;\"><a href=\"https:\/\/egyptianwisdomcenter.org\/nl\/product\/the-egyptian-hieroglyph-metaphysical-language\/\"><span style=\"color: #ff0000;\"><strong><span style=\"color: #0000ff;\">https:\/\/egyptianwisdomcenter.org\/product\/the-egyptian-hieroglyph-metaphysical-language\/<\/span><\/strong><\/span><\/a><\/div>\n<\/div>","protected":false},"excerpt":{"rendered":"<p>The Three Roles Of Each Egyptian Hieroglyphic Image &nbsp; The \u2018Hieroglyphics\u2019 of Horapollo is the only true hieroglyphic treatise preserved from classical [&hellip;]<\/p>","protected":false},"author":3,"featured_media":0,"parent":0,"menu_order":0,"comment_status":"closed","ping_status":"closed","template":"","meta":{"footnotes":""},"class_list":["post-366","page","type-page","status-publish","hentry"],"aioseo_notices":[],"_links":{"self":[{"href":"https:\/\/egyptianwisdomcenter.org\/nl\/wp-json\/wp\/v2\/pages\/366","targetHints":{"allow":["GET"]}}],"collection":[{"href":"https:\/\/egyptianwisdomcenter.org\/nl\/wp-json\/wp\/v2\/pages"}],"about":[{"href":"https:\/\/egyptianwisdomcenter.org\/nl\/wp-json\/wp\/v2\/types\/page"}],"author":[{"embeddable":true,"href":"https:\/\/egyptianwisdomcenter.org\/nl\/wp-json\/wp\/v2\/users\/3"}],"replies":[{"embeddable":true,"href":"https:\/\/egyptianwisdomcenter.org\/nl\/wp-json\/wp\/v2\/comments?post=366"}],"version-history":[{"count":0,"href":"https:\/\/egyptianwisdomcenter.org\/nl\/wp-json\/wp\/v2\/pages\/366\/revisions"}],"wp:attachment":[{"href":"https:\/\/egyptianwisdomcenter.org\/nl\/wp-json\/wp\/v2\/media?parent=366"}],"curies":[{"name":"wp","href":"https:\/\/api.w.org\/{rel}","templated":true}]}}