{"id":398,"date":"2018-11-04T00:00:00","date_gmt":"2018-11-04T04:00:00","guid":{"rendered":"http:\/\/egyptianwisdomcenter.org\/the-cultured-egyptian-language\/"},"modified":"2023-01-06T00:21:33","modified_gmt":"2023-01-06T05:21:33","slug":"the-cultured-egyptian-language-2","status":"publish","type":"page","link":"https:\/\/egyptianwisdomcenter.org\/nl\/de-beschaafde-egyptische-taal-2\/","title":{"rendered":"De gekweekte Egyptische taal"},"content":{"rendered":"<h2 style=\"text-align: center;\"><span style=\"color: #ff0000;\"><strong>De gekweekte Egyptische taal<\/strong><\/span><\/h2>\n<p>&nbsp;<\/p>\n<p>De Oud-Egyptische teksten weerspiegelen de hoge cultuur van de Egyptische taal en het Egyptische volk. De Duitse egyptoloog Adolf Erman in zijn boek <em>De literatuur van de Ouden\u00a0<\/em><em>Egyptenaren <\/em>[pagina xxiv], schreef:<\/p>\n<p style=\"padding-left: 30px;\"><strong><em>Voor zover we het kunnen nagaan, vertoont de Egyptische taal tekenen dat deze zorgvuldig wordt gekoesterd. Het is rijk aan metaforen en stijlfiguren, een \u2018beschaafde taal\u2019, die \u2018componeert en denkt\u2019 voor de persoon die schrijft.<\/em><\/strong><\/p>\n<p>De Britse egyptoloog Alan Gardiner, in zijn boek <em>Egyptische grammatica <\/em>[pagina 4], schreef:<\/p>\n<p style=\"padding-left: 30px;\"><strong><em>Een niet minder opvallend kenmerk van de taal is de beknoptheid ervan; de zinnen en zinnen zijn kort en to the point. Betrokken constructies en langdurige perioden zijn zeldzaam, hoewel deze in sommige juridische documenten worden aangetroffen. De woordenschat was zeer rijk. De duidelijkheid van het Egyptisch wordt sterk bevorderd door een strikte woordvolgorde. . .<\/em><\/strong><\/p>\n<p>De verscheidenheid aan onderwerpen in oude Egyptische geschriften is breed, waaronder:<\/p>\n<ol>\n<li>Religieuze en begrafenisteksten<\/li>\n<li>Zakelijke en juridische documenten<\/li>\n<li>Wetenschappelijke literatuur\/documenten (zoals wiskundige papyri)<\/li>\n<li>Astronomische waarnemingen<\/li>\n<li>Medische werken<\/li>\n<li>Wijsheidsliteratuur<\/li>\n<li>Meditaties<\/li>\n<li>Brieven<\/li>\n<li>Po\u00ebzie, teksten en hymnes<\/li>\n<li>Magie<\/li>\n<li>Egyptische verhalen<\/li>\n<li>Reis<\/li>\n<\/ol>\n<p>Omdat er voor de oude Egyptenaren geen onderscheid bestaat tussen heilig en alledaags, worden interpretaties van Egyptische teksten in zeer aanzienlijke mate bepaald door de houding van de academische wereld die bij het werk betrokken is. De niet-ge\u00efnformeerde westerse academische wereld zal (en heeft) met \u00e9\u00e9n soort nutteloze interpretatie komen, terwijl degenen die echt leergierig zijn een totaal andere interpretatie van dezelfde tekst zullen maken, waaruit de kennis en verlichting van de Egyptenaren blijkt.<\/p>\n<p>Egyptenaren konden geschriften in alle aspecten van hun leven gebruiken door uitstekende schrijfmaterialen en boeken uit te vinden. Ze gebruikten schrijfmaterialen van leer, steen, hout en papyrus, in tegenstelling tot de Mino\u00efsch-Myceense, Babyloni\u00ebrs en anderen die hun tekens op klei moesten afdrukken, een procedure die de onaangename ruwe vormen van het spijkerschrift heeft voortgebracht.<\/p>\n<p>De oude Egyptenaren vervaardigden boeken door afzonderlijke vellen papyrus aan elkaar te plakken; en er zijn schitterende manuscripten van 20 en 40 meter lang. De Egyptenaren gebruikten pennen en inkt met een onverwoestbare duurzaamheid, die ze op houten paletten maalden. Deze schrijfoppervlakken en gereedschappen waren er in overvloed, waardoor de schriftgeleerden manuscripten konden schrijven die in duidelijke, elegante, ronde, stevige tekens waren getekend. Het gebruik van een pen (in plaats van een puntig voorwerp) resulteert in meer ronde letters.<\/p>\n<p>[Lees voor meer informatie over de onderwerpen in dit hoofdstuk vier publicaties van Moustafa Gadalla, als volgt:<br \/>\n<span style=\"color: #0000ff;\">&#8211; <em>De oude Egyptische alfabetische scheppingsletters<\/em><\/span><br \/>\n<span style=\"color: #0000ff;\">&#8211; <em>De oude Egyptische universele schrijfmodi<\/em><\/span><br \/>\n<span style=\"color: #0000ff;\">&#8211; <em>De muzikale aspecten van de oude Egyptische vocale taal<\/em><\/span><br \/>\n<span style=\"color: #0000ff;\">&#8211; <em>De Egyptische hi\u00ebroglief metafysische taal<\/em><\/span>]<\/p>\n<p>&nbsp;<\/p>\n<p><strong><span style=\"color: #ff0000;\">[Een uittreksel uit\u00a0<\/span><\/strong><strong>Oud-Egyptisch: cultuur onthuld, tweede editie<span style=\"color: #ff0000;\"> door Moustafa Gadalla]<br \/>\n<a href=\"https:\/\/egyptianwisdomcenter.org\/nl\/product\/ancient-egyptian-culture-revealed-second-edition\/\"><span style=\"color: #0000ff;\">https:\/\/egyptianwisdomcenter.org\/product\/de-oude-egyptisch-cultuur-onthuld\/<\/span><\/a><br \/>\n<\/span><\/strong><\/p>\n<p><img decoding=\"async\" class=\"aligncenter\" src=\"https:\/\/egyptianwisdomcenter.org\/wp-content\/uploads\/2023\/01\/De-Oude-Egyptisch-Cultuur-Onthuld.jpg\" \/><\/p>\n<div dir=\"auto\" style=\"text-align: center;\"><a href=\"https:\/\/egyptianwisdomcenter.org\/nl\/product\/ancient-egyptian-culture-revealed-second-edition\/\"><span style=\"color: #0000ff;\"><strong>https:\/\/egyptianwisdomcenter.org\/product\/de-oude-egyptisch-cultuur-onthuld\/<\/strong><\/span><\/a><\/div>","protected":false},"excerpt":{"rendered":"<p>The Cultured Egyptian Language &nbsp; The Ancient Egyptian texts reflect the high culture of the Egyptian language and people. The German Egyptologist, [&hellip;]<\/p>","protected":false},"author":3,"featured_media":0,"parent":0,"menu_order":0,"comment_status":"closed","ping_status":"closed","template":"","meta":{"footnotes":""},"class_list":["post-398","page","type-page","status-publish","hentry"],"aioseo_notices":[],"_links":{"self":[{"href":"https:\/\/egyptianwisdomcenter.org\/nl\/wp-json\/wp\/v2\/pages\/398","targetHints":{"allow":["GET"]}}],"collection":[{"href":"https:\/\/egyptianwisdomcenter.org\/nl\/wp-json\/wp\/v2\/pages"}],"about":[{"href":"https:\/\/egyptianwisdomcenter.org\/nl\/wp-json\/wp\/v2\/types\/page"}],"author":[{"embeddable":true,"href":"https:\/\/egyptianwisdomcenter.org\/nl\/wp-json\/wp\/v2\/users\/3"}],"replies":[{"embeddable":true,"href":"https:\/\/egyptianwisdomcenter.org\/nl\/wp-json\/wp\/v2\/comments?post=398"}],"version-history":[{"count":0,"href":"https:\/\/egyptianwisdomcenter.org\/nl\/wp-json\/wp\/v2\/pages\/398\/revisions"}],"wp:attachment":[{"href":"https:\/\/egyptianwisdomcenter.org\/nl\/wp-json\/wp\/v2\/media?parent=398"}],"curies":[{"name":"wp","href":"https:\/\/api.w.org\/{rel}","templated":true}]}}